{"id":1772,"date":"2017-03-15T17:43:41","date_gmt":"2017-03-15T16:43:41","guid":{"rendered":"http:\/\/www.njoy-referenzen.de\/w-kreuder\/?page_id=1772"},"modified":"2023-10-31T13:28:47","modified_gmt":"2023-10-31T12:28:47","slug":"raeumlichkeiten","status":"publish","type":"page","link":"https:\/\/www.njoy-referenzen.de\/w-kreuder\/raeumlichkeiten\/","title":{"rendered":"R\u00e4umlichkeiten"},"content":{"rendered":"<p><div class=\"fusion-fullwidth fullwidth-box fusion-builder-row-1 fusion-parallax-none nonhundred-percent-fullwidth non-hundred-percent-height-scrolling\" style=\"--awb-background-position:left bottom;--awb-border-sizes-top:0px;--awb-border-sizes-bottom:0px;--awb-border-sizes-left:0px;--awb-border-sizes-right:0px;--awb-border-radius-top-left:0px;--awb-border-radius-top-right:0px;--awb-border-radius-bottom-right:0px;--awb-border-radius-bottom-left:0px;--awb-padding-top:50px;--awb-padding-bottom:50px;--awb-margin-top:25px;--awb-background-image:url(&quot;http:\/\/www.njoy-referenzen.de\/w-kreuder\/wp-content\/uploads\/hintergrund_sofa-3-1.jpg&quot;);--awb-background-size:cover;--awb-flex-wrap:wrap;\" ><div class=\"fusion-builder-row fusion-row\"><div class=\"fusion-layout-column fusion_builder_column fusion-builder-column-0 fusion_builder_column_1_1 1_1 fusion-one-full fusion-column-first fusion-column-last\" style=\"--awb-bg-size:cover;\"><div class=\"fusion-column-wrapper fusion-flex-column-wrapper-legacy\"><div class=\"fusion-text fusion-text-1\"><h2 style=\"text-align: center; color: #af1917; line-height: 0.8;\">Besuchen Sie uns in Langerwehe<\/h2>\n<\/div><div class=\"fusion-sep-clear\"><\/div><div class=\"fusion-separator\" style=\"margin-left: auto;margin-right: auto;margin-top:25px;margin-bottom:25px;width:100%;max-width:50%;\"><div class=\"fusion-separator-border sep-single sep-solid\" style=\"--awb-height:20px;--awb-amount:20px;border-color:#e0dede;border-top-width:1px;\"><\/div><\/div><div class=\"fusion-sep-clear\"><\/div><div class=\"fusion-clearfix\"><\/div><\/div><\/div><div class=\"fusion-layout-column fusion_builder_column fusion-builder-column-1 fusion_builder_column_1_1 1_1 fusion-one-full fusion-column-first fusion-column-last\" style=\"--awb-padding-right:150px;--awb-padding-left:150px;--awb-bg-size:cover;\"><div class=\"fusion-column-wrapper fusion-flex-column-wrapper-legacy\"><div class=\"fusion-column-content-centered\"><div class=\"fusion-column-content\"><div class=\"fusion-text fusion-text-2\"><p class=\"bodytext\">Seit 1824 widmen wir uns als traditionelles Familienunternehmen dem hochwertigen M\u00f6belleder.<br \/>\nIm Laufe der Jahre wurden wir den wachsenden Anspr\u00fcchen unserer Kunden gerecht und spezialisierten uns zus\u00e4tzlich auf die Polsterei mit <a href=\"\/w-kreuder\/polster-nach-mass\/\">handgefertigten Polsterm\u00f6beln<\/a> aus eigener Produktion und dem Angebot an Polsterm\u00f6beln namhafter Hersteller.<\/p>\n<p class=\"bodytext\">Heute pr\u00e4sentieren wir auf \u00fcber 500 qm Ausstellungs- und Beratungsfl\u00e4che die gesamte Kompetenz der Raumausstattung. Unser Sortiment wird durch die individuelle Anfertigung von <a href=\"\/w-kreuder\/gardinen-und-vorhaenge\/\">Gardinen, Vorh\u00e4ngen<\/a>, sowie <a href=\"\/w-kreuder\/sicht-und-sonnenschutz\/\">Sicht- und Sonnenschutz<\/a>, <a href=\"\/w-kreuder\/insektenschutz\/\">Insektenschutz<\/a> und <a href=\"\/w-kreuder\/bodenbelaege\/\">Bodenbel\u00e4gen<\/a> abgerundet.<\/p>\n<\/div><\/div><\/div><div class=\"fusion-clearfix\"><\/div><\/div><\/div><\/div><\/div><div class=\"fusion-fullwidth fullwidth-box fusion-builder-row-2 nonhundred-percent-fullwidth non-hundred-percent-height-scrolling\" style=\"--awb-border-radius-top-left:0px;--awb-border-radius-top-right:0px;--awb-border-radius-bottom-right:0px;--awb-border-radius-bottom-left:0px;--awb-padding-top:100px;--awb-padding-bottom:80px;--awb-background-color:#f4f4f4;--awb-flex-wrap:wrap;\" ><div class=\"fusion-builder-row fusion-row\"><div class=\"fusion-layout-column fusion_builder_column fusion-builder-column-2 fusion_builder_column_1_1 1_1 fusion-one-full fusion-column-first fusion-column-last\" style=\"--awb-bg-size:cover;\"><div class=\"fusion-column-wrapper fusion-flex-column-wrapper-legacy\"><div class=\"fusion-image-carousel fusion-image-carousel-fixed fusion-image-carousel-1 lightbox-enabled\"><div class=\"awb-carousel awb-swiper awb-swiper-carousel\" data-autoplay=\"no\" data-columns=\"4\" data-itemmargin=\"13\" data-itemwidth=\"180\" data-touchscroll=\"no\" data-imagesize=\"fixed\" style=\"--awb-columns:4;\"><div class=\"swiper-wrapper awb-image-carousel-wrapper fusion-flex-align-items-center\"><div class=\"swiper-slide\"><div class=\"fusion-carousel-item-wrapper\"><div class=\"fusion-image-wrapper hover-type-zoomin\"><a data-rel=\"iLightbox[image_carousel_1]\" data-title=\"raeumlichkeiten_1\" aria-label=\"raeumlichkeiten_1\" href=\"http:\/\/www.njoy-referenzen.de\/w-kreuder\/wp-content\/uploads\/raeumlichkeiten_1.jpg\" target=\"_self\"><img width=\"320\" height=\"202\" src=\"https:\/\/www.njoy-referenzen.de\/w-kreuder\/wp-content\/uploads\/raeumlichkeiten_1-320x202.jpg\" class=\"attachment-blog-medium size-blog-medium\" alt=\"\" decoding=\"async\" \/><\/a><\/div><\/div><\/div><div class=\"swiper-slide\"><div class=\"fusion-carousel-item-wrapper\"><div class=\"fusion-image-wrapper hover-type-zoomin\"><a data-rel=\"iLightbox[image_carousel_1]\" data-title=\"raeumlichkeiten_2\" aria-label=\"raeumlichkeiten_2\" href=\"http:\/\/www.njoy-referenzen.de\/w-kreuder\/wp-content\/uploads\/raeumlichkeiten_2.jpg\" target=\"_self\"><img width=\"320\" height=\"202\" src=\"https:\/\/www.njoy-referenzen.de\/w-kreuder\/wp-content\/uploads\/raeumlichkeiten_2-320x202.jpg\" class=\"attachment-blog-medium size-blog-medium\" alt=\"\" decoding=\"async\" \/><\/a><\/div><\/div><\/div><div class=\"swiper-slide\"><div class=\"fusion-carousel-item-wrapper\"><div class=\"fusion-image-wrapper hover-type-zoomin\"><a data-rel=\"iLightbox[image_carousel_1]\" data-title=\"raeumlichkeiten_3\" aria-label=\"raeumlichkeiten_3\" href=\"http:\/\/www.njoy-referenzen.de\/w-kreuder\/wp-content\/uploads\/raeumlichkeiten_3.jpg\" target=\"_self\"><img width=\"320\" height=\"202\" src=\"https:\/\/www.njoy-referenzen.de\/w-kreuder\/wp-content\/uploads\/raeumlichkeiten_3-320x202.jpg\" class=\"attachment-blog-medium size-blog-medium\" alt=\"\" decoding=\"async\" \/><\/a><\/div><\/div><\/div><div class=\"swiper-slide\"><div class=\"fusion-carousel-item-wrapper\"><div class=\"fusion-image-wrapper hover-type-zoomin\"><a data-rel=\"iLightbox[image_carousel_1]\" data-title=\"raeumlichkeiten_4\" aria-label=\"raeumlichkeiten_4\" href=\"http:\/\/www.njoy-referenzen.de\/w-kreuder\/wp-content\/uploads\/raeumlichkeiten_4.jpg\" target=\"_self\"><img width=\"320\" height=\"202\" src=\"https:\/\/www.njoy-referenzen.de\/w-kreuder\/wp-content\/uploads\/raeumlichkeiten_4-320x202.jpg\" class=\"attachment-blog-medium size-blog-medium\" alt=\"\" decoding=\"async\" \/><\/a><\/div><\/div><\/div><div class=\"swiper-slide\"><div class=\"fusion-carousel-item-wrapper\"><div class=\"fusion-image-wrapper hover-type-zoomin\"><a data-rel=\"iLightbox[image_carousel_1]\" data-title=\"raeumlichkeiten_5\" aria-label=\"raeumlichkeiten_5\" href=\"http:\/\/www.njoy-referenzen.de\/w-kreuder\/wp-content\/uploads\/raeumlichkeiten_5.jpg\" target=\"_self\"><img width=\"320\" height=\"202\" src=\"https:\/\/www.njoy-referenzen.de\/w-kreuder\/wp-content\/uploads\/raeumlichkeiten_5-320x202.jpg\" class=\"attachment-blog-medium size-blog-medium\" alt=\"\" decoding=\"async\" \/><\/a><\/div><\/div><\/div><\/div><div class=\"awb-swiper-button awb-swiper-button-prev\"><i class=\"awb-icon-angle-left\" aria-hidden=\"true\"><\/i><\/div><div class=\"awb-swiper-button awb-swiper-button-next\"><i class=\"awb-icon-angle-right\" aria-hidden=\"true\"><\/i><\/div><\/div><\/div><div class=\"fusion-clearfix\"><\/div><\/div><\/div><\/div><\/div><div class=\"fusion-fullwidth fullwidth-box fusion-builder-row-3 nonhundred-percent-fullwidth non-hundred-percent-height-scrolling\" style=\"--awb-background-position:left bottom;--awb-border-sizes-top:0px;--awb-border-sizes-bottom:0px;--awb-border-sizes-left:0px;--awb-border-sizes-right:0px;--awb-border-radius-top-left:0px;--awb-border-radius-top-right:0px;--awb-border-radius-bottom-right:0px;--awb-border-radius-bottom-left:0px;--awb-padding-top:50px;--awb-padding-bottom:50px;--awb-margin-top:10px;--awb-margin-bottom:20px;--awb-flex-wrap:wrap;\" ><div class=\"fusion-builder-row fusion-row\"><div class=\"fusion-layout-column fusion_builder_column fusion-builder-column-3 fusion_builder_column_1_1 1_1 fusion-one-full fusion-column-first fusion-column-last\" style=\"--awb-padding-right:150px;--awb-padding-left:150px;--awb-bg-size:cover;\"><div class=\"fusion-column-wrapper fusion-flex-column-wrapper-legacy\"><div class=\"fusion-column-content-centered\"><div class=\"fusion-column-content\"><div class=\"fusion-text fusion-text-3\"><h4 style=\"text-align: center;\">Mit Erfahrung, Wissen, Leidenschaft und Liebe zum Detail beraten wir Sie rund um ein sch\u00f6nes Zuhause, in dem Sie sich wohlf\u00fchlen und an dem Sie lange Freude haben.<\/h4>\n<\/div><\/div><\/div><div class=\"fusion-clearfix\"><\/div><\/div><\/div><div class=\"fusion-layout-column fusion_builder_column fusion-builder-column-4 fusion_builder_column_1_1 1_1 fusion-one-full fusion-column-first fusion-column-last\" style=\"--awb-bg-size:cover;\"><div class=\"fusion-column-wrapper fusion-flex-column-wrapper-legacy\"><div class=\"fusion-sep-clear\"><\/div><div class=\"fusion-separator fusion-full-width-sep\" style=\"margin-left: auto;margin-right: auto;margin-top:15px;margin-bottom:15px;width:100%;\"><\/div><div class=\"fusion-sep-clear\"><\/div><div class=\"fusion-aligncenter\"><a class=\"fusion-button button-flat button-large button-custom fusion-button-default button-1 fusion-button-default-span \" style=\"--button_accent_color:#494343;--button_border_color:#494343;--button_accent_hover_color:#af1917;--button_border_hover_color:#af1917;--button_border_width-top:2px;--button_border_width-right:2px;--button_border_width-bottom:2px;--button_border_width-left:2px;--button_gradient_top_color:rgba(255,255,255,0);--button_gradient_bottom_color:rgba(255,255,255,0);--button_gradient_top_color_hover:rgba(255,255,255,0.1);--button_gradient_bottom_color_hover:rgba(255,255,255,0.1);\" target=\"_self\" href=\"\/w-kreuder\/kontakt\/\"><span class=\"fusion-button-text\">kontaktieren Sie uns<\/span><\/a><\/div><div class=\"fusion-clearfix\"><\/div><\/div><\/div><\/div><\/div><div class=\"fusion-fullwidth fullwidth-box fusion-builder-row-4 nonhundred-percent-fullwidth non-hundred-percent-height-scrolling\" style=\"--awb-border-radius-top-left:0px;--awb-border-radius-top-right:0px;--awb-border-radius-bottom-right:0px;--awb-border-radius-bottom-left:0px;--awb-flex-wrap:wrap;\" ><div class=\"fusion-builder-row fusion-row\"><div class=\"fusion-layout-column fusion_builder_column fusion-builder-column-5 fusion_builder_column_1_1 1_1 fusion-one-full fusion-column-first fusion-column-last\" style=\"--awb-bg-size:cover;\"><div class=\"fusion-column-wrapper fusion-flex-column-wrapper-legacy\"><style>\n\n.tfs-slider .slide-content-container {\n    margin-top: 50px !important;\n    padding-top: 3% !important;\n    position: absolute;\n    top: 25%;\n    transform: translateY(-50%);\n    width: 100%;\n    z-index: 5;\n    \n    \n}\n\n\/* Smartphones (portrait) ----------- *\/\n@media screen \nand (max-width : 1000px) {\n.fusion-layout-column .fusion-column-content-centered .fusion-column-content {\n    padding: 0 !important;\n}\n}\n\n\/* Smartphones (portrait) ----------- *\/\n@media screen \nand (max-width : 1000px) {.fusion-fullwidth .fullwidth-box .fusion-parallax-none .nonhundred-percent-fullwidth {\n    background-image: none !important;\n}\n}\n\n<\/style><div class=\"fusion-clearfix\"><\/div><\/div><\/div><\/div><\/div><\/p>\n","protected":false},"excerpt":{"rendered":"","protected":false},"author":1,"featured_media":0,"parent":0,"menu_order":0,"comment_status":"closed","ping_status":"closed","template":"100-width.php","meta":{"footnotes":""},"_links":{"self":[{"href":"https:\/\/www.njoy-referenzen.de\/w-kreuder\/wp-json\/wp\/v2\/pages\/1772"}],"collection":[{"href":"https:\/\/www.njoy-referenzen.de\/w-kreuder\/wp-json\/wp\/v2\/pages"}],"about":[{"href":"https:\/\/www.njoy-referenzen.de\/w-kreuder\/wp-json\/wp\/v2\/types\/page"}],"author":[{"embeddable":true,"href":"https:\/\/www.njoy-referenzen.de\/w-kreuder\/wp-json\/wp\/v2\/users\/1"}],"replies":[{"embeddable":true,"href":"https:\/\/www.njoy-referenzen.de\/w-kreuder\/wp-json\/wp\/v2\/comments?post=1772"}],"version-history":[{"count":20,"href":"https:\/\/www.njoy-referenzen.de\/w-kreuder\/wp-json\/wp\/v2\/pages\/1772\/revisions"}],"predecessor-version":[{"id":2426,"href":"https:\/\/www.njoy-referenzen.de\/w-kreuder\/wp-json\/wp\/v2\/pages\/1772\/revisions\/2426"}],"wp:attachment":[{"href":"https:\/\/www.njoy-referenzen.de\/w-kreuder\/wp-json\/wp\/v2\/media?parent=1772"}],"curies":[{"name":"wp","href":"https:\/\/api.w.org\/{rel}","templated":true}]}}