{"id":1759,"date":"2017-03-15T12:13:12","date_gmt":"2017-03-15T11:13:12","guid":{"rendered":"http:\/\/www.njoy-referenzen.de\/w-kreuder\/?page_id=1759"},"modified":"2023-10-31T13:31:32","modified_gmt":"2023-10-31T12:31:32","slug":"geschichte","status":"publish","type":"page","link":"https:\/\/www.njoy-referenzen.de\/w-kreuder\/geschichte\/","title":{"rendered":"Geschichte"},"content":{"rendered":"<p><div class=\"fusion-fullwidth fullwidth-box fusion-builder-row-1 fusion-parallax-none nonhundred-percent-fullwidth non-hundred-percent-height-scrolling\" style=\"--awb-background-position:left bottom;--awb-border-sizes-top:0px;--awb-border-sizes-bottom:0px;--awb-border-sizes-left:0px;--awb-border-sizes-right:0px;--awb-border-radius-top-left:0px;--awb-border-radius-top-right:0px;--awb-border-radius-bottom-right:0px;--awb-border-radius-bottom-left:0px;--awb-padding-top:50px;--awb-padding-bottom:50px;--awb-margin-top:25px;--awb-background-image:url(&quot;http:\/\/www.njoy-referenzen.de\/w-kreuder\/wp-content\/uploads\/hintergrund_geschichte.jpg&quot;);--awb-background-size:cover;--awb-flex-wrap:wrap;\" ><div class=\"fusion-builder-row fusion-row\"><div class=\"fusion-layout-column fusion_builder_column fusion-builder-column-0 fusion_builder_column_1_1 1_1 fusion-one-full fusion-column-first fusion-column-last\" style=\"--awb-bg-size:cover;\"><div class=\"fusion-column-wrapper fusion-flex-column-wrapper-legacy\"><div class=\"fusion-text fusion-text-1\"><h1 style=\"text-align: center; color: #af1917; line-height: 0.5em;\">Ledermanufaktur mit Tradition seit 1824\u2026<\/h1>\n<h2 style=\"text-align: center;\"><span style=\"font-family: Open Sans; font-size: 24px; font-weight: 300;\">Ein Familienunternehmen mit Geschichte<\/span><\/h2>\n<\/div><div class=\"fusion-sep-clear\"><\/div><div class=\"fusion-separator\" style=\"margin-left: auto;margin-right: auto;margin-top:-10px;margin-bottom:25px;width:100%;max-width:50%;\"><div class=\"fusion-separator-border sep-single sep-solid\" style=\"--awb-height:20px;--awb-amount:20px;border-color:#e0dede;border-top-width:1px;\"><\/div><\/div><div class=\"fusion-sep-clear\"><\/div><div class=\"fusion-clearfix\"><\/div><\/div><\/div><div class=\"fusion-layout-column fusion_builder_column fusion-builder-column-1 fusion_builder_column_1_1 1_1 fusion-one-full fusion-column-first fusion-column-last\" style=\"--awb-padding-right:150px;--awb-padding-left:150px;--awb-bg-size:cover;\"><div class=\"fusion-column-wrapper fusion-flex-column-wrapper-legacy\"><div class=\"fusion-column-content-centered\"><div class=\"fusion-column-content\"><div class=\"fusion-text fusion-text-2\"><p>Die Erfolgsgeschichte unserer Ledermanufaktur begann, als Gustav Kreuder 1824 in Langerwehe am Wehebach eine Gerberei er\u00f6ffnete. Bei der Fertigung des hochwertigen Leders f\u00fcr handgemachte Schuhe, Pferdegeschirre und Lederriemen stand f\u00fcr Gustav Kreuder von Anfang an jederzeit die Qualit\u00e4t der Lederwaren im Vordergrund.<br \/>\nAuch als unsere Ledermanufaktur 1950 ihr Spektrum der Lederprodukte um M\u00f6bel- und Bekleidungsleder erweiterte, achteten wir unaufh\u00f6rlich auf die Makellosigkeit von jedem einzelnen handgefertigten Produkt.<br \/>\nHeute sind wir durch unsere <a href=\"\/w-kreuder\/polsterei-und-neubezuege\/\">Polsterproduktion<\/a> in der Lage, handwerkliche und <a href=\"\/w-kreuder\/polster-nach-mass\/\">handgemachte Polsterm\u00f6bel<\/a> erstklassiger G\u00fcte in unserer Manufaktur herzustellen. Neben Leder werden bei uns die Unikate auch aus Stoff und Mikrofaser gefertigt. Durch die Zusammenarbeit mit namhaften Stoffherstellern, wie JAB Anstoetz, Saum &amp; Viebahn oder ADO erweiterten wir unser Sortiment um Sonderanfertigungen aus einzigartigen Stoffen. Durch andere erstklassige Zulieferer im Bereich <a href=\"\/w-kreuder\/gardinen-und-vorhaenge\/\">Gardinen<\/a>, Sonnenschutz, <a href=\"\/w-kreuder\/bodenbelaege\/\">Teppichen<\/a>, edlen <a href=\"\/w-kreuder\/wohnaccessoires\/\">Webpelzdecken<\/a> und <a href=\"\/w-kreuder\/wohnaccessoires\/\">Dekorationswaren<\/a> ist au\u00dferdem eine weitere handwerkliche Schiene entstanden, die unsere <a href=\"\/w-kreuder\/lederspezialist\/\">Ledermanufaktur<\/a> bereichert.<\/p>\n<\/div><\/div><\/div><div class=\"fusion-clearfix\"><\/div><\/div><\/div><div class=\"fusion-layout-column fusion_builder_column fusion-builder-column-2 fusion_builder_column_1_1 1_1 fusion-one-full fusion-column-first fusion-column-last\" style=\"--awb-bg-size:cover;\"><div class=\"fusion-column-wrapper fusion-flex-column-wrapper-legacy\"><div class=\"fusion-sep-clear\"><\/div><div class=\"fusion-separator fusion-full-width-sep\" style=\"margin-left: auto;margin-right: auto;margin-top:15px;width:100%;\"><\/div><div class=\"fusion-sep-clear\"><\/div><div class=\"fusion-aligncenter\"><a class=\"fusion-button button-flat button-large button-custom fusion-button-default button-1 fusion-button-default-span \" style=\"--button_accent_color:#494343;--button_border_color:#494343;--button_accent_hover_color:#af1917;--button_border_hover_color:#af1917;--button_border_width-top:2px;--button_border_width-right:2px;--button_border_width-bottom:2px;--button_border_width-left:2px;--button_gradient_top_color:rgba(255,255,255,0);--button_gradient_bottom_color:rgba(255,255,255,0);--button_gradient_top_color_hover:rgba(255,255,255,0.1);--button_gradient_bottom_color_hover:rgba(255,255,255,0.1);\" target=\"_self\" href=\"\/w-kreuder\/kontakt\/\"><span class=\"fusion-button-text\">kontaktieren Sie uns<\/span><\/a><\/div><div class=\"fusion-clearfix\"><\/div><\/div><\/div><\/div><\/div><div class=\"fusion-fullwidth fullwidth-box fusion-builder-row-2 hundred-percent-fullwidth non-hundred-percent-height-scrolling\" style=\"--awb-background-position:left top;--awb-background-repeat:repeat;--awb-border-sizes-top:0px;--awb-border-sizes-bottom:0px;--awb-border-sizes-left:0px;--awb-border-sizes-right:0px;--awb-border-radius-top-left:0px;--awb-border-radius-top-right:0px;--awb-border-radius-bottom-right:0px;--awb-border-radius-bottom-left:0px;--awb-padding-top:50px;--awb-padding-right:50px;--awb-padding-bottom:50px;--awb-padding-left:50px;--awb-background-color:#f7f9fb;--awb-flex-wrap:wrap;\" id=\"lp_block_3\" ><div class=\"fusion-builder-row fusion-row\"><div class=\"fusion-layout-column fusion_builder_column fusion-builder-column-3 fusion_builder_column_1_1 1_1 fusion-one-full fusion-column-first fusion-column-last fusion-no-large-visibility\" style=\"--awb-bg-size:cover;--awb-margin-bottom:50px;\"><div class=\"fusion-column-wrapper fusion-flex-column-wrapper-legacy\"><div class=\"fusion-image-element fusion-image-align-center fusion-no-large-visibility in-legacy-container\" style=\"text-align:center;--awb-bottom-shadow-color:rgba(0,0,0,0.4);--awb-caption-title-font-family:var(--h2_typography-font-family);--awb-caption-title-font-weight:var(--h2_typography-font-weight);--awb-caption-title-font-style:var(--h2_typography-font-style);--awb-caption-title-size:var(--h2_typography-font-size);--awb-caption-title-transform:var(--h2_typography-text-transform);--awb-caption-title-line-height:var(--h2_typography-line-height);--awb-caption-title-letter-spacing:var(--h2_typography-letter-spacing);\"><div class=\"imageframe-align-center\"><div class=\"awb-image-frame awb-image-frame-1 imageframe-liftup fusion-image-frame-bottomshadow image-frame-shadow-1 fusion-no-large-visibility\"><span class=\" fusion-imageframe imageframe-bottomshadow imageframe-1 element-bottomshadow\"><img decoding=\"async\" width=\"650\" height=\"440\" alt=\"Polsterei &amp; Neubez\u00fcge\" title=\"geschichte\" src=\"http:\/\/www.njoy-referenzen.de\/w-kreuder\/wp-content\/uploads\/geschichte.jpg\" class=\"img-responsive wp-image-1992\" srcset=\"https:\/\/www.njoy-referenzen.de\/w-kreuder\/wp-content\/uploads\/geschichte-200x135.jpg 200w, https:\/\/www.njoy-referenzen.de\/w-kreuder\/wp-content\/uploads\/geschichte-400x271.jpg 400w, https:\/\/www.njoy-referenzen.de\/w-kreuder\/wp-content\/uploads\/geschichte-600x406.jpg 600w, https:\/\/www.njoy-referenzen.de\/w-kreuder\/wp-content\/uploads\/geschichte.jpg 650w\" sizes=\"(max-width: 800px) 100vw, 650px\" \/><\/span><\/div><\/div><\/div><div class=\"fusion-clearfix\"><\/div><\/div><\/div><div class=\"fusion-layout-column fusion_builder_column fusion-builder-column-4 fusion_builder_column_1_1 1_1 fusion-one-full fusion-column-first fusion-column-last fusion-no-large-visibility\" style=\"--awb-padding-right:50px;--awb-padding-bottom:50px;--awb-padding-left:50px;--awb-bg-size:cover;\"><div class=\"fusion-column-wrapper fusion-flex-column-wrapper-legacy\"><div class=\"fusion-column-content-centered\"><div class=\"fusion-column-content\"><div class=\"fusion-text fusion-text-3\"><h2 style=\"text-align: center;\">Best\u00e4ndige Philosophie<\/h2>\n<h3 style=\"text-align: center;\">Der Leitfaden zum Erfolg<\/h3>\n<\/div><div class=\"fusion-text fusion-text-4\"><p>Wir als Traditionsunternehmen folgen seit 1824 stets der eigenen Unternehmensphilosophie, die besagt, dass alle M\u00f6bel und Bezugsstoffe durch die klassische Kunst des Polsterhandwerks entstehen m\u00fcssen, um unseren Anspr\u00fcchen von guter Qualit\u00e4t zu entsprechen. Deshalb arbeiten wir ausschlie\u00dflich mit <a href=\"\/w-kreuder\/marken-partner\/\">Zulieferern<\/a> zusammen, die mit unserer Philosophie konform gehen.<br \/>\nIn liebevoller Handarbeit entstehen durch das individuelle Fertigen der Lederwaren einzigartige und qualitativ hochwertige Produkte aus Leder, Stoff und Mikrofasern. Da die W\u00fcnsche der Kunden bei uns stets h\u00f6chste Priorit\u00e4t genie\u00dfen, fertigen wir auch gerne Polsterwaren nach Ihrer Vorstellung an. F\u00fcr die <a href=\"\/w-kreuder\/polster-nach-mass\/\">Sonderanfertigungen<\/a> sind Ihren Ideen in Dingen Design, Farbe und Material durch die Auswahl der zahlreichen Kollektionen keine Grenzen gesetzt. Durch die handgefertigte Verarbeitung in der <a href=\"\/w-kreuder\/lederspezialist\/\">Ledermanufaktur<\/a> garantieren wir Ihnen vollste Zufriedenheit.<\/p>\n<\/div><\/div><\/div><div class=\"fusion-clearfix\"><\/div><\/div><\/div><div class=\"fusion-layout-column fusion_builder_column fusion-builder-column-5 fusion_builder_column_1_2 1_2 fusion-one-half fusion-column-first\" style=\"--awb-padding-top:30px;--awb-padding-right:50px;--awb-padding-bottom:20px;--awb-padding-left:50px;--awb-bg-size:cover;width:50%;width:calc(50% - ( ( 4% ) * 0.5 ) );margin-right: 4%;\"><div class=\"fusion-column-wrapper fusion-flex-column-wrapper-legacy\"><div class=\"fusion-image-element fusion-image-align-center fusion-no-small-visibility fusion-no-medium-visibility in-legacy-container\" style=\"text-align:center;--awb-bottom-shadow-color:rgba(0,0,0,0.4);--awb-caption-title-font-family:var(--h2_typography-font-family);--awb-caption-title-font-weight:var(--h2_typography-font-weight);--awb-caption-title-font-style:var(--h2_typography-font-style);--awb-caption-title-size:var(--h2_typography-font-size);--awb-caption-title-transform:var(--h2_typography-text-transform);--awb-caption-title-line-height:var(--h2_typography-line-height);--awb-caption-title-letter-spacing:var(--h2_typography-letter-spacing);\"><div class=\"imageframe-align-center\"><div class=\"awb-image-frame awb-image-frame-2 imageframe-liftup fusion-image-frame-bottomshadow image-frame-shadow-2 fusion-no-small-visibility fusion-no-medium-visibility\"><span class=\" fusion-imageframe imageframe-bottomshadow imageframe-2 element-bottomshadow\"><img decoding=\"async\" width=\"650\" height=\"440\" alt=\"Polsterei &amp; Neubez\u00fcge\" title=\"geschichte\" src=\"http:\/\/www.njoy-referenzen.de\/w-kreuder\/wp-content\/uploads\/geschichte.jpg\" class=\"img-responsive wp-image-1992\" srcset=\"https:\/\/www.njoy-referenzen.de\/w-kreuder\/wp-content\/uploads\/geschichte-200x135.jpg 200w, https:\/\/www.njoy-referenzen.de\/w-kreuder\/wp-content\/uploads\/geschichte-400x271.jpg 400w, https:\/\/www.njoy-referenzen.de\/w-kreuder\/wp-content\/uploads\/geschichte-600x406.jpg 600w, https:\/\/www.njoy-referenzen.de\/w-kreuder\/wp-content\/uploads\/geschichte.jpg 650w\" sizes=\"(max-width: 800px) 100vw, 600px\" \/><\/span><\/div><\/div><\/div><div class=\"fusion-clearfix\"><\/div><\/div><\/div><div class=\"fusion-layout-column fusion_builder_column fusion-builder-column-6 fusion_builder_column_1_2 1_2 fusion-one-half fusion-column-last fusion-no-small-visibility fusion-no-medium-visibility\" style=\"--awb-padding-top:40px;--awb-padding-right:100px;--awb-padding-bottom:0px;--awb-bg-size:cover;width:50%;width:calc(50% - ( ( 4% ) * 0.5 ) );\"><div class=\"fusion-column-wrapper fusion-flex-column-wrapper-legacy\"><div class=\"fusion-text fusion-text-5\"><h2>Best\u00e4ndige Philosophie<\/h2>\n<h3>Der Leitfaden zum Erfolg<\/h3>\n<\/div><div class=\"fusion-content-boxes content-boxes columns row fusion-columns-1 fusion-columns-total-1 fusion-content-boxes-1 content-boxes-icon-with-title content-left block_list\" style=\"--awb-title-color:#be0001;--awb-margin-top:0px;--awb-margin-bottom:0px;--awb-hover-accent-color:#be0001;--awb-circle-hover-accent-color:#be0001;--awb-item-margin-bottom:40px;\" data-animationOffset=\"top-into-view\"><div style=\"--awb-backgroundcolor:rgba(255,255,255,0);\" class=\"fusion-column content-box-column content-box-column content-box-column-1 col-lg-12 col-md-12 col-sm-12 fusion-content-box-hover content-box-column-last content-box-column-last-in-row\"><div class=\"col content-box-wrapper content-wrapper link-area-link-icon icon-hover-animation-fade\" data-animationOffset=\"top-into-view\"><div class=\"fusion-clearfix\"><\/div><div class=\"content-container\">Wir als Traditionsunternehmen folgen seit 1824 stets der eigenen Unternehmensphilosophie, die besagt, dass alle M\u00f6bel und Bezugsstoffe durch die klassische Kunst des Polsterhandwerks entstehen m\u00fcssen, um unseren Anspr\u00fcchen von guter Qualit\u00e4t zu entsprechen. Deshalb arbeiten wir ausschlie\u00dflich mit <a href=\"\/w-kreuder\/marken-partner\/\">Zulieferern<\/a> zusammen, die mit unserer Philosophie konform gehen.<br \/>\nIn liebevoller Handarbeit entstehen durch das individuelle Fertigen der Lederwaren einzigartige und qualitativ hochwertige Produkte aus Leder, Stoff und Mikrofasern. Da die W\u00fcnsche der Kunden bei uns stets h\u00f6chste Priorit\u00e4t genie\u00dfen, fertigen wir auch gerne Polsterwaren nach Ihrer Vorstellung an. F\u00fcr die <a href=\"\/w-kreuder\/polster-nach-mass\/\">Sonderanfertigungen<\/a> sind Ihren Ideen in Dingen Design, Farbe und Material durch die Auswahl der zahlreichen Kollektionen keine Grenzen gesetzt. Durch die handgefertigte Verarbeitung in der <a href=\"\/w-kreuder\/lederspezialist\/\">Ledermanufaktur<\/a> garantieren wir Ihnen vollste Zufriedenheit.<\/div><\/div><\/div><div class=\"fusion-clearfix\"><\/div><\/div><div class=\"fusion-clearfix\"><\/div><\/div><\/div><\/div><\/div><div class=\"fusion-fullwidth fullwidth-box fusion-builder-row-3 fusion-parallax-none nonhundred-percent-fullwidth non-hundred-percent-height-scrolling\" style=\"--awb-background-position:left bottom;--awb-border-sizes-top:0px;--awb-border-sizes-bottom:0px;--awb-border-sizes-left:0px;--awb-border-sizes-right:0px;--awb-border-radius-top-left:0px;--awb-border-radius-top-right:0px;--awb-border-radius-bottom-right:0px;--awb-border-radius-bottom-left:0px;--awb-padding-top:50px;--awb-padding-bottom:50px;--awb-margin-top:25px;--awb-background-image:url(&quot;http:\/\/www.njoy-referenzen.de\/w-kreuder\/wp-content\/uploads\/hintergrund_stoffe.jpg&quot;);--awb-background-size:cover;--awb-flex-wrap:wrap;\" ><div class=\"fusion-builder-row fusion-row\"><div class=\"fusion-layout-column fusion_builder_column fusion-builder-column-7 fusion_builder_column_1_1 1_1 fusion-one-full fusion-column-first fusion-column-last\" style=\"--awb-bg-size:cover;\"><div class=\"fusion-column-wrapper fusion-flex-column-wrapper-legacy\"><div class=\"fusion-text fusion-text-6\"><h2 style=\"text-align: center; color: #af1917; line-height: 0.8;\">Tradition mit Zukunft<\/h2>\n<h3 style=\"text-align: center; line-height: 1.0;\">Kontinuierlicher Fortschritt seit 1824<\/h3>\n<\/div><div class=\"fusion-sep-clear\"><\/div><div class=\"fusion-separator\" style=\"margin-left: auto;margin-right: auto;margin-top:25px;margin-bottom:25px;width:100%;max-width:50%;\"><div class=\"fusion-separator-border sep-single sep-solid\" style=\"--awb-height:20px;--awb-amount:20px;border-color:#e0dede;border-top-width:1px;\"><\/div><\/div><div class=\"fusion-sep-clear\"><\/div><div class=\"fusion-clearfix\"><\/div><\/div><\/div><div class=\"fusion-layout-column fusion_builder_column fusion-builder-column-8 fusion_builder_column_1_1 1_1 fusion-one-full fusion-column-first fusion-column-last\" style=\"--awb-padding-right:150px;--awb-padding-left:150px;--awb-bg-size:cover;\"><div class=\"fusion-column-wrapper fusion-flex-column-wrapper-legacy\"><div class=\"fusion-column-content-centered\"><div class=\"fusion-column-content\"><div class=\"fusion-text fusion-text-7\"><p>F\u00fcr unser Familienunternehmen bedeutet Tradition, alle Werte und Anspr\u00fcche stets zu erhalten. Diese gelten auch in der kontinuierlichen Weiterentwicklung unseres Unternehmens. Deshalb bieten wir kreativen jungen Menschen die Chance, zu lernen, die Tradition im Handwerk zu wahren und dennoch aktiv am Fortschritt mitzuwirken. Dabei werden sorgf\u00e4ltige Talente, die in der Verarbeitung von Leder und anderen Materialien und in der Fertigung der Unikate herausstechen, besonders gef\u00f6rdert.<br \/>\nUm unseren eigenen Vorstellungen eines traditions- und zukunftsorientierten Unternehmens zu entsprechen, sehen wir es als Verpflichtung an, Deutschland nicht nur als Standort zu achten, sondern unsere Lederprodukte und Polsterwaren auch ausschlie\u00dflich in Deutschland zu produzieren.<\/p>\n<\/div><\/div><\/div><div class=\"fusion-clearfix\"><\/div><\/div><\/div><div class=\"fusion-layout-column fusion_builder_column fusion-builder-column-9 fusion_builder_column_1_1 1_1 fusion-one-full fusion-column-first fusion-column-last\" style=\"--awb-bg-size:cover;\"><div class=\"fusion-column-wrapper fusion-flex-column-wrapper-legacy\"><div class=\"fusion-sep-clear\"><\/div><div class=\"fusion-separator fusion-full-width-sep\" style=\"margin-left: auto;margin-right: auto;margin-top:15px;width:100%;\"><\/div><div class=\"fusion-sep-clear\"><\/div><div class=\"fusion-aligncenter\"><a class=\"fusion-button button-flat button-large button-custom fusion-button-default button-2 fusion-button-default-span \" style=\"--button_accent_color:#494343;--button_border_color:#494343;--button_accent_hover_color:#af1917;--button_border_hover_color:#af1917;--button_gradient_top_color:rgba(255,255,255,0);--button_gradient_bottom_color:rgba(255,255,255,0);--button_gradient_top_color_hover:rgba(255,255,255,0.1);--button_gradient_bottom_color_hover:rgba(255,255,255,0.1);\" target=\"_self\" href=\"\/w-kreuder\/kontakt\/\"><span class=\"fusion-button-text\">kontaktieren Sie uns<\/span><\/a><\/div><div class=\"fusion-clearfix\"><\/div><\/div><\/div><\/div><\/div><div class=\"fusion-fullwidth fullwidth-box fusion-builder-row-4 nonhundred-percent-fullwidth non-hundred-percent-height-scrolling\" style=\"--awb-border-radius-top-left:0px;--awb-border-radius-top-right:0px;--awb-border-radius-bottom-right:0px;--awb-border-radius-bottom-left:0px;--awb-flex-wrap:wrap;\" ><div class=\"fusion-builder-row fusion-row\"><div class=\"fusion-layout-column fusion_builder_column fusion-builder-column-10 fusion_builder_column_1_1 1_1 fusion-one-full fusion-column-first fusion-column-last\" style=\"--awb-bg-size:cover;\"><div class=\"fusion-column-wrapper fusion-flex-column-wrapper-legacy\"><style>\n\n.tfs-slider .slide-content-container {\n    margin-top: 50px !important;\n    padding-top: 3% !important;\n    position: absolute;\n    top: 25%;\n    transform: translateY(-50%);\n    width: 100%;\n    z-index: 5;\n    \n    \n}\n\n\/* Smartphones (portrait) ----------- *\/\n@media screen \nand (max-width : 1000px) {\n.fusion-layout-column .fusion-column-content-centered .fusion-column-content {\n    padding: 0 !important;\n}\n}\n\n\/* Smartphones (portrait) ----------- *\/\n@media screen \nand (max-width : 1000px) {.fusion-fullwidth .fullwidth-box .fusion-parallax-none .nonhundred-percent-fullwidth {\n    background-image: none !important;\n}\n}\n\n.fusion-title-size-one, h1 {\n    margin-bottom: 0;\n    margin-top: 0.67em;\n}\n<\/style><div class=\"fusion-clearfix\"><\/div><\/div><\/div><\/div><\/div><\/p>\n","protected":false},"excerpt":{"rendered":"","protected":false},"author":1,"featured_media":0,"parent":0,"menu_order":0,"comment_status":"closed","ping_status":"closed","template":"100-width.php","meta":{"footnotes":""},"_links":{"self":[{"href":"https:\/\/www.njoy-referenzen.de\/w-kreuder\/wp-json\/wp\/v2\/pages\/1759"}],"collection":[{"href":"https:\/\/www.njoy-referenzen.de\/w-kreuder\/wp-json\/wp\/v2\/pages"}],"about":[{"href":"https:\/\/www.njoy-referenzen.de\/w-kreuder\/wp-json\/wp\/v2\/types\/page"}],"author":[{"embeddable":true,"href":"https:\/\/www.njoy-referenzen.de\/w-kreuder\/wp-json\/wp\/v2\/users\/1"}],"replies":[{"embeddable":true,"href":"https:\/\/www.njoy-referenzen.de\/w-kreuder\/wp-json\/wp\/v2\/comments?post=1759"}],"version-history":[{"count":35,"href":"https:\/\/www.njoy-referenzen.de\/w-kreuder\/wp-json\/wp\/v2\/pages\/1759\/revisions"}],"predecessor-version":[{"id":2431,"href":"https:\/\/www.njoy-referenzen.de\/w-kreuder\/wp-json\/wp\/v2\/pages\/1759\/revisions\/2431"}],"wp:attachment":[{"href":"https:\/\/www.njoy-referenzen.de\/w-kreuder\/wp-json\/wp\/v2\/media?parent=1759"}],"curies":[{"name":"wp","href":"https:\/\/api.w.org\/{rel}","templated":true}]}}