{"id":1757,"date":"2017-03-15T12:12:30","date_gmt":"2017-03-15T11:12:30","guid":{"rendered":"http:\/\/www.njoy-referenzen.de\/w-kreuder\/?page_id=1757"},"modified":"2023-10-31T13:26:35","modified_gmt":"2023-10-31T12:26:35","slug":"lederspezialist","status":"publish","type":"page","link":"https:\/\/www.njoy-referenzen.de\/w-kreuder\/lederspezialist\/","title":{"rendered":"Lederspezialist"},"content":{"rendered":"<p><div class=\"fusion-fullwidth fullwidth-box fusion-builder-row-1 fusion-parallax-none nonhundred-percent-fullwidth non-hundred-percent-height-scrolling\" style=\"--awb-background-position:left bottom;--awb-border-sizes-top:0px;--awb-border-sizes-bottom:0px;--awb-border-sizes-left:0px;--awb-border-sizes-right:0px;--awb-border-radius-top-left:0px;--awb-border-radius-top-right:0px;--awb-border-radius-bottom-right:0px;--awb-border-radius-bottom-left:0px;--awb-padding-top:50px;--awb-padding-bottom:50px;--awb-background-image:url(&quot;http:\/\/www.njoy-referenzen.de\/w-kreuder\/wp-content\/uploads\/hintergrund_stoffe.jpg&quot;);--awb-background-size:cover;--awb-flex-wrap:wrap;\" id=\"lp_block_3\" ><div class=\"fusion-builder-row fusion-row\"><div class=\"fusion-layout-column fusion_builder_column fusion-builder-column-0 fusion_builder_column_1_1 1_1 fusion-one-full fusion-column-first fusion-column-last\" style=\"--awb-bg-size:cover;\"><div class=\"fusion-column-wrapper fusion-flex-column-wrapper-legacy\"><div class=\"fusion-text fusion-text-1\"><h1 style=\"text-align: center; color: #af1917; line-height: 0.8;\">Lederreparatur f\u00fcr Ihre M\u00f6bel<\/h1>\n<h2 style=\"text-align: center;\"><span style=\"font-family: Open Sans; font-size: 24px; font-weight: 300;\">Kreuder &#8211; Spezialist f\u00fcr Lederm\u00f6bel aller Art<\/span><\/h2>\n<\/div><div class=\"fusion-sep-clear\"><\/div><div class=\"fusion-separator\" style=\"margin-left: auto;margin-right: auto;margin-top:25px;margin-bottom:25px;width:100%;max-width:50%;\"><div class=\"fusion-separator-border sep-single sep-solid\" style=\"--awb-height:20px;--awb-amount:20px;border-color:#e0dede;border-top-width:1px;\"><\/div><\/div><div class=\"fusion-sep-clear\"><\/div><div class=\"fusion-clearfix\"><\/div><\/div><\/div><div class=\"fusion-layout-column fusion_builder_column fusion-builder-column-1 fusion_builder_column_1_1 1_1 fusion-one-full fusion-column-first fusion-column-last\" style=\"--awb-padding-right:150px;--awb-padding-left:150px;--awb-bg-size:cover;\"><div class=\"fusion-column-wrapper fusion-flex-column-wrapper-legacy\"><div class=\"fusion-column-content-centered\"><div class=\"fusion-column-content\"><div class=\"fusion-text fusion-text-2\"><p>Seit der Gr\u00fcndung unseres Unternehmens 1824 arbeiten wir sorgf\u00e4ltig und gewissenhaft mit Leder h\u00f6chster Qualit\u00e4t. Das hochwertige Leder lassen wir uns in den St\u00e4rken zwischen 1 und 5 mm von zuverl\u00e4ssigen Partnern aus Deutschland, Italien, den Niederlanden und Skandinavien liefern. Dabei achten wir stets darauf, dass unser Sortiment nur aus Leder von Kalb, Rind und Bulle besteht, das im Gerbungsprozess mit Anilinfarbstoff getr\u00e4nkt wurde. Man unterscheidet zwischen drei verschiedenen Arten, die durch unterschiedliche Ledertechnik entstehen:<\/p>\n<ul>\n<li>Reines Anilin-Leder, das im Gerbfass mit dem Naturfarbstoff gef\u00e4rbt wird, so dass alle nat\u00fcrlichen Merkmale der Lederoberfl\u00e4chen wie Hautfalten und Narben sichtbar bleiben, die von der Echtheit des Leders zeugen.<\/li>\n<li>Semi-Anilin-Leder, das eine zus\u00e4tzliche Behandlung bekommt, wodurch eine leichte Pigmentschicht aufgetragen wird, die die Oberfl\u00e4che gleichm\u00e4\u00dfiger und die Lederpflege leichter macht.<\/li>\n<li>Pigmentiertes Leder, das so sehr behandelt wird, dass keine Natureigenschaften der Lederoberfl\u00e4chen und Lederf\u00e4rbung mehr zu erahnen sind und sich die Qualit\u00e4t verschlechtert. Diese Lederart f\u00fchrt unser Unternehmen nat\u00fcrlich nicht.<\/li>\n<\/ul>\n<p>Aus diesem Leder fertigen wir nicht nur erstklassige Lederm\u00f6bel, wie Ledersofas oder Ledersessel, sondern verkaufen das Leder auch als Einzelware. Sie k\u00f6nnen bei uns Lederh\u00e4ute und \u2013zuschnitte jeder Menge und Gr\u00f6\u00dfe erwerben, denn Sie erhalten bei uns Einzelh\u00e4ute, halbe H\u00e4ute oder Zuschnitte ganz nach Ihren W\u00fcnschen und Vorstellungen.<\/p>\n<\/div><\/div><\/div><div class=\"fusion-clearfix\"><\/div><\/div><\/div><div class=\"fusion-layout-column fusion_builder_column fusion-builder-column-2 fusion_builder_column_1_1 1_1 fusion-one-full fusion-column-first fusion-column-last\" style=\"--awb-bg-size:cover;\"><div class=\"fusion-column-wrapper fusion-flex-column-wrapper-legacy\"><div class=\"fusion-sep-clear\"><\/div><div class=\"fusion-separator fusion-full-width-sep\" style=\"margin-left: auto;margin-right: auto;margin-top:15px;width:100%;\"><\/div><div class=\"fusion-sep-clear\"><\/div><div class=\"fusion-aligncenter\"><a class=\"fusion-button button-flat button-large button-custom fusion-button-default button-1 fusion-button-default-span \" style=\"--button_accent_color:#494343;--button_border_color:#494343;--button_accent_hover_color:#af1917;--button_border_hover_color:#af1917;--button_border_width-top:2px;--button_border_width-right:2px;--button_border_width-bottom:2px;--button_border_width-left:2px;--button_gradient_top_color:rgba(255,255,255,0);--button_gradient_bottom_color:rgba(255,255,255,0);--button_gradient_top_color_hover:rgba(255,255,255,0.1);--button_gradient_bottom_color_hover:rgba(255,255,255,0.1);\" target=\"_self\" href=\"\/w-kreuder\/kontakt\/\"><span class=\"fusion-button-text\">kontaktieren Sie uns<\/span><\/a><\/div><div class=\"fusion-clearfix\"><\/div><\/div><\/div><\/div><\/div><div class=\"fusion-fullwidth fullwidth-box fusion-builder-row-2 hundred-percent-fullwidth non-hundred-percent-height-scrolling\" style=\"--awb-background-position:left top;--awb-background-repeat:repeat;--awb-border-sizes-top:0px;--awb-border-sizes-bottom:0px;--awb-border-sizes-left:0px;--awb-border-sizes-right:0px;--awb-border-radius-top-left:0px;--awb-border-radius-top-right:0px;--awb-border-radius-bottom-right:0px;--awb-border-radius-bottom-left:0px;--awb-padding-top:50px;--awb-padding-right:50px;--awb-padding-bottom:50px;--awb-padding-left:50px;--awb-background-color:#f7f9fb;--awb-flex-wrap:wrap;\" id=\"lp_block_3\" ><div class=\"fusion-builder-row fusion-row\"><div class=\"fusion-layout-column fusion_builder_column fusion-builder-column-3 fusion_builder_column_1_1 1_1 fusion-one-full fusion-column-first fusion-column-last fusion-no-large-visibility\" style=\"--awb-bg-size:cover;--awb-margin-bottom:50px;\"><div class=\"fusion-column-wrapper fusion-flex-column-wrapper-legacy\"><div class=\"fusion-image-element fusion-image-align-center fusion-no-large-visibility in-legacy-container\" style=\"text-align:center;--awb-bottom-shadow-color:rgba(0,0,0,0.4);--awb-caption-title-font-family:var(--h2_typography-font-family);--awb-caption-title-font-weight:var(--h2_typography-font-weight);--awb-caption-title-font-style:var(--h2_typography-font-style);--awb-caption-title-size:var(--h2_typography-font-size);--awb-caption-title-transform:var(--h2_typography-text-transform);--awb-caption-title-line-height:var(--h2_typography-line-height);--awb-caption-title-letter-spacing:var(--h2_typography-letter-spacing);\"><div class=\"imageframe-align-center\"><div class=\"awb-image-frame awb-image-frame-1 imageframe-liftup fusion-image-frame-bottomshadow image-frame-shadow-1 fusion-no-large-visibility\"><span class=\" fusion-imageframe imageframe-bottomshadow imageframe-1 element-bottomshadow\"><img decoding=\"async\" width=\"650\" height=\"440\" alt=\"Polsterei &amp; Neubez\u00fcge\" title=\"Lederreparatur\" src=\"http:\/\/www.njoy-referenzen.de\/w-kreuder\/wp-content\/uploads\/Lederreparatur.jpg\" class=\"img-responsive wp-image-2027\" srcset=\"https:\/\/www.njoy-referenzen.de\/w-kreuder\/wp-content\/uploads\/Lederreparatur-200x135.jpg 200w, https:\/\/www.njoy-referenzen.de\/w-kreuder\/wp-content\/uploads\/Lederreparatur-400x271.jpg 400w, https:\/\/www.njoy-referenzen.de\/w-kreuder\/wp-content\/uploads\/Lederreparatur-600x406.jpg 600w, https:\/\/www.njoy-referenzen.de\/w-kreuder\/wp-content\/uploads\/Lederreparatur.jpg 650w\" sizes=\"(max-width: 800px) 100vw, 650px\" \/><\/span><\/div><\/div><\/div><div class=\"fusion-clearfix\"><\/div><\/div><\/div><div class=\"fusion-layout-column fusion_builder_column fusion-builder-column-4 fusion_builder_column_1_1 1_1 fusion-one-full fusion-column-first fusion-column-last fusion-no-large-visibility\" style=\"--awb-padding-right:50px;--awb-padding-bottom:50px;--awb-padding-left:50px;--awb-bg-size:cover;\"><div class=\"fusion-column-wrapper fusion-flex-column-wrapper-legacy\"><div class=\"fusion-column-content-centered\"><div class=\"fusion-column-content\"><div class=\"fusion-text fusion-text-3\"><h2 style=\"text-align: left;\">Lederreparatur und \u2013aufbereitung<\/h2>\n<\/div><div class=\"fusion-text fusion-text-4\"><p>Zu unseren Leistungen geh\u00f6rt als Lederspezialist nat\u00fcrlich auch die Lederreparatur durch unseren Lederreparaturservice. Denn je nach Beanspruchung und Intensit\u00e4t des Gebrauchs, kann sich auch qualitativ hochwertiges Leder mit der Zeit abnutzen. Verschmutzungen, Ausbleichungen und sogar Risse sind keine seltenen Sch\u00e4den.<br \/>\nDaf\u00fcr bieten wir eine professionelle Lederreparatur, Lederreinigung und \u2013aufbereitung an, die nicht nur M\u00f6bel, sondern auch Autoledersitze durch die intensive Restauration im neuen Glanz erscheinen l\u00e4sst. Von der rundum Reparatur des lederbezogenen Stuhls bis zur Farbauffrischung ganzer <a href=\"\/w-kreuder\/wohnmobil-und-caravanpolster\/\">Wohnwagenpolster<\/a>, wir sorgen daf\u00fcr, durch verschiedenste Lederreparaturen alle Schadstellen zu beseitigen. Unser Lederreparaturservice umfasst neben Lederreparaturen nat\u00fcrlich auch eine intensive Beratung, in der wir Ihnen gerne erkl\u00e4ren, welche Reparatur bei Ihrem Ledersofa, Ledersessel oder Ihren Lederautositzen optimal ist.<\/p>\n<\/div><\/div><\/div><div class=\"fusion-clearfix\"><\/div><\/div><\/div><div class=\"fusion-layout-column fusion_builder_column fusion-builder-column-5 fusion_builder_column_1_2 1_2 fusion-one-half fusion-column-first\" style=\"--awb-padding-top:30px;--awb-padding-right:50px;--awb-padding-bottom:20px;--awb-padding-left:50px;--awb-bg-size:cover;width:50%;width:calc(50% - ( ( 4% ) * 0.5 ) );margin-right: 4%;\"><div class=\"fusion-column-wrapper fusion-flex-column-wrapper-legacy\"><div class=\"fusion-image-element fusion-image-align-center fusion-no-small-visibility fusion-no-medium-visibility in-legacy-container\" style=\"text-align:center;--awb-bottom-shadow-color:rgba(0,0,0,0.4);--awb-caption-title-font-family:var(--h2_typography-font-family);--awb-caption-title-font-weight:var(--h2_typography-font-weight);--awb-caption-title-font-style:var(--h2_typography-font-style);--awb-caption-title-size:var(--h2_typography-font-size);--awb-caption-title-transform:var(--h2_typography-text-transform);--awb-caption-title-line-height:var(--h2_typography-line-height);--awb-caption-title-letter-spacing:var(--h2_typography-letter-spacing);\"><div class=\"imageframe-align-center\"><div class=\"awb-image-frame awb-image-frame-2 imageframe-liftup fusion-image-frame-bottomshadow image-frame-shadow-2 fusion-no-small-visibility fusion-no-medium-visibility\"><span class=\" fusion-imageframe imageframe-bottomshadow imageframe-2 element-bottomshadow\"><img decoding=\"async\" width=\"650\" height=\"440\" alt=\"Polsterei &amp; Neubez\u00fcge\" title=\"Lederreparatur\" src=\"http:\/\/www.njoy-referenzen.de\/w-kreuder\/wp-content\/uploads\/Lederreparatur.jpg\" class=\"img-responsive wp-image-2027\" srcset=\"https:\/\/www.njoy-referenzen.de\/w-kreuder\/wp-content\/uploads\/Lederreparatur-200x135.jpg 200w, https:\/\/www.njoy-referenzen.de\/w-kreuder\/wp-content\/uploads\/Lederreparatur-400x271.jpg 400w, https:\/\/www.njoy-referenzen.de\/w-kreuder\/wp-content\/uploads\/Lederreparatur-600x406.jpg 600w, https:\/\/www.njoy-referenzen.de\/w-kreuder\/wp-content\/uploads\/Lederreparatur.jpg 650w\" sizes=\"(max-width: 800px) 100vw, 600px\" \/><\/span><\/div><\/div><\/div><div class=\"fusion-clearfix\"><\/div><\/div><\/div><div class=\"fusion-layout-column fusion_builder_column fusion-builder-column-6 fusion_builder_column_1_2 1_2 fusion-one-half fusion-column-last fusion-no-small-visibility fusion-no-medium-visibility\" style=\"--awb-padding-top:50px;--awb-padding-right:90px;--awb-padding-bottom:0px;--awb-padding-left:0px;--awb-bg-size:cover;width:50%;width:calc(50% - ( ( 4% ) * 0.5 ) );\"><div class=\"fusion-column-wrapper fusion-flex-column-wrapper-legacy\"><div class=\"fusion-text fusion-text-5\"><h2>Lederreparatur und \u2013aufbereitung<\/h2>\n<\/div><div class=\"fusion-content-boxes content-boxes columns row fusion-columns-1 fusion-columns-total-1 fusion-content-boxes-1 content-boxes-icon-with-title content-left block_list\" style=\"--awb-title-color:#be0001;--awb-margin-top:0px;--awb-margin-bottom:0px;--awb-hover-accent-color:#be0001;--awb-circle-hover-accent-color:#be0001;--awb-item-margin-bottom:40px;\" data-animationOffset=\"top-into-view\"><div style=\"--awb-backgroundcolor:rgba(255,255,255,0);\" class=\"fusion-column content-box-column content-box-column content-box-column-1 col-lg-12 col-md-12 col-sm-12 fusion-content-box-hover content-box-column-last content-box-column-last-in-row\"><div class=\"col content-box-wrapper content-wrapper link-area-link-icon icon-hover-animation-fade\" data-animationOffset=\"top-into-view\"><div class=\"fusion-clearfix\"><\/div><div class=\"content-container\">\n<p>Zu unseren Leistungen geh\u00f6rt als Lederspezialist nat\u00fcrlich auch die Lederreparatur durch unseren Lederreparaturservice. Denn je nach Beanspruchung und Intensit\u00e4t des Gebrauchs, kann sich auch qualitativ hochwertiges Leder mit der Zeit abnutzen. Verschmutzungen, Ausbleichungen und sogar Risse sind keine seltenen Sch\u00e4den.<br \/>\nDaf\u00fcr bieten wir eine professionelle Lederreparatur, Lederreinigung und \u2013aufbereitung an, die nicht nur M\u00f6bel, sondern auch Autoledersitze durch die intensive Restauration im neuen Glanz erscheinen l\u00e4sst. Von der rundum Reparatur des lederbezogenen Stuhls bis zur Farbauffrischung ganzer <a href=\"\/wohnmobil-und-caravanpolster\/\">Wohnwagenpolster<\/a>, wir sorgen daf\u00fcr, durch verschiedenste Lederreparaturen alle Schadstellen zu beseitigen. Unser Lederreparaturservice umfasst neben Lederreparaturen nat\u00fcrlich auch eine intensive Beratung, in der wir Ihnen gerne erkl\u00e4ren, welche Reparatur bei Ihrem Ledersofa, Ledersessel oder Ihren Lederautositzen optimal ist.<\/p>\n<\/div><\/div><\/div><div class=\"fusion-clearfix\"><\/div><\/div><div class=\"fusion-clearfix\"><\/div><\/div><\/div><\/div><\/div><div class=\"fusion-fullwidth fullwidth-box fusion-builder-row-3 hundred-percent-fullwidth non-hundred-percent-height-scrolling\" style=\"--awb-background-position:left top;--awb-background-repeat:repeat;--awb-border-sizes-top:0px;--awb-border-sizes-bottom:0px;--awb-border-sizes-left:0px;--awb-border-sizes-right:0px;--awb-border-radius-top-left:0px;--awb-border-radius-top-right:0px;--awb-border-radius-bottom-right:0px;--awb-border-radius-bottom-left:0px;--awb-padding-top:10px;--awb-padding-right:50px;--awb-padding-left:50px;--awb-flex-wrap:wrap;\" id=\"lp_block_3\" ><div class=\"fusion-builder-row fusion-row\"><div class=\"fusion-layout-column fusion_builder_column fusion-builder-column-7 fusion_builder_column_1_1 1_1 fusion-one-full fusion-column-first fusion-column-last\" style=\"--awb-bg-size:cover;--awb-margin-bottom:50px;\"><div class=\"fusion-column-wrapper fusion-flex-column-wrapper-legacy\"><div class=\"fusion-image-element fusion-image-align-center fusion-no-large-visibility in-legacy-container\" style=\"text-align:center;--awb-bottom-shadow-color:rgba(0,0,0,0.4);--awb-caption-title-font-family:var(--h2_typography-font-family);--awb-caption-title-font-weight:var(--h2_typography-font-weight);--awb-caption-title-font-style:var(--h2_typography-font-style);--awb-caption-title-size:var(--h2_typography-font-size);--awb-caption-title-transform:var(--h2_typography-text-transform);--awb-caption-title-line-height:var(--h2_typography-line-height);--awb-caption-title-letter-spacing:var(--h2_typography-letter-spacing);\"><div class=\"imageframe-align-center\"><div class=\"awb-image-frame awb-image-frame-3 imageframe-liftup fusion-image-frame-bottomshadow image-frame-shadow-3 fusion-no-large-visibility\"><span class=\" fusion-imageframe imageframe-bottomshadow imageframe-3 element-bottomshadow\"><img decoding=\"async\" width=\"650\" height=\"440\" alt=\"Polsterei &amp; Neubez\u00fcge\" title=\"Lederpflege\" src=\"http:\/\/www.njoy-referenzen.de\/w-kreuder\/wp-content\/uploads\/Lederpflege.jpg\" class=\"img-responsive wp-image-2028\" srcset=\"https:\/\/www.njoy-referenzen.de\/w-kreuder\/wp-content\/uploads\/Lederpflege-200x135.jpg 200w, https:\/\/www.njoy-referenzen.de\/w-kreuder\/wp-content\/uploads\/Lederpflege-400x271.jpg 400w, https:\/\/www.njoy-referenzen.de\/w-kreuder\/wp-content\/uploads\/Lederpflege-600x406.jpg 600w, https:\/\/www.njoy-referenzen.de\/w-kreuder\/wp-content\/uploads\/Lederpflege.jpg 650w\" sizes=\"(max-width: 800px) 100vw, 650px\" \/><\/span><\/div><\/div><\/div><div class=\"fusion-clearfix\"><\/div><\/div><\/div><div class=\"fusion-layout-column fusion_builder_column fusion-builder-column-8 fusion_builder_column_1_1 1_1 fusion-one-full fusion-column-first fusion-column-last fusion-no-large-visibility\" style=\"--awb-padding-right:150px;--awb-padding-bottom:50px;--awb-padding-left:150px;--awb-bg-size:cover;\"><div class=\"fusion-column-wrapper fusion-flex-column-wrapper-legacy\"><div class=\"fusion-column-content-centered\"><div class=\"fusion-column-content\"><div class=\"fusion-text fusion-text-6\"><h2 style=\"color: #48495a; text-align: center;\">Professionelle Lederrestauration<\/h2>\n<h3 style=\"text-align: center;\">\u2013 Schritt f\u00fcr Schritt<\/h3>\n<p>In unserem Prozess der Lederreparatur gibt es einige Schritte, die wir zur Beseitigung der Sch\u00e4den gewissenhaft ausf\u00fchren:<\/p>\n<ul>\n<li>Die Lederreinigung: das Leder wird von Schmutz und Verspeckungen gereinigt<\/li>\n<li>Die Lederreparatur: Absch\u00fcrfungen werden ausgebessert, bei tiefen Rissen kommt Fl\u00fcssigleder zum Einsatz<\/li>\n<li>Die Farbauffrischung: verblichenes, gef\u00e4rbtes Leder erh\u00e4lt eine neue, frische Farbschicht<\/li>\n<li>Die Versiegelung: f\u00fcr h\u00f6here Strapazierf\u00e4higkeit wird das Leder versiegelt<\/li>\n<li>Die Lederpflege: abschlie\u00dfend wird das Leder mit einem speziellen Lederpflegemittel geschmeidig gemacht<\/li>\n<\/ul>\n<\/div><\/div><\/div><div class=\"fusion-clearfix\"><\/div><\/div><\/div><div class=\"fusion-layout-column fusion_builder_column fusion-builder-column-9 fusion_builder_column_1_2 1_2 fusion-one-half fusion-column-first fusion-no-small-visibility fusion-no-medium-visibility\" style=\"--awb-padding-top:20px;--awb-padding-right:30px;--awb-padding-left:80px;--awb-bg-size:cover;width:50%;width:calc(50% - ( ( 4% ) * 0.5 ) );margin-right: 4%;\"><div class=\"fusion-column-wrapper fusion-flex-column-wrapper-legacy\"><div class=\"fusion-column-content-centered\"><div class=\"fusion-column-content\"><div class=\"fusion-text fusion-text-7\"><h2 style=\"color: #48495a; text-align: center;\">Professionelle Lederrestauration<\/h2>\n<h3 style=\"text-align: center;\">\u2013 Schritt f\u00fcr Schritt<\/h3>\n<p style=\"padding-left: 30px;\">In unserem Prozess der Lederreparatur gibt es einige Schritte, die wir zur Beseitigung der Sch\u00e4den gewissenhaft ausf\u00fchren:<\/p>\n<ul>\n<li>Die Lederreinigung: das Leder wird von Schmutz und Verspeckungen gereinigt<\/li>\n<li>Die Lederreparatur: Absch\u00fcrfungen werden ausgebessert, bei tiefen Rissen kommt Fl\u00fcssigleder zum Einsatz<\/li>\n<li>Die Farbauffrischung: verblichenes, gef\u00e4rbtes Leder erh\u00e4lt eine neue, frische Farbschicht<\/li>\n<li>Die Versiegelung: f\u00fcr h\u00f6here Strapazierf\u00e4higkeit wird das Leder versiegelt<\/li>\n<li>Die Lederpflege: abschlie\u00dfend wird das Leder mit einem speziellen Lederpflegemittel geschmeidig gemacht<\/li>\n<\/ul>\n<\/div><\/div><\/div><div class=\"fusion-clearfix\"><\/div><\/div><\/div><div class=\"fusion-layout-column fusion_builder_column fusion-builder-column-10 fusion_builder_column_1_2 1_2 fusion-one-half fusion-column-last fusion-no-small-visibility fusion-no-medium-visibility\" style=\"--awb-padding-right:30px;--awb-padding-bottom:80px;--awb-padding-left:30px;--awb-bg-size:cover;width:50%;width:calc(50% - ( ( 4% ) * 0.5 ) );\"><div class=\"fusion-column-wrapper fusion-flex-column-wrapper-legacy\"><div class=\"fusion-image-element fusion-image-align-center in-legacy-container\" style=\"text-align:center;--awb-bottom-shadow-color:rgba(0,0,0,0.4);--awb-caption-title-font-family:var(--h2_typography-font-family);--awb-caption-title-font-weight:var(--h2_typography-font-weight);--awb-caption-title-font-style:var(--h2_typography-font-style);--awb-caption-title-size:var(--h2_typography-font-size);--awb-caption-title-transform:var(--h2_typography-text-transform);--awb-caption-title-line-height:var(--h2_typography-line-height);--awb-caption-title-letter-spacing:var(--h2_typography-letter-spacing);\"><div class=\"imageframe-align-center\"><div class=\"awb-image-frame awb-image-frame-4 imageframe-liftup fusion-image-frame-bottomshadow image-frame-shadow-4\"><span class=\" fusion-imageframe imageframe-bottomshadow imageframe-4 element-bottomshadow\"><img decoding=\"async\" width=\"650\" height=\"440\" alt=\"Polsterei &amp; Neubez\u00fcge\" title=\"Lederpflege\" src=\"http:\/\/www.njoy-referenzen.de\/w-kreuder\/wp-content\/uploads\/Lederpflege.jpg\" class=\"img-responsive wp-image-2028\" srcset=\"https:\/\/www.njoy-referenzen.de\/w-kreuder\/wp-content\/uploads\/Lederpflege-200x135.jpg 200w, https:\/\/www.njoy-referenzen.de\/w-kreuder\/wp-content\/uploads\/Lederpflege-400x271.jpg 400w, https:\/\/www.njoy-referenzen.de\/w-kreuder\/wp-content\/uploads\/Lederpflege-600x406.jpg 600w, https:\/\/www.njoy-referenzen.de\/w-kreuder\/wp-content\/uploads\/Lederpflege.jpg 650w\" sizes=\"(max-width: 800px) 100vw, 600px\" \/><\/span><\/div><\/div><\/div><div class=\"fusion-clearfix\"><\/div><\/div><\/div><\/div><\/div><div class=\"fusion-fullwidth fullwidth-box fusion-builder-row-4 fusion-parallax-fixed nonhundred-percent-fullwidth non-hundred-percent-height-scrolling\" style=\"--awb-background-position:center top;--awb-border-radius-top-left:0px;--awb-border-radius-top-right:0px;--awb-border-radius-bottom-right:0px;--awb-border-radius-bottom-left:0px;--awb-padding-top:20px;--awb-padding-bottom:-20px;--awb-background-image:url(&quot;http:\/\/www.njoy-referenzen.de\/w-kreuder\/wp-content\/uploads\/hintergrund_leder.jpg&quot;);--awb-background-size:cover;--awb-flex-wrap:wrap;background-attachment:fixed;\" id=\"lp_block_5\" ><div class=\"fusion-builder-row fusion-row\"><div class=\"fusion-layout-column fusion_builder_column fusion-builder-column-11 fusion_builder_column_1_1 1_1 fusion-one-full fusion-column-first fusion-column-last\" style=\"--awb-padding-top:150px;--awb-padding-right:200px;--awb-padding-bottom:150px;--awb-padding-left:200px;--awb-bg-size:cover;\"><div class=\"fusion-column-wrapper fusion-flex-column-wrapper-legacy\"><div class=\"fusion-text fusion-text-8\"><h3 style=\"text-align: center;\"><span style=\"color: #ffffff;\">Unser kompetenter Lederreparaturservice k\u00fcmmert sich gerne umfangreich um die Lederreparatur Ihrer Lieblingsst\u00fccke.<\/span><\/h3>\n<\/div><div class=\"fusion-clearfix\"><\/div><\/div><\/div><\/div><\/div><div class=\"fusion-fullwidth fullwidth-box fusion-builder-row-5 nonhundred-percent-fullwidth non-hundred-percent-height-scrolling\" style=\"--awb-border-radius-top-left:0px;--awb-border-radius-top-right:0px;--awb-border-radius-bottom-right:0px;--awb-border-radius-bottom-left:0px;--awb-flex-wrap:wrap;\" ><div class=\"fusion-builder-row fusion-row\"><div class=\"fusion-layout-column fusion_builder_column fusion-builder-column-12 fusion_builder_column_1_1 1_1 fusion-one-full fusion-column-first fusion-column-last\" style=\"--awb-bg-size:cover;\"><div class=\"fusion-column-wrapper fusion-flex-column-wrapper-legacy\"><style>\n\n.tfs-slider .slide-content-container {\n    margin-top: 50px !important;\n    padding-top: 3% !important;\n    position: absolute;\n    top: 25%;\n    transform: translateY(-50%);\n    width: 100%;\n    z-index: 5;\n    \n    \n}\n\n\/* Smartphones (portrait) ----------- *\/\n@media screen \nand (max-width : 1000px) {\n.fusion-layout-column .fusion-column-content-centered .fusion-column-content {\n    padding: 0 !important;\n}\n}\n\n\/* Smartphones (portrait) ----------- *\/\n@media screen \nand (max-width : 1000px) {.fusion-fullwidth .fullwidth-box .fusion-parallax-none .nonhundred-percent-fullwidth {\n    background-image: none !important;\n}\n}\n.fusion-title-size-one, h1 {\n    margin-bottom: 0;\n    margin-top: 0.67em;\n}\n\n#lp_block_3 ul li,\n#lp_block_4 ul li {\n\tcolor: #494343;\n\tbackground: url('http:\/\/kreuder.njoy-layout.de\/wp-content\/uploads\/check-2@1x.png') 0 5px no-repeat; padding-left: 35px;\n\tlist-style: none;\n\tline-height: 30px;\n    min-height: 30px;\n}\n<\/style><div class=\"fusion-clearfix\"><\/div><\/div><\/div><\/div><\/div><\/p>\n","protected":false},"excerpt":{"rendered":"","protected":false},"author":1,"featured_media":0,"parent":0,"menu_order":0,"comment_status":"closed","ping_status":"closed","template":"100-width.php","meta":{"footnotes":""},"_links":{"self":[{"href":"https:\/\/www.njoy-referenzen.de\/w-kreuder\/wp-json\/wp\/v2\/pages\/1757"}],"collection":[{"href":"https:\/\/www.njoy-referenzen.de\/w-kreuder\/wp-json\/wp\/v2\/pages"}],"about":[{"href":"https:\/\/www.njoy-referenzen.de\/w-kreuder\/wp-json\/wp\/v2\/types\/page"}],"author":[{"embeddable":true,"href":"https:\/\/www.njoy-referenzen.de\/w-kreuder\/wp-json\/wp\/v2\/users\/1"}],"replies":[{"embeddable":true,"href":"https:\/\/www.njoy-referenzen.de\/w-kreuder\/wp-json\/wp\/v2\/comments?post=1757"}],"version-history":[{"count":48,"href":"https:\/\/www.njoy-referenzen.de\/w-kreuder\/wp-json\/wp\/v2\/pages\/1757\/revisions"}],"predecessor-version":[{"id":2423,"href":"https:\/\/www.njoy-referenzen.de\/w-kreuder\/wp-json\/wp\/v2\/pages\/1757\/revisions\/2423"}],"wp:attachment":[{"href":"https:\/\/www.njoy-referenzen.de\/w-kreuder\/wp-json\/wp\/v2\/media?parent=1757"}],"curies":[{"name":"wp","href":"https:\/\/api.w.org\/{rel}","templated":true}]}}