{"id":1304,"date":"2017-03-02T03:10:43","date_gmt":"2017-03-02T02:10:43","guid":{"rendered":"http:\/\/www.njoy-referenzen.de\/w-kreuder\/?page_id=1304"},"modified":"2023-10-31T13:25:58","modified_gmt":"2023-10-31T12:25:58","slug":"wohnmobil-und-caravanpolster","status":"publish","type":"page","link":"https:\/\/www.njoy-referenzen.de\/w-kreuder\/wohnmobil-und-caravanpolster\/","title":{"rendered":"Wohnmobil- und Caravanpolster"},"content":{"rendered":"<p><div class=\"fusion-fullwidth fullwidth-box fusion-builder-row-1 wc_block_1 hundred-percent-fullwidth non-hundred-percent-height-scrolling\" style=\"--awb-background-position:right top;--awb-border-radius-top-left:0px;--awb-border-radius-top-right:0px;--awb-border-radius-bottom-right:0px;--awb-border-radius-bottom-left:0px;--awb-padding-top:0px;--awb-padding-right:0px;--awb-padding-bottom:0px;--awb-padding-left:0px;--awb-background-color:#f0f0f0;--awb-flex-wrap:wrap;\" id=\"lp_block_1\" ><div class=\"fusion-builder-row fusion-row\"><div class=\"fusion-layout-column fusion_builder_column fusion-builder-column-0 fusion_builder_column_1_1 1_1 fusion-one-full fusion-column-first fusion-column-last\" style=\"--awb-bg-size:cover;\"><div class=\"fusion-column-wrapper fusion-flex-column-wrapper-legacy\">\t\t\t\t\t<div class=\"fusion-slider-container fusion-slider-sc-wohnmobil-und-caravanpolster fusion-slider-33 full-width-slider\" style=\"height:400px; max-width:100%;\" data-id=\"33\" data-full_height=\"\">\n\t\t\t\t\t\t<style type=\"text\/css\">.fusion-slider-33 .flex-direction-nav a {width:63px;height:63px;line-height:63px;font-size:25px;}<\/style>\t\t\t\t\t\t<div class=\"fusion-slider-loading\">Loading...<\/div>\n\t\t\t\t\t\t<div class=\"tfs-slider flexslider main-flex full-width-slider\" data-slider_width=\"100%\" data-slider_height=\"400px\" data-full_screen=\"0\" data-parallax=\"0\" data-nav_arrows=\"1\" data-nav_box_width=\"63px\" data-nav_box_height=\"63px\" data-nav_arrow_size=\"25px\" data-autoplay=\"1\" data-loop=\"0\" data-animation=\"fade\" data-slideshow_speed=\"7000\" data-animation_speed=\"600\" data-typo_sensitivity=\"1\" data-typo_factor=\"1.5\" style=\"max-width:100%;\">\n\t\t\t\t\t\t\t<ul class=\"slides\">\n\t\t\t\t\t\t\t\t\t\t\t\t\t\t\t\t\t<li data-mute=\"yes\" data-loop=\"yes\" data-autoplay=\"yes\">\n\t\t\t\t\t\t\t\t\t\t<div class=\"slide-content-container slide-content-right\" style=\"display: none;\">\n\t\t\t\t\t\t\t\t\t\t\t<div class=\"slide-content\" style=\"\">\n\t\t\t\t\t\t\t\t\t\t\t\t\t\t\t\t\t\t\t\t\t\t\t\t\t<div class=\"heading \">\n\t\t\t\t\t\t\t\t\t\t\t\t\t\t<div class=\"fusion-title-sc-wrapper\" style=\"\">\n\t\t\t\t\t\t\t\t\t\t\t\t\t\t\t<div class=\"fusion-title title fusion-title-1 fusion-sep-none fusion-title-text fusion-title-size-two\" style=\"--awb-text-color:#ffffff;--awb-sep-color:#ffffff;--awb-font-size:70px;\"><h2 class=\"fusion-title-heading title-heading-right\" style=\"margin:0;font-size:1em;line-height:84px;\">Wohnmobil- und Caravanpolster<\/h2><\/div>\t\t\t\t\t\t\t\t\t\t\t\t\t\t<\/div>\n\t\t\t\t\t\t\t\t\t\t\t\t\t<\/div>\n\t\t\t\t\t\t\t\t\t\t\t\t\t\t\t\t\t\t\t\t\t\t\t\t\t\t\t\t\t\t\t\t\t\t\t\t\t<div class=\"caption \">\n\t\t\t\t\t\t\t\t\t\t\t\t\t\t<div class=\"fusion-title-sc-wrapper\" style=\"\">\n\t\t\t\t\t\t\t\t\t\t\t\t\t\t\t<div class=\"fusion-title title fusion-title-2 fusion-sep-none fusion-title-text fusion-title-size-three\" style=\"--awb-text-color:#ffffff;--awb-sep-color:#ffffff;--awb-font-size:20px;\"><h3 class=\"fusion-title-heading title-heading-right\" style=\"margin:0;font-size:1em;line-height:24px;\">wenn einer eine Reise tut...<\/h3><\/div>\t\t\t\t\t\t\t\t\t\t\t\t\t\t<\/div>\n\t\t\t\t\t\t\t\t\t\t\t\t\t<\/div>\n\t\t\t\t\t\t\t\t\t\t\t\t\t\t\t\t\t\t\t\t\t\t\t\t\t\t\t\t\t\t\t\t\t\t\t<\/div>\n\t\t\t\t\t\t\t\t\t\t<\/div>\n\t\t\t\t\t\t\t\t\t\t\t\t\t\t\t\t\t\t\t\t\t\t\t\t\t\t\t\t\t\t\t\t\t\t\t\t\t\t\t\t<div class=\"background background-image\" style=\"background-image: url(https:\/\/www.njoy-referenzen.de\/w-kreuder\/wp-content\/uploads\/09_block-1@1x.jpg);max-width:100%;height:400px;filter: progid:DXImageTransform.Microsoft.AlphaImageLoader(src='https:\/\/www.njoy-referenzen.de\/w-kreuder\/wp-content\/uploads\/09_block-1@1x.jpg', sizingMethod='scale');\" data-imgwidth=\"1400\">\n\t\t\t\t\t\t\t\t\t\t\t\t\t\t\t\t\t\t\t\t\t\t\t\t\t\t\t\t\t\t\t\t\t\t\t\t\t\t\t\t\t\t\t\t\t\t\t\t\t\t\t\t\t\t\t\t\t\t\t\t\t\t\t\t\t\t<\/div>\n\t\t\t\t\t\t\t\t\t<\/li>\n\t\t\t\t\t\t\t\t\t\t\t\t\t\t\t\t\t\t\t\t\t\t\t<\/ul>\n\t\t\t\t\t\t<\/div>\n\t\t\t\t\t<\/div>\n\t\t\t\t\t\t\t\t<div class=\"fusion-clearfix\"><\/div><\/div><\/div><\/div><\/div><div class=\"fusion-fullwidth fullwidth-box fusion-builder-row-2 fusion-parallax-none nonhundred-percent-fullwidth non-hundred-percent-height-scrolling\" style=\"--awb-background-position:right center;--awb-border-sizes-top:0px;--awb-border-sizes-bottom:0px;--awb-border-sizes-left:0px;--awb-border-sizes-right:0px;--awb-border-radius-top-left:0px;--awb-border-radius-top-right:0px;--awb-border-radius-bottom-right:0px;--awb-border-radius-bottom-left:0px;--awb-padding-top:50px;--awb-padding-bottom:50px;--awb-background-image:url(&quot;http:\/\/www.njoy-referenzen.de\/w-kreuder\/wp-content\/uploads\/09_image_1@2x.png&quot;);--awb-background-size:cover;--awb-flex-wrap:wrap;\" id=\"bd_block_2\" ><div class=\"fusion-builder-row fusion-row\"><div class=\"fusion-layout-column fusion_builder_column fusion-builder-column-1 fusion_builder_column_1_1 1_1 fusion-one-full fusion-column-first fusion-column-last window_and_fly\" style=\"--awb-padding-top:0px;--awb-padding-right:185px;--awb-padding-bottom:50px;--awb-padding-left:185px;--awb-bg-size:cover;\"><div class=\"fusion-column-wrapper fusion-flex-column-wrapper-legacy\"><div class=\"fusion-column-content-centered\"><div class=\"fusion-column-content\"><div class=\"fusion-text fusion-text-1\"><h1 class=\"heading-responsive\" style=\"text-align: center; color: #be0001;\">Liebe zum Detail<\/h1>\n<h4 style=\"text-align: center;\">Unser Anspruch ist es, f\u00fcr Sie mit langj\u00e4hriger Erfahrung und viel Liebe zum Detail eine Fahrzeuginnenausstattung &#8211; ob Neubezug oder Reparatur &#8211; zu schaffen, die nicht nur emotional und langlebig ist, sondern auch so individuell wie Sie.<\/h4>\n<\/div><\/div><\/div><div class=\"fusion-clearfix\"><\/div><\/div><\/div><\/div><\/div><div class=\"fusion-fullwidth fullwidth-box fusion-builder-row-3 fusion-parallax-none bd_class_3 hundred-percent-fullwidth non-hundred-percent-height-scrolling\" style=\"--awb-border-sizes-top:0px;--awb-border-sizes-bottom:0px;--awb-border-sizes-left:0px;--awb-border-sizes-right:0px;--awb-border-radius-top-left:0px;--awb-border-radius-top-right:0px;--awb-border-radius-bottom-right:0px;--awb-border-radius-bottom-left:0px;--awb-padding-top:100px;--awb-padding-right:50px;--awb-padding-bottom:100px;--awb-padding-left:50px;--awb-background-color:#f7f9fb;--awb-background-image:url(&quot;http:\/\/www.njoy-referenzen.de\/w-kreuder\/wp-content\/uploads\/09_block3_bg@2x-2.jpg&quot;);--awb-background-size:cover;--awb-flex-wrap:wrap;\" ><div class=\"fusion-builder-row fusion-row\"><div class=\"fusion-layout-column fusion_builder_column fusion-builder-column-2 fusion_builder_column_1_2 1_2 fusion-one-half fusion-column-first\" style=\"--awb-padding-top:20px;--awb-padding-right:50px;--awb-padding-bottom:20px;--awb-padding-left:50px;--awb-bg-size:cover;width:50%;width:calc(50% - ( ( 4% ) * 0.5 ) );margin-right: 4%;\"><div class=\"fusion-column-wrapper fusion-flex-column-wrapper-legacy\"><div class=\"fusion-clearfix\"><\/div><\/div><\/div><div class=\"fusion-layout-column fusion_builder_column fusion-builder-column-3 fusion_builder_column_1_2 1_2 fusion-one-half fusion-column-last\" style=\"--awb-padding-top:20px;--awb-padding-right:0px;--awb-padding-bottom:0px;--awb-padding-left:0px;--awb-bg-size:cover;width:50%;width:calc(50% - ( ( 4% ) * 0.5 ) );\"><div class=\"fusion-column-wrapper fusion-flex-column-wrapper-legacy\"><div class=\"fusion-text fusion-text-2\"><h2 class=\"heading-responsive\" style=\"color: #ffffff; text-align: left;\" data-fontsize=\"72\" data-lineheight=\"72\">F\u00fcr jeden etwas dabei<\/h2>\n<h4 style=\"text-align: left;\"><span style=\"color: #ffffff;\">Komfort-Bultex oder Moltopren-Schaumstoffe erhalten Sie in allen Formen,<\/span><br \/>\n<span style=\"color: #ffffff;\"> Festigkeiten und Gr\u00f6\u00dfen, selbstverst\u00e4ndlich FCKW-frei nach DIN-Norm.<\/span><br \/>\n<span style=\"color: #ffffff;\"> F\u00fcr Bootspolster bieten wir spezielle Outdoor-Bezugsstoffe, die dem Wetter<\/span><br \/>\n<span style=\"color: #ffffff;\"> und dem Winde trotzen.<\/span><\/h4>\n<\/div><div class=\"fusion-clearfix\"><\/div><\/div><\/div><\/div><\/div><div class=\"fusion-fullwidth fullwidth-box fusion-builder-row-4 nonhundred-percent-fullwidth non-hundred-percent-height-scrolling\" style=\"--awb-background-position:right bottom;--awb-border-radius-top-left:0px;--awb-border-radius-top-right:0px;--awb-border-radius-bottom-right:0px;--awb-border-radius-bottom-left:0px;--awb-padding-top:80px;--awb-padding-right:50px;--awb-padding-bottom:10px;--awb-padding-left:50px;--awb-flex-wrap:wrap;\" id=\"lp_block_4\" ><div class=\"fusion-builder-row fusion-row\"><div class=\"fusion-layout-column fusion_builder_column fusion-builder-column-4 fusion_builder_column_1_2 1_2 fusion-one-half fusion-column-first force_float_right\" style=\"--awb-padding-top:20px;--awb-padding-bottom:20px;--awb-bg-size:cover;width:50%;width:calc(50% - ( ( 4% ) * 0.5 ) );margin-right: 4%;\"><div class=\"fusion-column-wrapper fusion-flex-column-wrapper-legacy\"><div class=\"fusion-image-element fusion-image-align-center in-legacy-container\" style=\"text-align:center;--awb-bottom-shadow-color:rgba(0,0,0,0.4);--awb-caption-title-font-family:var(--h2_typography-font-family);--awb-caption-title-font-weight:var(--h2_typography-font-weight);--awb-caption-title-font-style:var(--h2_typography-font-style);--awb-caption-title-size:var(--h2_typography-font-size);--awb-caption-title-transform:var(--h2_typography-text-transform);--awb-caption-title-line-height:var(--h2_typography-line-height);--awb-caption-title-letter-spacing:var(--h2_typography-letter-spacing);\"><div class=\"imageframe-align-center\"><div class=\"awb-image-frame awb-image-frame-1 imageframe-liftup fusion-image-frame-bottomshadow image-frame-shadow-1\"><span class=\" fusion-imageframe imageframe-bottomshadow imageframe-1 element-bottomshadow lp_block_4_image_right element-bottomshadow\"><img decoding=\"async\" width=\"423\" height=\"424\" alt=\"wohnmobil und caravanpolster\" title=\"wohnmobil und caravanpolster\" src=\"http:\/\/www.njoy-referenzen.de\/w-kreuder\/wp-content\/uploads\/09_image-1_no_shadow@1x.jpg\" class=\"img-responsive wp-image-1324\" srcset=\"https:\/\/www.njoy-referenzen.de\/w-kreuder\/wp-content\/uploads\/09_image-1_no_shadow@1x-200x200.jpg 200w, https:\/\/www.njoy-referenzen.de\/w-kreuder\/wp-content\/uploads\/09_image-1_no_shadow@1x-400x401.jpg 400w, https:\/\/www.njoy-referenzen.de\/w-kreuder\/wp-content\/uploads\/09_image-1_no_shadow@1x.jpg 423w\" sizes=\"(max-width: 800px) 100vw, 423px\" \/><\/span><\/div><\/div><\/div><div class=\"fusion-clearfix\"><\/div><\/div><\/div><div class=\"fusion-layout-column fusion_builder_column fusion-builder-column-5 fusion_builder_column_1_2 1_2 fusion-one-half fusion-column-last force_float_left\" style=\"--awb-padding-top:50px;--awb-padding-right:20px;--awb-padding-bottom:20px;--awb-padding-left:100px;--awb-bg-size:cover;width:50%;width:calc(50% - ( ( 4% ) * 0.5 ) );\"><div class=\"fusion-column-wrapper fusion-flex-column-wrapper-legacy\"><div class=\"fusion-content-boxes content-boxes columns row fusion-columns-1 fusion-columns-total-1 fusion-content-boxes-1 content-boxes-icon-with-title content-left\" style=\"--awb-title-color:#be0001;--awb-hover-accent-color:#f05858;--awb-circle-hover-accent-color:#f05858;--awb-item-margin-bottom:40px;\" data-animationOffset=\"top-into-view\"><div style=\"--awb-backgroundcolor:rgba(255,255,255,0);\" class=\"fusion-column content-box-column content-box-column content-box-column-1 col-lg-12 col-md-12 col-sm-12 fusion-content-box-hover content-box-column-last content-box-column-last-in-row\"><div class=\"col content-box-wrapper content-wrapper link-area-link-icon icon-hover-animation-fade\" data-animationOffset=\"top-into-view\"><div class=\"fusion-clearfix\"><\/div><div class=\"content-container\">\n<h2 class=\"heading-responsive\" style=\"line-height: 75px; color: #be0001;\">Service-Tipp<\/h2>\n<h4>Unser Service-Tipp f\u00fcr Sie:<\/h4>\n<ul>\n<li>Halten Sie bei Ihrer Durchreise 4-5 Tage in der<br \/>\nsch\u00f6nen Voreifel in Langerwehe und setzen Sie dann<br \/>\nIhre Urlaubsreise in neu gestalteten Wohntr\u00e4umen fort.<\/li>\n<li>In nur 4-5 Werktagen erhalten Ihre Polster ein neues<br \/>\nKleid.<\/li>\n<\/ul>\n<\/div><\/div><\/div><div class=\"fusion-clearfix\"><\/div><\/div><div class=\"fusion-clearfix\"><\/div><\/div><\/div><\/div><\/div><div class=\"fusion-fullwidth fullwidth-box fusion-builder-row-5 fusion-parallax-fixed nonhundred-percent-fullwidth non-hundred-percent-height-scrolling\" style=\"--awb-background-position:center top;--awb-border-radius-top-left:0px;--awb-border-radius-top-right:0px;--awb-border-radius-bottom-right:0px;--awb-border-radius-bottom-left:0px;--awb-padding-top:150px;--awb-padding-bottom:150px;--awb-margin-bottom:0px;--awb-background-image:url(&quot;http:\/\/www.njoy-referenzen.de\/w-kreuder\/wp-content\/uploads\/09_paralax_bg@2x-2.jpg&quot;);--awb-background-size:cover;--awb-flex-wrap:wrap;background-attachment:fixed;\" id=\"lp_block_5\" ><div class=\"fusion-builder-row fusion-row\"><div class=\"fusion-layout-column fusion_builder_column fusion-builder-column-6 fusion_builder_column_1_1 1_1 fusion-one-full fusion-column-first fusion-column-last\" style=\"--awb-padding-top:0px;--awb-padding-right:200px;--awb-padding-bottom:0px;--awb-padding-left:200px;--awb-bg-size:cover;\"><div class=\"fusion-column-wrapper fusion-flex-column-wrapper-legacy\"><div class=\"fusion-text fusion-text-3\"><p style=\"text-align: center;\"><span style=\"color: #ffffff; font-size: 18px;\">Auf unserem eigenen abschlie\u00dfbaren Parkplatz mit Strom- und Wasseranschluss<br \/>\nk\u00f6nnen Sie mit Ihrem Wohnmobil oder Wohnwagen f\u00fcr die Zeit kostenlos parken.<br \/>\nNat\u00fcrlich erhalten Sie w\u00e4hrend dieser Zeit Ersatzpolster von uns!<\/span><\/p>\n<\/div><div class=\"fusion-clearfix\"><\/div><\/div><\/div><\/div><\/div><div class=\"fusion-fullwidth fullwidth-box fusion-builder-row-6 nonhundred-percent-fullwidth non-hundred-percent-height-scrolling\" style=\"--awb-border-radius-top-left:0px;--awb-border-radius-top-right:0px;--awb-border-radius-bottom-right:0px;--awb-border-radius-bottom-left:0px;--awb-padding-top:50px;--awb-padding-bottom:20px;--awb-flex-wrap:wrap;\" ><div class=\"fusion-builder-row fusion-row\"><div class=\"fusion-layout-column fusion_builder_column fusion-builder-column-7 fusion_builder_column_1_1 1_1 fusion-one-full fusion-column-first fusion-column-last\" style=\"--awb-bg-size:cover;\"><div class=\"fusion-column-wrapper fusion-flex-column-wrapper-legacy\"><div class=\"fusion-text fusion-text-4\"><h2 class=\"heading-responsive\" style=\"color: #be0001; line-height: 1.5em; text-align: center;\" data-fontsize=\"72\" data-lineheight=\"71\">Alles in Ma\u00df&shy;anfertigung<\/h2>\n<p style=\"text-align: center;\"><span style=\"color: #494343;\">Durch die Beratung unseres Fachpersonals sind Sie immer auf der sicheren Seite.<\/span><\/p>\n<\/div><div class=\"fusion-aligncenter\"><a class=\"fusion-button button-flat button-large button-custom fusion-button-default button-1 fusion-button-default-span fusion-has-button-gradient\" style=\"--button_accent_color:#494343;--button_border_color:#494343;--button_accent_hover_color:#494343;--button_border_hover_color:#494343;--button_border_width-top:2px;--button_border_width-right:2px;--button_border_width-bottom:2px;--button_border_width-left:2px;--button_gradient_top_color:rgba(73,67,67,0);--button_gradient_bottom_color:rgba(73,67,67,0);--button_gradient_top_color_hover:rgba(73,67,67,0);--button_gradient_bottom_color_hover:rgba(190,0,1,0);\" target=\"_self\" href=\"\/w-kreuder\/kontakt\/\"><span class=\"fusion-button-text\">KONTAKTIEREN SIE UNS<\/span><\/a><\/div><div class=\"fusion-clearfix\"><\/div><\/div><\/div><\/div><\/div><div class=\"fusion-fullwidth fullwidth-box fusion-builder-row-7 nonhundred-percent-fullwidth non-hundred-percent-height-scrolling\" style=\"--awb-border-radius-top-left:0px;--awb-border-radius-top-right:0px;--awb-border-radius-bottom-right:0px;--awb-border-radius-bottom-left:0px;--awb-padding-top:20px;--awb-padding-bottom:20px;--awb-flex-wrap:wrap;\" ><div class=\"fusion-builder-row fusion-row\"><div class=\"fusion-layout-column fusion_builder_column fusion-builder-column-8 fusion_builder_column_1_1 1_1 fusion-one-full fusion-column-first fusion-column-last\" style=\"--awb-bg-size:cover;\"><div class=\"fusion-column-wrapper fusion-flex-column-wrapper-legacy\"><style>\n#lp_block_1 { background-size: auto 100% !important; }\n#lp_block_3 { background-size: auto auto !important; }\n#lp_block_1 .slide-content {\n\ttext-align:center;\n\twidth: 338px;\n\tposition: absolute;\n\ttop: 50px;\n\tleft: 15vw;\n}\n#lp_block_1 .slide-content .caption {\n\tfont-family: \"Open Sans\";\n\tfont-size: 20px;\n\tfont-weight: 300;\n\ttext-align: center;\n\tline-height: 27px;\n\tcolor: #494343;\n\tmargin-top: -20px\n}\n\n#lp_block_2 {\n\tbackground-size:auto auto !important\n}\n#lp_block_2 .fusion-column-wrapper {\n\tbackground-size:auto auto !important;\n\tbackground-position: 100% 30px !important;\n\tposition: relative;\n}\n#lp_block_2 .window_and_fly:before {\n\tcontent: '';\n\tposition: absolute;\n\ttop: 0;\n\tleft: 0;\n\tbackground: url(\"http:\/\/kreuder.njoy-layout.de\/wp-content\/uploads\/window@1x.png\") 0 0 no-repeat;\n\twidth: 200px;\n\theight: 290px;\n}\n\n#lp_block_2 .fusion-column-wrapper h1 { margin: 0 !important;}\n\n\n#lp_block_3 .fusion-column-wrapper h2.content-box-heading,\n#lp_block_6 .fusion-column-wrapper h2.content-box-heading { \n\tline-height: 116px !important;\n\ttext-indent: 2px;\n}\n\n#lp_block_3 ul,\n#lp_block_4 ul {\n\tpadding-left: 10px !important;\n}\n#lp_block_3 ul li,\n#lp_block_4 ul li {\n\tcolor: #494343;\n\tbackground: url('http:\/\/kreuder.njoy-layout.de\/wp-content\/uploads\/check-2@1x.png') 0 5px no-repeat; padding-left: 35px;\n\tlist-style: none;\n\tline-height: 30px;\n    min-height: 30px;\n}\n\n#lp_block_4 ul li {\n\tmargin-bottom: 20px;\n}\n\n.lp_block_4_image_right img,\n.lp_block_3_image_left img { max-height: 400px; width: auto;}\n\n#lp_block_5 .fusion-column-wrapper {\n\tfont-family: \"Open Sans\";\n\tfont-size: 24px;\n\tfont-weight: 300;\n\ttext-align: center;\n\tline-height: 33px;\n\tcolor: #FFFFFF;\n}\n\n#lp_block_6 .content-wrapper { text-align: center;}\n#lp_block_6 .fusion-content-boxes.fusion-columns-1 .fusion-column {\n\tmargin-bottom: 0\n}\n\n@media only screen and (min-width: 801px) { \n\tbody .fusion_builder_column_1_2.force_float_right { float: right !important;}\n    body .fusion_builder_column_1_2.force_float_right { float: right !important;}\n}\n\n@media only screen and (max-width: 800px) { \n    #lp_block_3 .fusion-column-wrapper h2.content-box-heading, \n    #lp_block_6 .fusion-column-wrapper h2.content-box-heading \n    { \n\t    font-size: 15vw !important;\n    \tline-height: 15vw !important;\n        text-align:center;\n        margin-top: 50px;\n    }\n    #lp_block_1 .slide-content {\n\t\twidth: auto;\n\t\tposition: absolute;\n\t\ttop: 10px;\n\t\tleft: 5vw;\n\t}\n    \n    body .fusion_builder_column_1_2.force_float_right {\n    \tmargin-bottom: 40px !important;\n    }\n     h1.heading-responsive{\n        font-size:48px!important;\n    }\n}\n\n@media only screen and (max-width: 480px) {\n\t#lp_block_1 .slide-content {\n\t\ttext-align: center;\n\t\twidth: auto;\n\t\tposition: absolute;\n\t\ttop: 10px;\n\t\tleft: 5vw;\n\t}\n\n\t#lp_block_2 .fusion-column-wrapper {\n\t\tbackground-size: 80px auto;\n\t}\n\t#lp_block_2 .window_and_fly:before {\n\t\tbackground-size: 80px auto;\n\t}\n    .wc_block_1 .slide-content-container .slide-content{\n    \twidth: 250px!important;\n    }\n     .wc_block_1 .slide-content-container .slide-content h3{\n     \tfont-size:15px!important;\n     }\n      h1.heading-responsive{\n        font-size:36px!important;\n    }\n}\n\n\/* Bodenbelage page *\/\n#bd_block_2{\nbackground-size: 35%!important;\n}\n.bd_class_3 ul li{\n\tcolor: #fff!important;\n    background: url('http:\/\/kreuder.njoy-layout.de\/wp-content\/uploads\/check-2@1x-1.png') 0 5px no-repeat!important; padding-left: 35px;\n}\n\n\/* wohnaccessoires *\/\n.wo_block_1 .slide-content {\n    width: 428px!important;\n    top: 50px;\n    left:auto!important;\n    right: 150px!important;\n}\n\n\/* gardinen und vorhange *\/\n.gv_block_1 .slide-content {\n    width: 550px!important;\n}\n.gv_block_3{\n    background-size: 100%!important;\n}\n\/* Wohnmobil- und Caravanpolster *\/\n.wc_block_1 .slide-content{\ntop:0!important;\nwidth: 500px!important;\n}\n<\/style><div class=\"fusion-clearfix\"><\/div><\/div><\/div><\/div><\/div><\/p>\n","protected":false},"excerpt":{"rendered":"","protected":false},"author":2,"featured_media":0,"parent":0,"menu_order":0,"comment_status":"closed","ping_status":"open","template":"100-width.php","meta":{"footnotes":""},"_links":{"self":[{"href":"https:\/\/www.njoy-referenzen.de\/w-kreuder\/wp-json\/wp\/v2\/pages\/1304"}],"collection":[{"href":"https:\/\/www.njoy-referenzen.de\/w-kreuder\/wp-json\/wp\/v2\/pages"}],"about":[{"href":"https:\/\/www.njoy-referenzen.de\/w-kreuder\/wp-json\/wp\/v2\/types\/page"}],"author":[{"embeddable":true,"href":"https:\/\/www.njoy-referenzen.de\/w-kreuder\/wp-json\/wp\/v2\/users\/2"}],"replies":[{"embeddable":true,"href":"https:\/\/www.njoy-referenzen.de\/w-kreuder\/wp-json\/wp\/v2\/comments?post=1304"}],"version-history":[{"count":58,"href":"https:\/\/www.njoy-referenzen.de\/w-kreuder\/wp-json\/wp\/v2\/pages\/1304\/revisions"}],"predecessor-version":[{"id":2422,"href":"https:\/\/www.njoy-referenzen.de\/w-kreuder\/wp-json\/wp\/v2\/pages\/1304\/revisions\/2422"}],"wp:attachment":[{"href":"https:\/\/www.njoy-referenzen.de\/w-kreuder\/wp-json\/wp\/v2\/media?parent=1304"}],"curies":[{"name":"wp","href":"https:\/\/api.w.org\/{rel}","templated":true}]}}