{"id":725,"date":"2021-04-06T15:48:47","date_gmt":"2021-04-06T13:48:47","guid":{"rendered":"https:\/\/www.njoy-referenzen.de\/promedica24\/branche-copy\/"},"modified":"2021-06-21T15:43:05","modified_gmt":"2021-06-21T13:43:05","slug":"blog","status":"publish","type":"page","link":"https:\/\/www.njoy-referenzen.de\/promedica24\/blog\/","title":{"rendered":"Blog"},"content":{"rendered":"\t\t<div data-elementor-type=\"wp-page\" data-elementor-id=\"725\" class=\"elementor elementor-725\" data-elementor-settings=\"[]\">\n\t\t\t\t\t\t\t<div class=\"elementor-section-wrap\">\n\t\t\t\t\t\t\t<section class=\"elementor-section elementor-top-section elementor-element elementor-element-49dc8a05 elementor-section-height-min-height elementor-section-full_width elementor-section-items-top elementor-section-height-default\" data-id=\"49dc8a05\" data-element_type=\"section\" data-settings=\"{&quot;background_background&quot;:&quot;classic&quot;}\">\n\t\t\t\t\t\t\t<div class=\"elementor-background-overlay\"><\/div>\n\t\t\t\t\t\t\t<div class=\"elementor-container elementor-column-gap-default\">\n\t\t\t\t\t<div class=\"elementor-column elementor-col-100 elementor-top-column elementor-element elementor-element-1b64fc9e\" data-id=\"1b64fc9e\" data-element_type=\"column\" data-settings=\"{&quot;background_background&quot;:&quot;classic&quot;}\">\n\t\t\t<div class=\"elementor-widget-wrap elementor-element-populated\">\n\t\t\t\t\t\t\t\t<section class=\"elementor-section elementor-inner-section elementor-element elementor-element-7b40b207 elementor-section-content-bottom elementor-section-boxed elementor-section-height-default elementor-section-height-default\" data-id=\"7b40b207\" data-element_type=\"section\">\n\t\t\t\t\t\t<div class=\"elementor-container elementor-column-gap-default\">\n\t\t\t\t\t<div class=\"elementor-column elementor-col-50 elementor-inner-column elementor-element elementor-element-3ae40982\" data-id=\"3ae40982\" data-element_type=\"column\" data-settings=\"{&quot;background_background&quot;:&quot;classic&quot;}\">\n\t\t\t<div class=\"elementor-widget-wrap elementor-element-populated\">\n\t\t\t\t\t\t\t\t<div class=\"elementor-element elementor-element-2bd69fef elementor-widget elementor-widget-image\" data-id=\"2bd69fef\" data-element_type=\"widget\" data-widget_type=\"image.default\">\n\t\t\t\t<div class=\"elementor-widget-container\">\n\t\t\t\t\t\t\t\t\t\t\t\t\t\t\t<img decoding=\"async\" width=\"583\" height=\"154\" src=\"https:\/\/www.njoy-referenzen.de\/promedica24\/wp-content\/uploads\/2021\/03\/Deutschlands-groesstes-Franchisesystem.png\" class=\"attachment-large size-large\" alt=\"Deutschlands gr\u00f6\u00dftes Franchisesystem\" srcset=\"https:\/\/www.njoy-referenzen.de\/promedica24\/wp-content\/uploads\/2021\/03\/Deutschlands-groesstes-Franchisesystem.png 583w, https:\/\/www.njoy-referenzen.de\/promedica24\/wp-content\/uploads\/2021\/03\/Deutschlands-groesstes-Franchisesystem-300x79.png 300w\" sizes=\"(max-width: 583px) 100vw, 583px\" \/>\t\t\t\t\t\t\t\t\t\t\t\t\t\t\t<\/div>\n\t\t\t\t<\/div>\n\t\t\t\t\t<\/div>\n\t\t<\/div>\n\t\t\t\t<div class=\"elementor-column elementor-col-50 elementor-inner-column elementor-element elementor-element-26fae502 elementor-hidden-tablet elementor-hidden-phone\" data-id=\"26fae502\" data-element_type=\"column\">\n\t\t\t<div class=\"elementor-widget-wrap\">\n\t\t\t\t\t\t\t\t\t<\/div>\n\t\t<\/div>\n\t\t\t\t\t\t\t<\/div>\n\t\t<\/section>\n\t\t\t\t\t<\/div>\n\t\t<\/div>\n\t\t\t\t\t\t\t<\/div>\n\t\t<\/section>\n\t\t\t\t<section class=\"elementor-section elementor-top-section elementor-element elementor-element-f2fdda0 elementor-section-boxed elementor-section-height-default elementor-section-height-default\" data-id=\"f2fdda0\" data-element_type=\"section\" data-settings=\"{&quot;background_background&quot;:&quot;classic&quot;}\">\n\t\t\t\t\t\t<div class=\"elementor-container elementor-column-gap-default\">\n\t\t\t\t\t<div class=\"elementor-column elementor-col-100 elementor-top-column elementor-element elementor-element-7d508bc\" data-id=\"7d508bc\" data-element_type=\"column\">\n\t\t\t<div class=\"elementor-widget-wrap elementor-element-populated\">\n\t\t\t\t\t\t\t\t<div class=\"elementor-element elementor-element-4e5a17f elementor-widget elementor-widget-text-editor\" data-id=\"4e5a17f\" data-element_type=\"widget\" data-widget_type=\"text-editor.default\">\n\t\t\t\t<div class=\"elementor-widget-container\">\n\t\t\t\t\t\t\t\t<h1>Blog (Beispielseite)<\/h1>\t\t\t\t\t\t<\/div>\n\t\t\t\t<\/div>\n\t\t\t\t<div class=\"elementor-element elementor-element-7ee7751 premium-blog-align-left elementor-widget elementor-widget-premium-addon-blog\" data-id=\"7ee7751\" data-element_type=\"widget\" data-widget_type=\"premium-addon-blog.default\">\n\t\t\t\t<div class=\"elementor-widget-container\">\n\t\t\t\t<div class=\"premium-blog\">\r\n\t\t\t\t<div class=\"premium-blog-wrap  premium-blog-masonry\" data-scroll=\"1\" data-infinite=\"\" data-layout=\"masonry\" data-equal=\"\" data-page=\"725\">\r\n\t\t\t\t\t<div class=\"premium-blog-post-outer-container\" data-total=\"1\">\r\n\t\t\t<div class=\"premium-blog-post-container premium-blog-skin-classic\">\r\n\t\t\t\t\t\t\t\t\t<div class=\"premium-blog-thumb-effect-wrapper\">\r\n\t\t\t\t\t\t<div class=\"premium-blog-thumbnail-container premium-blog-zoomin-effect\">\r\n\t\t\t\t\t\t\t<img decoding=\"async\" width=\"1000\" height=\"700\" src=\"https:\/\/www.njoy-referenzen.de\/promedica24\/wp-content\/uploads\/IMG-20180822-WA0005.jpg\" class=\"attachment-full size-full\" alt=\"\" \/>\t\t\t\t\t\t<\/div>\r\n\t\t\t\t\t\t\t\t\t\t\t\t\t<div class=\"premium-blog-thumbnail-overlay\">\r\n\t\t\t\t\t\t\t\t<a class=\"elementor-icon\" href=\"https:\/\/www.njoy-referenzen.de\/promedica24\/2021\/04\/06\/studie-osteuropaeische-betreuungskraefte-immer-mehr-nachgefragt\/\" target=\"_blank\"><\/a>\r\n\t\t\t\t\t\t\t<\/div>\r\n\t\t\t\t\t\t\t\t\t\t\t<\/div>\r\n\t\t\t\t\t\t\t\t\t\t\t\t<div class=\"premium-blog-content-wrapper \">\r\n\t\t\t\t\t<div class=\"premium-blog-content-wrapper-inner\">\r\n\t\t\t\t\t\t<div class=\"premium-blog-inner-container\">\r\n\t\t\t\t\t\t\t<div class=\"premium-blog-entry-container\">\r\n\t\t\t\t\t\t\t\t\t\t\t\t\t\t\t\t\t\t<h2 class=\"premium-blog-entry-title\">\r\n\t\t\t<a href=\"https:\/\/www.njoy-referenzen.de\/promedica24\/2021\/04\/06\/studie-osteuropaeische-betreuungskraefte-immer-mehr-nachgefragt\/\" target=\"_blank\">\r\n\t\t\t\tStudie: Osteurop\u00e4ische Betreuungskr\u00e4fte immer mehr nachgefragt\t\t\t<\/a>\r\n\t\t<\/h2>\r\n\t\t\t\t<div class=\"premium-blog-entry-meta\">\r\n\t\t\t\r\n\t\t\t\t\t\t\t<span class=\"premium-blog-meta-separator\">\u2022<\/span>\r\n\t\t\t\t<div class=\"premium-blog-post-time premium-blog-meta-data\">\r\n\t\t\t\t\t<i class=\"fa fa-clock-o\"><\/i>\r\n\t\t\t\t\t<span>6. April 2021<\/span>\r\n\t\t\t\t<\/div>\r\n\t\t\t\r\n\t\t\t\r\n\t\t\t\t\t<\/div>\r\n\t\t\r\n\t\t\t\t\t\t\t<\/div>\r\n\t\t\t\t\t\t<\/div>\r\n\r\n\t\t\t\t\t\t<p class=\"premium-blog-post-content\">Jens Spahn im Gespr\u00e4ch zum Thema: Osteurop\u00e4ische Betreuungskr\u00e4fte immer mehr nachgefragt PROMEDICA PLUS und der Bundesverband Initiative 50Plus \u00fcbergeben Bundesgesundheitsminister Jens Spahn \u2026<\/p>\t\t\t\t\t\t\t\t\t\t\t<\/div>\r\n\t\t\t\t<\/div>\r\n\t\t\t<\/div>\r\n\t\t<\/div>\r\n\r\n\t\t\t\t<\/div>\r\n\t<\/div>\r\n\t\t\t\t<\/div>\n\t\t\t\t<\/div>\n\t\t\t\t\t<\/div>\n\t\t<\/div>\n\t\t\t\t\t\t\t<\/div>\n\t\t<\/section>\n\t\t\t\t<section class=\"elementor-section elementor-top-section elementor-element elementor-element-828a451 elementor-section-boxed elementor-section-height-default elementor-section-height-default\" data-id=\"828a451\" data-element_type=\"section\" data-settings=\"{&quot;background_background&quot;:&quot;classic&quot;}\">\n\t\t\t\t\t\t<div class=\"elementor-container elementor-column-gap-default\">\n\t\t\t\t\t<div class=\"elementor-column elementor-col-100 elementor-top-column elementor-element elementor-element-dde7fce\" data-id=\"dde7fce\" data-element_type=\"column\">\n\t\t\t<div class=\"elementor-widget-wrap elementor-element-populated\">\n\t\t\t\t\t\t\t\t<div class=\"elementor-element elementor-element-353eca8 elementor-widget elementor-widget-text-editor\" data-id=\"353eca8\" data-element_type=\"widget\" data-widget_type=\"text-editor.default\">\n\t\t\t\t<div class=\"elementor-widget-container\">\n\t\t\t\t\t\t\t\t<h2>Infotext<\/h2>\t\t\t\t\t\t<\/div>\n\t\t\t\t<\/div>\n\t\t\t\t<div class=\"elementor-element elementor-element-0099fde elementor-widget elementor-widget-text-editor\" data-id=\"0099fde\" data-element_type=\"widget\" data-widget_type=\"text-editor.default\">\n\t\t\t\t<div class=\"elementor-widget-container\">\n\t\t\t\t\t\t\t\t<p>Lorem ipsum <strong>dolor sit amet<\/strong>, consetetur sadipscing elitr, sed diam nonumy eirmod tempor invidunt ut labore et dolore magna aliquyam erat, sed diam voluptua. At vero eos et accusam et justo duo dolores et ea rebum. Stet clita kasd gubergren, no sea takimata sanctus est Lorem ipsum dolor sit amet. Lorem ipsum dolor sit amet, consetetur sadipscing elitr, sed diam nonumy eirmod tempor invidunt ut <strong>labore et dolore magna aliquyam erat<\/strong>, sed diam voluptua.<\/p>\t\t\t\t\t\t<\/div>\n\t\t\t\t<\/div>\n\t\t\t\t\t<\/div>\n\t\t<\/div>\n\t\t\t\t\t\t\t<\/div>\n\t\t<\/section>\n\t\t\t\t\t\t<\/div>\n\t\t\t\t\t<\/div>\n\t\t","protected":false},"excerpt":{"rendered":"<p>Multi-purpose Template Create Your Website Lorem ipsum dolor sit amet, consectetur adipiscing elit. Ut elit tellus, luctus nec ullamcorper mattis, pulvinar dapibus leo. Services About Us Service 1 Service 2 Service 3 Amazing Things for You Always write benefits over features. Mention all the benefits or services with some real examples. Focus on how you &hellip;<\/p>\n<p class=\"read-more\"> <a class=\"\" href=\"https:\/\/websitedemos.net\/mountain\/\"> <span class=\"screen-reader-text\">Home<\/span> Read More &raquo;<\/a><\/p>\n","protected":false},"author":1,"featured_media":0,"parent":0,"menu_order":0,"comment_status":"closed","ping_status":"closed","template":"","meta":{"footnotes":""},"class_list":["post-725","page","type-page","status-publish","hentry"],"yoast_head":"<!-- This site is optimized with the Yoast SEO plugin v16.6.1 - https:\/\/yoast.com\/wordpress\/plugins\/seo\/ -->\n<title>Alle News zum PROMEDICA Franchise-System | PROMEDICA PLUS<\/title>\n<meta name=\"description\" content=\"Franchising in der Betreuungsbranche: ein krisensicherer Zukunftsmarkt \u2713 eine intelligente Investition mit bew\u00e4hrtem Gesch\u00e4ftsmodell \u25b6 Hier informieren!\" \/>\n<meta name=\"robots\" content=\"noindex, follow\" \/>\n<meta property=\"og:locale\" content=\"de_DE\" \/>\n<meta property=\"og:type\" content=\"article\" \/>\n<meta property=\"og:title\" content=\"Alle News zum PROMEDICA Franchise-System | PROMEDICA PLUS\" \/>\n<meta property=\"og:description\" content=\"Franchising in der Betreuungsbranche: ein krisensicherer Zukunftsmarkt \u2713 eine intelligente Investition mit bew\u00e4hrtem Gesch\u00e4ftsmodell \u25b6 Hier informieren!\" \/>\n<meta property=\"og:url\" content=\"https:\/\/www.njoy-referenzen.de\/promedica24\/blog\/\" \/>\n<meta property=\"og:site_name\" content=\"PROMEDICA Franchise\" \/>\n<meta property=\"article:modified_time\" content=\"2021-06-21T13:43:05+00:00\" \/>\n<meta property=\"og:image\" content=\"https:\/\/www.njoy-referenzen.de\/promedica24\/wp-content\/uploads\/2021\/03\/Franchise-mit-Herz-Header.jpg\" \/>\n\t<meta property=\"og:image:width\" content=\"1920\" \/>\n\t<meta property=\"og:image:height\" content=\"650\" \/>\n<meta name=\"twitter:card\" content=\"summary_large_image\" \/>\n<meta name=\"twitter:title\" content=\"Alle News zum PROMEDICA Franchise-System | PROMEDICA PLUS\" \/>\n<meta name=\"twitter:description\" content=\"Franchising in der Betreuungsbranche: ein krisensicherer Zukunftsmarkt \u2713 eine intelligente Investition mit bew\u00e4hrtem Gesch\u00e4ftsmodell \u25b6 Hier informieren!\" \/>\n<meta name=\"twitter:image\" content=\"https:\/\/www.njoy-referenzen.de\/promedica24\/wp-content\/uploads\/2021\/03\/Franchise-mit-Herz-Header.jpg\" \/>\n<meta name=\"twitter:label1\" content=\"Gesch\u00e4tzte Lesezeit\" \/>\n\t<meta name=\"twitter:data1\" content=\"2\u00a0Minuten\" \/>\n<script type=\"application\/ld+json\" class=\"yoast-schema-graph\">{\"@context\":\"https:\/\/schema.org\",\"@graph\":[{\"@type\":\"WebSite\",\"@id\":\"https:\/\/www.njoy-referenzen.de\/promedica24\/#website\",\"url\":\"https:\/\/www.njoy-referenzen.de\/promedica24\/\",\"name\":\"PROMEDICA Franchise\",\"description\":\"Wenn mehr als nur die Basis stimmt!\",\"potentialAction\":[{\"@type\":\"SearchAction\",\"target\":{\"@type\":\"EntryPoint\",\"urlTemplate\":\"https:\/\/www.njoy-referenzen.de\/promedica24\/?s={search_term_string}\"},\"query-input\":\"required name=search_term_string\"}],\"inLanguage\":\"de\"},{\"@type\":\"ImageObject\",\"@id\":\"https:\/\/www.njoy-referenzen.de\/promedica24\/blog\/#primaryimage\",\"inLanguage\":\"de\",\"url\":\"https:\/\/www.njoy-referenzen.de\/promedica24\/wp-content\/uploads\/2021\/03\/Franchise-mit-Herz-Header.jpg\",\"contentUrl\":\"https:\/\/www.njoy-referenzen.de\/promedica24\/wp-content\/uploads\/2021\/03\/Franchise-mit-Herz-Header.jpg\",\"width\":1920,\"height\":650,\"caption\":\"Franchise mit Herz Header\"},{\"@type\":\"WebPage\",\"@id\":\"https:\/\/www.njoy-referenzen.de\/promedica24\/blog\/#webpage\",\"url\":\"https:\/\/www.njoy-referenzen.de\/promedica24\/blog\/\",\"name\":\"Alle News zum PROMEDICA Franchise-System | PROMEDICA PLUS\",\"isPartOf\":{\"@id\":\"https:\/\/www.njoy-referenzen.de\/promedica24\/#website\"},\"primaryImageOfPage\":{\"@id\":\"https:\/\/www.njoy-referenzen.de\/promedica24\/blog\/#primaryimage\"},\"datePublished\":\"2021-04-06T13:48:47+00:00\",\"dateModified\":\"2021-06-21T13:43:05+00:00\",\"description\":\"Franchising in der Betreuungsbranche: ein krisensicherer Zukunftsmarkt \\u2713 eine intelligente Investition mit bew\\u00e4hrtem Gesch\\u00e4ftsmodell \\u25b6 Hier informieren!\",\"breadcrumb\":{\"@id\":\"https:\/\/www.njoy-referenzen.de\/promedica24\/blog\/#breadcrumb\"},\"inLanguage\":\"de\",\"potentialAction\":[{\"@type\":\"ReadAction\",\"target\":[\"https:\/\/www.njoy-referenzen.de\/promedica24\/blog\/\"]}]},{\"@type\":\"BreadcrumbList\",\"@id\":\"https:\/\/www.njoy-referenzen.de\/promedica24\/blog\/#breadcrumb\",\"itemListElement\":[{\"@type\":\"ListItem\",\"position\":1,\"name\":\"Startseite\",\"item\":\"https:\/\/www.njoy-referenzen.de\/promedica24\/\"},{\"@type\":\"ListItem\",\"position\":2,\"name\":\"Blog\"}]}]}<\/script>\n<!-- \/ Yoast SEO plugin. -->","_links":{"self":[{"href":"https:\/\/www.njoy-referenzen.de\/promedica24\/wp-json\/wp\/v2\/pages\/725","targetHints":{"allow":["GET"]}}],"collection":[{"href":"https:\/\/www.njoy-referenzen.de\/promedica24\/wp-json\/wp\/v2\/pages"}],"about":[{"href":"https:\/\/www.njoy-referenzen.de\/promedica24\/wp-json\/wp\/v2\/types\/page"}],"author":[{"embeddable":true,"href":"https:\/\/www.njoy-referenzen.de\/promedica24\/wp-json\/wp\/v2\/users\/1"}],"replies":[{"embeddable":true,"href":"https:\/\/www.njoy-referenzen.de\/promedica24\/wp-json\/wp\/v2\/comments?post=725"}],"version-history":[{"count":16,"href":"https:\/\/www.njoy-referenzen.de\/promedica24\/wp-json\/wp\/v2\/pages\/725\/revisions"}],"predecessor-version":[{"id":1051,"href":"https:\/\/www.njoy-referenzen.de\/promedica24\/wp-json\/wp\/v2\/pages\/725\/revisions\/1051"}],"wp:attachment":[{"href":"https:\/\/www.njoy-referenzen.de\/promedica24\/wp-json\/wp\/v2\/media?parent=725"}],"curies":[{"name":"wp","href":"https:\/\/api.w.org\/{rel}","templated":true}]}}