{"id":547,"date":"2021-03-30T16:25:15","date_gmt":"2021-03-30T14:25:15","guid":{"rendered":"https:\/\/www.njoy-referenzen.de\/promedica24\/?page_id=547"},"modified":"2021-06-22T13:29:25","modified_gmt":"2021-06-22T11:29:25","slug":"kontakt","status":"publish","type":"page","link":"https:\/\/www.njoy-referenzen.de\/promedica24\/kontakt\/","title":{"rendered":"Kontakt"},"content":{"rendered":"\t\t<div data-elementor-type=\"wp-page\" data-elementor-id=\"547\" class=\"elementor elementor-547\" data-elementor-settings=\"[]\">\n\t\t\t\t\t\t\t<div class=\"elementor-section-wrap\">\n\t\t\t\t\t\t\t<section class=\"elementor-section elementor-top-section elementor-element elementor-element-51ee9db elementor-section-boxed elementor-section-height-default elementor-section-height-default\" data-id=\"51ee9db\" data-element_type=\"section\">\n\t\t\t\t\t\t<div class=\"elementor-container elementor-column-gap-default\">\n\t\t\t\t\t<div class=\"elementor-column elementor-col-100 elementor-top-column elementor-element elementor-element-94cb5fe\" data-id=\"94cb5fe\" data-element_type=\"column\">\n\t\t\t<div class=\"elementor-widget-wrap elementor-element-populated\">\n\t\t\t\t\t\t\t\t<div class=\"elementor-element elementor-element-e276305 elementor-widget elementor-widget-heading\" data-id=\"e276305\" data-element_type=\"widget\" data-widget_type=\"heading.default\">\n\t\t\t\t<div class=\"elementor-widget-container\">\n\t\t\t<h1 class=\"elementor-heading-title elementor-size-default\">Ihr Kontakt zu uns<\/h1>\t\t<\/div>\n\t\t\t\t<\/div>\n\t\t\t\t\t<\/div>\n\t\t<\/div>\n\t\t\t\t\t\t\t<\/div>\n\t\t<\/section>\n\t\t\t\t<section class=\"elementor-section elementor-inner-section elementor-element elementor-element-295deb14 elementor-section-boxed elementor-section-height-default elementor-section-height-default\" data-id=\"295deb14\" data-element_type=\"section\">\n\t\t\t\t\t\t<div class=\"elementor-container elementor-column-gap-default\">\n\t\t\t\t\t<div class=\"elementor-column elementor-col-50 elementor-inner-column elementor-element elementor-element-5af6f7dc\" data-id=\"5af6f7dc\" data-element_type=\"column\">\n\t\t\t<div class=\"elementor-widget-wrap elementor-element-populated\">\n\t\t\t\t\t\t\t\t<div class=\"elementor-element elementor-element-146276c4 elementor-widget elementor-widget-image\" data-id=\"146276c4\" data-element_type=\"widget\" data-widget_type=\"image.default\">\n\t\t\t\t<div class=\"elementor-widget-container\">\n\t\t\t\t\t\t\t\t\t\t\t\t\t\t\t<img decoding=\"async\" width=\"550\" height=\"300\" src=\"https:\/\/www.njoy-referenzen.de\/promedica24\/wp-content\/uploads\/Berater.jpg\" class=\"attachment-large size-large\" alt=\"Unsere Promedica Franchise Berater sind f\u00fcr sie da\" srcset=\"https:\/\/www.njoy-referenzen.de\/promedica24\/wp-content\/uploads\/Berater.jpg 550w, https:\/\/www.njoy-referenzen.de\/promedica24\/wp-content\/uploads\/Berater-300x164.jpg 300w\" sizes=\"(max-width: 550px) 100vw, 550px\" \/>\t\t\t\t\t\t\t\t\t\t\t\t\t\t\t<\/div>\n\t\t\t\t<\/div>\n\t\t\t\t<div class=\"elementor-element elementor-element-561d2e9f elementor-position-left elementor-vertical-align-middle elementor-view-default elementor-widget elementor-widget-icon-box\" data-id=\"561d2e9f\" data-element_type=\"widget\" data-widget_type=\"icon-box.default\">\n\t\t\t\t<div class=\"elementor-widget-container\">\n\t\t\t\t\t<div class=\"elementor-icon-box-wrapper\">\n\t\t\t\t\t\t<div class=\"elementor-icon-box-icon\">\n\t\t\t\t<span class=\"elementor-icon elementor-animation-\" >\n\t\t\t\t<i aria-hidden=\"true\" class=\"fas fa-phone-alt\"><\/i>\t\t\t\t<\/span>\n\t\t\t<\/div>\n\t\t\t\t\t\t<div class=\"elementor-icon-box-content\">\n\t\t\t\t<span class=\"elementor-icon-box-title\">\n\t\t\t\t\t<span ><\/span>\n\t\t\t\t<\/span>\n\t\t\t\t\t\t\t\t<p class=\"elementor-icon-box-description\"><a href=\"tel:0800 200 223 02\">0800 200 223 01<\/a><\/p>\n\t\t\t\t\t\t\t<\/div>\n\t\t<\/div>\n\t\t\t\t<\/div>\n\t\t\t\t<\/div>\n\t\t\t\t<div class=\"elementor-element elementor-element-6436ce45 elementor-widget elementor-widget-text-editor\" data-id=\"6436ce45\" data-element_type=\"widget\" data-widget_type=\"text-editor.default\">\n\t\t\t\t<div class=\"elementor-widget-container\">\n\t\t\t\t\t\t\t\t<p>Sie m\u00f6chten erfahren, was es braucht, um ein Franchise-Partner bei PROMEDICA PLUS zu werden? <strong>Oder Sie interessieren sich bereits konkret f\u00fcr eine Franchise-Partnerschaft mit uns?<\/strong><\/p><p>Dann f\u00fcllen Sie einfach das Kontaktformular aus und einer unserer Berater meldet sich in K\u00fcrze bei Ihnen.<\/p>\t\t\t\t\t\t<\/div>\n\t\t\t\t<\/div>\n\t\t\t\t\t<\/div>\n\t\t<\/div>\n\t\t\t\t<div class=\"elementor-column elementor-col-50 elementor-inner-column elementor-element elementor-element-ea71b66\" data-id=\"ea71b66\" data-element_type=\"column\" data-settings=\"{&quot;background_background&quot;:&quot;classic&quot;}\">\n\t\t\t<div class=\"elementor-widget-wrap elementor-element-populated\">\n\t\t\t\t\t\t\t\t<div class=\"elementor-element elementor-element-6b466de3 elementor-widget elementor-widget-html\" data-id=\"6b466de3\" data-element_type=\"widget\" data-widget_type=\"html.default\">\n\t\t\t\t<div class=\"elementor-widget-container\">\n\t\t\t<!--[if lte IE 8]>\n<script charset=\"utf-8\" type=\"text\/javascript\" src=\"\/\/js.hsforms.net\/forms\/v2-legacy.js\"><\/script>\n<![endif]-->\n<script charset=\"utf-8\" type=\"text\/javascript\" src=\"\/\/js.hsforms.net\/forms\/v2.js\"><\/script>\n<script>\n  hbspt.forms.create({\n\tregion: \"na1\",\n\tportalId: \"5956965\",\n\tformId: \"48b5d682-e659-4be2-9ba3-8622b8d340e0\"\n});\n<\/script>\t\t<\/div>\n\t\t\t\t<\/div>\n\t\t\t\t\t<\/div>\n\t\t<\/div>\n\t\t\t\t\t\t\t<\/div>\n\t\t<\/section>\n\t\t\t\t<section class=\"elementor-section elementor-inner-section elementor-element elementor-element-0e8bf66 elementor-section-boxed elementor-section-height-default elementor-section-height-default\" data-id=\"0e8bf66\" data-element_type=\"section\">\n\t\t\t\t\t\t<div class=\"elementor-container elementor-column-gap-default\">\n\t\t\t\t\t<div class=\"elementor-column elementor-col-50 elementor-inner-column elementor-element elementor-element-9edcb2f\" data-id=\"9edcb2f\" data-element_type=\"column\">\n\t\t\t<div class=\"elementor-widget-wrap\">\n\t\t\t\t\t\t\t\t\t<\/div>\n\t\t<\/div>\n\t\t\t\t<div class=\"elementor-column elementor-col-50 elementor-inner-column elementor-element elementor-element-6138f6e\" data-id=\"6138f6e\" data-element_type=\"column\">\n\t\t\t<div class=\"elementor-widget-wrap elementor-element-populated\">\n\t\t\t\t\t\t\t\t<div class=\"elementor-element elementor-element-8281a80 elementor-widget elementor-widget-text-editor\" data-id=\"8281a80\" data-element_type=\"widget\" data-widget_type=\"text-editor.default\">\n\t\t\t\t<div class=\"elementor-widget-container\">\n\t\t\t\t\t\t\t\t*Promedica Plus verpflichtet sich, Ihre Privatsph\u00e4re zu sch\u00fctzen und zu respektieren.\n\n<details><summary>Mehr<\/summary>Wir verwenden Ihre pers\u00f6nlichen Daten nur zur Verwaltung Ihres Kontos und zur Bereitstellung der von Ihnen angeforderten Produkte und Dienstleistungen. Von Zeit zu Zeit m\u00f6chten wir Sie \u00fcber unsere Produkte und Dienstleistungen sowie andere Inhalte, die f\u00fcr Sie von Interesse sein k\u00f6nnten, informieren. Wenn Sie damit einverstanden sind, dass wir Sie zu diesem Zweck kontaktieren, geben Sie bitte unten an, wie Sie von uns kontaktiert werden m\u00f6chten.\n<br>\n<br>\nSie k\u00f6nnen diese Benachrichtigungen jederzeit abbestellen. Weitere Informationen zum Abbestellen, zu unseren Datenschutzverfahren und dazu, wie wir Ihre Privatsph\u00e4re sch\u00fctzen und respektieren, finden Sie in unserer Datenschutzrichtlinie.\n<br>\n<br>\nIndem Sie unten auf \u201eEinsenden\u201c klicken, stimmen Sie zu, dass promedica die oben angegebenen pers\u00f6nlichen Daten speichert und verarbeitet, um Ihnen die angeforderten Inhalte bereitzustellen.\n\n<\/details>\t\t\t\t\t\t<\/div>\n\t\t\t\t<\/div>\n\t\t\t\t\t<\/div>\n\t\t<\/div>\n\t\t\t\t\t\t\t<\/div>\n\t\t<\/section>\n\t\t\t\t\t\t<\/div>\n\t\t\t\t\t<\/div>\n\t\t","protected":false},"excerpt":{"rendered":"<p>Ihr Kontakt zu uns 0800 200 223 01 Sie m\u00f6chten erfahren, was es braucht, um ein Franchise-Partner bei PROMEDICA PLUS zu werden? Oder Sie interessieren sich bereits konkret f\u00fcr eine Franchise-Partnerschaft mit uns? Dann f\u00fcllen Sie einfach das Kontaktformular aus und einer unserer Berater meldet sich in K\u00fcrze bei Ihnen. *Promedica Plus verpflichtet sich, Ihre &hellip;<\/p>\n<p class=\"read-more\"> <a class=\"\" href=\"https:\/\/www.njoy-referenzen.de\/promedica24\/kontakt\/\"> <span class=\"screen-reader-text\">Kontakt<\/span> Weiterlesen \u00bb<\/a><\/p>\n","protected":false},"author":1,"featured_media":0,"parent":0,"menu_order":0,"comment_status":"closed","ping_status":"closed","template":"","meta":{"footnotes":""},"class_list":["post-547","page","type-page","status-publish","hentry"],"yoast_head":"<!-- This site is optimized with the Yoast SEO plugin v16.6.1 - https:\/\/yoast.com\/wordpress\/plugins\/seo\/ -->\n<title>Kontakt<\/title>\n<meta name=\"robots\" content=\"noindex, follow\" \/>\n<meta property=\"og:locale\" content=\"de_DE\" \/>\n<meta property=\"og:type\" content=\"article\" \/>\n<meta property=\"og:title\" content=\"Kontakt\" \/>\n<meta property=\"og:description\" content=\"Ihr Kontakt zu uns 0800 200 223 01 Sie m\u00f6chten erfahren, was es braucht, um ein Franchise-Partner bei PROMEDICA PLUS zu werden? Oder Sie interessieren sich bereits konkret f\u00fcr eine Franchise-Partnerschaft mit uns? Dann f\u00fcllen Sie einfach das Kontaktformular aus und einer unserer Berater meldet sich in K\u00fcrze bei Ihnen. *Promedica Plus verpflichtet sich, Ihre &hellip; Kontakt Weiterlesen \u00bb\" \/>\n<meta property=\"og:url\" content=\"https:\/\/www.njoy-referenzen.de\/promedica24\/kontakt\/\" \/>\n<meta property=\"og:site_name\" content=\"PROMEDICA Franchise\" \/>\n<meta property=\"article:modified_time\" content=\"2021-06-22T11:29:25+00:00\" \/>\n<meta property=\"og:image\" content=\"https:\/\/www.njoy-referenzen.de\/promedica24\/wp-content\/uploads\/Berater.jpg\" \/>\n<meta name=\"twitter:card\" content=\"summary_large_image\" \/>\n<meta name=\"twitter:label1\" content=\"Gesch\u00e4tzte Lesezeit\" \/>\n\t<meta name=\"twitter:data1\" content=\"2\u00a0Minuten\" \/>\n<script type=\"application\/ld+json\" class=\"yoast-schema-graph\">{\"@context\":\"https:\/\/schema.org\",\"@graph\":[{\"@type\":\"WebSite\",\"@id\":\"https:\/\/www.njoy-referenzen.de\/promedica24\/#website\",\"url\":\"https:\/\/www.njoy-referenzen.de\/promedica24\/\",\"name\":\"PROMEDICA Franchise\",\"description\":\"Wenn mehr als nur die Basis stimmt!\",\"potentialAction\":[{\"@type\":\"SearchAction\",\"target\":{\"@type\":\"EntryPoint\",\"urlTemplate\":\"https:\/\/www.njoy-referenzen.de\/promedica24\/?s={search_term_string}\"},\"query-input\":\"required name=search_term_string\"}],\"inLanguage\":\"de\"},{\"@type\":\"ImageObject\",\"@id\":\"https:\/\/www.njoy-referenzen.de\/promedica24\/kontakt\/#primaryimage\",\"inLanguage\":\"de\",\"url\":\"https:\/\/www.njoy-referenzen.de\/promedica24\/wp-content\/uploads\/Berater.jpg\",\"contentUrl\":\"https:\/\/www.njoy-referenzen.de\/promedica24\/wp-content\/uploads\/Berater.jpg\",\"width\":550,\"height\":300,\"caption\":\"Unsere Promedica Franchise Berater sind f\\u00fcr sie da\"},{\"@type\":\"WebPage\",\"@id\":\"https:\/\/www.njoy-referenzen.de\/promedica24\/kontakt\/#webpage\",\"url\":\"https:\/\/www.njoy-referenzen.de\/promedica24\/kontakt\/\",\"name\":\"Kontakt\",\"isPartOf\":{\"@id\":\"https:\/\/www.njoy-referenzen.de\/promedica24\/#website\"},\"primaryImageOfPage\":{\"@id\":\"https:\/\/www.njoy-referenzen.de\/promedica24\/kontakt\/#primaryimage\"},\"datePublished\":\"2021-03-30T14:25:15+00:00\",\"dateModified\":\"2021-06-22T11:29:25+00:00\",\"breadcrumb\":{\"@id\":\"https:\/\/www.njoy-referenzen.de\/promedica24\/kontakt\/#breadcrumb\"},\"inLanguage\":\"de\",\"potentialAction\":[{\"@type\":\"ReadAction\",\"target\":[\"https:\/\/www.njoy-referenzen.de\/promedica24\/kontakt\/\"]}]},{\"@type\":\"BreadcrumbList\",\"@id\":\"https:\/\/www.njoy-referenzen.de\/promedica24\/kontakt\/#breadcrumb\",\"itemListElement\":[{\"@type\":\"ListItem\",\"position\":1,\"name\":\"Startseite\",\"item\":\"https:\/\/www.njoy-referenzen.de\/promedica24\/\"},{\"@type\":\"ListItem\",\"position\":2,\"name\":\"Kontakt\"}]}]}<\/script>\n<!-- \/ Yoast SEO plugin. -->","_links":{"self":[{"href":"https:\/\/www.njoy-referenzen.de\/promedica24\/wp-json\/wp\/v2\/pages\/547","targetHints":{"allow":["GET"]}}],"collection":[{"href":"https:\/\/www.njoy-referenzen.de\/promedica24\/wp-json\/wp\/v2\/pages"}],"about":[{"href":"https:\/\/www.njoy-referenzen.de\/promedica24\/wp-json\/wp\/v2\/types\/page"}],"author":[{"embeddable":true,"href":"https:\/\/www.njoy-referenzen.de\/promedica24\/wp-json\/wp\/v2\/users\/1"}],"replies":[{"embeddable":true,"href":"https:\/\/www.njoy-referenzen.de\/promedica24\/wp-json\/wp\/v2\/comments?post=547"}],"version-history":[{"count":16,"href":"https:\/\/www.njoy-referenzen.de\/promedica24\/wp-json\/wp\/v2\/pages\/547\/revisions"}],"predecessor-version":[{"id":1077,"href":"https:\/\/www.njoy-referenzen.de\/promedica24\/wp-json\/wp\/v2\/pages\/547\/revisions\/1077"}],"wp:attachment":[{"href":"https:\/\/www.njoy-referenzen.de\/promedica24\/wp-json\/wp\/v2\/media?parent=547"}],"curies":[{"name":"wp","href":"https:\/\/api.w.org\/{rel}","templated":true}]}}