























{"id":1624,"date":"2020-09-09T09:06:41","date_gmt":"2020-09-09T09:06:41","guid":{"rendered":"https:\/\/www.njoy-referenzen.de\/pfirsichhaut\/?post_type=product&#038;p=1624"},"modified":"2022-10-28T11:22:04","modified_gmt":"2022-10-28T11:22:04","slug":"spiruskin-active-moisturizing-gel","status":"publish","type":"product","link":"https:\/\/www.njoy-referenzen.de\/pfirsichhaut\/produkt\/spiruskin-active-moisturizing-gel\/","title":{"rendered":"SpiruSkin Active Moisturizing Gel"},"content":{"rendered":"<p class=\"p1\">Aqua, Glycerin, Algin, Phenoxyethanol, Ethylhexylglycerin, Salicylic Acid, Trisodium, Phosphate, Spirulina Platensis Extract, Xanthan Gum, Disodium EDTA, Agar<\/p>\n","protected":false},"excerpt":{"rendered":"<p><a href=\"https:\/\/www.njoy-referenzen.de\/pfirsichhaut\/wp-content\/uploads\/Sanatur_Logo2017_1.jpg\"><img class=\"alignnone wp-image-1591\" src=\"https:\/\/www.njoy-referenzen.de\/pfirsichhaut\/wp-content\/uploads\/Sanatur_Logo2017_1.jpg\" alt=\"\" width=\"98\" height=\"50\" srcset=\"https:\/\/www.njoy-referenzen.de\/pfirsichhaut\/wp-content\/uploads\/Sanatur_Logo2017_1-200x102.jpg 200w, https:\/\/www.njoy-referenzen.de\/pfirsichhaut\/wp-content\/uploads\/Sanatur_Logo2017_1.jpg 250w\" sizes=\"(max-width: 98px) 100vw, 98px\" \/><\/a><a href=\"https:\/\/www.njoy-referenzen.de\/pfirsichhaut\/wp-content\/uploads\/logo-spiruskin.jpg\"><img class=\"alignnone wp-image-1592\" src=\"https:\/\/www.njoy-referenzen.de\/pfirsichhaut\/wp-content\/uploads\/logo-spiruskin-300x157.jpg\" alt=\"\" width=\"109\" height=\"57\" srcset=\"https:\/\/www.njoy-referenzen.de\/pfirsichhaut\/wp-content\/uploads\/logo-spiruskin-200x105.jpg 200w, https:\/\/www.njoy-referenzen.de\/pfirsichhaut\/wp-content\/uploads\/logo-spiruskin-300x157.jpg 300w, https:\/\/www.njoy-referenzen.de\/pfirsichhaut\/wp-content\/uploads\/logo-spiruskin-400x210.jpg 400w, https:\/\/www.njoy-referenzen.de\/pfirsichhaut\/wp-content\/uploads\/logo-spiruskin.jpg 490w\" sizes=\"(max-width: 109px) 100vw, 109px\" \/><\/a><\/p>\n<p class=\"p1\">Das fettfreie Gel mit Spirulina Mikroalgen und einem speziellen Meeresalgen-Wirkstoff-Komplex spendet der Haut langanhaltende Feuchtigkeit. Die effektive Vital-Formel unterst\u00fctzt Elastizit\u00e4t und Geschmeidigkeit. Der Extrakt aus Silberweide verfeinert das Hautbild und wirkt kl\u00e4rend. F\u00fcr ein sp\u00fcrbar zartes und frisches Hautbild. Auch f\u00fcr die Pflege von Hals und Decollet\u00e9 hervorragend geeignet. Danach, wie gewohnt, eine pflegende Creme auftragen<\/p>\n<p><a class=\"shop-btn\" href=\"\/shop\/\">Zur\u00fcck zum Shop<\/a><\/p>\n","protected":false},"featured_media":1625,"comment_status":"closed","ping_status":"closed","template":"","meta":[],"product_cat":[32,33,25],"product_tag":[],"yoast_head":"<!-- This site is optimized with the Yoast SEO plugin v20.6 - https:\/\/yoast.com\/wordpress\/plugins\/seo\/ -->\n<title>SpiruSkin Active Moisturizing Gel - Ihr Kosmetikstudio in Pirna<\/title>\n<meta name=\"description\" content=\"Ihr Kosmetikstudio in Pirna SpiruSkin Active Moisturizing Gel -\" \/>\n<meta name=\"robots\" content=\"noindex, follow, max-snippet:-1, max-image-preview:large, max-video-preview:-1\" \/>\n<meta property=\"og:locale\" content=\"de_DE\" \/>\n<meta property=\"og:type\" content=\"article\" \/>\n<meta property=\"og:title\" content=\"SpiruSkin Active Moisturizing Gel - Ihr Kosmetikstudio in Pirna\" \/>\n<meta property=\"og:description\" content=\"Ihr Kosmetikstudio in Pirna SpiruSkin Active Moisturizing Gel -\" \/>\n<meta property=\"og:url\" content=\"https:\/\/www.njoy-referenzen.de\/pfirsichhaut\/produkt\/spiruskin-active-moisturizing-gel\/\" \/>\n<meta property=\"og:site_name\" content=\"Ihr Kosmetikstudio in Pirna\" \/>\n<meta property=\"article:modified_time\" content=\"2022-10-28T11:22:04+00:00\" \/>\n<meta property=\"og:image\" content=\"https:\/\/www.njoy-referenzen.de\/pfirsichhaut\/wp-content\/uploads\/9.1.jpg\" \/>\n\t<meta property=\"og:image:width\" content=\"378\" \/>\n\t<meta property=\"og:image:height\" content=\"567\" \/>\n\t<meta property=\"og:image:type\" content=\"image\/jpeg\" \/>\n<meta name=\"twitter:card\" content=\"summary_large_image\" \/>\n<meta name=\"twitter:label1\" content=\"Gesch\u00e4tzte Lesezeit\" \/>\n\t<meta name=\"twitter:data1\" content=\"1\u00a0Minute\" \/>\n<script type=\"application\/ld+json\" class=\"yoast-schema-graph\">{\"@context\":\"https:\/\/schema.org\",\"@graph\":[{\"@type\":\"WebPage\",\"@id\":\"https:\/\/www.njoy-referenzen.de\/pfirsichhaut\/produkt\/spiruskin-active-moisturizing-gel\/\",\"url\":\"https:\/\/www.njoy-referenzen.de\/pfirsichhaut\/produkt\/spiruskin-active-moisturizing-gel\/\",\"name\":\"SpiruSkin Active Moisturizing Gel - Ihr Kosmetikstudio in Pirna\",\"isPartOf\":{\"@id\":\"https:\/\/www.njoy-referenzen.de\/pfirsichhaut\/#website\"},\"datePublished\":\"2020-09-09T09:06:41+00:00\",\"dateModified\":\"2022-10-28T11:22:04+00:00\",\"description\":\"Ihr Kosmetikstudio in Pirna SpiruSkin Active Moisturizing Gel -\",\"breadcrumb\":{\"@id\":\"https:\/\/www.njoy-referenzen.de\/pfirsichhaut\/produkt\/spiruskin-active-moisturizing-gel\/#breadcrumb\"},\"inLanguage\":\"de\",\"potentialAction\":[{\"@type\":\"ReadAction\",\"target\":[\"https:\/\/www.njoy-referenzen.de\/pfirsichhaut\/produkt\/spiruskin-active-moisturizing-gel\/\"]}]},{\"@type\":\"BreadcrumbList\",\"@id\":\"https:\/\/www.njoy-referenzen.de\/pfirsichhaut\/produkt\/spiruskin-active-moisturizing-gel\/#breadcrumb\",\"itemListElement\":[{\"@type\":\"ListItem\",\"position\":1,\"name\":\"Startseite\",\"item\":\"https:\/\/www.njoy-referenzen.de\/pfirsichhaut\/\"},{\"@type\":\"ListItem\",\"position\":2,\"name\":\"Shop\",\"item\":\"https:\/\/www.njoy-referenzen.de\/pfirsichhaut\/shop\/\"},{\"@type\":\"ListItem\",\"position\":3,\"name\":\"SpiruSkin Active Moisturizing Gel\"}]},{\"@type\":\"WebSite\",\"@id\":\"https:\/\/www.njoy-referenzen.de\/pfirsichhaut\/#website\",\"url\":\"https:\/\/www.njoy-referenzen.de\/pfirsichhaut\/\",\"name\":\"Ihr Kosmetikstudio in Pirna\",\"description\":\"Ihr Kosmetikstudio in Pirna\",\"potentialAction\":[{\"@type\":\"SearchAction\",\"target\":{\"@type\":\"EntryPoint\",\"urlTemplate\":\"https:\/\/www.njoy-referenzen.de\/pfirsichhaut\/?s={search_term_string}\"},\"query-input\":\"required name=search_term_string\"}],\"inLanguage\":\"de\"}]}<\/script>\n<!-- \/ Yoast SEO plugin. -->","yoast_head_json":{"title":"SpiruSkin Active Moisturizing Gel - Ihr Kosmetikstudio in Pirna","description":"Ihr Kosmetikstudio in Pirna SpiruSkin Active Moisturizing Gel -","robots":{"index":"noindex","follow":"follow","max-snippet":"max-snippet:-1","max-image-preview":"max-image-preview:large","max-video-preview":"max-video-preview:-1"},"og_locale":"de_DE","og_type":"article","og_title":"SpiruSkin Active Moisturizing Gel - Ihr Kosmetikstudio in Pirna","og_description":"Ihr Kosmetikstudio in Pirna SpiruSkin Active Moisturizing Gel -","og_url":"https:\/\/www.njoy-referenzen.de\/pfirsichhaut\/produkt\/spiruskin-active-moisturizing-gel\/","og_site_name":"Ihr Kosmetikstudio in Pirna","article_modified_time":"2022-10-28T11:22:04+00:00","og_image":[{"width":378,"height":567,"url":"https:\/\/www.njoy-referenzen.de\/pfirsichhaut\/wp-content\/uploads\/9.1.jpg","type":"image\/jpeg"}],"twitter_card":"summary_large_image","twitter_misc":{"Gesch\u00e4tzte Lesezeit":"1\u00a0Minute"},"schema":{"@context":"https:\/\/schema.org","@graph":[{"@type":"WebPage","@id":"https:\/\/www.njoy-referenzen.de\/pfirsichhaut\/produkt\/spiruskin-active-moisturizing-gel\/","url":"https:\/\/www.njoy-referenzen.de\/pfirsichhaut\/produkt\/spiruskin-active-moisturizing-gel\/","name":"SpiruSkin Active Moisturizing Gel - Ihr Kosmetikstudio in Pirna","isPartOf":{"@id":"https:\/\/www.njoy-referenzen.de\/pfirsichhaut\/#website"},"datePublished":"2020-09-09T09:06:41+00:00","dateModified":"2022-10-28T11:22:04+00:00","description":"Ihr Kosmetikstudio in Pirna SpiruSkin Active Moisturizing Gel -","breadcrumb":{"@id":"https:\/\/www.njoy-referenzen.de\/pfirsichhaut\/produkt\/spiruskin-active-moisturizing-gel\/#breadcrumb"},"inLanguage":"de","potentialAction":[{"@type":"ReadAction","target":["https:\/\/www.njoy-referenzen.de\/pfirsichhaut\/produkt\/spiruskin-active-moisturizing-gel\/"]}]},{"@type":"BreadcrumbList","@id":"https:\/\/www.njoy-referenzen.de\/pfirsichhaut\/produkt\/spiruskin-active-moisturizing-gel\/#breadcrumb","itemListElement":[{"@type":"ListItem","position":1,"name":"Startseite","item":"https:\/\/www.njoy-referenzen.de\/pfirsichhaut\/"},{"@type":"ListItem","position":2,"name":"Shop","item":"https:\/\/www.njoy-referenzen.de\/pfirsichhaut\/shop\/"},{"@type":"ListItem","position":3,"name":"SpiruSkin Active Moisturizing Gel"}]},{"@type":"WebSite","@id":"https:\/\/www.njoy-referenzen.de\/pfirsichhaut\/#website","url":"https:\/\/www.njoy-referenzen.de\/pfirsichhaut\/","name":"Ihr Kosmetikstudio in Pirna","description":"Ihr Kosmetikstudio in Pirna","potentialAction":[{"@type":"SearchAction","target":{"@type":"EntryPoint","urlTemplate":"https:\/\/www.njoy-referenzen.de\/pfirsichhaut\/?s={search_term_string}"},"query-input":"required name=search_term_string"}],"inLanguage":"de"}]}},"_links":{"self":[{"href":"https:\/\/www.njoy-referenzen.de\/pfirsichhaut\/wp-json\/wp\/v3\/product\/1624"}],"collection":[{"href":"https:\/\/www.njoy-referenzen.de\/pfirsichhaut\/wp-json\/wp\/v3\/product"}],"about":[{"href":"https:\/\/www.njoy-referenzen.de\/pfirsichhaut\/wp-json\/wp\/v2\/types\/product"}],"replies":[{"embeddable":true,"href":"https:\/\/www.njoy-referenzen.de\/pfirsichhaut\/wp-json\/wp\/v2\/comments?post=1624"}],"wp:featuredmedia":[{"embeddable":true,"href":"https:\/\/www.njoy-referenzen.de\/pfirsichhaut\/wp-json\/wp\/v2\/media\/1625"}],"wp:attachment":[{"href":"https:\/\/www.njoy-referenzen.de\/pfirsichhaut\/wp-json\/wp\/v2\/media?parent=1624"}],"wp:term":[{"taxonomy":"product_cat","embeddable":true,"href":"https:\/\/www.njoy-referenzen.de\/pfirsichhaut\/wp-json\/wp\/v2\/product_cat?post=1624"},{"taxonomy":"product_tag","embeddable":true,"href":"https:\/\/www.njoy-referenzen.de\/pfirsichhaut\/wp-json\/wp\/v2\/product_tag?post=1624"}],"curies":[{"name":"wp","href":"https:\/\/api.w.org\/{rel}","templated":true}]}}