























{"id":1620,"date":"2020-09-09T09:00:59","date_gmt":"2020-09-09T09:00:59","guid":{"rendered":"https:\/\/www.njoy-referenzen.de\/pfirsichhaut\/?post_type=product&#038;p=1620"},"modified":"2022-10-28T11:23:44","modified_gmt":"2022-10-28T11:23:44","slug":"spiruskin-nutritive-cream","status":"publish","type":"product","link":"https:\/\/www.njoy-referenzen.de\/pfirsichhaut\/produkt\/spiruskin-nutritive-cream\/","title":{"rendered":"SpiruSkin Nutritive Cream"},"content":{"rendered":"<p class=\"p1\">Aqua, Paraffinum Liquidum, Cera Alba, Pentylene Glycol, Peg-22\/Dodecyl Glycol Copolymer, Sorbitan Sesquioleate, Caprylic\/Capric Triglyceride, Glycerin, Butyrospermum Parkii Butter, Propylene Glycol, Prunus Amygdalus Dulcis Oil, Isopropyl Myristate, Isopropyl Palmitate, Magnesium Sulfate, Lanolin Alcohol, Octyldodecanol, Spirulina Platensis Extract, Lecithin, Parfum, Zea Mays Oil, Linalool, Tocopherol, Sodium Hyaluronate, Coumarin, Ascorbyl Palmitate, C.I. 75810, Limonene, Citric Acid<\/p>\n","protected":false},"excerpt":{"rendered":"<p><a href=\"https:\/\/www.njoy-referenzen.de\/pfirsichhaut\/wp-content\/uploads\/Sanatur_Logo2017_1.jpg\"><img class=\"alignnone wp-image-1591\" src=\"https:\/\/www.njoy-referenzen.de\/pfirsichhaut\/wp-content\/uploads\/Sanatur_Logo2017_1.jpg\" alt=\"\" width=\"131\" height=\"67\" srcset=\"https:\/\/www.njoy-referenzen.de\/pfirsichhaut\/wp-content\/uploads\/Sanatur_Logo2017_1-200x102.jpg 200w, https:\/\/www.njoy-referenzen.de\/pfirsichhaut\/wp-content\/uploads\/Sanatur_Logo2017_1.jpg 250w\" sizes=\"(max-width: 131px) 100vw, 131px\" \/><\/a><a href=\"https:\/\/www.njoy-referenzen.de\/pfirsichhaut\/wp-content\/uploads\/logo-spiruskin.jpg\"><img class=\"alignnone wp-image-1592\" src=\"https:\/\/www.njoy-referenzen.de\/pfirsichhaut\/wp-content\/uploads\/logo-spiruskin-300x157.jpg\" alt=\"\" width=\"124\" height=\"65\" srcset=\"https:\/\/www.njoy-referenzen.de\/pfirsichhaut\/wp-content\/uploads\/logo-spiruskin-200x105.jpg 200w, https:\/\/www.njoy-referenzen.de\/pfirsichhaut\/wp-content\/uploads\/logo-spiruskin-300x157.jpg 300w, https:\/\/www.njoy-referenzen.de\/pfirsichhaut\/wp-content\/uploads\/logo-spiruskin-400x210.jpg 400w, https:\/\/www.njoy-referenzen.de\/pfirsichhaut\/wp-content\/uploads\/logo-spiruskin.jpg 490w\" sizes=\"(max-width: 124px) 100vw, 124px\" \/><\/a><\/p>\n<p class=\"p1\">Die intensive Aufbaucreme verw\u00f6hnt die anspruchsvolle Haut mit nat\u00fcrlichen Pflanzen\u00f6len. Wertvolle Sheabutter, Kokos\u00f6l und S\u00fc\u00dfmandel\u00f6l pflegen sie samtig und seidig. Ausgew\u00e4hlte Pflegestoffe, wie Spirulina Mikroalgen und Hyalurons\u00e4ure, verw\u00f6hnen die Haut zus\u00e4tzlich mit extra viel Feuchtigkeit.<\/p>\n<p><a class=\"shop-btn\" href=\"\/shop\/\">Zur\u00fcck zum Shop<\/a><\/p>\n","protected":false},"featured_media":1621,"comment_status":"closed","ping_status":"closed","template":"","meta":[],"product_cat":[32,33,25],"product_tag":[],"yoast_head":"<!-- This site is optimized with the Yoast SEO plugin v20.6 - https:\/\/yoast.com\/wordpress\/plugins\/seo\/ -->\n<title>SpiruSkin Nutritive Cream - Ihr Kosmetikstudio in Pirna<\/title>\n<meta name=\"robots\" content=\"noindex, follow, max-snippet:-1, max-image-preview:large, max-video-preview:-1\" \/>\n<meta property=\"og:locale\" content=\"de_DE\" \/>\n<meta property=\"og:type\" content=\"article\" \/>\n<meta property=\"og:title\" content=\"SpiruSkin Nutritive Cream - Ihr Kosmetikstudio in Pirna\" \/>\n<meta property=\"og:description\" content=\"Die intensive Aufbaucreme verw\u00f6hnt die anspruchsvolle Haut mit nat\u00fcrlichen Pflanzen\u00f6len. Wertvolle Sheabutter, Kokos\u00f6l und S\u00fc\u00dfmandel\u00f6l pflegen sie samtig und seidig. Ausgew\u00e4hlte Pflegestoffe, wie Spirulina Mikroalgen und Hyalurons\u00e4ure, verw\u00f6hnen die Haut zus\u00e4tzlich mit extra viel Feuchtigkeit. Zur\u00fcck zum Shop\" \/>\n<meta property=\"og:url\" content=\"https:\/\/www.njoy-referenzen.de\/pfirsichhaut\/produkt\/spiruskin-nutritive-cream\/\" \/>\n<meta property=\"og:site_name\" content=\"Ihr Kosmetikstudio in Pirna\" \/>\n<meta property=\"article:modified_time\" content=\"2022-10-28T11:23:44+00:00\" \/>\n<meta property=\"og:image\" content=\"https:\/\/www.njoy-referenzen.de\/pfirsichhaut\/wp-content\/uploads\/7.1.jpg\" \/>\n\t<meta property=\"og:image:width\" content=\"378\" \/>\n\t<meta property=\"og:image:height\" content=\"567\" \/>\n\t<meta property=\"og:image:type\" content=\"image\/jpeg\" \/>\n<meta name=\"twitter:card\" content=\"summary_large_image\" \/>\n<meta name=\"twitter:label1\" content=\"Gesch\u00e4tzte Lesezeit\" \/>\n\t<meta name=\"twitter:data1\" content=\"1\u00a0Minute\" \/>\n<script type=\"application\/ld+json\" class=\"yoast-schema-graph\">{\"@context\":\"https:\/\/schema.org\",\"@graph\":[{\"@type\":\"WebPage\",\"@id\":\"https:\/\/www.njoy-referenzen.de\/pfirsichhaut\/produkt\/spiruskin-nutritive-cream\/\",\"url\":\"https:\/\/www.njoy-referenzen.de\/pfirsichhaut\/produkt\/spiruskin-nutritive-cream\/\",\"name\":\"SpiruSkin Nutritive Cream - Ihr Kosmetikstudio in Pirna\",\"isPartOf\":{\"@id\":\"https:\/\/www.njoy-referenzen.de\/pfirsichhaut\/#website\"},\"datePublished\":\"2020-09-09T09:00:59+00:00\",\"dateModified\":\"2022-10-28T11:23:44+00:00\",\"breadcrumb\":{\"@id\":\"https:\/\/www.njoy-referenzen.de\/pfirsichhaut\/produkt\/spiruskin-nutritive-cream\/#breadcrumb\"},\"inLanguage\":\"de\",\"potentialAction\":[{\"@type\":\"ReadAction\",\"target\":[\"https:\/\/www.njoy-referenzen.de\/pfirsichhaut\/produkt\/spiruskin-nutritive-cream\/\"]}]},{\"@type\":\"BreadcrumbList\",\"@id\":\"https:\/\/www.njoy-referenzen.de\/pfirsichhaut\/produkt\/spiruskin-nutritive-cream\/#breadcrumb\",\"itemListElement\":[{\"@type\":\"ListItem\",\"position\":1,\"name\":\"Startseite\",\"item\":\"https:\/\/www.njoy-referenzen.de\/pfirsichhaut\/\"},{\"@type\":\"ListItem\",\"position\":2,\"name\":\"Shop\",\"item\":\"https:\/\/www.njoy-referenzen.de\/pfirsichhaut\/shop\/\"},{\"@type\":\"ListItem\",\"position\":3,\"name\":\"SpiruSkin Nutritive Cream\"}]},{\"@type\":\"WebSite\",\"@id\":\"https:\/\/www.njoy-referenzen.de\/pfirsichhaut\/#website\",\"url\":\"https:\/\/www.njoy-referenzen.de\/pfirsichhaut\/\",\"name\":\"Ihr Kosmetikstudio in Pirna\",\"description\":\"Ihr Kosmetikstudio in Pirna\",\"potentialAction\":[{\"@type\":\"SearchAction\",\"target\":{\"@type\":\"EntryPoint\",\"urlTemplate\":\"https:\/\/www.njoy-referenzen.de\/pfirsichhaut\/?s={search_term_string}\"},\"query-input\":\"required name=search_term_string\"}],\"inLanguage\":\"de\"}]}<\/script>\n<!-- \/ Yoast SEO plugin. -->","yoast_head_json":{"title":"SpiruSkin Nutritive Cream - Ihr Kosmetikstudio in Pirna","robots":{"index":"noindex","follow":"follow","max-snippet":"max-snippet:-1","max-image-preview":"max-image-preview:large","max-video-preview":"max-video-preview:-1"},"og_locale":"de_DE","og_type":"article","og_title":"SpiruSkin Nutritive Cream - Ihr Kosmetikstudio in Pirna","og_description":"Die intensive Aufbaucreme verw\u00f6hnt die anspruchsvolle Haut mit nat\u00fcrlichen Pflanzen\u00f6len. Wertvolle Sheabutter, Kokos\u00f6l und S\u00fc\u00dfmandel\u00f6l pflegen sie samtig und seidig. Ausgew\u00e4hlte Pflegestoffe, wie Spirulina Mikroalgen und Hyalurons\u00e4ure, verw\u00f6hnen die Haut zus\u00e4tzlich mit extra viel Feuchtigkeit. Zur\u00fcck zum Shop","og_url":"https:\/\/www.njoy-referenzen.de\/pfirsichhaut\/produkt\/spiruskin-nutritive-cream\/","og_site_name":"Ihr Kosmetikstudio in Pirna","article_modified_time":"2022-10-28T11:23:44+00:00","og_image":[{"width":378,"height":567,"url":"https:\/\/www.njoy-referenzen.de\/pfirsichhaut\/wp-content\/uploads\/7.1.jpg","type":"image\/jpeg"}],"twitter_card":"summary_large_image","twitter_misc":{"Gesch\u00e4tzte Lesezeit":"1\u00a0Minute"},"schema":{"@context":"https:\/\/schema.org","@graph":[{"@type":"WebPage","@id":"https:\/\/www.njoy-referenzen.de\/pfirsichhaut\/produkt\/spiruskin-nutritive-cream\/","url":"https:\/\/www.njoy-referenzen.de\/pfirsichhaut\/produkt\/spiruskin-nutritive-cream\/","name":"SpiruSkin Nutritive Cream - Ihr Kosmetikstudio in Pirna","isPartOf":{"@id":"https:\/\/www.njoy-referenzen.de\/pfirsichhaut\/#website"},"datePublished":"2020-09-09T09:00:59+00:00","dateModified":"2022-10-28T11:23:44+00:00","breadcrumb":{"@id":"https:\/\/www.njoy-referenzen.de\/pfirsichhaut\/produkt\/spiruskin-nutritive-cream\/#breadcrumb"},"inLanguage":"de","potentialAction":[{"@type":"ReadAction","target":["https:\/\/www.njoy-referenzen.de\/pfirsichhaut\/produkt\/spiruskin-nutritive-cream\/"]}]},{"@type":"BreadcrumbList","@id":"https:\/\/www.njoy-referenzen.de\/pfirsichhaut\/produkt\/spiruskin-nutritive-cream\/#breadcrumb","itemListElement":[{"@type":"ListItem","position":1,"name":"Startseite","item":"https:\/\/www.njoy-referenzen.de\/pfirsichhaut\/"},{"@type":"ListItem","position":2,"name":"Shop","item":"https:\/\/www.njoy-referenzen.de\/pfirsichhaut\/shop\/"},{"@type":"ListItem","position":3,"name":"SpiruSkin Nutritive Cream"}]},{"@type":"WebSite","@id":"https:\/\/www.njoy-referenzen.de\/pfirsichhaut\/#website","url":"https:\/\/www.njoy-referenzen.de\/pfirsichhaut\/","name":"Ihr Kosmetikstudio in Pirna","description":"Ihr Kosmetikstudio in Pirna","potentialAction":[{"@type":"SearchAction","target":{"@type":"EntryPoint","urlTemplate":"https:\/\/www.njoy-referenzen.de\/pfirsichhaut\/?s={search_term_string}"},"query-input":"required name=search_term_string"}],"inLanguage":"de"}]}},"_links":{"self":[{"href":"https:\/\/www.njoy-referenzen.de\/pfirsichhaut\/wp-json\/wp\/v3\/product\/1620"}],"collection":[{"href":"https:\/\/www.njoy-referenzen.de\/pfirsichhaut\/wp-json\/wp\/v3\/product"}],"about":[{"href":"https:\/\/www.njoy-referenzen.de\/pfirsichhaut\/wp-json\/wp\/v2\/types\/product"}],"replies":[{"embeddable":true,"href":"https:\/\/www.njoy-referenzen.de\/pfirsichhaut\/wp-json\/wp\/v2\/comments?post=1620"}],"wp:featuredmedia":[{"embeddable":true,"href":"https:\/\/www.njoy-referenzen.de\/pfirsichhaut\/wp-json\/wp\/v2\/media\/1621"}],"wp:attachment":[{"href":"https:\/\/www.njoy-referenzen.de\/pfirsichhaut\/wp-json\/wp\/v2\/media?parent=1620"}],"wp:term":[{"taxonomy":"product_cat","embeddable":true,"href":"https:\/\/www.njoy-referenzen.de\/pfirsichhaut\/wp-json\/wp\/v2\/product_cat?post=1620"},{"taxonomy":"product_tag","embeddable":true,"href":"https:\/\/www.njoy-referenzen.de\/pfirsichhaut\/wp-json\/wp\/v2\/product_tag?post=1620"}],"curies":[{"name":"wp","href":"https:\/\/api.w.org\/{rel}","templated":true}]}}