























{"id":1601,"date":"2020-09-08T18:17:39","date_gmt":"2020-09-08T18:17:39","guid":{"rendered":"https:\/\/www.njoy-referenzen.de\/pfirsichhaut\/?post_type=product&#038;p=1601"},"modified":"2022-10-28T11:27:03","modified_gmt":"2022-10-28T11:27:03","slug":"spiruskin-cleansing-milk","status":"publish","type":"product","link":"https:\/\/www.njoy-referenzen.de\/pfirsichhaut\/produkt\/spiruskin-cleansing-milk\/","title":{"rendered":"SpiruSkin Cleansing Milk"},"content":{"rendered":"<p class=\"p1\">Aqua, Cocos Nucifera Oil, Glycerin, Stearic Acid, Cetearyl Alcohol, Prunus Amygdalus Dulcis Oil, Aloe Barbadensis Leaf Extract, Spirulina Platensis Extract, Phenoxyethanol, Triethanolamine, Chlorphenesin, Parfum, Carbomer, Disodium EDTA, Lecithin, Chlorhexidine, Digluconate, Tocopherol, Maltodextrin, Ascorbyl Palmitate, Citric Acid<\/p>\n","protected":false},"excerpt":{"rendered":"<p><a href=\"https:\/\/www.njoy-referenzen.de\/pfirsichhaut\/wp-content\/uploads\/Sanatur_Logo2017_1.jpg\"><img class=\"alignnone wp-image-1591\" src=\"https:\/\/www.njoy-referenzen.de\/pfirsichhaut\/wp-content\/uploads\/Sanatur_Logo2017_1.jpg\" alt=\"\" width=\"125\" height=\"64\" srcset=\"https:\/\/www.njoy-referenzen.de\/pfirsichhaut\/wp-content\/uploads\/Sanatur_Logo2017_1-200x102.jpg 200w, https:\/\/www.njoy-referenzen.de\/pfirsichhaut\/wp-content\/uploads\/Sanatur_Logo2017_1.jpg 250w\" sizes=\"(max-width: 125px) 100vw, 125px\" \/><\/a> <a href=\"https:\/\/www.njoy-referenzen.de\/pfirsichhaut\/wp-content\/uploads\/logo-spiruskin.jpg\"><img class=\"alignnone wp-image-1592\" src=\"https:\/\/www.njoy-referenzen.de\/pfirsichhaut\/wp-content\/uploads\/logo-spiruskin-300x157.jpg\" alt=\"\" width=\"107\" height=\"56\" srcset=\"https:\/\/www.njoy-referenzen.de\/pfirsichhaut\/wp-content\/uploads\/logo-spiruskin-200x105.jpg 200w, https:\/\/www.njoy-referenzen.de\/pfirsichhaut\/wp-content\/uploads\/logo-spiruskin-300x157.jpg 300w, https:\/\/www.njoy-referenzen.de\/pfirsichhaut\/wp-content\/uploads\/logo-spiruskin-400x210.jpg 400w, https:\/\/www.njoy-referenzen.de\/pfirsichhaut\/wp-content\/uploads\/logo-spiruskin.jpg 490w\" sizes=\"(max-width: 107px) 100vw, 107px\" \/><\/a><\/p>\n<p class=\"p1\">Diese sanfte Reinigungsmilch befreit die Haut sanft und gr\u00fcndlich von allen fett- und wasserl\u00f6slichen Unreinheiten, Make-up, Creme und Talg. <span class=\"Apple-converted-space\">\u00a0 <\/span>Spirulina Mikroalgen und Aloe vera beruhigen und erfrischen. Wertvolle Pflanzen\u00f6le, wie Kokos- und S\u00fc\u00dfmandel\u00f6l pflegen die Haut zart und geschmeidig und sorgen f\u00fcr einen strahlenden Teint.<\/p>\n<p><a class=\"shop-btn\" href=\"\/shop\/\">Zur\u00fcck zum Shop<\/a><\/p>\n","protected":false},"featured_media":1609,"comment_status":"closed","ping_status":"closed","template":"","meta":[],"product_cat":[32,33,25],"product_tag":[],"yoast_head":"<!-- This site is optimized with the Yoast SEO plugin v20.6 - https:\/\/yoast.com\/wordpress\/plugins\/seo\/ -->\n<title>SpiruSkin Cleansing Milk - Ihr Kosmetikstudio in Pirna<\/title>\n<meta name=\"robots\" content=\"noindex, follow, max-snippet:-1, max-image-preview:large, max-video-preview:-1\" \/>\n<meta property=\"og:locale\" content=\"de_DE\" \/>\n<meta property=\"og:type\" content=\"article\" \/>\n<meta property=\"og:title\" content=\"SpiruSkin Cleansing Milk - Ihr Kosmetikstudio in Pirna\" \/>\n<meta property=\"og:description\" content=\"Diese sanfte Reinigungsmilch befreit die Haut sanft und gr\u00fcndlich von allen fett- und wasserl\u00f6slichen Unreinheiten, Make-up, Creme und Talg. \u00a0 Spirulina Mikroalgen und Aloe vera beruhigen und erfrischen. Wertvolle Pflanzen\u00f6le, wie Kokos- und S\u00fc\u00dfmandel\u00f6l pflegen die Haut zart und geschmeidig und sorgen f\u00fcr einen strahlenden Teint. Zur\u00fcck zum Shop\" \/>\n<meta property=\"og:url\" content=\"https:\/\/www.njoy-referenzen.de\/pfirsichhaut\/produkt\/spiruskin-cleansing-milk\/\" \/>\n<meta property=\"og:site_name\" content=\"Ihr Kosmetikstudio in Pirna\" \/>\n<meta property=\"article:modified_time\" content=\"2022-10-28T11:27:03+00:00\" \/>\n<meta property=\"og:image\" content=\"https:\/\/www.njoy-referenzen.de\/pfirsichhaut\/wp-content\/uploads\/1.4.jpg\" \/>\n\t<meta property=\"og:image:width\" content=\"378\" \/>\n\t<meta property=\"og:image:height\" content=\"567\" \/>\n\t<meta property=\"og:image:type\" content=\"image\/jpeg\" \/>\n<meta name=\"twitter:card\" content=\"summary_large_image\" \/>\n<meta name=\"twitter:label1\" content=\"Gesch\u00e4tzte Lesezeit\" \/>\n\t<meta name=\"twitter:data1\" content=\"1\u00a0Minute\" \/>\n<script type=\"application\/ld+json\" class=\"yoast-schema-graph\">{\"@context\":\"https:\/\/schema.org\",\"@graph\":[{\"@type\":\"WebPage\",\"@id\":\"https:\/\/www.njoy-referenzen.de\/pfirsichhaut\/produkt\/spiruskin-cleansing-milk\/\",\"url\":\"https:\/\/www.njoy-referenzen.de\/pfirsichhaut\/produkt\/spiruskin-cleansing-milk\/\",\"name\":\"SpiruSkin Cleansing Milk - Ihr Kosmetikstudio in Pirna\",\"isPartOf\":{\"@id\":\"https:\/\/www.njoy-referenzen.de\/pfirsichhaut\/#website\"},\"datePublished\":\"2020-09-08T18:17:39+00:00\",\"dateModified\":\"2022-10-28T11:27:03+00:00\",\"breadcrumb\":{\"@id\":\"https:\/\/www.njoy-referenzen.de\/pfirsichhaut\/produkt\/spiruskin-cleansing-milk\/#breadcrumb\"},\"inLanguage\":\"de\",\"potentialAction\":[{\"@type\":\"ReadAction\",\"target\":[\"https:\/\/www.njoy-referenzen.de\/pfirsichhaut\/produkt\/spiruskin-cleansing-milk\/\"]}]},{\"@type\":\"BreadcrumbList\",\"@id\":\"https:\/\/www.njoy-referenzen.de\/pfirsichhaut\/produkt\/spiruskin-cleansing-milk\/#breadcrumb\",\"itemListElement\":[{\"@type\":\"ListItem\",\"position\":1,\"name\":\"Startseite\",\"item\":\"https:\/\/www.njoy-referenzen.de\/pfirsichhaut\/\"},{\"@type\":\"ListItem\",\"position\":2,\"name\":\"Shop\",\"item\":\"https:\/\/www.njoy-referenzen.de\/pfirsichhaut\/shop\/\"},{\"@type\":\"ListItem\",\"position\":3,\"name\":\"SpiruSkin Cleansing Milk\"}]},{\"@type\":\"WebSite\",\"@id\":\"https:\/\/www.njoy-referenzen.de\/pfirsichhaut\/#website\",\"url\":\"https:\/\/www.njoy-referenzen.de\/pfirsichhaut\/\",\"name\":\"Ihr Kosmetikstudio in Pirna\",\"description\":\"Ihr Kosmetikstudio in Pirna\",\"potentialAction\":[{\"@type\":\"SearchAction\",\"target\":{\"@type\":\"EntryPoint\",\"urlTemplate\":\"https:\/\/www.njoy-referenzen.de\/pfirsichhaut\/?s={search_term_string}\"},\"query-input\":\"required name=search_term_string\"}],\"inLanguage\":\"de\"}]}<\/script>\n<!-- \/ Yoast SEO plugin. -->","yoast_head_json":{"title":"SpiruSkin Cleansing Milk - Ihr Kosmetikstudio in Pirna","robots":{"index":"noindex","follow":"follow","max-snippet":"max-snippet:-1","max-image-preview":"max-image-preview:large","max-video-preview":"max-video-preview:-1"},"og_locale":"de_DE","og_type":"article","og_title":"SpiruSkin Cleansing Milk - Ihr Kosmetikstudio in Pirna","og_description":"Diese sanfte Reinigungsmilch befreit die Haut sanft und gr\u00fcndlich von allen fett- und wasserl\u00f6slichen Unreinheiten, Make-up, Creme und Talg. \u00a0 Spirulina Mikroalgen und Aloe vera beruhigen und erfrischen. Wertvolle Pflanzen\u00f6le, wie Kokos- und S\u00fc\u00dfmandel\u00f6l pflegen die Haut zart und geschmeidig und sorgen f\u00fcr einen strahlenden Teint. Zur\u00fcck zum Shop","og_url":"https:\/\/www.njoy-referenzen.de\/pfirsichhaut\/produkt\/spiruskin-cleansing-milk\/","og_site_name":"Ihr Kosmetikstudio in Pirna","article_modified_time":"2022-10-28T11:27:03+00:00","og_image":[{"width":378,"height":567,"url":"https:\/\/www.njoy-referenzen.de\/pfirsichhaut\/wp-content\/uploads\/1.4.jpg","type":"image\/jpeg"}],"twitter_card":"summary_large_image","twitter_misc":{"Gesch\u00e4tzte Lesezeit":"1\u00a0Minute"},"schema":{"@context":"https:\/\/schema.org","@graph":[{"@type":"WebPage","@id":"https:\/\/www.njoy-referenzen.de\/pfirsichhaut\/produkt\/spiruskin-cleansing-milk\/","url":"https:\/\/www.njoy-referenzen.de\/pfirsichhaut\/produkt\/spiruskin-cleansing-milk\/","name":"SpiruSkin Cleansing Milk - Ihr Kosmetikstudio in Pirna","isPartOf":{"@id":"https:\/\/www.njoy-referenzen.de\/pfirsichhaut\/#website"},"datePublished":"2020-09-08T18:17:39+00:00","dateModified":"2022-10-28T11:27:03+00:00","breadcrumb":{"@id":"https:\/\/www.njoy-referenzen.de\/pfirsichhaut\/produkt\/spiruskin-cleansing-milk\/#breadcrumb"},"inLanguage":"de","potentialAction":[{"@type":"ReadAction","target":["https:\/\/www.njoy-referenzen.de\/pfirsichhaut\/produkt\/spiruskin-cleansing-milk\/"]}]},{"@type":"BreadcrumbList","@id":"https:\/\/www.njoy-referenzen.de\/pfirsichhaut\/produkt\/spiruskin-cleansing-milk\/#breadcrumb","itemListElement":[{"@type":"ListItem","position":1,"name":"Startseite","item":"https:\/\/www.njoy-referenzen.de\/pfirsichhaut\/"},{"@type":"ListItem","position":2,"name":"Shop","item":"https:\/\/www.njoy-referenzen.de\/pfirsichhaut\/shop\/"},{"@type":"ListItem","position":3,"name":"SpiruSkin Cleansing Milk"}]},{"@type":"WebSite","@id":"https:\/\/www.njoy-referenzen.de\/pfirsichhaut\/#website","url":"https:\/\/www.njoy-referenzen.de\/pfirsichhaut\/","name":"Ihr Kosmetikstudio in Pirna","description":"Ihr Kosmetikstudio in Pirna","potentialAction":[{"@type":"SearchAction","target":{"@type":"EntryPoint","urlTemplate":"https:\/\/www.njoy-referenzen.de\/pfirsichhaut\/?s={search_term_string}"},"query-input":"required name=search_term_string"}],"inLanguage":"de"}]}},"_links":{"self":[{"href":"https:\/\/www.njoy-referenzen.de\/pfirsichhaut\/wp-json\/wp\/v3\/product\/1601"}],"collection":[{"href":"https:\/\/www.njoy-referenzen.de\/pfirsichhaut\/wp-json\/wp\/v3\/product"}],"about":[{"href":"https:\/\/www.njoy-referenzen.de\/pfirsichhaut\/wp-json\/wp\/v2\/types\/product"}],"replies":[{"embeddable":true,"href":"https:\/\/www.njoy-referenzen.de\/pfirsichhaut\/wp-json\/wp\/v2\/comments?post=1601"}],"wp:featuredmedia":[{"embeddable":true,"href":"https:\/\/www.njoy-referenzen.de\/pfirsichhaut\/wp-json\/wp\/v2\/media\/1609"}],"wp:attachment":[{"href":"https:\/\/www.njoy-referenzen.de\/pfirsichhaut\/wp-json\/wp\/v2\/media?parent=1601"}],"wp:term":[{"taxonomy":"product_cat","embeddable":true,"href":"https:\/\/www.njoy-referenzen.de\/pfirsichhaut\/wp-json\/wp\/v2\/product_cat?post=1601"},{"taxonomy":"product_tag","embeddable":true,"href":"https:\/\/www.njoy-referenzen.de\/pfirsichhaut\/wp-json\/wp\/v2\/product_tag?post=1601"}],"curies":[{"name":"wp","href":"https:\/\/api.w.org\/{rel}","templated":true}]}}