























{"id":1524,"date":"2020-07-06T20:42:48","date_gmt":"2020-07-06T20:42:48","guid":{"rendered":"https:\/\/www.njoy-referenzen.de\/pfirsichhaut\/?post_type=product&#038;p=1524"},"modified":"2022-10-28T11:28:19","modified_gmt":"2022-10-28T11:28:19","slug":"gentle-cleansing-milk","status":"publish","type":"product","link":"https:\/\/www.njoy-referenzen.de\/pfirsichhaut\/produkt\/gentle-cleansing-milk\/","title":{"rendered":"GENTLE CLEANSING MILK"},"content":{"rendered":"<p class=\"p1\">AQUA (WATER), GLYCINE SOJA (SOYABEAN) OIL, POLYGLYCERYL-3 METHYLGLUCOSE DISTEARATE, GLYCERIN, DECYL OLEATE, PRUNUS AMYGDALUS DULCIS (SWEET ALMOND) OIL, CETYL PALMITATE, GLYCERYL STEARATE, GLYCERYL STEARATE SE, BUTYLENE GLYCOL, XANTHAN GUM, CAPRYLYL GLYCOL, CITRIC ACID, PROPYL GALLATE, PHENOXYETHANOL, TETRASODIUM GLUTAMATE DIACETATE<\/p>\n","protected":false},"excerpt":{"rendered":"<p class=\"p1\"><span class=\"s1\">Verpackungseinheit: 200ml Grundpreis: 14,995 \u20ac je 100 ml<\/span><\/p>\n<p><a href=\"https:\/\/www.njoy-referenzen.de\/pfirsichhaut\/wp-content\/uploads\/Goldheit.jpg\"><img class=\"alignnone wp-image-1441\" src=\"https:\/\/www.njoy-referenzen.de\/pfirsichhaut\/wp-content\/uploads\/Goldheit-300x210.jpg\" alt=\"\" width=\"89\" height=\"62\" srcset=\"https:\/\/www.njoy-referenzen.de\/pfirsichhaut\/wp-content\/uploads\/Goldheit-200x140.jpg 200w, https:\/\/www.njoy-referenzen.de\/pfirsichhaut\/wp-content\/uploads\/Goldheit-300x214.jpg 300w, https:\/\/www.njoy-referenzen.de\/pfirsichhaut\/wp-content\/uploads\/Goldheit.jpg 400w\" sizes=\"(max-width: 89px) 100vw, 89px\" \/><\/a><\/p>\n<p class=\"p1\">Sanfte Reinigungsmilch auf Basis von Soja\u00f6l und Mandel\u00f6l. Beseitigt gr\u00fcndlich, aber schonend Verunreinigungen, Make-up R\u00fcckst\u00e4nde sowie Talg\u00fcberschuss. Wirkt hydratisierend, hautberuhigend und kr\u00e4ftigt die nat\u00fcrliche Schutzbarriere der Haut.<\/p>\n<p class=\"p1\">ohne Parabene<\/p>\n<p class=\"p1\">ohne Silikone<\/p>\n<p class=\"p1\">ohne Mikroplastik<\/p>\n<p class=\"p1\">ohne PEG\u2018s<\/p>\n<p class=\"p1\">ohne Mineral\u00f6le<\/p>\n<p class=\"p1\">ohne Parf\u00fcm\u00f6le<\/p>\n<p><a class=\"shop-btn\" href=\"\/shop\/\">Zur\u00fcck zum Shop<\/a><\/p>\n","protected":false},"featured_media":1525,"comment_status":"closed","ping_status":"closed","template":"","meta":[],"product_cat":[23,25],"product_tag":[],"yoast_head":"<!-- This site is optimized with the Yoast SEO plugin v20.6 - https:\/\/yoast.com\/wordpress\/plugins\/seo\/ -->\n<title>GENTLE CLEANSING MILK - Ihr Kosmetikstudio in Pirna<\/title>\n<meta name=\"robots\" content=\"noindex, follow, max-snippet:-1, max-image-preview:large, max-video-preview:-1\" \/>\n<meta property=\"og:locale\" content=\"de_DE\" \/>\n<meta property=\"og:type\" content=\"article\" \/>\n<meta property=\"og:title\" content=\"GENTLE CLEANSING MILK - Ihr Kosmetikstudio in Pirna\" \/>\n<meta property=\"og:description\" content=\"Verpackungseinheit: 200ml Grundpreis: 14,995 \u20ac je 100 ml  Sanfte Reinigungsmilch auf Basis von Soja\u00f6l und Mandel\u00f6l. Beseitigt gr\u00fcndlich, aber schonend Verunreinigungen, Make-up R\u00fcckst\u00e4nde sowie Talg\u00fcberschuss. Wirkt hydratisierend, hautberuhigend und kr\u00e4ftigt die nat\u00fcrliche Schutzbarriere der Haut. ohne Parabene ohne Silikone ohne Mikroplastik ohne PEG\u2018s ohne Mineral\u00f6le ohne Parf\u00fcm\u00f6le Zur\u00fcck zum Shop\" \/>\n<meta property=\"og:url\" content=\"https:\/\/www.njoy-referenzen.de\/pfirsichhaut\/produkt\/gentle-cleansing-milk\/\" \/>\n<meta property=\"og:site_name\" content=\"Ihr Kosmetikstudio in Pirna\" \/>\n<meta property=\"article:modified_time\" content=\"2022-10-28T11:28:19+00:00\" \/>\n<meta property=\"og:image\" content=\"https:\/\/www.njoy-referenzen.de\/pfirsichhaut\/wp-content\/uploads\/5-2.jpg\" \/>\n\t<meta property=\"og:image:width\" content=\"960\" \/>\n\t<meta property=\"og:image:height\" content=\"960\" \/>\n\t<meta property=\"og:image:type\" content=\"image\/jpeg\" \/>\n<meta name=\"twitter:card\" content=\"summary_large_image\" \/>\n<meta name=\"twitter:label1\" content=\"Gesch\u00e4tzte Lesezeit\" \/>\n\t<meta name=\"twitter:data1\" content=\"1\u00a0Minute\" \/>\n<script type=\"application\/ld+json\" class=\"yoast-schema-graph\">{\"@context\":\"https:\/\/schema.org\",\"@graph\":[{\"@type\":\"WebPage\",\"@id\":\"https:\/\/www.njoy-referenzen.de\/pfirsichhaut\/produkt\/gentle-cleansing-milk\/\",\"url\":\"https:\/\/www.njoy-referenzen.de\/pfirsichhaut\/produkt\/gentle-cleansing-milk\/\",\"name\":\"GENTLE CLEANSING MILK - Ihr Kosmetikstudio in Pirna\",\"isPartOf\":{\"@id\":\"https:\/\/www.njoy-referenzen.de\/pfirsichhaut\/#website\"},\"datePublished\":\"2020-07-06T20:42:48+00:00\",\"dateModified\":\"2022-10-28T11:28:19+00:00\",\"breadcrumb\":{\"@id\":\"https:\/\/www.njoy-referenzen.de\/pfirsichhaut\/produkt\/gentle-cleansing-milk\/#breadcrumb\"},\"inLanguage\":\"de\",\"potentialAction\":[{\"@type\":\"ReadAction\",\"target\":[\"https:\/\/www.njoy-referenzen.de\/pfirsichhaut\/produkt\/gentle-cleansing-milk\/\"]}]},{\"@type\":\"BreadcrumbList\",\"@id\":\"https:\/\/www.njoy-referenzen.de\/pfirsichhaut\/produkt\/gentle-cleansing-milk\/#breadcrumb\",\"itemListElement\":[{\"@type\":\"ListItem\",\"position\":1,\"name\":\"Startseite\",\"item\":\"https:\/\/www.njoy-referenzen.de\/pfirsichhaut\/\"},{\"@type\":\"ListItem\",\"position\":2,\"name\":\"Shop\",\"item\":\"https:\/\/www.njoy-referenzen.de\/pfirsichhaut\/shop\/\"},{\"@type\":\"ListItem\",\"position\":3,\"name\":\"GENTLE CLEANSING MILK\"}]},{\"@type\":\"WebSite\",\"@id\":\"https:\/\/www.njoy-referenzen.de\/pfirsichhaut\/#website\",\"url\":\"https:\/\/www.njoy-referenzen.de\/pfirsichhaut\/\",\"name\":\"Ihr Kosmetikstudio in Pirna\",\"description\":\"Ihr Kosmetikstudio in Pirna\",\"potentialAction\":[{\"@type\":\"SearchAction\",\"target\":{\"@type\":\"EntryPoint\",\"urlTemplate\":\"https:\/\/www.njoy-referenzen.de\/pfirsichhaut\/?s={search_term_string}\"},\"query-input\":\"required name=search_term_string\"}],\"inLanguage\":\"de\"}]}<\/script>\n<!-- \/ Yoast SEO plugin. -->","yoast_head_json":{"title":"GENTLE CLEANSING MILK - Ihr Kosmetikstudio in Pirna","robots":{"index":"noindex","follow":"follow","max-snippet":"max-snippet:-1","max-image-preview":"max-image-preview:large","max-video-preview":"max-video-preview:-1"},"og_locale":"de_DE","og_type":"article","og_title":"GENTLE CLEANSING MILK - Ihr Kosmetikstudio in Pirna","og_description":"Verpackungseinheit: 200ml Grundpreis: 14,995 \u20ac je 100 ml  Sanfte Reinigungsmilch auf Basis von Soja\u00f6l und Mandel\u00f6l. Beseitigt gr\u00fcndlich, aber schonend Verunreinigungen, Make-up R\u00fcckst\u00e4nde sowie Talg\u00fcberschuss. Wirkt hydratisierend, hautberuhigend und kr\u00e4ftigt die nat\u00fcrliche Schutzbarriere der Haut. ohne Parabene ohne Silikone ohne Mikroplastik ohne PEG\u2018s ohne Mineral\u00f6le ohne Parf\u00fcm\u00f6le Zur\u00fcck zum Shop","og_url":"https:\/\/www.njoy-referenzen.de\/pfirsichhaut\/produkt\/gentle-cleansing-milk\/","og_site_name":"Ihr Kosmetikstudio in Pirna","article_modified_time":"2022-10-28T11:28:19+00:00","og_image":[{"width":960,"height":960,"url":"https:\/\/www.njoy-referenzen.de\/pfirsichhaut\/wp-content\/uploads\/5-2.jpg","type":"image\/jpeg"}],"twitter_card":"summary_large_image","twitter_misc":{"Gesch\u00e4tzte Lesezeit":"1\u00a0Minute"},"schema":{"@context":"https:\/\/schema.org","@graph":[{"@type":"WebPage","@id":"https:\/\/www.njoy-referenzen.de\/pfirsichhaut\/produkt\/gentle-cleansing-milk\/","url":"https:\/\/www.njoy-referenzen.de\/pfirsichhaut\/produkt\/gentle-cleansing-milk\/","name":"GENTLE CLEANSING MILK - Ihr Kosmetikstudio in Pirna","isPartOf":{"@id":"https:\/\/www.njoy-referenzen.de\/pfirsichhaut\/#website"},"datePublished":"2020-07-06T20:42:48+00:00","dateModified":"2022-10-28T11:28:19+00:00","breadcrumb":{"@id":"https:\/\/www.njoy-referenzen.de\/pfirsichhaut\/produkt\/gentle-cleansing-milk\/#breadcrumb"},"inLanguage":"de","potentialAction":[{"@type":"ReadAction","target":["https:\/\/www.njoy-referenzen.de\/pfirsichhaut\/produkt\/gentle-cleansing-milk\/"]}]},{"@type":"BreadcrumbList","@id":"https:\/\/www.njoy-referenzen.de\/pfirsichhaut\/produkt\/gentle-cleansing-milk\/#breadcrumb","itemListElement":[{"@type":"ListItem","position":1,"name":"Startseite","item":"https:\/\/www.njoy-referenzen.de\/pfirsichhaut\/"},{"@type":"ListItem","position":2,"name":"Shop","item":"https:\/\/www.njoy-referenzen.de\/pfirsichhaut\/shop\/"},{"@type":"ListItem","position":3,"name":"GENTLE CLEANSING MILK"}]},{"@type":"WebSite","@id":"https:\/\/www.njoy-referenzen.de\/pfirsichhaut\/#website","url":"https:\/\/www.njoy-referenzen.de\/pfirsichhaut\/","name":"Ihr Kosmetikstudio in Pirna","description":"Ihr Kosmetikstudio in Pirna","potentialAction":[{"@type":"SearchAction","target":{"@type":"EntryPoint","urlTemplate":"https:\/\/www.njoy-referenzen.de\/pfirsichhaut\/?s={search_term_string}"},"query-input":"required name=search_term_string"}],"inLanguage":"de"}]}},"_links":{"self":[{"href":"https:\/\/www.njoy-referenzen.de\/pfirsichhaut\/wp-json\/wp\/v3\/product\/1524"}],"collection":[{"href":"https:\/\/www.njoy-referenzen.de\/pfirsichhaut\/wp-json\/wp\/v3\/product"}],"about":[{"href":"https:\/\/www.njoy-referenzen.de\/pfirsichhaut\/wp-json\/wp\/v2\/types\/product"}],"replies":[{"embeddable":true,"href":"https:\/\/www.njoy-referenzen.de\/pfirsichhaut\/wp-json\/wp\/v2\/comments?post=1524"}],"wp:featuredmedia":[{"embeddable":true,"href":"https:\/\/www.njoy-referenzen.de\/pfirsichhaut\/wp-json\/wp\/v2\/media\/1525"}],"wp:attachment":[{"href":"https:\/\/www.njoy-referenzen.de\/pfirsichhaut\/wp-json\/wp\/v2\/media?parent=1524"}],"wp:term":[{"taxonomy":"product_cat","embeddable":true,"href":"https:\/\/www.njoy-referenzen.de\/pfirsichhaut\/wp-json\/wp\/v2\/product_cat?post=1524"},{"taxonomy":"product_tag","embeddable":true,"href":"https:\/\/www.njoy-referenzen.de\/pfirsichhaut\/wp-json\/wp\/v2\/product_tag?post=1524"}],"curies":[{"name":"wp","href":"https:\/\/api.w.org\/{rel}","templated":true}]}}