























{"id":1522,"date":"2020-07-06T20:41:13","date_gmt":"2020-07-06T20:41:13","guid":{"rendered":"https:\/\/www.njoy-referenzen.de\/pfirsichhaut\/?post_type=product&#038;p=1522"},"modified":"2022-10-28T11:28:39","modified_gmt":"2022-10-28T11:28:39","slug":"juventas-secret-eye-care","status":"publish","type":"product","link":"https:\/\/www.njoy-referenzen.de\/pfirsichhaut\/produkt\/juventas-secret-eye-care\/","title":{"rendered":"JUVENTAS SECRET EYE CARE"},"content":{"rendered":"<p class=\"p1\">AQUA (WATER), DECYL COCOATE, SQUALANE, BUTYROSPERMUM PARKII (SHEA BUTTER), POLYGLYCERYL-3 METHYLGLUCOSE DISTEARATE, GLYCERIN, SIMMONDSIA CHINENSIS (JOJOBA SEED) OIL, GLYCERYL STEARATE, CETEARYL ALCOHOL, PRUNUS AMYGDALUS DULCIS (SWEET ALMOND) OIL, PROPYLENE GLYCOL, SPILANTHES ACMELLA EXTRACT, SODIUM HYALURONATE CROSSPOLYMER, SODIUM HYALURONATE, ARGANIA SPINOSA KERNEL OIL, ACETYL HEXAPEPTIDE-8, TOCOPHERYL ACETATE, POTASSIUM SORBATE, ETHYLHEXYL STEARATE, SODIUM ISOSTEARATE, ETHYLHEXYLGLYCERIN, CITRIC ACID, BENZYL ALCOHOL, POLYGLYCERYL-4 DIISOSTEARATE\/POLYHYDROXYSTEARATE\/SEBACATE, DEHYDROACETIC ACID, PHENOXYETHANOL, PROPYL GALLATE<\/p>\n","protected":false},"excerpt":{"rendered":"<p class=\"p1\">Verpackungseinheit: 15 ml Grundpreis: 266,60 \u20ac je 100 ml<\/p>\n<p><a href=\"https:\/\/www.njoy-referenzen.de\/pfirsichhaut\/wp-content\/uploads\/Goldheit.jpg\"><img class=\"alignnone wp-image-1441\" src=\"https:\/\/www.njoy-referenzen.de\/pfirsichhaut\/wp-content\/uploads\/Goldheit-300x210.jpg\" alt=\"\" width=\"110\" height=\"77\" srcset=\"https:\/\/www.njoy-referenzen.de\/pfirsichhaut\/wp-content\/uploads\/Goldheit-200x140.jpg 200w, https:\/\/www.njoy-referenzen.de\/pfirsichhaut\/wp-content\/uploads\/Goldheit-300x214.jpg 300w, https:\/\/www.njoy-referenzen.de\/pfirsichhaut\/wp-content\/uploads\/Goldheit.jpg 400w\" sizes=\"(max-width: 110px) 100vw, 110px\" \/><\/a><\/p>\n<p class=\"p1\">Juventas Secret Eye Care schenkt Ihnen auf Basis von Spilanthol (nat\u00fcrliches Muskelrelaxanz), vernetzte, lang- und kurzkettige Hyalurons\u00e4ure, Acetyl Hexapeptide-8 (sanfte Alternative zu Botox), Argan\u00f6l, Jojoba\u00f6l, Squalane, Shea Butter und Mandel\u00f6l Ihren jugendlichen Augenaufschlag zur\u00fcck. Hoch effektiv. Premium Lifting Effekt.<\/p>\n<p class=\"p1\">F\u00fcr alle Hauttypen.<\/p>\n<p class=\"p1\">Parfumfrei.<\/p>\n<p class=\"p1\">Ohne Parabene, Mineral\u00f6le, Silikone, Mikroplastik und PEG&#8217;s.<\/p>\n<p class=\"p1\">100% vegan.<\/p>\n<p><a class=\"shop-btn\" href=\"\/shop\/\">Zur\u00fcck zum Shop<\/a><\/p>\n","protected":false},"featured_media":1523,"comment_status":"closed","ping_status":"closed","template":"","meta":[],"product_cat":[23,25],"product_tag":[],"yoast_head":"<!-- This site is optimized with the Yoast SEO plugin v20.6 - https:\/\/yoast.com\/wordpress\/plugins\/seo\/ -->\n<title>JUVENTAS SECRET EYE CARE - Ihr Kosmetikstudio in Pirna<\/title>\n<meta name=\"robots\" content=\"noindex, follow, max-snippet:-1, max-image-preview:large, max-video-preview:-1\" \/>\n<meta property=\"og:locale\" content=\"de_DE\" \/>\n<meta property=\"og:type\" content=\"article\" \/>\n<meta property=\"og:title\" content=\"JUVENTAS SECRET EYE CARE - Ihr Kosmetikstudio in Pirna\" \/>\n<meta property=\"og:description\" content=\"Verpackungseinheit: 15 ml Grundpreis: 266,60 \u20ac je 100 ml  Juventas Secret Eye Care schenkt Ihnen auf Basis von Spilanthol (nat\u00fcrliches Muskelrelaxanz), vernetzte, lang- und kurzkettige Hyalurons\u00e4ure, Acetyl Hexapeptide-8 (sanfte Alternative zu Botox), Argan\u00f6l, Jojoba\u00f6l, Squalane, Shea Butter und Mandel\u00f6l Ihren jugendlichen Augenaufschlag zur\u00fcck. Hoch effektiv. Premium Lifting Effekt. F\u00fcr alle Hauttypen. Parfumfrei. Ohne Parabene, Mineral\u00f6le, Silikone, Mikroplastik und PEG&#039;s. 100% vegan. Zur\u00fcck zum Shop\" \/>\n<meta property=\"og:url\" content=\"https:\/\/www.njoy-referenzen.de\/pfirsichhaut\/produkt\/juventas-secret-eye-care\/\" \/>\n<meta property=\"og:site_name\" content=\"Ihr Kosmetikstudio in Pirna\" \/>\n<meta property=\"article:modified_time\" content=\"2022-10-28T11:28:39+00:00\" \/>\n<meta property=\"og:image\" content=\"https:\/\/www.njoy-referenzen.de\/pfirsichhaut\/wp-content\/uploads\/4-2.jpg\" \/>\n\t<meta property=\"og:image:width\" content=\"960\" \/>\n\t<meta property=\"og:image:height\" content=\"960\" \/>\n\t<meta property=\"og:image:type\" content=\"image\/jpeg\" \/>\n<meta name=\"twitter:card\" content=\"summary_large_image\" \/>\n<meta name=\"twitter:label1\" content=\"Gesch\u00e4tzte Lesezeit\" \/>\n\t<meta name=\"twitter:data1\" content=\"1\u00a0Minute\" \/>\n<script type=\"application\/ld+json\" class=\"yoast-schema-graph\">{\"@context\":\"https:\/\/schema.org\",\"@graph\":[{\"@type\":\"WebPage\",\"@id\":\"https:\/\/www.njoy-referenzen.de\/pfirsichhaut\/produkt\/juventas-secret-eye-care\/\",\"url\":\"https:\/\/www.njoy-referenzen.de\/pfirsichhaut\/produkt\/juventas-secret-eye-care\/\",\"name\":\"JUVENTAS SECRET EYE CARE - Ihr Kosmetikstudio in Pirna\",\"isPartOf\":{\"@id\":\"https:\/\/www.njoy-referenzen.de\/pfirsichhaut\/#website\"},\"datePublished\":\"2020-07-06T20:41:13+00:00\",\"dateModified\":\"2022-10-28T11:28:39+00:00\",\"breadcrumb\":{\"@id\":\"https:\/\/www.njoy-referenzen.de\/pfirsichhaut\/produkt\/juventas-secret-eye-care\/#breadcrumb\"},\"inLanguage\":\"de\",\"potentialAction\":[{\"@type\":\"ReadAction\",\"target\":[\"https:\/\/www.njoy-referenzen.de\/pfirsichhaut\/produkt\/juventas-secret-eye-care\/\"]}]},{\"@type\":\"BreadcrumbList\",\"@id\":\"https:\/\/www.njoy-referenzen.de\/pfirsichhaut\/produkt\/juventas-secret-eye-care\/#breadcrumb\",\"itemListElement\":[{\"@type\":\"ListItem\",\"position\":1,\"name\":\"Startseite\",\"item\":\"https:\/\/www.njoy-referenzen.de\/pfirsichhaut\/\"},{\"@type\":\"ListItem\",\"position\":2,\"name\":\"Shop\",\"item\":\"https:\/\/www.njoy-referenzen.de\/pfirsichhaut\/shop\/\"},{\"@type\":\"ListItem\",\"position\":3,\"name\":\"JUVENTAS SECRET EYE CARE\"}]},{\"@type\":\"WebSite\",\"@id\":\"https:\/\/www.njoy-referenzen.de\/pfirsichhaut\/#website\",\"url\":\"https:\/\/www.njoy-referenzen.de\/pfirsichhaut\/\",\"name\":\"Ihr Kosmetikstudio in Pirna\",\"description\":\"Ihr Kosmetikstudio in Pirna\",\"potentialAction\":[{\"@type\":\"SearchAction\",\"target\":{\"@type\":\"EntryPoint\",\"urlTemplate\":\"https:\/\/www.njoy-referenzen.de\/pfirsichhaut\/?s={search_term_string}\"},\"query-input\":\"required name=search_term_string\"}],\"inLanguage\":\"de\"}]}<\/script>\n<!-- \/ Yoast SEO plugin. -->","yoast_head_json":{"title":"JUVENTAS SECRET EYE CARE - Ihr Kosmetikstudio in Pirna","robots":{"index":"noindex","follow":"follow","max-snippet":"max-snippet:-1","max-image-preview":"max-image-preview:large","max-video-preview":"max-video-preview:-1"},"og_locale":"de_DE","og_type":"article","og_title":"JUVENTAS SECRET EYE CARE - Ihr Kosmetikstudio in Pirna","og_description":"Verpackungseinheit: 15 ml Grundpreis: 266,60 \u20ac je 100 ml  Juventas Secret Eye Care schenkt Ihnen auf Basis von Spilanthol (nat\u00fcrliches Muskelrelaxanz), vernetzte, lang- und kurzkettige Hyalurons\u00e4ure, Acetyl Hexapeptide-8 (sanfte Alternative zu Botox), Argan\u00f6l, Jojoba\u00f6l, Squalane, Shea Butter und Mandel\u00f6l Ihren jugendlichen Augenaufschlag zur\u00fcck. Hoch effektiv. Premium Lifting Effekt. F\u00fcr alle Hauttypen. Parfumfrei. Ohne Parabene, Mineral\u00f6le, Silikone, Mikroplastik und PEG's. 100% vegan. Zur\u00fcck zum Shop","og_url":"https:\/\/www.njoy-referenzen.de\/pfirsichhaut\/produkt\/juventas-secret-eye-care\/","og_site_name":"Ihr Kosmetikstudio in Pirna","article_modified_time":"2022-10-28T11:28:39+00:00","og_image":[{"width":960,"height":960,"url":"https:\/\/www.njoy-referenzen.de\/pfirsichhaut\/wp-content\/uploads\/4-2.jpg","type":"image\/jpeg"}],"twitter_card":"summary_large_image","twitter_misc":{"Gesch\u00e4tzte Lesezeit":"1\u00a0Minute"},"schema":{"@context":"https:\/\/schema.org","@graph":[{"@type":"WebPage","@id":"https:\/\/www.njoy-referenzen.de\/pfirsichhaut\/produkt\/juventas-secret-eye-care\/","url":"https:\/\/www.njoy-referenzen.de\/pfirsichhaut\/produkt\/juventas-secret-eye-care\/","name":"JUVENTAS SECRET EYE CARE - Ihr Kosmetikstudio in Pirna","isPartOf":{"@id":"https:\/\/www.njoy-referenzen.de\/pfirsichhaut\/#website"},"datePublished":"2020-07-06T20:41:13+00:00","dateModified":"2022-10-28T11:28:39+00:00","breadcrumb":{"@id":"https:\/\/www.njoy-referenzen.de\/pfirsichhaut\/produkt\/juventas-secret-eye-care\/#breadcrumb"},"inLanguage":"de","potentialAction":[{"@type":"ReadAction","target":["https:\/\/www.njoy-referenzen.de\/pfirsichhaut\/produkt\/juventas-secret-eye-care\/"]}]},{"@type":"BreadcrumbList","@id":"https:\/\/www.njoy-referenzen.de\/pfirsichhaut\/produkt\/juventas-secret-eye-care\/#breadcrumb","itemListElement":[{"@type":"ListItem","position":1,"name":"Startseite","item":"https:\/\/www.njoy-referenzen.de\/pfirsichhaut\/"},{"@type":"ListItem","position":2,"name":"Shop","item":"https:\/\/www.njoy-referenzen.de\/pfirsichhaut\/shop\/"},{"@type":"ListItem","position":3,"name":"JUVENTAS SECRET EYE CARE"}]},{"@type":"WebSite","@id":"https:\/\/www.njoy-referenzen.de\/pfirsichhaut\/#website","url":"https:\/\/www.njoy-referenzen.de\/pfirsichhaut\/","name":"Ihr Kosmetikstudio in Pirna","description":"Ihr Kosmetikstudio in Pirna","potentialAction":[{"@type":"SearchAction","target":{"@type":"EntryPoint","urlTemplate":"https:\/\/www.njoy-referenzen.de\/pfirsichhaut\/?s={search_term_string}"},"query-input":"required name=search_term_string"}],"inLanguage":"de"}]}},"_links":{"self":[{"href":"https:\/\/www.njoy-referenzen.de\/pfirsichhaut\/wp-json\/wp\/v3\/product\/1522"}],"collection":[{"href":"https:\/\/www.njoy-referenzen.de\/pfirsichhaut\/wp-json\/wp\/v3\/product"}],"about":[{"href":"https:\/\/www.njoy-referenzen.de\/pfirsichhaut\/wp-json\/wp\/v2\/types\/product"}],"replies":[{"embeddable":true,"href":"https:\/\/www.njoy-referenzen.de\/pfirsichhaut\/wp-json\/wp\/v2\/comments?post=1522"}],"wp:featuredmedia":[{"embeddable":true,"href":"https:\/\/www.njoy-referenzen.de\/pfirsichhaut\/wp-json\/wp\/v2\/media\/1523"}],"wp:attachment":[{"href":"https:\/\/www.njoy-referenzen.de\/pfirsichhaut\/wp-json\/wp\/v2\/media?parent=1522"}],"wp:term":[{"taxonomy":"product_cat","embeddable":true,"href":"https:\/\/www.njoy-referenzen.de\/pfirsichhaut\/wp-json\/wp\/v2\/product_cat?post=1522"},{"taxonomy":"product_tag","embeddable":true,"href":"https:\/\/www.njoy-referenzen.de\/pfirsichhaut\/wp-json\/wp\/v2\/product_tag?post=1522"}],"curies":[{"name":"wp","href":"https:\/\/api.w.org\/{rel}","templated":true}]}}