























{"id":1518,"date":"2020-07-06T20:32:58","date_gmt":"2020-07-06T20:32:58","guid":{"rendered":"https:\/\/www.njoy-referenzen.de\/pfirsichhaut\/?post_type=product&#038;p=1518"},"modified":"2022-10-28T11:29:19","modified_gmt":"2022-10-28T11:29:19","slug":"juventas-secret-day-cream","status":"publish","type":"product","link":"https:\/\/www.njoy-referenzen.de\/pfirsichhaut\/produkt\/juventas-secret-day-cream\/","title":{"rendered":"JUVENTAS SECRET DAY CREAM"},"content":{"rendered":"<p class=\"p1\">AQUA (WATER), SIMMONDSIA CHINENSIS (JOJOBA SEED) OIL, ISOAMYL LAURATE, GLYCERIN, VITIS VINIFERA (GRAPE) SEED OIL, DECYL OLEATE, CETYL PALMITATE, GLYCERYL STEARATE, CETEARYL ALCOHOL, CAPRYLIC\/CAPRIC TRIGLYCERIDE, ARGANIA SPINOSA KERNEL OIL, SQUALANE, STEARIC ACID, CETEARYL GLUCOSIDE, PROPYLENE GLYCOL, SPILANTHES ACMELLA EXTRACT, SODIUM HYALURONATE, PRUNUS AMYGDALUS DULCIS (SWEET ALMOND) FRUIT EXTRACT, PUNICA GRANATUM (POMEGRANATE) SEED OIL, UBIQUINONE, TOCOPHEROL, ASCORBIC ACID, ASCORBYL PALMITATE, SUCROSE STEARATE, BENZYL ALCOHOL, SODIUM PCA, XANTHAN GUM, ALCOHOL, SODIUM CITRATE, GLYCINE SOJA OIL, POTASSIUM SORBATE, CITRIC ACID, SODIUM BENZOATE, PHENOXYETHANOL, DEHYDROACETIC ACID, PARFUM (FRAGRANCE), PROPYL GALLATE<\/p>\n","protected":false},"excerpt":{"rendered":"<p class=\"p1\">Verpackungseinheit: 50 ml Grundpreis: 111,98 \u20ac je 100 ml<\/p>\n<p><a href=\"https:\/\/www.njoy-referenzen.de\/pfirsichhaut\/wp-content\/uploads\/Goldheit.jpg\"><img class=\"alignnone wp-image-1441\" src=\"https:\/\/www.njoy-referenzen.de\/pfirsichhaut\/wp-content\/uploads\/Goldheit-300x210.jpg\" alt=\"\" width=\"113\" height=\"79\" srcset=\"https:\/\/www.njoy-referenzen.de\/pfirsichhaut\/wp-content\/uploads\/Goldheit-200x140.jpg 200w, https:\/\/www.njoy-referenzen.de\/pfirsichhaut\/wp-content\/uploads\/Goldheit-300x210.jpg 300w, https:\/\/www.njoy-referenzen.de\/pfirsichhaut\/wp-content\/uploads\/Goldheit.jpg 400w\" sizes=\"(max-width: 113px) 100vw, 113px\" \/><\/a><\/p>\n<p class=\"p1\">Juventas Secret Day Cream bietet auf Basis nat\u00fcrlicher Pflanzen\u00f6le luxuri\u00f6se sowie intensive Anti-Aging Pflege f\u00fcr Ihre Gesichtshaut. Eine reaktivierende, straffende Tagespflege mit exklusivem Lifting Effekt. Die nat\u00fcrliche Anti-Aging Wirkung von Spilanthol, ein nat\u00fcrliches Muskelrelaxanz, l\u00e4sst Ihre Haut im Nu entspannen. Die gl\u00e4ttende Wirkung wird verst\u00e4rkt durch Traubenkern\u00f6l, Granatapfel\u00f6l, Q10, Argan\u00f6l, Hyalurons\u00e4ure sowie Jojoba\u00f6l.<\/p>\n<p class=\"p1\">F\u00fcr alle Hauttypen.<\/p>\n<p class=\"p1\">Ohne Parabene, Mineral\u00f6le, Silikone, Mikroplastik und PEG&#8217;s.<\/p>\n<p class=\"p1\">100% vegan.<\/p>\n<p><a class=\"shop-btn\" href=\"\/shop\/\">Zur\u00fcck zum Shop<\/a><\/p>\n","protected":false},"featured_media":1519,"comment_status":"closed","ping_status":"closed","template":"","meta":[],"product_cat":[23,25],"product_tag":[],"yoast_head":"<!-- This site is optimized with the Yoast SEO plugin v20.6 - https:\/\/yoast.com\/wordpress\/plugins\/seo\/ -->\n<title>JUVENTAS SECRET DAY CREAM - Ihr Kosmetikstudio in Pirna<\/title>\n<meta name=\"robots\" content=\"noindex, follow, max-snippet:-1, max-image-preview:large, max-video-preview:-1\" \/>\n<meta property=\"og:locale\" content=\"de_DE\" \/>\n<meta property=\"og:type\" content=\"article\" \/>\n<meta property=\"og:title\" content=\"JUVENTAS SECRET DAY CREAM - Ihr Kosmetikstudio in Pirna\" \/>\n<meta property=\"og:description\" content=\"Verpackungseinheit: 50 ml Grundpreis: 111,98 \u20ac je 100 ml  Juventas Secret Day Cream bietet auf Basis nat\u00fcrlicher Pflanzen\u00f6le luxuri\u00f6se sowie intensive Anti-Aging Pflege f\u00fcr Ihre Gesichtshaut. Eine reaktivierende, straffende Tagespflege mit exklusivem Lifting Effekt. Die nat\u00fcrliche Anti-Aging Wirkung von Spilanthol, ein nat\u00fcrliches Muskelrelaxanz, l\u00e4sst Ihre Haut im Nu entspannen. Die gl\u00e4ttende Wirkung wird verst\u00e4rkt durch Traubenkern\u00f6l, Granatapfel\u00f6l, Q10, Argan\u00f6l, Hyalurons\u00e4ure sowie Jojoba\u00f6l. F\u00fcr alle Hauttypen. Ohne Parabene, Mineral\u00f6le, Silikone, Mikroplastik und PEG&#039;s. 100% vegan. Zur\u00fcck zum Shop\" \/>\n<meta property=\"og:url\" content=\"https:\/\/www.njoy-referenzen.de\/pfirsichhaut\/produkt\/juventas-secret-day-cream\/\" \/>\n<meta property=\"og:site_name\" content=\"Ihr Kosmetikstudio in Pirna\" \/>\n<meta property=\"article:modified_time\" content=\"2022-10-28T11:29:19+00:00\" \/>\n<meta property=\"og:image\" content=\"https:\/\/www.njoy-referenzen.de\/pfirsichhaut\/wp-content\/uploads\/2-2.jpg\" \/>\n\t<meta property=\"og:image:width\" content=\"960\" \/>\n\t<meta property=\"og:image:height\" content=\"960\" \/>\n\t<meta property=\"og:image:type\" content=\"image\/jpeg\" \/>\n<meta name=\"twitter:card\" content=\"summary_large_image\" \/>\n<meta name=\"twitter:label1\" content=\"Gesch\u00e4tzte Lesezeit\" \/>\n\t<meta name=\"twitter:data1\" content=\"1\u00a0Minute\" \/>\n<script type=\"application\/ld+json\" class=\"yoast-schema-graph\">{\"@context\":\"https:\/\/schema.org\",\"@graph\":[{\"@type\":\"WebPage\",\"@id\":\"https:\/\/www.njoy-referenzen.de\/pfirsichhaut\/produkt\/juventas-secret-day-cream\/\",\"url\":\"https:\/\/www.njoy-referenzen.de\/pfirsichhaut\/produkt\/juventas-secret-day-cream\/\",\"name\":\"JUVENTAS SECRET DAY CREAM - Ihr Kosmetikstudio in Pirna\",\"isPartOf\":{\"@id\":\"https:\/\/www.njoy-referenzen.de\/pfirsichhaut\/#website\"},\"datePublished\":\"2020-07-06T20:32:58+00:00\",\"dateModified\":\"2022-10-28T11:29:19+00:00\",\"breadcrumb\":{\"@id\":\"https:\/\/www.njoy-referenzen.de\/pfirsichhaut\/produkt\/juventas-secret-day-cream\/#breadcrumb\"},\"inLanguage\":\"de\",\"potentialAction\":[{\"@type\":\"ReadAction\",\"target\":[\"https:\/\/www.njoy-referenzen.de\/pfirsichhaut\/produkt\/juventas-secret-day-cream\/\"]}]},{\"@type\":\"BreadcrumbList\",\"@id\":\"https:\/\/www.njoy-referenzen.de\/pfirsichhaut\/produkt\/juventas-secret-day-cream\/#breadcrumb\",\"itemListElement\":[{\"@type\":\"ListItem\",\"position\":1,\"name\":\"Startseite\",\"item\":\"https:\/\/www.njoy-referenzen.de\/pfirsichhaut\/\"},{\"@type\":\"ListItem\",\"position\":2,\"name\":\"Shop\",\"item\":\"https:\/\/www.njoy-referenzen.de\/pfirsichhaut\/shop\/\"},{\"@type\":\"ListItem\",\"position\":3,\"name\":\"JUVENTAS SECRET DAY CREAM\"}]},{\"@type\":\"WebSite\",\"@id\":\"https:\/\/www.njoy-referenzen.de\/pfirsichhaut\/#website\",\"url\":\"https:\/\/www.njoy-referenzen.de\/pfirsichhaut\/\",\"name\":\"Ihr Kosmetikstudio in Pirna\",\"description\":\"Ihr Kosmetikstudio in Pirna\",\"potentialAction\":[{\"@type\":\"SearchAction\",\"target\":{\"@type\":\"EntryPoint\",\"urlTemplate\":\"https:\/\/www.njoy-referenzen.de\/pfirsichhaut\/?s={search_term_string}\"},\"query-input\":\"required name=search_term_string\"}],\"inLanguage\":\"de\"}]}<\/script>\n<!-- \/ Yoast SEO plugin. -->","yoast_head_json":{"title":"JUVENTAS SECRET DAY CREAM - Ihr Kosmetikstudio in Pirna","robots":{"index":"noindex","follow":"follow","max-snippet":"max-snippet:-1","max-image-preview":"max-image-preview:large","max-video-preview":"max-video-preview:-1"},"og_locale":"de_DE","og_type":"article","og_title":"JUVENTAS SECRET DAY CREAM - Ihr Kosmetikstudio in Pirna","og_description":"Verpackungseinheit: 50 ml Grundpreis: 111,98 \u20ac je 100 ml  Juventas Secret Day Cream bietet auf Basis nat\u00fcrlicher Pflanzen\u00f6le luxuri\u00f6se sowie intensive Anti-Aging Pflege f\u00fcr Ihre Gesichtshaut. Eine reaktivierende, straffende Tagespflege mit exklusivem Lifting Effekt. Die nat\u00fcrliche Anti-Aging Wirkung von Spilanthol, ein nat\u00fcrliches Muskelrelaxanz, l\u00e4sst Ihre Haut im Nu entspannen. Die gl\u00e4ttende Wirkung wird verst\u00e4rkt durch Traubenkern\u00f6l, Granatapfel\u00f6l, Q10, Argan\u00f6l, Hyalurons\u00e4ure sowie Jojoba\u00f6l. F\u00fcr alle Hauttypen. Ohne Parabene, Mineral\u00f6le, Silikone, Mikroplastik und PEG's. 100% vegan. Zur\u00fcck zum Shop","og_url":"https:\/\/www.njoy-referenzen.de\/pfirsichhaut\/produkt\/juventas-secret-day-cream\/","og_site_name":"Ihr Kosmetikstudio in Pirna","article_modified_time":"2022-10-28T11:29:19+00:00","og_image":[{"width":960,"height":960,"url":"https:\/\/www.njoy-referenzen.de\/pfirsichhaut\/wp-content\/uploads\/2-2.jpg","type":"image\/jpeg"}],"twitter_card":"summary_large_image","twitter_misc":{"Gesch\u00e4tzte Lesezeit":"1\u00a0Minute"},"schema":{"@context":"https:\/\/schema.org","@graph":[{"@type":"WebPage","@id":"https:\/\/www.njoy-referenzen.de\/pfirsichhaut\/produkt\/juventas-secret-day-cream\/","url":"https:\/\/www.njoy-referenzen.de\/pfirsichhaut\/produkt\/juventas-secret-day-cream\/","name":"JUVENTAS SECRET DAY CREAM - Ihr Kosmetikstudio in Pirna","isPartOf":{"@id":"https:\/\/www.njoy-referenzen.de\/pfirsichhaut\/#website"},"datePublished":"2020-07-06T20:32:58+00:00","dateModified":"2022-10-28T11:29:19+00:00","breadcrumb":{"@id":"https:\/\/www.njoy-referenzen.de\/pfirsichhaut\/produkt\/juventas-secret-day-cream\/#breadcrumb"},"inLanguage":"de","potentialAction":[{"@type":"ReadAction","target":["https:\/\/www.njoy-referenzen.de\/pfirsichhaut\/produkt\/juventas-secret-day-cream\/"]}]},{"@type":"BreadcrumbList","@id":"https:\/\/www.njoy-referenzen.de\/pfirsichhaut\/produkt\/juventas-secret-day-cream\/#breadcrumb","itemListElement":[{"@type":"ListItem","position":1,"name":"Startseite","item":"https:\/\/www.njoy-referenzen.de\/pfirsichhaut\/"},{"@type":"ListItem","position":2,"name":"Shop","item":"https:\/\/www.njoy-referenzen.de\/pfirsichhaut\/shop\/"},{"@type":"ListItem","position":3,"name":"JUVENTAS SECRET DAY CREAM"}]},{"@type":"WebSite","@id":"https:\/\/www.njoy-referenzen.de\/pfirsichhaut\/#website","url":"https:\/\/www.njoy-referenzen.de\/pfirsichhaut\/","name":"Ihr Kosmetikstudio in Pirna","description":"Ihr Kosmetikstudio in Pirna","potentialAction":[{"@type":"SearchAction","target":{"@type":"EntryPoint","urlTemplate":"https:\/\/www.njoy-referenzen.de\/pfirsichhaut\/?s={search_term_string}"},"query-input":"required name=search_term_string"}],"inLanguage":"de"}]}},"_links":{"self":[{"href":"https:\/\/www.njoy-referenzen.de\/pfirsichhaut\/wp-json\/wp\/v3\/product\/1518"}],"collection":[{"href":"https:\/\/www.njoy-referenzen.de\/pfirsichhaut\/wp-json\/wp\/v3\/product"}],"about":[{"href":"https:\/\/www.njoy-referenzen.de\/pfirsichhaut\/wp-json\/wp\/v2\/types\/product"}],"replies":[{"embeddable":true,"href":"https:\/\/www.njoy-referenzen.de\/pfirsichhaut\/wp-json\/wp\/v2\/comments?post=1518"}],"wp:featuredmedia":[{"embeddable":true,"href":"https:\/\/www.njoy-referenzen.de\/pfirsichhaut\/wp-json\/wp\/v2\/media\/1519"}],"wp:attachment":[{"href":"https:\/\/www.njoy-referenzen.de\/pfirsichhaut\/wp-json\/wp\/v2\/media?parent=1518"}],"wp:term":[{"taxonomy":"product_cat","embeddable":true,"href":"https:\/\/www.njoy-referenzen.de\/pfirsichhaut\/wp-json\/wp\/v2\/product_cat?post=1518"},{"taxonomy":"product_tag","embeddable":true,"href":"https:\/\/www.njoy-referenzen.de\/pfirsichhaut\/wp-json\/wp\/v2\/product_tag?post=1518"}],"curies":[{"name":"wp","href":"https:\/\/api.w.org\/{rel}","templated":true}]}}