























{"id":1500,"date":"2020-07-06T19:41:42","date_gmt":"2020-07-06T19:41:42","guid":{"rendered":"https:\/\/www.njoy-referenzen.de\/pfirsichhaut\/?post_type=product&#038;p=1500"},"modified":"2022-10-28T11:31:18","modified_gmt":"2022-10-28T11:31:18","slug":"karitecreme-forte-mit-pantheno","status":"publish","type":"product","link":"https:\/\/www.njoy-referenzen.de\/pfirsichhaut\/produkt\/karitecreme-forte-mit-pantheno\/","title":{"rendered":"Karit\u00e9creme forte mit Panthenol"},"content":{"rendered":"<p class=\"p1\">Karit\u00e9 (Sheabutter), Glycerin, Panthenol, Allantoin, Arnika-Extrakt, Rosskastanien-Extrakt, Vitamin E<\/p>\n","protected":false},"excerpt":{"rendered":"<p><a href=\"https:\/\/www.njoy-referenzen.de\/pfirsichhaut\/wp-content\/uploads\/20200306-BAEHR_Logo_rgb.jpg\"><img class=\"alignnone wp-image-1426\" src=\"https:\/\/www.njoy-referenzen.de\/pfirsichhaut\/wp-content\/uploads\/20200306-BAEHR_Logo_rgb-300x91.jpg\" alt=\"\" width=\"171\" height=\"52\" srcset=\"https:\/\/www.njoy-referenzen.de\/pfirsichhaut\/wp-content\/uploads\/20200306-BAEHR_Logo_rgb-200x60.jpg 200w, https:\/\/www.njoy-referenzen.de\/pfirsichhaut\/wp-content\/uploads\/20200306-BAEHR_Logo_rgb-300x91.jpg 300w, https:\/\/www.njoy-referenzen.de\/pfirsichhaut\/wp-content\/uploads\/20200306-BAEHR_Logo_rgb-400x121.jpg 400w, https:\/\/www.njoy-referenzen.de\/pfirsichhaut\/wp-content\/uploads\/20200306-BAEHR_Logo_rgb-500x151.jpg 500w, https:\/\/www.njoy-referenzen.de\/pfirsichhaut\/wp-content\/uploads\/20200306-BAEHR_Logo_rgb-600x181.jpg 600w, https:\/\/www.njoy-referenzen.de\/pfirsichhaut\/wp-content\/uploads\/20200306-BAEHR_Logo_rgb-700x211.jpg 700w, https:\/\/www.njoy-referenzen.de\/pfirsichhaut\/wp-content\/uploads\/20200306-BAEHR_Logo_rgb-768x232.jpg 768w, https:\/\/www.njoy-referenzen.de\/pfirsichhaut\/wp-content\/uploads\/20200306-BAEHR_Logo_rgb-800x241.jpg 800w, https:\/\/www.njoy-referenzen.de\/pfirsichhaut\/wp-content\/uploads\/20200306-BAEHR_Logo_rgb-1024x309.jpg 1024w, https:\/\/www.njoy-referenzen.de\/pfirsichhaut\/wp-content\/uploads\/20200306-BAEHR_Logo_rgb-1200x362.jpg 1200w, https:\/\/www.njoy-referenzen.de\/pfirsichhaut\/wp-content\/uploads\/20200306-BAEHR_Logo_rgb-1536x463.jpg 1536w, https:\/\/www.njoy-referenzen.de\/pfirsichhaut\/wp-content\/uploads\/20200306-BAEHR_Logo_rgb.jpg 1654w\" sizes=\"(max-width: 171px) 100vw, 171px\" \/><\/a><a href=\"https:\/\/www.njoy-referenzen.de\/pfirsichhaut\/wp-content\/uploads\/baehrshop-logo-pedibaehr.jpg\"><img class=\"alignnone wp-image-1427\" src=\"https:\/\/www.njoy-referenzen.de\/pfirsichhaut\/wp-content\/uploads\/baehrshop-logo-pedibaehr-300x180.jpg\" alt=\"\" width=\"108\" height=\"65\" srcset=\"https:\/\/www.njoy-referenzen.de\/pfirsichhaut\/wp-content\/uploads\/baehrshop-logo-pedibaehr-200x120.jpg 200w, https:\/\/www.njoy-referenzen.de\/pfirsichhaut\/wp-content\/uploads\/baehrshop-logo-pedibaehr-300x180.jpg 300w, https:\/\/www.njoy-referenzen.de\/pfirsichhaut\/wp-content\/uploads\/baehrshop-logo-pedibaehr-400x240.jpg 400w, https:\/\/www.njoy-referenzen.de\/pfirsichhaut\/wp-content\/uploads\/baehrshop-logo-pedibaehr.jpg 500w\" sizes=\"(max-width: 108px) 100vw, 108px\" \/><\/a><\/p>\n<p class=\"p1\">Diese hochwirksame Creme enth\u00e4lt neben Wirkstoffkombination aus Allantoin, Glycerin und Vitamin A-Palmitat vor allem Panthenol und verbessert sofort nach dem ersten Auftragen sp\u00fcrbare das Hautgef\u00fchl mit Langzeitwirkung. Der hohe Anteil an Karit\u00e9 (Sheabutter) regeneriert die Haut und erh\u00e4lt deren nat\u00fcrliche Hydrolipid-Balance. Die Fu\u00dfcreme ist dermatologisch gepr\u00fcft und \u00fcberzeugt durch eine hohe Ergiebigkeit, schnelle Wirkung und eine sichtbare Verbesserung des Hautbildes, schon nach der ersten Anwendung.<\/p>\n<p class=\"p1\"><a class=\"shop-btn\" href=\"\/shop\/\">Zur\u00fcck zum Shop<\/a><\/p>\n","protected":false},"featured_media":1675,"comment_status":"closed","ping_status":"closed","template":"","meta":[],"product_cat":[21,28],"product_tag":[],"yoast_head":"<!-- This site is optimized with the Yoast SEO plugin v20.6 - https:\/\/yoast.com\/wordpress\/plugins\/seo\/ -->\n<title>Karit\u00e9creme forte mit Panthenol - Ihr Kosmetikstudio in Pirna<\/title>\n<meta name=\"robots\" content=\"noindex, follow, max-snippet:-1, max-image-preview:large, max-video-preview:-1\" \/>\n<meta property=\"og:locale\" content=\"de_DE\" \/>\n<meta property=\"og:type\" content=\"article\" \/>\n<meta property=\"og:title\" content=\"Karit\u00e9creme forte mit Panthenol - Ihr Kosmetikstudio in Pirna\" \/>\n<meta property=\"og:description\" content=\"Diese hochwirksame Creme enth\u00e4lt neben Wirkstoffkombination aus Allantoin, Glycerin und Vitamin A-Palmitat vor allem Panthenol und verbessert sofort nach dem ersten Auftragen sp\u00fcrbare das Hautgef\u00fchl mit Langzeitwirkung. Der hohe Anteil an Karit\u00e9 (Sheabutter) regeneriert die Haut und erh\u00e4lt deren nat\u00fcrliche Hydrolipid-Balance. Die Fu\u00dfcreme ist dermatologisch gepr\u00fcft und \u00fcberzeugt durch eine hohe Ergiebigkeit, schnelle Wirkung und eine sichtbare Verbesserung des Hautbildes, schon nach der ersten Anwendung. Zur\u00fcck zum Shop\" \/>\n<meta property=\"og:url\" content=\"https:\/\/www.njoy-referenzen.de\/pfirsichhaut\/produkt\/karitecreme-forte-mit-pantheno\/\" \/>\n<meta property=\"og:site_name\" content=\"Ihr Kosmetikstudio in Pirna\" \/>\n<meta property=\"article:modified_time\" content=\"2022-10-28T11:31:18+00:00\" \/>\n<meta property=\"og:image\" content=\"https:\/\/www.njoy-referenzen.de\/pfirsichhaut\/wp-content\/uploads\/8B.jpg\" \/>\n\t<meta property=\"og:image:width\" content=\"1000\" \/>\n\t<meta property=\"og:image:height\" content=\"1000\" \/>\n\t<meta property=\"og:image:type\" content=\"image\/jpeg\" \/>\n<meta name=\"twitter:card\" content=\"summary_large_image\" \/>\n<meta name=\"twitter:label1\" content=\"Gesch\u00e4tzte Lesezeit\" \/>\n\t<meta name=\"twitter:data1\" content=\"1\u00a0Minute\" \/>\n<script type=\"application\/ld+json\" class=\"yoast-schema-graph\">{\"@context\":\"https:\/\/schema.org\",\"@graph\":[{\"@type\":\"WebPage\",\"@id\":\"https:\/\/www.njoy-referenzen.de\/pfirsichhaut\/produkt\/karitecreme-forte-mit-pantheno\/\",\"url\":\"https:\/\/www.njoy-referenzen.de\/pfirsichhaut\/produkt\/karitecreme-forte-mit-pantheno\/\",\"name\":\"Karit\u00e9creme forte mit Panthenol - Ihr Kosmetikstudio in Pirna\",\"isPartOf\":{\"@id\":\"https:\/\/www.njoy-referenzen.de\/pfirsichhaut\/#website\"},\"datePublished\":\"2020-07-06T19:41:42+00:00\",\"dateModified\":\"2022-10-28T11:31:18+00:00\",\"breadcrumb\":{\"@id\":\"https:\/\/www.njoy-referenzen.de\/pfirsichhaut\/produkt\/karitecreme-forte-mit-pantheno\/#breadcrumb\"},\"inLanguage\":\"de\",\"potentialAction\":[{\"@type\":\"ReadAction\",\"target\":[\"https:\/\/www.njoy-referenzen.de\/pfirsichhaut\/produkt\/karitecreme-forte-mit-pantheno\/\"]}]},{\"@type\":\"BreadcrumbList\",\"@id\":\"https:\/\/www.njoy-referenzen.de\/pfirsichhaut\/produkt\/karitecreme-forte-mit-pantheno\/#breadcrumb\",\"itemListElement\":[{\"@type\":\"ListItem\",\"position\":1,\"name\":\"Startseite\",\"item\":\"https:\/\/www.njoy-referenzen.de\/pfirsichhaut\/\"},{\"@type\":\"ListItem\",\"position\":2,\"name\":\"Shop\",\"item\":\"https:\/\/www.njoy-referenzen.de\/pfirsichhaut\/shop\/\"},{\"@type\":\"ListItem\",\"position\":3,\"name\":\"Karit\u00e9creme forte mit Panthenol\"}]},{\"@type\":\"WebSite\",\"@id\":\"https:\/\/www.njoy-referenzen.de\/pfirsichhaut\/#website\",\"url\":\"https:\/\/www.njoy-referenzen.de\/pfirsichhaut\/\",\"name\":\"Ihr Kosmetikstudio in Pirna\",\"description\":\"Ihr Kosmetikstudio in Pirna\",\"potentialAction\":[{\"@type\":\"SearchAction\",\"target\":{\"@type\":\"EntryPoint\",\"urlTemplate\":\"https:\/\/www.njoy-referenzen.de\/pfirsichhaut\/?s={search_term_string}\"},\"query-input\":\"required name=search_term_string\"}],\"inLanguage\":\"de\"}]}<\/script>\n<!-- \/ Yoast SEO plugin. -->","yoast_head_json":{"title":"Karit\u00e9creme forte mit Panthenol - Ihr Kosmetikstudio in Pirna","robots":{"index":"noindex","follow":"follow","max-snippet":"max-snippet:-1","max-image-preview":"max-image-preview:large","max-video-preview":"max-video-preview:-1"},"og_locale":"de_DE","og_type":"article","og_title":"Karit\u00e9creme forte mit Panthenol - Ihr Kosmetikstudio in Pirna","og_description":"Diese hochwirksame Creme enth\u00e4lt neben Wirkstoffkombination aus Allantoin, Glycerin und Vitamin A-Palmitat vor allem Panthenol und verbessert sofort nach dem ersten Auftragen sp\u00fcrbare das Hautgef\u00fchl mit Langzeitwirkung. Der hohe Anteil an Karit\u00e9 (Sheabutter) regeneriert die Haut und erh\u00e4lt deren nat\u00fcrliche Hydrolipid-Balance. Die Fu\u00dfcreme ist dermatologisch gepr\u00fcft und \u00fcberzeugt durch eine hohe Ergiebigkeit, schnelle Wirkung und eine sichtbare Verbesserung des Hautbildes, schon nach der ersten Anwendung. Zur\u00fcck zum Shop","og_url":"https:\/\/www.njoy-referenzen.de\/pfirsichhaut\/produkt\/karitecreme-forte-mit-pantheno\/","og_site_name":"Ihr Kosmetikstudio in Pirna","article_modified_time":"2022-10-28T11:31:18+00:00","og_image":[{"width":1000,"height":1000,"url":"https:\/\/www.njoy-referenzen.de\/pfirsichhaut\/wp-content\/uploads\/8B.jpg","type":"image\/jpeg"}],"twitter_card":"summary_large_image","twitter_misc":{"Gesch\u00e4tzte Lesezeit":"1\u00a0Minute"},"schema":{"@context":"https:\/\/schema.org","@graph":[{"@type":"WebPage","@id":"https:\/\/www.njoy-referenzen.de\/pfirsichhaut\/produkt\/karitecreme-forte-mit-pantheno\/","url":"https:\/\/www.njoy-referenzen.de\/pfirsichhaut\/produkt\/karitecreme-forte-mit-pantheno\/","name":"Karit\u00e9creme forte mit Panthenol - Ihr Kosmetikstudio in Pirna","isPartOf":{"@id":"https:\/\/www.njoy-referenzen.de\/pfirsichhaut\/#website"},"datePublished":"2020-07-06T19:41:42+00:00","dateModified":"2022-10-28T11:31:18+00:00","breadcrumb":{"@id":"https:\/\/www.njoy-referenzen.de\/pfirsichhaut\/produkt\/karitecreme-forte-mit-pantheno\/#breadcrumb"},"inLanguage":"de","potentialAction":[{"@type":"ReadAction","target":["https:\/\/www.njoy-referenzen.de\/pfirsichhaut\/produkt\/karitecreme-forte-mit-pantheno\/"]}]},{"@type":"BreadcrumbList","@id":"https:\/\/www.njoy-referenzen.de\/pfirsichhaut\/produkt\/karitecreme-forte-mit-pantheno\/#breadcrumb","itemListElement":[{"@type":"ListItem","position":1,"name":"Startseite","item":"https:\/\/www.njoy-referenzen.de\/pfirsichhaut\/"},{"@type":"ListItem","position":2,"name":"Shop","item":"https:\/\/www.njoy-referenzen.de\/pfirsichhaut\/shop\/"},{"@type":"ListItem","position":3,"name":"Karit\u00e9creme forte mit Panthenol"}]},{"@type":"WebSite","@id":"https:\/\/www.njoy-referenzen.de\/pfirsichhaut\/#website","url":"https:\/\/www.njoy-referenzen.de\/pfirsichhaut\/","name":"Ihr Kosmetikstudio in Pirna","description":"Ihr Kosmetikstudio in Pirna","potentialAction":[{"@type":"SearchAction","target":{"@type":"EntryPoint","urlTemplate":"https:\/\/www.njoy-referenzen.de\/pfirsichhaut\/?s={search_term_string}"},"query-input":"required name=search_term_string"}],"inLanguage":"de"}]}},"_links":{"self":[{"href":"https:\/\/www.njoy-referenzen.de\/pfirsichhaut\/wp-json\/wp\/v3\/product\/1500"}],"collection":[{"href":"https:\/\/www.njoy-referenzen.de\/pfirsichhaut\/wp-json\/wp\/v3\/product"}],"about":[{"href":"https:\/\/www.njoy-referenzen.de\/pfirsichhaut\/wp-json\/wp\/v2\/types\/product"}],"replies":[{"embeddable":true,"href":"https:\/\/www.njoy-referenzen.de\/pfirsichhaut\/wp-json\/wp\/v2\/comments?post=1500"}],"wp:featuredmedia":[{"embeddable":true,"href":"https:\/\/www.njoy-referenzen.de\/pfirsichhaut\/wp-json\/wp\/v2\/media\/1675"}],"wp:attachment":[{"href":"https:\/\/www.njoy-referenzen.de\/pfirsichhaut\/wp-json\/wp\/v2\/media?parent=1500"}],"wp:term":[{"taxonomy":"product_cat","embeddable":true,"href":"https:\/\/www.njoy-referenzen.de\/pfirsichhaut\/wp-json\/wp\/v2\/product_cat?post=1500"},{"taxonomy":"product_tag","embeddable":true,"href":"https:\/\/www.njoy-referenzen.de\/pfirsichhaut\/wp-json\/wp\/v2\/product_tag?post=1500"}],"curies":[{"name":"wp","href":"https:\/\/api.w.org\/{rel}","templated":true}]}}