























{"id":1498,"date":"2020-07-06T19:37:40","date_gmt":"2020-07-06T19:37:40","guid":{"rendered":"https:\/\/www.njoy-referenzen.de\/pfirsichhaut\/?post_type=product&#038;p=1498"},"modified":"2022-10-28T11:31:34","modified_gmt":"2022-10-28T11:31:34","slug":"sensitivbalsam-soft-mit-10-urea","status":"publish","type":"product","link":"https:\/\/www.njoy-referenzen.de\/pfirsichhaut\/produkt\/sensitivbalsam-soft-mit-10-urea\/","title":{"rendered":"Sensitivbalsam soft mit 10 % Urea"},"content":{"rendered":"<p class=\"p1\">AQUA (WATER), GLYCERIN, PROPYLENE GLYCOL, SORBITOL, PAPAIN, CARICA PAPAYA FRUIT EXTRACT, CITRUS LIMON (LEMON) FRUIT EXTRACT, ANANAS SATIVUS (PINEAPPLE) FRUIT EXTRACT, BENZYL ALCOHOL, SODIUM BENZOATE, CARBOMER, SODIUM HYDROXIDE, ETHYHEXYLGYCERIN, PHENOXYETHANOL, DEHYDROACETIC ACID<\/p>\n<p class=\"p1\">ohne Parabene<\/p>\n<p class=\"p1\">ohne Silikone<\/p>\n<p class=\"p1\">ohne Mikroplastik<\/p>\n<p class=\"p1\">ohne PEG\u2018s<\/p>\n<p class=\"p1\">ohne Mineral\u00f6le<\/p>\n<p class=\"p1\">ohne Parf\u00fcm\u00f6le<\/p>\n","protected":false},"excerpt":{"rendered":"<p><a href=\"https:\/\/www.njoy-referenzen.de\/pfirsichhaut\/wp-content\/uploads\/20200306-BAEHR_Logo_rgb.jpg\"><img class=\"alignnone wp-image-1426\" src=\"https:\/\/www.njoy-referenzen.de\/pfirsichhaut\/wp-content\/uploads\/20200306-BAEHR_Logo_rgb-300x91.jpg\" alt=\"\" width=\"165\" height=\"50\" srcset=\"https:\/\/www.njoy-referenzen.de\/pfirsichhaut\/wp-content\/uploads\/20200306-BAEHR_Logo_rgb-200x60.jpg 200w, https:\/\/www.njoy-referenzen.de\/pfirsichhaut\/wp-content\/uploads\/20200306-BAEHR_Logo_rgb-300x91.jpg 300w, https:\/\/www.njoy-referenzen.de\/pfirsichhaut\/wp-content\/uploads\/20200306-BAEHR_Logo_rgb-400x121.jpg 400w, https:\/\/www.njoy-referenzen.de\/pfirsichhaut\/wp-content\/uploads\/20200306-BAEHR_Logo_rgb-500x151.jpg 500w, https:\/\/www.njoy-referenzen.de\/pfirsichhaut\/wp-content\/uploads\/20200306-BAEHR_Logo_rgb-600x181.jpg 600w, https:\/\/www.njoy-referenzen.de\/pfirsichhaut\/wp-content\/uploads\/20200306-BAEHR_Logo_rgb-700x211.jpg 700w, https:\/\/www.njoy-referenzen.de\/pfirsichhaut\/wp-content\/uploads\/20200306-BAEHR_Logo_rgb-768x232.jpg 768w, https:\/\/www.njoy-referenzen.de\/pfirsichhaut\/wp-content\/uploads\/20200306-BAEHR_Logo_rgb-800x241.jpg 800w, https:\/\/www.njoy-referenzen.de\/pfirsichhaut\/wp-content\/uploads\/20200306-BAEHR_Logo_rgb-1024x309.jpg 1024w, https:\/\/www.njoy-referenzen.de\/pfirsichhaut\/wp-content\/uploads\/20200306-BAEHR_Logo_rgb-1200x362.jpg 1200w, https:\/\/www.njoy-referenzen.de\/pfirsichhaut\/wp-content\/uploads\/20200306-BAEHR_Logo_rgb-1536x463.jpg 1536w, https:\/\/www.njoy-referenzen.de\/pfirsichhaut\/wp-content\/uploads\/20200306-BAEHR_Logo_rgb.jpg 1654w\" sizes=\"(max-width: 165px) 100vw, 165px\" \/><\/a><a href=\"https:\/\/www.njoy-referenzen.de\/pfirsichhaut\/wp-content\/uploads\/baehrshop-logo-pedibaehr.jpg\"><img class=\"alignnone wp-image-1427\" src=\"https:\/\/www.njoy-referenzen.de\/pfirsichhaut\/wp-content\/uploads\/baehrshop-logo-pedibaehr-300x180.jpg\" alt=\"\" width=\"99\" height=\"60\" srcset=\"https:\/\/www.njoy-referenzen.de\/pfirsichhaut\/wp-content\/uploads\/baehrshop-logo-pedibaehr-200x120.jpg 200w, https:\/\/www.njoy-referenzen.de\/pfirsichhaut\/wp-content\/uploads\/baehrshop-logo-pedibaehr-300x180.jpg 300w, https:\/\/www.njoy-referenzen.de\/pfirsichhaut\/wp-content\/uploads\/baehrshop-logo-pedibaehr-400x240.jpg 400w, https:\/\/www.njoy-referenzen.de\/pfirsichhaut\/wp-content\/uploads\/baehrshop-logo-pedibaehr.jpg 500w\" sizes=\"(max-width: 99px) 100vw, 99px\" \/><\/a><\/p>\n<p class=\"p1\">Die reichhaltige Fu\u00dfcreme enth\u00e4lt neben Jojoba\u00f6l, Bienenwachs und Karit\u00e9, vor allem Urea (10%). Der Harnstoff stellt die nat\u00fcrliche Feuchtigkeitsbalance der Haut wieder her. Empfindliche, sensible und leicht reizbare Haut wird gelindert und die nat\u00fcrliche Hautschutzbarriere gest\u00e4rkt. Der sanfte Balsam enth\u00e4lt ausschlie\u00dflich ausgew\u00e4hlte milde, hochreine Inhaltsstoffe<\/p>\n<p class=\"p1\">frei von Duftstoffen, PEGs, Parabenen, Paraffinen, Silikonen und Farbstoffen.<\/p>\n<p class=\"p1\">Raue und rissige Haut wird wieder sp\u00fcrbar weich und geschmeidig. Der Fu\u00dfbalsam ist dermatologisch gepr\u00fcft und \u00fcberzeugt durch eine hohe Ergiebigkeit, schnelle Wirkung und eine sichtbare Verbesserung des Hautbildes, schon nach der ersten Anwendung.<span class=\"Apple-converted-space\">\u00a0 <\/span>dermatologisch gepr\u00fcft, auch f\u00fcr sensible Haut geeignet<\/p>\n<p><a class=\"shop-btn\" href=\"\/shop\/\">Zur\u00fcck zum Shop<\/a><\/p>\n","protected":false},"featured_media":1674,"comment_status":"closed","ping_status":"closed","template":"","meta":[],"product_cat":[21,28],"product_tag":[],"yoast_head":"<!-- This site is optimized with the Yoast SEO plugin v20.6 - https:\/\/yoast.com\/wordpress\/plugins\/seo\/ -->\n<title>Sensitivbalsam soft mit 10 % Urea - Ihr Kosmetikstudio in Pirna<\/title>\n<meta name=\"robots\" content=\"noindex, follow, max-snippet:-1, max-image-preview:large, max-video-preview:-1\" \/>\n<meta property=\"og:locale\" content=\"de_DE\" \/>\n<meta property=\"og:type\" content=\"article\" \/>\n<meta property=\"og:title\" content=\"Sensitivbalsam soft mit 10 % Urea - Ihr Kosmetikstudio in Pirna\" \/>\n<meta property=\"og:description\" content=\"Die reichhaltige Fu\u00dfcreme enth\u00e4lt neben Jojoba\u00f6l, Bienenwachs und Karit\u00e9, vor allem Urea (10%). Der Harnstoff stellt die nat\u00fcrliche Feuchtigkeitsbalance der Haut wieder her. Empfindliche, sensible und leicht reizbare Haut wird gelindert und die nat\u00fcrliche Hautschutzbarriere gest\u00e4rkt. Der sanfte Balsam enth\u00e4lt ausschlie\u00dflich ausgew\u00e4hlte milde, hochreine Inhaltsstoffe frei von Duftstoffen, PEGs, Parabenen, Paraffinen, Silikonen und Farbstoffen. Raue und rissige Haut wird wieder sp\u00fcrbar weich und geschmeidig. Der Fu\u00dfbalsam ist dermatologisch gepr\u00fcft und \u00fcberzeugt durch eine hohe Ergiebigkeit, schnelle Wirkung und eine sichtbare Verbesserung des Hautbildes, schon nach der ersten Anwendung.\u00a0 dermatologisch gepr\u00fcft, auch f\u00fcr sensible Haut geeignet Zur\u00fcck zum Shop\" \/>\n<meta property=\"og:url\" content=\"https:\/\/www.njoy-referenzen.de\/pfirsichhaut\/produkt\/sensitivbalsam-soft-mit-10-urea\/\" \/>\n<meta property=\"og:site_name\" content=\"Ihr Kosmetikstudio in Pirna\" \/>\n<meta property=\"article:modified_time\" content=\"2022-10-28T11:31:34+00:00\" \/>\n<meta property=\"og:image\" content=\"https:\/\/www.njoy-referenzen.de\/pfirsichhaut\/wp-content\/uploads\/7B.jpg\" \/>\n\t<meta property=\"og:image:width\" content=\"1000\" \/>\n\t<meta property=\"og:image:height\" content=\"1000\" \/>\n\t<meta property=\"og:image:type\" content=\"image\/jpeg\" \/>\n<meta name=\"twitter:card\" content=\"summary_large_image\" \/>\n<meta name=\"twitter:label1\" content=\"Gesch\u00e4tzte Lesezeit\" \/>\n\t<meta name=\"twitter:data1\" content=\"1\u00a0Minute\" \/>\n<script type=\"application\/ld+json\" class=\"yoast-schema-graph\">{\"@context\":\"https:\/\/schema.org\",\"@graph\":[{\"@type\":\"WebPage\",\"@id\":\"https:\/\/www.njoy-referenzen.de\/pfirsichhaut\/produkt\/sensitivbalsam-soft-mit-10-urea\/\",\"url\":\"https:\/\/www.njoy-referenzen.de\/pfirsichhaut\/produkt\/sensitivbalsam-soft-mit-10-urea\/\",\"name\":\"Sensitivbalsam soft mit 10 % Urea - Ihr Kosmetikstudio in Pirna\",\"isPartOf\":{\"@id\":\"https:\/\/www.njoy-referenzen.de\/pfirsichhaut\/#website\"},\"datePublished\":\"2020-07-06T19:37:40+00:00\",\"dateModified\":\"2022-10-28T11:31:34+00:00\",\"breadcrumb\":{\"@id\":\"https:\/\/www.njoy-referenzen.de\/pfirsichhaut\/produkt\/sensitivbalsam-soft-mit-10-urea\/#breadcrumb\"},\"inLanguage\":\"de\",\"potentialAction\":[{\"@type\":\"ReadAction\",\"target\":[\"https:\/\/www.njoy-referenzen.de\/pfirsichhaut\/produkt\/sensitivbalsam-soft-mit-10-urea\/\"]}]},{\"@type\":\"BreadcrumbList\",\"@id\":\"https:\/\/www.njoy-referenzen.de\/pfirsichhaut\/produkt\/sensitivbalsam-soft-mit-10-urea\/#breadcrumb\",\"itemListElement\":[{\"@type\":\"ListItem\",\"position\":1,\"name\":\"Startseite\",\"item\":\"https:\/\/www.njoy-referenzen.de\/pfirsichhaut\/\"},{\"@type\":\"ListItem\",\"position\":2,\"name\":\"Shop\",\"item\":\"https:\/\/www.njoy-referenzen.de\/pfirsichhaut\/shop\/\"},{\"@type\":\"ListItem\",\"position\":3,\"name\":\"Sensitivbalsam soft mit 10 % Urea\"}]},{\"@type\":\"WebSite\",\"@id\":\"https:\/\/www.njoy-referenzen.de\/pfirsichhaut\/#website\",\"url\":\"https:\/\/www.njoy-referenzen.de\/pfirsichhaut\/\",\"name\":\"Ihr Kosmetikstudio in Pirna\",\"description\":\"Ihr Kosmetikstudio in Pirna\",\"potentialAction\":[{\"@type\":\"SearchAction\",\"target\":{\"@type\":\"EntryPoint\",\"urlTemplate\":\"https:\/\/www.njoy-referenzen.de\/pfirsichhaut\/?s={search_term_string}\"},\"query-input\":\"required name=search_term_string\"}],\"inLanguage\":\"de\"}]}<\/script>\n<!-- \/ Yoast SEO plugin. -->","yoast_head_json":{"title":"Sensitivbalsam soft mit 10 % Urea - Ihr Kosmetikstudio in Pirna","robots":{"index":"noindex","follow":"follow","max-snippet":"max-snippet:-1","max-image-preview":"max-image-preview:large","max-video-preview":"max-video-preview:-1"},"og_locale":"de_DE","og_type":"article","og_title":"Sensitivbalsam soft mit 10 % Urea - Ihr Kosmetikstudio in Pirna","og_description":"Die reichhaltige Fu\u00dfcreme enth\u00e4lt neben Jojoba\u00f6l, Bienenwachs und Karit\u00e9, vor allem Urea (10%). Der Harnstoff stellt die nat\u00fcrliche Feuchtigkeitsbalance der Haut wieder her. Empfindliche, sensible und leicht reizbare Haut wird gelindert und die nat\u00fcrliche Hautschutzbarriere gest\u00e4rkt. Der sanfte Balsam enth\u00e4lt ausschlie\u00dflich ausgew\u00e4hlte milde, hochreine Inhaltsstoffe frei von Duftstoffen, PEGs, Parabenen, Paraffinen, Silikonen und Farbstoffen. Raue und rissige Haut wird wieder sp\u00fcrbar weich und geschmeidig. Der Fu\u00dfbalsam ist dermatologisch gepr\u00fcft und \u00fcberzeugt durch eine hohe Ergiebigkeit, schnelle Wirkung und eine sichtbare Verbesserung des Hautbildes, schon nach der ersten Anwendung.\u00a0 dermatologisch gepr\u00fcft, auch f\u00fcr sensible Haut geeignet Zur\u00fcck zum Shop","og_url":"https:\/\/www.njoy-referenzen.de\/pfirsichhaut\/produkt\/sensitivbalsam-soft-mit-10-urea\/","og_site_name":"Ihr Kosmetikstudio in Pirna","article_modified_time":"2022-10-28T11:31:34+00:00","og_image":[{"width":1000,"height":1000,"url":"https:\/\/www.njoy-referenzen.de\/pfirsichhaut\/wp-content\/uploads\/7B.jpg","type":"image\/jpeg"}],"twitter_card":"summary_large_image","twitter_misc":{"Gesch\u00e4tzte Lesezeit":"1\u00a0Minute"},"schema":{"@context":"https:\/\/schema.org","@graph":[{"@type":"WebPage","@id":"https:\/\/www.njoy-referenzen.de\/pfirsichhaut\/produkt\/sensitivbalsam-soft-mit-10-urea\/","url":"https:\/\/www.njoy-referenzen.de\/pfirsichhaut\/produkt\/sensitivbalsam-soft-mit-10-urea\/","name":"Sensitivbalsam soft mit 10 % Urea - Ihr Kosmetikstudio in Pirna","isPartOf":{"@id":"https:\/\/www.njoy-referenzen.de\/pfirsichhaut\/#website"},"datePublished":"2020-07-06T19:37:40+00:00","dateModified":"2022-10-28T11:31:34+00:00","breadcrumb":{"@id":"https:\/\/www.njoy-referenzen.de\/pfirsichhaut\/produkt\/sensitivbalsam-soft-mit-10-urea\/#breadcrumb"},"inLanguage":"de","potentialAction":[{"@type":"ReadAction","target":["https:\/\/www.njoy-referenzen.de\/pfirsichhaut\/produkt\/sensitivbalsam-soft-mit-10-urea\/"]}]},{"@type":"BreadcrumbList","@id":"https:\/\/www.njoy-referenzen.de\/pfirsichhaut\/produkt\/sensitivbalsam-soft-mit-10-urea\/#breadcrumb","itemListElement":[{"@type":"ListItem","position":1,"name":"Startseite","item":"https:\/\/www.njoy-referenzen.de\/pfirsichhaut\/"},{"@type":"ListItem","position":2,"name":"Shop","item":"https:\/\/www.njoy-referenzen.de\/pfirsichhaut\/shop\/"},{"@type":"ListItem","position":3,"name":"Sensitivbalsam soft mit 10 % Urea"}]},{"@type":"WebSite","@id":"https:\/\/www.njoy-referenzen.de\/pfirsichhaut\/#website","url":"https:\/\/www.njoy-referenzen.de\/pfirsichhaut\/","name":"Ihr Kosmetikstudio in Pirna","description":"Ihr Kosmetikstudio in Pirna","potentialAction":[{"@type":"SearchAction","target":{"@type":"EntryPoint","urlTemplate":"https:\/\/www.njoy-referenzen.de\/pfirsichhaut\/?s={search_term_string}"},"query-input":"required name=search_term_string"}],"inLanguage":"de"}]}},"_links":{"self":[{"href":"https:\/\/www.njoy-referenzen.de\/pfirsichhaut\/wp-json\/wp\/v3\/product\/1498"}],"collection":[{"href":"https:\/\/www.njoy-referenzen.de\/pfirsichhaut\/wp-json\/wp\/v3\/product"}],"about":[{"href":"https:\/\/www.njoy-referenzen.de\/pfirsichhaut\/wp-json\/wp\/v2\/types\/product"}],"replies":[{"embeddable":true,"href":"https:\/\/www.njoy-referenzen.de\/pfirsichhaut\/wp-json\/wp\/v2\/comments?post=1498"}],"wp:featuredmedia":[{"embeddable":true,"href":"https:\/\/www.njoy-referenzen.de\/pfirsichhaut\/wp-json\/wp\/v2\/media\/1674"}],"wp:attachment":[{"href":"https:\/\/www.njoy-referenzen.de\/pfirsichhaut\/wp-json\/wp\/v2\/media?parent=1498"}],"wp:term":[{"taxonomy":"product_cat","embeddable":true,"href":"https:\/\/www.njoy-referenzen.de\/pfirsichhaut\/wp-json\/wp\/v2\/product_cat?post=1498"},{"taxonomy":"product_tag","embeddable":true,"href":"https:\/\/www.njoy-referenzen.de\/pfirsichhaut\/wp-json\/wp\/v2\/product_tag?post=1498"}],"curies":[{"name":"wp","href":"https:\/\/api.w.org\/{rel}","templated":true}]}}