























{"id":1496,"date":"2020-07-06T19:33:32","date_gmt":"2020-07-06T19:33:32","guid":{"rendered":"https:\/\/www.njoy-referenzen.de\/pfirsichhaut\/?post_type=product&#038;p=1496"},"modified":"2022-10-28T11:31:54","modified_gmt":"2022-10-28T11:31:54","slug":"cremeschaum-mit-magnolie","status":"publish","type":"product","link":"https:\/\/www.njoy-referenzen.de\/pfirsichhaut\/produkt\/cremeschaum-mit-magnolie\/","title":{"rendered":"Cremeschaum mit Magnolie"},"content":{"rendered":"<p class=\"p1\">Aqua (Water), Glycerin, Butane, Urea, Isopropyl Myristate, Polyglyceryl-3 Stearate, Propane, Oryza Sativa (Rice) Bran Oil, Sodium Stearoyl Lactylate, Cetearyl Alcohol, Panthenol, Ricinus Communis (Castor) Seed Oil, Sodium Lauroyl Sarcosinate, Magnolia Officinalis Bark Extract, Silver Citrate, Zingiber Officinale (Ginger) Root Extract, Capsicum Frutescens (Chili) Fruit Extract, Urtica Dioica (Nettle) Leaf Extract, Allantoin, Cetearyl Glucoside, Helianthus Annuus (Sunflower) Seed Oil, Sodium Lactate, Glucose, Lactic Acid, Parfum (Fragrance), Citric Acid, Potassium Sorbate, Sodium Benzoate, Isobutane.<\/p>\n","protected":false},"excerpt":{"rendered":"<p><a href=\"https:\/\/www.njoy-referenzen.de\/pfirsichhaut\/wp-content\/uploads\/20200306-BAEHR_Logo_rgb.jpg\"><img class=\"alignnone wp-image-1426\" src=\"https:\/\/www.njoy-referenzen.de\/pfirsichhaut\/wp-content\/uploads\/20200306-BAEHR_Logo_rgb-300x91.jpg\" alt=\"\" width=\"168\" height=\"51\" srcset=\"https:\/\/www.njoy-referenzen.de\/pfirsichhaut\/wp-content\/uploads\/20200306-BAEHR_Logo_rgb-200x60.jpg 200w, https:\/\/www.njoy-referenzen.de\/pfirsichhaut\/wp-content\/uploads\/20200306-BAEHR_Logo_rgb-300x91.jpg 300w, https:\/\/www.njoy-referenzen.de\/pfirsichhaut\/wp-content\/uploads\/20200306-BAEHR_Logo_rgb-400x121.jpg 400w, https:\/\/www.njoy-referenzen.de\/pfirsichhaut\/wp-content\/uploads\/20200306-BAEHR_Logo_rgb-500x151.jpg 500w, https:\/\/www.njoy-referenzen.de\/pfirsichhaut\/wp-content\/uploads\/20200306-BAEHR_Logo_rgb-600x181.jpg 600w, https:\/\/www.njoy-referenzen.de\/pfirsichhaut\/wp-content\/uploads\/20200306-BAEHR_Logo_rgb-700x211.jpg 700w, https:\/\/www.njoy-referenzen.de\/pfirsichhaut\/wp-content\/uploads\/20200306-BAEHR_Logo_rgb-768x232.jpg 768w, https:\/\/www.njoy-referenzen.de\/pfirsichhaut\/wp-content\/uploads\/20200306-BAEHR_Logo_rgb-800x241.jpg 800w, https:\/\/www.njoy-referenzen.de\/pfirsichhaut\/wp-content\/uploads\/20200306-BAEHR_Logo_rgb-1024x309.jpg 1024w, https:\/\/www.njoy-referenzen.de\/pfirsichhaut\/wp-content\/uploads\/20200306-BAEHR_Logo_rgb-1200x362.jpg 1200w, https:\/\/www.njoy-referenzen.de\/pfirsichhaut\/wp-content\/uploads\/20200306-BAEHR_Logo_rgb-1536x463.jpg 1536w, https:\/\/www.njoy-referenzen.de\/pfirsichhaut\/wp-content\/uploads\/20200306-BAEHR_Logo_rgb.jpg 1654w\" sizes=\"(max-width: 168px) 100vw, 168px\" \/><\/a><a href=\"https:\/\/www.njoy-referenzen.de\/pfirsichhaut\/wp-content\/uploads\/baehrshop-logo-pedibaehr.jpg\"><img class=\"alignnone wp-image-1427\" src=\"https:\/\/www.njoy-referenzen.de\/pfirsichhaut\/wp-content\/uploads\/baehrshop-logo-pedibaehr-300x180.jpg\" alt=\"\" width=\"108\" height=\"65\" srcset=\"https:\/\/www.njoy-referenzen.de\/pfirsichhaut\/wp-content\/uploads\/baehrshop-logo-pedibaehr-200x120.jpg 200w, https:\/\/www.njoy-referenzen.de\/pfirsichhaut\/wp-content\/uploads\/baehrshop-logo-pedibaehr-300x180.jpg 300w, https:\/\/www.njoy-referenzen.de\/pfirsichhaut\/wp-content\/uploads\/baehrshop-logo-pedibaehr-400x240.jpg 400w, https:\/\/www.njoy-referenzen.de\/pfirsichhaut\/wp-content\/uploads\/baehrshop-logo-pedibaehr.jpg 500w\" sizes=\"(max-width: 108px) 100vw, 108px\" \/><\/a><\/p>\n<p class=\"p1\">Dieser sanfte Cremeschaum besteht aus einem Emulgatorsystem auf rein nat\u00fcrlicher Basis und enth\u00e4lt neben Reiskeim\u00f6l und Urea auch Panthenol und Glycerin, welche die Haut reichhaltig mit Feuchtigkeit versorgen. Die Kombination aus Silberionen und wertvollen Pflanzenextrakten aus Magnolie, Ingwer, Chili und Brennnessel kann auf nat\u00fcrliche Weise Pilzinfektionen vorbeugen. Dieser kraftvolle Cremeschaum unterst\u00fctzt die Regeneration strapazierter Fu\u00dfhaut und soll sie so vor \u00e4u\u00dferen Einfl\u00fcssen sch\u00fctzen. Er ist daher besonders f\u00fcr die Pflege f\u00fcr pilzempfindliche Haut und N\u00e4gel geeignet. Sein weicher<span class=\"Apple-converted-space\">\u00a0 <\/span>angenehme Duft nach Magnolie sorgt f\u00fcr ein rundum verw\u00f6hnendes Pflegeerlebnis. Er ist frei von Konservierunsmitteln, Duft- und Farbstoffen und zieht schnell und vollst\u00e4ndig in die Haut ein.Er ist dermatologisch gepr\u00fcft an sensibler Haut und \u00fcberzeugt durch eine hohe Ergiebigkeit, schnelle Wirkung und eine sichtbare Verbesserung des Hautbildes, schon nach der ersten Anwendung.<\/p>\n<p><a class=\"shop-btn\" href=\"\/shop\/\">Zur\u00fcck zum Shop<\/a><\/p>\n","protected":false},"featured_media":1673,"comment_status":"closed","ping_status":"closed","template":"","meta":[],"product_cat":[21,28],"product_tag":[],"yoast_head":"<!-- This site is optimized with the Yoast SEO plugin v20.6 - https:\/\/yoast.com\/wordpress\/plugins\/seo\/ -->\n<title>Cremeschaum mit Magnolie - Ihr Kosmetikstudio in Pirna<\/title>\n<meta name=\"robots\" content=\"noindex, follow, max-snippet:-1, max-image-preview:large, max-video-preview:-1\" \/>\n<meta property=\"og:locale\" content=\"de_DE\" \/>\n<meta property=\"og:type\" content=\"article\" \/>\n<meta property=\"og:title\" content=\"Cremeschaum mit Magnolie - Ihr Kosmetikstudio in Pirna\" \/>\n<meta property=\"og:description\" content=\"Dieser sanfte Cremeschaum besteht aus einem Emulgatorsystem auf rein nat\u00fcrlicher Basis und enth\u00e4lt neben Reiskeim\u00f6l und Urea auch Panthenol und Glycerin, welche die Haut reichhaltig mit Feuchtigkeit versorgen. Die Kombination aus Silberionen und wertvollen Pflanzenextrakten aus Magnolie, Ingwer, Chili und Brennnessel kann auf nat\u00fcrliche Weise Pilzinfektionen vorbeugen. Dieser kraftvolle Cremeschaum unterst\u00fctzt die Regeneration strapazierter Fu\u00dfhaut und soll sie so vor \u00e4u\u00dferen Einfl\u00fcssen sch\u00fctzen. Er ist daher besonders f\u00fcr die Pflege f\u00fcr pilzempfindliche Haut und N\u00e4gel geeignet. Sein weicher\u00a0 angenehme Duft nach Magnolie sorgt f\u00fcr ein rundum verw\u00f6hnendes Pflegeerlebnis. Er ist frei von Konservierunsmitteln, Duft- und Farbstoffen und zieht schnell und vollst\u00e4ndig in die Haut ein.Er ist dermatologisch gepr\u00fcft an sensibler Haut und \u00fcberzeugt durch eine hohe Ergiebigkeit, schnelle Wirkung und eine sichtbare Verbesserung des Hautbildes, schon nach der ersten Anwendung. Zur\u00fcck zum Shop\" \/>\n<meta property=\"og:url\" content=\"https:\/\/www.njoy-referenzen.de\/pfirsichhaut\/produkt\/cremeschaum-mit-magnolie\/\" \/>\n<meta property=\"og:site_name\" content=\"Ihr Kosmetikstudio in Pirna\" \/>\n<meta property=\"article:modified_time\" content=\"2022-10-28T11:31:54+00:00\" \/>\n<meta property=\"og:image\" content=\"https:\/\/www.njoy-referenzen.de\/pfirsichhaut\/wp-content\/uploads\/6B.jpg\" \/>\n\t<meta property=\"og:image:width\" content=\"1000\" \/>\n\t<meta property=\"og:image:height\" content=\"1000\" \/>\n\t<meta property=\"og:image:type\" content=\"image\/jpeg\" \/>\n<meta name=\"twitter:card\" content=\"summary_large_image\" \/>\n<meta name=\"twitter:label1\" content=\"Gesch\u00e4tzte Lesezeit\" \/>\n\t<meta name=\"twitter:data1\" content=\"1\u00a0Minute\" \/>\n<script type=\"application\/ld+json\" class=\"yoast-schema-graph\">{\"@context\":\"https:\/\/schema.org\",\"@graph\":[{\"@type\":\"WebPage\",\"@id\":\"https:\/\/www.njoy-referenzen.de\/pfirsichhaut\/produkt\/cremeschaum-mit-magnolie\/\",\"url\":\"https:\/\/www.njoy-referenzen.de\/pfirsichhaut\/produkt\/cremeschaum-mit-magnolie\/\",\"name\":\"Cremeschaum mit Magnolie - Ihr Kosmetikstudio in Pirna\",\"isPartOf\":{\"@id\":\"https:\/\/www.njoy-referenzen.de\/pfirsichhaut\/#website\"},\"datePublished\":\"2020-07-06T19:33:32+00:00\",\"dateModified\":\"2022-10-28T11:31:54+00:00\",\"breadcrumb\":{\"@id\":\"https:\/\/www.njoy-referenzen.de\/pfirsichhaut\/produkt\/cremeschaum-mit-magnolie\/#breadcrumb\"},\"inLanguage\":\"de\",\"potentialAction\":[{\"@type\":\"ReadAction\",\"target\":[\"https:\/\/www.njoy-referenzen.de\/pfirsichhaut\/produkt\/cremeschaum-mit-magnolie\/\"]}]},{\"@type\":\"BreadcrumbList\",\"@id\":\"https:\/\/www.njoy-referenzen.de\/pfirsichhaut\/produkt\/cremeschaum-mit-magnolie\/#breadcrumb\",\"itemListElement\":[{\"@type\":\"ListItem\",\"position\":1,\"name\":\"Startseite\",\"item\":\"https:\/\/www.njoy-referenzen.de\/pfirsichhaut\/\"},{\"@type\":\"ListItem\",\"position\":2,\"name\":\"Shop\",\"item\":\"https:\/\/www.njoy-referenzen.de\/pfirsichhaut\/shop\/\"},{\"@type\":\"ListItem\",\"position\":3,\"name\":\"Cremeschaum mit Magnolie\"}]},{\"@type\":\"WebSite\",\"@id\":\"https:\/\/www.njoy-referenzen.de\/pfirsichhaut\/#website\",\"url\":\"https:\/\/www.njoy-referenzen.de\/pfirsichhaut\/\",\"name\":\"Ihr Kosmetikstudio in Pirna\",\"description\":\"Ihr Kosmetikstudio in Pirna\",\"potentialAction\":[{\"@type\":\"SearchAction\",\"target\":{\"@type\":\"EntryPoint\",\"urlTemplate\":\"https:\/\/www.njoy-referenzen.de\/pfirsichhaut\/?s={search_term_string}\"},\"query-input\":\"required name=search_term_string\"}],\"inLanguage\":\"de\"}]}<\/script>\n<!-- \/ Yoast SEO plugin. -->","yoast_head_json":{"title":"Cremeschaum mit Magnolie - Ihr Kosmetikstudio in Pirna","robots":{"index":"noindex","follow":"follow","max-snippet":"max-snippet:-1","max-image-preview":"max-image-preview:large","max-video-preview":"max-video-preview:-1"},"og_locale":"de_DE","og_type":"article","og_title":"Cremeschaum mit Magnolie - Ihr Kosmetikstudio in Pirna","og_description":"Dieser sanfte Cremeschaum besteht aus einem Emulgatorsystem auf rein nat\u00fcrlicher Basis und enth\u00e4lt neben Reiskeim\u00f6l und Urea auch Panthenol und Glycerin, welche die Haut reichhaltig mit Feuchtigkeit versorgen. Die Kombination aus Silberionen und wertvollen Pflanzenextrakten aus Magnolie, Ingwer, Chili und Brennnessel kann auf nat\u00fcrliche Weise Pilzinfektionen vorbeugen. Dieser kraftvolle Cremeschaum unterst\u00fctzt die Regeneration strapazierter Fu\u00dfhaut und soll sie so vor \u00e4u\u00dferen Einfl\u00fcssen sch\u00fctzen. Er ist daher besonders f\u00fcr die Pflege f\u00fcr pilzempfindliche Haut und N\u00e4gel geeignet. Sein weicher\u00a0 angenehme Duft nach Magnolie sorgt f\u00fcr ein rundum verw\u00f6hnendes Pflegeerlebnis. Er ist frei von Konservierunsmitteln, Duft- und Farbstoffen und zieht schnell und vollst\u00e4ndig in die Haut ein.Er ist dermatologisch gepr\u00fcft an sensibler Haut und \u00fcberzeugt durch eine hohe Ergiebigkeit, schnelle Wirkung und eine sichtbare Verbesserung des Hautbildes, schon nach der ersten Anwendung. Zur\u00fcck zum Shop","og_url":"https:\/\/www.njoy-referenzen.de\/pfirsichhaut\/produkt\/cremeschaum-mit-magnolie\/","og_site_name":"Ihr Kosmetikstudio in Pirna","article_modified_time":"2022-10-28T11:31:54+00:00","og_image":[{"width":1000,"height":1000,"url":"https:\/\/www.njoy-referenzen.de\/pfirsichhaut\/wp-content\/uploads\/6B.jpg","type":"image\/jpeg"}],"twitter_card":"summary_large_image","twitter_misc":{"Gesch\u00e4tzte Lesezeit":"1\u00a0Minute"},"schema":{"@context":"https:\/\/schema.org","@graph":[{"@type":"WebPage","@id":"https:\/\/www.njoy-referenzen.de\/pfirsichhaut\/produkt\/cremeschaum-mit-magnolie\/","url":"https:\/\/www.njoy-referenzen.de\/pfirsichhaut\/produkt\/cremeschaum-mit-magnolie\/","name":"Cremeschaum mit Magnolie - Ihr Kosmetikstudio in Pirna","isPartOf":{"@id":"https:\/\/www.njoy-referenzen.de\/pfirsichhaut\/#website"},"datePublished":"2020-07-06T19:33:32+00:00","dateModified":"2022-10-28T11:31:54+00:00","breadcrumb":{"@id":"https:\/\/www.njoy-referenzen.de\/pfirsichhaut\/produkt\/cremeschaum-mit-magnolie\/#breadcrumb"},"inLanguage":"de","potentialAction":[{"@type":"ReadAction","target":["https:\/\/www.njoy-referenzen.de\/pfirsichhaut\/produkt\/cremeschaum-mit-magnolie\/"]}]},{"@type":"BreadcrumbList","@id":"https:\/\/www.njoy-referenzen.de\/pfirsichhaut\/produkt\/cremeschaum-mit-magnolie\/#breadcrumb","itemListElement":[{"@type":"ListItem","position":1,"name":"Startseite","item":"https:\/\/www.njoy-referenzen.de\/pfirsichhaut\/"},{"@type":"ListItem","position":2,"name":"Shop","item":"https:\/\/www.njoy-referenzen.de\/pfirsichhaut\/shop\/"},{"@type":"ListItem","position":3,"name":"Cremeschaum mit Magnolie"}]},{"@type":"WebSite","@id":"https:\/\/www.njoy-referenzen.de\/pfirsichhaut\/#website","url":"https:\/\/www.njoy-referenzen.de\/pfirsichhaut\/","name":"Ihr Kosmetikstudio in Pirna","description":"Ihr Kosmetikstudio in Pirna","potentialAction":[{"@type":"SearchAction","target":{"@type":"EntryPoint","urlTemplate":"https:\/\/www.njoy-referenzen.de\/pfirsichhaut\/?s={search_term_string}"},"query-input":"required name=search_term_string"}],"inLanguage":"de"}]}},"_links":{"self":[{"href":"https:\/\/www.njoy-referenzen.de\/pfirsichhaut\/wp-json\/wp\/v3\/product\/1496"}],"collection":[{"href":"https:\/\/www.njoy-referenzen.de\/pfirsichhaut\/wp-json\/wp\/v3\/product"}],"about":[{"href":"https:\/\/www.njoy-referenzen.de\/pfirsichhaut\/wp-json\/wp\/v2\/types\/product"}],"replies":[{"embeddable":true,"href":"https:\/\/www.njoy-referenzen.de\/pfirsichhaut\/wp-json\/wp\/v2\/comments?post=1496"}],"wp:featuredmedia":[{"embeddable":true,"href":"https:\/\/www.njoy-referenzen.de\/pfirsichhaut\/wp-json\/wp\/v2\/media\/1673"}],"wp:attachment":[{"href":"https:\/\/www.njoy-referenzen.de\/pfirsichhaut\/wp-json\/wp\/v2\/media?parent=1496"}],"wp:term":[{"taxonomy":"product_cat","embeddable":true,"href":"https:\/\/www.njoy-referenzen.de\/pfirsichhaut\/wp-json\/wp\/v2\/product_cat?post=1496"},{"taxonomy":"product_tag","embeddable":true,"href":"https:\/\/www.njoy-referenzen.de\/pfirsichhaut\/wp-json\/wp\/v2\/product_tag?post=1496"}],"curies":[{"name":"wp","href":"https:\/\/api.w.org\/{rel}","templated":true}]}}