























{"id":1492,"date":"2020-07-06T19:20:16","date_gmt":"2020-07-06T19:20:16","guid":{"rendered":"https:\/\/www.njoy-referenzen.de\/pfirsichhaut\/?post_type=product&#038;p=1492"},"modified":"2022-10-28T11:32:31","modified_gmt":"2022-10-28T11:32:31","slug":"cremeschaum-rose-mit-urea","status":"publish","type":"product","link":"https:\/\/www.njoy-referenzen.de\/pfirsichhaut\/produkt\/cremeschaum-rose-mit-urea\/","title":{"rendered":"Cremeschaum Rose mit Urea"},"content":{"rendered":"<p class=\"p1\">Aqua (Water), Urea, Butane, Glycerin, Cetyl Alcohol, Decyl Oleate, Octyldodecanol, Cetearyl Alcohol, Sodium Lauroyl Sarcosinate, Propane, Prunus Persica (Peach) Kernel Oil, Glycine Soja (Soybean) Oil, Propylene Glycol, Rosa Damascena (Damask Rose) Flower Oil, Sodium Hyaluronate, Panthenol, Allantoin, Glucose, Stearic Acid, Palmitic Acid, Cetearyl Glucoside, Isobutane, Geraniol*, Citronellol*.<\/p>\n<p class=\"p1\">* from natural essential oil<\/p>\n","protected":false},"excerpt":{"rendered":"<p><a href=\"https:\/\/www.njoy-referenzen.de\/pfirsichhaut\/wp-content\/uploads\/20200306-BAEHR_Logo_rgb.jpg\"><img class=\"alignnone wp-image-1426\" src=\"https:\/\/www.njoy-referenzen.de\/pfirsichhaut\/wp-content\/uploads\/20200306-BAEHR_Logo_rgb-300x91.jpg\" alt=\"\" width=\"149\" height=\"45\" srcset=\"https:\/\/www.njoy-referenzen.de\/pfirsichhaut\/wp-content\/uploads\/20200306-BAEHR_Logo_rgb-200x60.jpg 200w, https:\/\/www.njoy-referenzen.de\/pfirsichhaut\/wp-content\/uploads\/20200306-BAEHR_Logo_rgb-300x91.jpg 300w, https:\/\/www.njoy-referenzen.de\/pfirsichhaut\/wp-content\/uploads\/20200306-BAEHR_Logo_rgb-400x121.jpg 400w, https:\/\/www.njoy-referenzen.de\/pfirsichhaut\/wp-content\/uploads\/20200306-BAEHR_Logo_rgb-500x151.jpg 500w, https:\/\/www.njoy-referenzen.de\/pfirsichhaut\/wp-content\/uploads\/20200306-BAEHR_Logo_rgb-600x181.jpg 600w, https:\/\/www.njoy-referenzen.de\/pfirsichhaut\/wp-content\/uploads\/20200306-BAEHR_Logo_rgb-700x211.jpg 700w, https:\/\/www.njoy-referenzen.de\/pfirsichhaut\/wp-content\/uploads\/20200306-BAEHR_Logo_rgb-768x232.jpg 768w, https:\/\/www.njoy-referenzen.de\/pfirsichhaut\/wp-content\/uploads\/20200306-BAEHR_Logo_rgb-800x241.jpg 800w, https:\/\/www.njoy-referenzen.de\/pfirsichhaut\/wp-content\/uploads\/20200306-BAEHR_Logo_rgb-1024x309.jpg 1024w, https:\/\/www.njoy-referenzen.de\/pfirsichhaut\/wp-content\/uploads\/20200306-BAEHR_Logo_rgb-1200x362.jpg 1200w, https:\/\/www.njoy-referenzen.de\/pfirsichhaut\/wp-content\/uploads\/20200306-BAEHR_Logo_rgb-1536x463.jpg 1536w, https:\/\/www.njoy-referenzen.de\/pfirsichhaut\/wp-content\/uploads\/20200306-BAEHR_Logo_rgb.jpg 1654w\" sizes=\"(max-width: 149px) 100vw, 149px\" \/><\/a><a href=\"https:\/\/www.njoy-referenzen.de\/pfirsichhaut\/wp-content\/uploads\/baehrshop-logo-pedibaehr.jpg\"><img class=\"alignnone wp-image-1427\" src=\"https:\/\/www.njoy-referenzen.de\/pfirsichhaut\/wp-content\/uploads\/baehrshop-logo-pedibaehr-300x180.jpg\" alt=\"\" width=\"76\" height=\"46\" srcset=\"https:\/\/www.njoy-referenzen.de\/pfirsichhaut\/wp-content\/uploads\/baehrshop-logo-pedibaehr-200x120.jpg 200w, https:\/\/www.njoy-referenzen.de\/pfirsichhaut\/wp-content\/uploads\/baehrshop-logo-pedibaehr-300x180.jpg 300w, https:\/\/www.njoy-referenzen.de\/pfirsichhaut\/wp-content\/uploads\/baehrshop-logo-pedibaehr-400x240.jpg 400w, https:\/\/www.njoy-referenzen.de\/pfirsichhaut\/wp-content\/uploads\/baehrshop-logo-pedibaehr.jpg 500w\" sizes=\"(max-width: 76px) 100vw, 76px\" \/><\/a><\/p>\n<p class=\"p1\">Dieser feiner Cremeschaum enth\u00e4lt neben Pfirsichkern\u00f6l, Glycerin und 10% Urea, vor allem wertvolles, reines Rosen\u00f6l aus der Damaszener-Rose. Urea und die Hyalurons\u00e4uren versorgen die Haut mit Feuchtigkeit. Pfirsichkern\u00f6l und Glycerin pflegen die Haut geschmeidig. Reines Rosen\u00f6l wirkt beruhigend und f\u00f6rdert bei regelm\u00e4\u00dfiger Anwendung eine Reduzierung der Hornhautdicke. Der feuchtigkeitsspendende Cremeschaum ist durch seine regenerierenden Wirkung daher besonders f\u00fcr sehr trockene und raue F\u00fc\u00dfe geeignet. Er ist frei von Konservierunsmitteln, Duft- und Farbstoffen und zieht schnell und vollst\u00e4ndig in die Haut ein. Kompressionsstr\u00fcmpfe k\u00f6nnen nach der Anwendung sofort wieder angezogen werden. Er ist dermatologisch gepr\u00fcft und \u00fcberzeugt durch eine hohe Ergiebigkeit, schnelle Wirkung und eine sichtbare Verbesserung des Hautbildes, schon nach der ersten Anwendung.<span class=\"Apple-converted-space\">\u00a0 \u00a0<\/span><\/p>\n<p><a class=\"shop-btn\" href=\"\/shop\/\">Zur\u00fcck zum Shop<\/a><\/p>\n","protected":false},"featured_media":1671,"comment_status":"closed","ping_status":"closed","template":"","meta":[],"product_cat":[21,28],"product_tag":[],"yoast_head":"<!-- This site is optimized with the Yoast SEO plugin v20.6 - https:\/\/yoast.com\/wordpress\/plugins\/seo\/ -->\n<title>Cremeschaum Rose mit Urea - Ihr Kosmetikstudio in Pirna<\/title>\n<meta name=\"robots\" content=\"noindex, follow, max-snippet:-1, max-image-preview:large, max-video-preview:-1\" \/>\n<meta property=\"og:locale\" content=\"de_DE\" \/>\n<meta property=\"og:type\" content=\"article\" \/>\n<meta property=\"og:title\" content=\"Cremeschaum Rose mit Urea - Ihr Kosmetikstudio in Pirna\" \/>\n<meta property=\"og:description\" content=\"Dieser feiner Cremeschaum enth\u00e4lt neben Pfirsichkern\u00f6l, Glycerin und 10% Urea, vor allem wertvolles, reines Rosen\u00f6l aus der Damaszener-Rose. Urea und die Hyalurons\u00e4uren versorgen die Haut mit Feuchtigkeit. Pfirsichkern\u00f6l und Glycerin pflegen die Haut geschmeidig. Reines Rosen\u00f6l wirkt beruhigend und f\u00f6rdert bei regelm\u00e4\u00dfiger Anwendung eine Reduzierung der Hornhautdicke. Der feuchtigkeitsspendende Cremeschaum ist durch seine regenerierenden Wirkung daher besonders f\u00fcr sehr trockene und raue F\u00fc\u00dfe geeignet. Er ist frei von Konservierunsmitteln, Duft- und Farbstoffen und zieht schnell und vollst\u00e4ndig in die Haut ein. Kompressionsstr\u00fcmpfe k\u00f6nnen nach der Anwendung sofort wieder angezogen werden. Er ist dermatologisch gepr\u00fcft und \u00fcberzeugt durch eine hohe Ergiebigkeit, schnelle Wirkung und eine sichtbare Verbesserung des Hautbildes, schon nach der ersten Anwendung.\u00a0 \u00a0 Zur\u00fcck zum Shop\" \/>\n<meta property=\"og:url\" content=\"https:\/\/www.njoy-referenzen.de\/pfirsichhaut\/produkt\/cremeschaum-rose-mit-urea\/\" \/>\n<meta property=\"og:site_name\" content=\"Ihr Kosmetikstudio in Pirna\" \/>\n<meta property=\"article:modified_time\" content=\"2022-10-28T11:32:31+00:00\" \/>\n<meta property=\"og:image\" content=\"https:\/\/www.njoy-referenzen.de\/pfirsichhaut\/wp-content\/uploads\/4B.jpg\" \/>\n\t<meta property=\"og:image:width\" content=\"1000\" \/>\n\t<meta property=\"og:image:height\" content=\"1000\" \/>\n\t<meta property=\"og:image:type\" content=\"image\/jpeg\" \/>\n<meta name=\"twitter:card\" content=\"summary_large_image\" \/>\n<meta name=\"twitter:label1\" content=\"Gesch\u00e4tzte Lesezeit\" \/>\n\t<meta name=\"twitter:data1\" content=\"1\u00a0Minute\" \/>\n<script type=\"application\/ld+json\" class=\"yoast-schema-graph\">{\"@context\":\"https:\/\/schema.org\",\"@graph\":[{\"@type\":\"WebPage\",\"@id\":\"https:\/\/www.njoy-referenzen.de\/pfirsichhaut\/produkt\/cremeschaum-rose-mit-urea\/\",\"url\":\"https:\/\/www.njoy-referenzen.de\/pfirsichhaut\/produkt\/cremeschaum-rose-mit-urea\/\",\"name\":\"Cremeschaum Rose mit Urea - Ihr Kosmetikstudio in Pirna\",\"isPartOf\":{\"@id\":\"https:\/\/www.njoy-referenzen.de\/pfirsichhaut\/#website\"},\"datePublished\":\"2020-07-06T19:20:16+00:00\",\"dateModified\":\"2022-10-28T11:32:31+00:00\",\"breadcrumb\":{\"@id\":\"https:\/\/www.njoy-referenzen.de\/pfirsichhaut\/produkt\/cremeschaum-rose-mit-urea\/#breadcrumb\"},\"inLanguage\":\"de\",\"potentialAction\":[{\"@type\":\"ReadAction\",\"target\":[\"https:\/\/www.njoy-referenzen.de\/pfirsichhaut\/produkt\/cremeschaum-rose-mit-urea\/\"]}]},{\"@type\":\"BreadcrumbList\",\"@id\":\"https:\/\/www.njoy-referenzen.de\/pfirsichhaut\/produkt\/cremeschaum-rose-mit-urea\/#breadcrumb\",\"itemListElement\":[{\"@type\":\"ListItem\",\"position\":1,\"name\":\"Startseite\",\"item\":\"https:\/\/www.njoy-referenzen.de\/pfirsichhaut\/\"},{\"@type\":\"ListItem\",\"position\":2,\"name\":\"Shop\",\"item\":\"https:\/\/www.njoy-referenzen.de\/pfirsichhaut\/shop\/\"},{\"@type\":\"ListItem\",\"position\":3,\"name\":\"Cremeschaum Rose mit Urea\"}]},{\"@type\":\"WebSite\",\"@id\":\"https:\/\/www.njoy-referenzen.de\/pfirsichhaut\/#website\",\"url\":\"https:\/\/www.njoy-referenzen.de\/pfirsichhaut\/\",\"name\":\"Ihr Kosmetikstudio in Pirna\",\"description\":\"Ihr Kosmetikstudio in Pirna\",\"potentialAction\":[{\"@type\":\"SearchAction\",\"target\":{\"@type\":\"EntryPoint\",\"urlTemplate\":\"https:\/\/www.njoy-referenzen.de\/pfirsichhaut\/?s={search_term_string}\"},\"query-input\":\"required name=search_term_string\"}],\"inLanguage\":\"de\"}]}<\/script>\n<!-- \/ Yoast SEO plugin. -->","yoast_head_json":{"title":"Cremeschaum Rose mit Urea - Ihr Kosmetikstudio in Pirna","robots":{"index":"noindex","follow":"follow","max-snippet":"max-snippet:-1","max-image-preview":"max-image-preview:large","max-video-preview":"max-video-preview:-1"},"og_locale":"de_DE","og_type":"article","og_title":"Cremeschaum Rose mit Urea - Ihr Kosmetikstudio in Pirna","og_description":"Dieser feiner Cremeschaum enth\u00e4lt neben Pfirsichkern\u00f6l, Glycerin und 10% Urea, vor allem wertvolles, reines Rosen\u00f6l aus der Damaszener-Rose. Urea und die Hyalurons\u00e4uren versorgen die Haut mit Feuchtigkeit. Pfirsichkern\u00f6l und Glycerin pflegen die Haut geschmeidig. Reines Rosen\u00f6l wirkt beruhigend und f\u00f6rdert bei regelm\u00e4\u00dfiger Anwendung eine Reduzierung der Hornhautdicke. Der feuchtigkeitsspendende Cremeschaum ist durch seine regenerierenden Wirkung daher besonders f\u00fcr sehr trockene und raue F\u00fc\u00dfe geeignet. Er ist frei von Konservierunsmitteln, Duft- und Farbstoffen und zieht schnell und vollst\u00e4ndig in die Haut ein. Kompressionsstr\u00fcmpfe k\u00f6nnen nach der Anwendung sofort wieder angezogen werden. Er ist dermatologisch gepr\u00fcft und \u00fcberzeugt durch eine hohe Ergiebigkeit, schnelle Wirkung und eine sichtbare Verbesserung des Hautbildes, schon nach der ersten Anwendung.\u00a0 \u00a0 Zur\u00fcck zum Shop","og_url":"https:\/\/www.njoy-referenzen.de\/pfirsichhaut\/produkt\/cremeschaum-rose-mit-urea\/","og_site_name":"Ihr Kosmetikstudio in Pirna","article_modified_time":"2022-10-28T11:32:31+00:00","og_image":[{"width":1000,"height":1000,"url":"https:\/\/www.njoy-referenzen.de\/pfirsichhaut\/wp-content\/uploads\/4B.jpg","type":"image\/jpeg"}],"twitter_card":"summary_large_image","twitter_misc":{"Gesch\u00e4tzte Lesezeit":"1\u00a0Minute"},"schema":{"@context":"https:\/\/schema.org","@graph":[{"@type":"WebPage","@id":"https:\/\/www.njoy-referenzen.de\/pfirsichhaut\/produkt\/cremeschaum-rose-mit-urea\/","url":"https:\/\/www.njoy-referenzen.de\/pfirsichhaut\/produkt\/cremeschaum-rose-mit-urea\/","name":"Cremeschaum Rose mit Urea - Ihr Kosmetikstudio in Pirna","isPartOf":{"@id":"https:\/\/www.njoy-referenzen.de\/pfirsichhaut\/#website"},"datePublished":"2020-07-06T19:20:16+00:00","dateModified":"2022-10-28T11:32:31+00:00","breadcrumb":{"@id":"https:\/\/www.njoy-referenzen.de\/pfirsichhaut\/produkt\/cremeschaum-rose-mit-urea\/#breadcrumb"},"inLanguage":"de","potentialAction":[{"@type":"ReadAction","target":["https:\/\/www.njoy-referenzen.de\/pfirsichhaut\/produkt\/cremeschaum-rose-mit-urea\/"]}]},{"@type":"BreadcrumbList","@id":"https:\/\/www.njoy-referenzen.de\/pfirsichhaut\/produkt\/cremeschaum-rose-mit-urea\/#breadcrumb","itemListElement":[{"@type":"ListItem","position":1,"name":"Startseite","item":"https:\/\/www.njoy-referenzen.de\/pfirsichhaut\/"},{"@type":"ListItem","position":2,"name":"Shop","item":"https:\/\/www.njoy-referenzen.de\/pfirsichhaut\/shop\/"},{"@type":"ListItem","position":3,"name":"Cremeschaum Rose mit Urea"}]},{"@type":"WebSite","@id":"https:\/\/www.njoy-referenzen.de\/pfirsichhaut\/#website","url":"https:\/\/www.njoy-referenzen.de\/pfirsichhaut\/","name":"Ihr Kosmetikstudio in Pirna","description":"Ihr Kosmetikstudio in Pirna","potentialAction":[{"@type":"SearchAction","target":{"@type":"EntryPoint","urlTemplate":"https:\/\/www.njoy-referenzen.de\/pfirsichhaut\/?s={search_term_string}"},"query-input":"required name=search_term_string"}],"inLanguage":"de"}]}},"_links":{"self":[{"href":"https:\/\/www.njoy-referenzen.de\/pfirsichhaut\/wp-json\/wp\/v3\/product\/1492"}],"collection":[{"href":"https:\/\/www.njoy-referenzen.de\/pfirsichhaut\/wp-json\/wp\/v3\/product"}],"about":[{"href":"https:\/\/www.njoy-referenzen.de\/pfirsichhaut\/wp-json\/wp\/v2\/types\/product"}],"replies":[{"embeddable":true,"href":"https:\/\/www.njoy-referenzen.de\/pfirsichhaut\/wp-json\/wp\/v2\/comments?post=1492"}],"wp:featuredmedia":[{"embeddable":true,"href":"https:\/\/www.njoy-referenzen.de\/pfirsichhaut\/wp-json\/wp\/v2\/media\/1671"}],"wp:attachment":[{"href":"https:\/\/www.njoy-referenzen.de\/pfirsichhaut\/wp-json\/wp\/v2\/media?parent=1492"}],"wp:term":[{"taxonomy":"product_cat","embeddable":true,"href":"https:\/\/www.njoy-referenzen.de\/pfirsichhaut\/wp-json\/wp\/v2\/product_cat?post=1492"},{"taxonomy":"product_tag","embeddable":true,"href":"https:\/\/www.njoy-referenzen.de\/pfirsichhaut\/wp-json\/wp\/v2\/product_tag?post=1492"}],"curies":[{"name":"wp","href":"https:\/\/api.w.org\/{rel}","templated":true}]}}