























{"id":1486,"date":"2020-07-06T16:34:32","date_gmt":"2020-07-06T16:34:32","guid":{"rendered":"https:\/\/www.njoy-referenzen.de\/pfirsichhaut\/?post_type=product&#038;p=1486"},"modified":"2022-10-28T11:33:05","modified_gmt":"2022-10-28T11:33:05","slug":"pedibaehr-cremschaum-mit-edelweiss-extrakt","status":"publish","type":"product","link":"https:\/\/www.njoy-referenzen.de\/pfirsichhaut\/produkt\/pedibaehr-cremschaum-mit-edelweiss-extrakt\/","title":{"rendered":"Cremschaum mit Edelwei\u00df-Extrakt"},"content":{"rendered":"<p class=\"p1\">Aqua (Water), Urea, Isobutane, Prunus Persica (Peach) Kernel Oil, Octyldodecanol, Decyl Oleate, Cetyl Alcohol, Glycerin, Propane, Stearic Acid, Palmitic Acid, Propylene Glycol, Leontopodium Alpinum Flower\/Leaf Extract, Sodium Hyaluronate, Panthenol, Allantoin, Sodium Lauroyl Sarcosinate, Butane.<\/p>\n","protected":false},"excerpt":{"rendered":"<p><a href=\"https:\/\/www.njoy-referenzen.de\/pfirsichhaut\/wp-content\/uploads\/BAEHR.jpg\"><img class=\"alignnone wp-image-1440\" src=\"https:\/\/www.njoy-referenzen.de\/pfirsichhaut\/wp-content\/uploads\/BAEHR.jpg\" alt=\"\" width=\"149\" height=\"41\" srcset=\"https:\/\/www.njoy-referenzen.de\/pfirsichhaut\/wp-content\/uploads\/BAEHR-200x55.jpg 200w, https:\/\/www.njoy-referenzen.de\/pfirsichhaut\/wp-content\/uploads\/BAEHR.jpg 250w\" sizes=\"(max-width: 149px) 100vw, 149px\" \/><\/a><a href=\"https:\/\/www.njoy-referenzen.de\/pfirsichhaut\/wp-content\/uploads\/baehrshop-logo-pedibaehr.jpg\"><img class=\"alignnone wp-image-1427\" src=\"https:\/\/www.njoy-referenzen.de\/pfirsichhaut\/wp-content\/uploads\/baehrshop-logo-pedibaehr-300x180.jpg\" alt=\"\" width=\"79\" height=\"47\" srcset=\"https:\/\/www.njoy-referenzen.de\/pfirsichhaut\/wp-content\/uploads\/baehrshop-logo-pedibaehr-200x120.jpg 200w, https:\/\/www.njoy-referenzen.de\/pfirsichhaut\/wp-content\/uploads\/baehrshop-logo-pedibaehr-300x180.jpg 300w, https:\/\/www.njoy-referenzen.de\/pfirsichhaut\/wp-content\/uploads\/baehrshop-logo-pedibaehr-400x240.jpg 400w, https:\/\/www.njoy-referenzen.de\/pfirsichhaut\/wp-content\/uploads\/baehrshop-logo-pedibaehr.jpg 500w\" sizes=\"(max-width: 79px) 100vw, 79px\" \/><\/a><\/p>\n<p class=\"p1\">Dieser feuchtigkeitsspendende Cremeschaum enth\u00e4lt neben Edelwei\u00df-Extrakt, Panthenol und Hyalurons\u00e4ure, vor allem 10% Urea. Der Harnstoff unters\u00fctzt die Bindung von Feuchtigkeit in der Haut und sch\u00fctzt vor deren Austrocknung, Panthenol und Edelwei\u00df-Extrakt pflegen und gl\u00e4tten die beanspruchte Haut. Der Cremeschaum ist daher besonders f\u00fcr die trockene und sensible Haut von Diabetikern geeignet, da er schnell und vollst\u00e4ndig einzieht und Kompressionsstr\u00fcmpfe sofort nach der Anwendung wieder angezogen werden k\u00f6nnen. Er ist dermatologisch gepr\u00fcft, frei von Konservierungsmitteln, Duft- und Farbstoffen und \u00fcberzeugt durch eine hohe Ergiebigkeit, schnelle Wirkung und eine sichtbare Verbesserung des Hautbildes, schon nach der ersten Anwendung.<\/p>\n<p><a class=\"shop-btn\" href=\"\/shop\/\">Zur\u00fcck zum Shop<\/a><\/p>\n","protected":false},"featured_media":1667,"comment_status":"closed","ping_status":"closed","template":"","meta":[],"product_cat":[21,28],"product_tag":[],"yoast_head":"<!-- This site is optimized with the Yoast SEO plugin v20.6 - https:\/\/yoast.com\/wordpress\/plugins\/seo\/ -->\n<title>Cremschaum mit Edelwei\u00df-Extrakt - Ihr Kosmetikstudio in Pirna<\/title>\n<meta name=\"robots\" content=\"noindex, follow, max-snippet:-1, max-image-preview:large, max-video-preview:-1\" \/>\n<meta property=\"og:locale\" content=\"de_DE\" \/>\n<meta property=\"og:type\" content=\"article\" \/>\n<meta property=\"og:title\" content=\"Cremschaum mit Edelwei\u00df-Extrakt - Ihr Kosmetikstudio in Pirna\" \/>\n<meta property=\"og:description\" content=\"Dieser feuchtigkeitsspendende Cremeschaum enth\u00e4lt neben Edelwei\u00df-Extrakt, Panthenol und Hyalurons\u00e4ure, vor allem 10% Urea. Der Harnstoff unters\u00fctzt die Bindung von Feuchtigkeit in der Haut und sch\u00fctzt vor deren Austrocknung, Panthenol und Edelwei\u00df-Extrakt pflegen und gl\u00e4tten die beanspruchte Haut. Der Cremeschaum ist daher besonders f\u00fcr die trockene und sensible Haut von Diabetikern geeignet, da er schnell und vollst\u00e4ndig einzieht und Kompressionsstr\u00fcmpfe sofort nach der Anwendung wieder angezogen werden k\u00f6nnen. Er ist dermatologisch gepr\u00fcft, frei von Konservierungsmitteln, Duft- und Farbstoffen und \u00fcberzeugt durch eine hohe Ergiebigkeit, schnelle Wirkung und eine sichtbare Verbesserung des Hautbildes, schon nach der ersten Anwendung. Zur\u00fcck zum Shop\" \/>\n<meta property=\"og:url\" content=\"https:\/\/www.njoy-referenzen.de\/pfirsichhaut\/produkt\/pedibaehr-cremschaum-mit-edelweiss-extrakt\/\" \/>\n<meta property=\"og:site_name\" content=\"Ihr Kosmetikstudio in Pirna\" \/>\n<meta property=\"article:modified_time\" content=\"2022-10-28T11:33:05+00:00\" \/>\n<meta property=\"og:image\" content=\"https:\/\/www.njoy-referenzen.de\/pfirsichhaut\/wp-content\/uploads\/2-5.jpg\" \/>\n\t<meta property=\"og:image:width\" content=\"1000\" \/>\n\t<meta property=\"og:image:height\" content=\"1000\" \/>\n\t<meta property=\"og:image:type\" content=\"image\/jpeg\" \/>\n<meta name=\"twitter:card\" content=\"summary_large_image\" \/>\n<meta name=\"twitter:label1\" content=\"Gesch\u00e4tzte Lesezeit\" \/>\n\t<meta name=\"twitter:data1\" content=\"1\u00a0Minute\" \/>\n<script type=\"application\/ld+json\" class=\"yoast-schema-graph\">{\"@context\":\"https:\/\/schema.org\",\"@graph\":[{\"@type\":\"WebPage\",\"@id\":\"https:\/\/www.njoy-referenzen.de\/pfirsichhaut\/produkt\/pedibaehr-cremschaum-mit-edelweiss-extrakt\/\",\"url\":\"https:\/\/www.njoy-referenzen.de\/pfirsichhaut\/produkt\/pedibaehr-cremschaum-mit-edelweiss-extrakt\/\",\"name\":\"Cremschaum mit Edelwei\u00df-Extrakt - Ihr Kosmetikstudio in Pirna\",\"isPartOf\":{\"@id\":\"https:\/\/www.njoy-referenzen.de\/pfirsichhaut\/#website\"},\"datePublished\":\"2020-07-06T16:34:32+00:00\",\"dateModified\":\"2022-10-28T11:33:05+00:00\",\"breadcrumb\":{\"@id\":\"https:\/\/www.njoy-referenzen.de\/pfirsichhaut\/produkt\/pedibaehr-cremschaum-mit-edelweiss-extrakt\/#breadcrumb\"},\"inLanguage\":\"de\",\"potentialAction\":[{\"@type\":\"ReadAction\",\"target\":[\"https:\/\/www.njoy-referenzen.de\/pfirsichhaut\/produkt\/pedibaehr-cremschaum-mit-edelweiss-extrakt\/\"]}]},{\"@type\":\"BreadcrumbList\",\"@id\":\"https:\/\/www.njoy-referenzen.de\/pfirsichhaut\/produkt\/pedibaehr-cremschaum-mit-edelweiss-extrakt\/#breadcrumb\",\"itemListElement\":[{\"@type\":\"ListItem\",\"position\":1,\"name\":\"Startseite\",\"item\":\"https:\/\/www.njoy-referenzen.de\/pfirsichhaut\/\"},{\"@type\":\"ListItem\",\"position\":2,\"name\":\"Shop\",\"item\":\"https:\/\/www.njoy-referenzen.de\/pfirsichhaut\/shop\/\"},{\"@type\":\"ListItem\",\"position\":3,\"name\":\"Cremschaum mit Edelwei\u00df-Extrakt\"}]},{\"@type\":\"WebSite\",\"@id\":\"https:\/\/www.njoy-referenzen.de\/pfirsichhaut\/#website\",\"url\":\"https:\/\/www.njoy-referenzen.de\/pfirsichhaut\/\",\"name\":\"Ihr Kosmetikstudio in Pirna\",\"description\":\"Ihr Kosmetikstudio in Pirna\",\"potentialAction\":[{\"@type\":\"SearchAction\",\"target\":{\"@type\":\"EntryPoint\",\"urlTemplate\":\"https:\/\/www.njoy-referenzen.de\/pfirsichhaut\/?s={search_term_string}\"},\"query-input\":\"required name=search_term_string\"}],\"inLanguage\":\"de\"}]}<\/script>\n<!-- \/ Yoast SEO plugin. -->","yoast_head_json":{"title":"Cremschaum mit Edelwei\u00df-Extrakt - Ihr Kosmetikstudio in Pirna","robots":{"index":"noindex","follow":"follow","max-snippet":"max-snippet:-1","max-image-preview":"max-image-preview:large","max-video-preview":"max-video-preview:-1"},"og_locale":"de_DE","og_type":"article","og_title":"Cremschaum mit Edelwei\u00df-Extrakt - Ihr Kosmetikstudio in Pirna","og_description":"Dieser feuchtigkeitsspendende Cremeschaum enth\u00e4lt neben Edelwei\u00df-Extrakt, Panthenol und Hyalurons\u00e4ure, vor allem 10% Urea. Der Harnstoff unters\u00fctzt die Bindung von Feuchtigkeit in der Haut und sch\u00fctzt vor deren Austrocknung, Panthenol und Edelwei\u00df-Extrakt pflegen und gl\u00e4tten die beanspruchte Haut. Der Cremeschaum ist daher besonders f\u00fcr die trockene und sensible Haut von Diabetikern geeignet, da er schnell und vollst\u00e4ndig einzieht und Kompressionsstr\u00fcmpfe sofort nach der Anwendung wieder angezogen werden k\u00f6nnen. Er ist dermatologisch gepr\u00fcft, frei von Konservierungsmitteln, Duft- und Farbstoffen und \u00fcberzeugt durch eine hohe Ergiebigkeit, schnelle Wirkung und eine sichtbare Verbesserung des Hautbildes, schon nach der ersten Anwendung. Zur\u00fcck zum Shop","og_url":"https:\/\/www.njoy-referenzen.de\/pfirsichhaut\/produkt\/pedibaehr-cremschaum-mit-edelweiss-extrakt\/","og_site_name":"Ihr Kosmetikstudio in Pirna","article_modified_time":"2022-10-28T11:33:05+00:00","og_image":[{"width":1000,"height":1000,"url":"https:\/\/www.njoy-referenzen.de\/pfirsichhaut\/wp-content\/uploads\/2-5.jpg","type":"image\/jpeg"}],"twitter_card":"summary_large_image","twitter_misc":{"Gesch\u00e4tzte Lesezeit":"1\u00a0Minute"},"schema":{"@context":"https:\/\/schema.org","@graph":[{"@type":"WebPage","@id":"https:\/\/www.njoy-referenzen.de\/pfirsichhaut\/produkt\/pedibaehr-cremschaum-mit-edelweiss-extrakt\/","url":"https:\/\/www.njoy-referenzen.de\/pfirsichhaut\/produkt\/pedibaehr-cremschaum-mit-edelweiss-extrakt\/","name":"Cremschaum mit Edelwei\u00df-Extrakt - Ihr Kosmetikstudio in Pirna","isPartOf":{"@id":"https:\/\/www.njoy-referenzen.de\/pfirsichhaut\/#website"},"datePublished":"2020-07-06T16:34:32+00:00","dateModified":"2022-10-28T11:33:05+00:00","breadcrumb":{"@id":"https:\/\/www.njoy-referenzen.de\/pfirsichhaut\/produkt\/pedibaehr-cremschaum-mit-edelweiss-extrakt\/#breadcrumb"},"inLanguage":"de","potentialAction":[{"@type":"ReadAction","target":["https:\/\/www.njoy-referenzen.de\/pfirsichhaut\/produkt\/pedibaehr-cremschaum-mit-edelweiss-extrakt\/"]}]},{"@type":"BreadcrumbList","@id":"https:\/\/www.njoy-referenzen.de\/pfirsichhaut\/produkt\/pedibaehr-cremschaum-mit-edelweiss-extrakt\/#breadcrumb","itemListElement":[{"@type":"ListItem","position":1,"name":"Startseite","item":"https:\/\/www.njoy-referenzen.de\/pfirsichhaut\/"},{"@type":"ListItem","position":2,"name":"Shop","item":"https:\/\/www.njoy-referenzen.de\/pfirsichhaut\/shop\/"},{"@type":"ListItem","position":3,"name":"Cremschaum mit Edelwei\u00df-Extrakt"}]},{"@type":"WebSite","@id":"https:\/\/www.njoy-referenzen.de\/pfirsichhaut\/#website","url":"https:\/\/www.njoy-referenzen.de\/pfirsichhaut\/","name":"Ihr Kosmetikstudio in Pirna","description":"Ihr Kosmetikstudio in Pirna","potentialAction":[{"@type":"SearchAction","target":{"@type":"EntryPoint","urlTemplate":"https:\/\/www.njoy-referenzen.de\/pfirsichhaut\/?s={search_term_string}"},"query-input":"required name=search_term_string"}],"inLanguage":"de"}]}},"_links":{"self":[{"href":"https:\/\/www.njoy-referenzen.de\/pfirsichhaut\/wp-json\/wp\/v3\/product\/1486"}],"collection":[{"href":"https:\/\/www.njoy-referenzen.de\/pfirsichhaut\/wp-json\/wp\/v3\/product"}],"about":[{"href":"https:\/\/www.njoy-referenzen.de\/pfirsichhaut\/wp-json\/wp\/v2\/types\/product"}],"replies":[{"embeddable":true,"href":"https:\/\/www.njoy-referenzen.de\/pfirsichhaut\/wp-json\/wp\/v2\/comments?post=1486"}],"wp:featuredmedia":[{"embeddable":true,"href":"https:\/\/www.njoy-referenzen.de\/pfirsichhaut\/wp-json\/wp\/v2\/media\/1667"}],"wp:attachment":[{"href":"https:\/\/www.njoy-referenzen.de\/pfirsichhaut\/wp-json\/wp\/v2\/media?parent=1486"}],"wp:term":[{"taxonomy":"product_cat","embeddable":true,"href":"https:\/\/www.njoy-referenzen.de\/pfirsichhaut\/wp-json\/wp\/v2\/product_cat?post=1486"},{"taxonomy":"product_tag","embeddable":true,"href":"https:\/\/www.njoy-referenzen.de\/pfirsichhaut\/wp-json\/wp\/v2\/product_tag?post=1486"}],"curies":[{"name":"wp","href":"https:\/\/api.w.org\/{rel}","templated":true}]}}