























{"id":1482,"date":"2020-07-06T16:07:16","date_gmt":"2020-07-06T16:07:16","guid":{"rendered":"https:\/\/www.njoy-referenzen.de\/pfirsichhaut\/?post_type=product&#038;p=1482"},"modified":"2022-10-28T11:33:42","modified_gmt":"2022-10-28T11:33:42","slug":"winter-handcreme","status":"publish","type":"product","link":"https:\/\/www.njoy-referenzen.de\/pfirsichhaut\/produkt\/winter-handcreme\/","title":{"rendered":"Winter-handcreme"},"content":{"rendered":"<p class=\"p1\">Aqua (Water), Dicaprylyl Ether, Cetearyl Alcohol, Octyldodecanol, Glycerin, Caprylic\/Capric Triglyceride, Sesamum Indicum (Sesame) Seed Oil, Persea Gratissima (Avocado) Oil, Butylene Glycol, Distarch Phosphate, Glyceryl Stearate, Prunus Amygdalus Dulcis (Sweet Almond) Oil, Hydrogenated Sweet Almond Oil, Phenoxyethanol, Panthenol, Stearic Acid, Sodium Lauroyl Glutamate, Ammonium Acryloyldimethyltaurate\/VP Copolymer, Cetearyl Glucoside, Parfum (Fragrance), Ethylhexylglycerin, o-Cymen-5-ol, Citric Acid, Alcohol, Tocopherol, Ascorbyl Palmitate, Limonene, Coumarin, Amyl Cinnamal, Ascorbic Acid<\/p>\n","protected":false},"excerpt":{"rendered":"<p class=\"p1\">Verpackungseinheit: 75 ml (Grundpreis 11,57 \u20ac \/ 100 ml)<\/p>\n<p><a href=\"https:\/\/www.njoy-referenzen.de\/pfirsichhaut\/wp-content\/uploads\/Logo.png\"><img class=\"alignnone wp-image-1419\" src=\"https:\/\/www.njoy-referenzen.de\/pfirsichhaut\/wp-content\/uploads\/Logo-300x70.png\" alt=\"\" width=\"180\" height=\"42\" srcset=\"https:\/\/www.njoy-referenzen.de\/pfirsichhaut\/wp-content\/uploads\/Logo-200x46.png 200w, https:\/\/www.njoy-referenzen.de\/pfirsichhaut\/wp-content\/uploads\/Logo-300x70.png 300w, https:\/\/www.njoy-referenzen.de\/pfirsichhaut\/wp-content\/uploads\/Logo-400x93.png 400w, https:\/\/www.njoy-referenzen.de\/pfirsichhaut\/wp-content\/uploads\/Logo-500x116.png 500w, https:\/\/www.njoy-referenzen.de\/pfirsichhaut\/wp-content\/uploads\/Logo.png 521w\" sizes=\"(max-width: 180px) 100vw, 180px\" \/><\/a><\/p>\n<p class=\"p1\">Die intensiv pflegende Winterhandreme enth\u00e4lt nat\u00fcrliches Sesam- und Avocado\u00f6l, Panthenol und Mandelbutter. Vitamine und unges\u00e4ttigte Fetts\u00e4uren pflegen strapazierte und trockene H\u00e4nde samtweich. Die Mandelbutter st\u00e4rkt den nat\u00fcrlichen Schutzfilm der Haut. Panthenol lindert Reizungen und beruhigt rissige und spr\u00f6de Haut und bietet Schutz und Pflege f\u00fcr die beanspruchte Nagelhaut. Die angenehm leichte Textur stabilisiert den Hydro-Lipid-Mantel und sch\u00fctzt vor rauer Witterung und Feuchtigkeitsverlust. Diese Handcreme eignet sich nicht nur als optimale Pflege im Winter, sie ist auch das ganze Jahr \u00fcber hervorragend zur t\u00e4glichen Pflege besonders beanspruchter H\u00e4nde, vor allem nach h\u00e4ufigem Reinigen und Desinfizieren, zu empfehlen.<\/p>\n<p><a class=\"shop-btn\" href=\"\/shop\/\">Zur\u00fcck zum Shop<\/a><\/p>\n","protected":false},"featured_media":1483,"comment_status":"closed","ping_status":"closed","template":"","meta":[],"product_cat":[20,27],"product_tag":[],"yoast_head":"<!-- This site is optimized with the Yoast SEO plugin v20.6 - https:\/\/yoast.com\/wordpress\/plugins\/seo\/ -->\n<title>Winter-handcreme - Ihr Kosmetikstudio in Pirna<\/title>\n<meta name=\"robots\" content=\"noindex, follow, max-snippet:-1, max-image-preview:large, max-video-preview:-1\" \/>\n<meta property=\"og:locale\" content=\"de_DE\" \/>\n<meta property=\"og:type\" content=\"article\" \/>\n<meta property=\"og:title\" content=\"Winter-handcreme - Ihr Kosmetikstudio in Pirna\" \/>\n<meta property=\"og:description\" content=\"Verpackungseinheit: 75 ml (Grundpreis 11,57 \u20ac \/ 100 ml)  Die intensiv pflegende Winterhandreme enth\u00e4lt nat\u00fcrliches Sesam- und Avocado\u00f6l, Panthenol und Mandelbutter. Vitamine und unges\u00e4ttigte Fetts\u00e4uren pflegen strapazierte und trockene H\u00e4nde samtweich. Die Mandelbutter st\u00e4rkt den nat\u00fcrlichen Schutzfilm der Haut. Panthenol lindert Reizungen und beruhigt rissige und spr\u00f6de Haut und bietet Schutz und Pflege f\u00fcr die beanspruchte Nagelhaut. Die angenehm leichte Textur stabilisiert den Hydro-Lipid-Mantel und sch\u00fctzt vor rauer Witterung und Feuchtigkeitsverlust. Diese Handcreme eignet sich nicht nur als optimale Pflege im Winter, sie ist auch das ganze Jahr \u00fcber hervorragend zur t\u00e4glichen Pflege besonders beanspruchter H\u00e4nde, vor allem nach h\u00e4ufigem Reinigen und Desinfizieren, zu empfehlen. Zur\u00fcck zum Shop\" \/>\n<meta property=\"og:url\" content=\"https:\/\/www.njoy-referenzen.de\/pfirsichhaut\/produkt\/winter-handcreme\/\" \/>\n<meta property=\"og:site_name\" content=\"Ihr Kosmetikstudio in Pirna\" \/>\n<meta property=\"article:modified_time\" content=\"2022-10-28T11:33:42+00:00\" \/>\n<meta property=\"og:image\" content=\"https:\/\/www.njoy-referenzen.de\/pfirsichhaut\/wp-content\/uploads\/14.jpg\" \/>\n\t<meta property=\"og:image:width\" content=\"600\" \/>\n\t<meta property=\"og:image:height\" content=\"600\" \/>\n\t<meta property=\"og:image:type\" content=\"image\/jpeg\" \/>\n<meta name=\"twitter:card\" content=\"summary_large_image\" \/>\n<meta name=\"twitter:label1\" content=\"Gesch\u00e4tzte Lesezeit\" \/>\n\t<meta name=\"twitter:data1\" content=\"1\u00a0Minute\" \/>\n<script type=\"application\/ld+json\" class=\"yoast-schema-graph\">{\"@context\":\"https:\/\/schema.org\",\"@graph\":[{\"@type\":\"WebPage\",\"@id\":\"https:\/\/www.njoy-referenzen.de\/pfirsichhaut\/produkt\/winter-handcreme\/\",\"url\":\"https:\/\/www.njoy-referenzen.de\/pfirsichhaut\/produkt\/winter-handcreme\/\",\"name\":\"Winter-handcreme - Ihr Kosmetikstudio in Pirna\",\"isPartOf\":{\"@id\":\"https:\/\/www.njoy-referenzen.de\/pfirsichhaut\/#website\"},\"datePublished\":\"2020-07-06T16:07:16+00:00\",\"dateModified\":\"2022-10-28T11:33:42+00:00\",\"breadcrumb\":{\"@id\":\"https:\/\/www.njoy-referenzen.de\/pfirsichhaut\/produkt\/winter-handcreme\/#breadcrumb\"},\"inLanguage\":\"de\",\"potentialAction\":[{\"@type\":\"ReadAction\",\"target\":[\"https:\/\/www.njoy-referenzen.de\/pfirsichhaut\/produkt\/winter-handcreme\/\"]}]},{\"@type\":\"BreadcrumbList\",\"@id\":\"https:\/\/www.njoy-referenzen.de\/pfirsichhaut\/produkt\/winter-handcreme\/#breadcrumb\",\"itemListElement\":[{\"@type\":\"ListItem\",\"position\":1,\"name\":\"Startseite\",\"item\":\"https:\/\/www.njoy-referenzen.de\/pfirsichhaut\/\"},{\"@type\":\"ListItem\",\"position\":2,\"name\":\"Shop\",\"item\":\"https:\/\/www.njoy-referenzen.de\/pfirsichhaut\/shop\/\"},{\"@type\":\"ListItem\",\"position\":3,\"name\":\"Winter-handcreme\"}]},{\"@type\":\"WebSite\",\"@id\":\"https:\/\/www.njoy-referenzen.de\/pfirsichhaut\/#website\",\"url\":\"https:\/\/www.njoy-referenzen.de\/pfirsichhaut\/\",\"name\":\"Ihr Kosmetikstudio in Pirna\",\"description\":\"Ihr Kosmetikstudio in Pirna\",\"potentialAction\":[{\"@type\":\"SearchAction\",\"target\":{\"@type\":\"EntryPoint\",\"urlTemplate\":\"https:\/\/www.njoy-referenzen.de\/pfirsichhaut\/?s={search_term_string}\"},\"query-input\":\"required name=search_term_string\"}],\"inLanguage\":\"de\"}]}<\/script>\n<!-- \/ Yoast SEO plugin. -->","yoast_head_json":{"title":"Winter-handcreme - Ihr Kosmetikstudio in Pirna","robots":{"index":"noindex","follow":"follow","max-snippet":"max-snippet:-1","max-image-preview":"max-image-preview:large","max-video-preview":"max-video-preview:-1"},"og_locale":"de_DE","og_type":"article","og_title":"Winter-handcreme - Ihr Kosmetikstudio in Pirna","og_description":"Verpackungseinheit: 75 ml (Grundpreis 11,57 \u20ac \/ 100 ml)  Die intensiv pflegende Winterhandreme enth\u00e4lt nat\u00fcrliches Sesam- und Avocado\u00f6l, Panthenol und Mandelbutter. Vitamine und unges\u00e4ttigte Fetts\u00e4uren pflegen strapazierte und trockene H\u00e4nde samtweich. Die Mandelbutter st\u00e4rkt den nat\u00fcrlichen Schutzfilm der Haut. Panthenol lindert Reizungen und beruhigt rissige und spr\u00f6de Haut und bietet Schutz und Pflege f\u00fcr die beanspruchte Nagelhaut. Die angenehm leichte Textur stabilisiert den Hydro-Lipid-Mantel und sch\u00fctzt vor rauer Witterung und Feuchtigkeitsverlust. Diese Handcreme eignet sich nicht nur als optimale Pflege im Winter, sie ist auch das ganze Jahr \u00fcber hervorragend zur t\u00e4glichen Pflege besonders beanspruchter H\u00e4nde, vor allem nach h\u00e4ufigem Reinigen und Desinfizieren, zu empfehlen. Zur\u00fcck zum Shop","og_url":"https:\/\/www.njoy-referenzen.de\/pfirsichhaut\/produkt\/winter-handcreme\/","og_site_name":"Ihr Kosmetikstudio in Pirna","article_modified_time":"2022-10-28T11:33:42+00:00","og_image":[{"width":600,"height":600,"url":"https:\/\/www.njoy-referenzen.de\/pfirsichhaut\/wp-content\/uploads\/14.jpg","type":"image\/jpeg"}],"twitter_card":"summary_large_image","twitter_misc":{"Gesch\u00e4tzte Lesezeit":"1\u00a0Minute"},"schema":{"@context":"https:\/\/schema.org","@graph":[{"@type":"WebPage","@id":"https:\/\/www.njoy-referenzen.de\/pfirsichhaut\/produkt\/winter-handcreme\/","url":"https:\/\/www.njoy-referenzen.de\/pfirsichhaut\/produkt\/winter-handcreme\/","name":"Winter-handcreme - Ihr Kosmetikstudio in Pirna","isPartOf":{"@id":"https:\/\/www.njoy-referenzen.de\/pfirsichhaut\/#website"},"datePublished":"2020-07-06T16:07:16+00:00","dateModified":"2022-10-28T11:33:42+00:00","breadcrumb":{"@id":"https:\/\/www.njoy-referenzen.de\/pfirsichhaut\/produkt\/winter-handcreme\/#breadcrumb"},"inLanguage":"de","potentialAction":[{"@type":"ReadAction","target":["https:\/\/www.njoy-referenzen.de\/pfirsichhaut\/produkt\/winter-handcreme\/"]}]},{"@type":"BreadcrumbList","@id":"https:\/\/www.njoy-referenzen.de\/pfirsichhaut\/produkt\/winter-handcreme\/#breadcrumb","itemListElement":[{"@type":"ListItem","position":1,"name":"Startseite","item":"https:\/\/www.njoy-referenzen.de\/pfirsichhaut\/"},{"@type":"ListItem","position":2,"name":"Shop","item":"https:\/\/www.njoy-referenzen.de\/pfirsichhaut\/shop\/"},{"@type":"ListItem","position":3,"name":"Winter-handcreme"}]},{"@type":"WebSite","@id":"https:\/\/www.njoy-referenzen.de\/pfirsichhaut\/#website","url":"https:\/\/www.njoy-referenzen.de\/pfirsichhaut\/","name":"Ihr Kosmetikstudio in Pirna","description":"Ihr Kosmetikstudio in Pirna","potentialAction":[{"@type":"SearchAction","target":{"@type":"EntryPoint","urlTemplate":"https:\/\/www.njoy-referenzen.de\/pfirsichhaut\/?s={search_term_string}"},"query-input":"required name=search_term_string"}],"inLanguage":"de"}]}},"_links":{"self":[{"href":"https:\/\/www.njoy-referenzen.de\/pfirsichhaut\/wp-json\/wp\/v3\/product\/1482"}],"collection":[{"href":"https:\/\/www.njoy-referenzen.de\/pfirsichhaut\/wp-json\/wp\/v3\/product"}],"about":[{"href":"https:\/\/www.njoy-referenzen.de\/pfirsichhaut\/wp-json\/wp\/v2\/types\/product"}],"replies":[{"embeddable":true,"href":"https:\/\/www.njoy-referenzen.de\/pfirsichhaut\/wp-json\/wp\/v2\/comments?post=1482"}],"wp:featuredmedia":[{"embeddable":true,"href":"https:\/\/www.njoy-referenzen.de\/pfirsichhaut\/wp-json\/wp\/v2\/media\/1483"}],"wp:attachment":[{"href":"https:\/\/www.njoy-referenzen.de\/pfirsichhaut\/wp-json\/wp\/v2\/media?parent=1482"}],"wp:term":[{"taxonomy":"product_cat","embeddable":true,"href":"https:\/\/www.njoy-referenzen.de\/pfirsichhaut\/wp-json\/wp\/v2\/product_cat?post=1482"},{"taxonomy":"product_tag","embeddable":true,"href":"https:\/\/www.njoy-referenzen.de\/pfirsichhaut\/wp-json\/wp\/v2\/product_tag?post=1482"}],"curies":[{"name":"wp","href":"https:\/\/api.w.org\/{rel}","templated":true}]}}