























{"id":1477,"date":"2020-07-06T15:51:40","date_gmt":"2020-07-06T15:51:40","guid":{"rendered":"https:\/\/www.njoy-referenzen.de\/pfirsichhaut\/?post_type=product&#038;p=1477"},"modified":"2022-10-28T11:34:17","modified_gmt":"2022-10-28T11:34:17","slug":"maennerpflege-m4m-aftershave-balm","status":"publish","type":"product","link":"https:\/\/www.njoy-referenzen.de\/pfirsichhaut\/produkt\/maennerpflege-m4m-aftershave-balm\/","title":{"rendered":"MEENTZEN FOR MEN  After Shave Balsam"},"content":{"rendered":"<p class=\"p1\">Aqua (Water), Dicaprylyl Carbonate, Alcohol Denat., Decyl Cocoate, Arachidyl Alcohol, Panthenol, Baptisia Tinctoria Root Extract, Opuntia Ficus-Indica Stem Extract, Phenoxyethanol, Behenyl Alcohol, Glyceryl Oleate, Saccharide Isomerate, Glycerin, Arachidyl Glucoside, Parfum (Fragrance), Xanthan Gum, Dehydroxanthan Gum, Ethylhexylglycerin, o-Cymen-5-ol, Linalool, Limonene, Tocopherol, Citric Acid, Caprylic\/Capric Triglyceride, Benzyl Benzoate, Alpha-Isomethyl Ionone, Citronellol, Ascorbyl Palmitate, Sodium Citrate, Ascorbic Acid, Lecithin, Citral<\/p>\n","protected":false},"excerpt":{"rendered":"<p class=\"p1\">Verpackungseinheit: 50 ml (Grundpreis 33,92 \u20ac \/ 100 ml)<\/p>\n<p><a href=\"https:\/\/www.njoy-referenzen.de\/pfirsichhaut\/wp-content\/uploads\/Logo.png\"><img class=\"alignnone wp-image-1419\" src=\"https:\/\/www.njoy-referenzen.de\/pfirsichhaut\/wp-content\/uploads\/Logo-300x70.png\" alt=\"\" width=\"184\" height=\"43\" srcset=\"https:\/\/www.njoy-referenzen.de\/pfirsichhaut\/wp-content\/uploads\/Logo-200x46.png 200w, https:\/\/www.njoy-referenzen.de\/pfirsichhaut\/wp-content\/uploads\/Logo-300x70.png 300w, https:\/\/www.njoy-referenzen.de\/pfirsichhaut\/wp-content\/uploads\/Logo-400x93.png 400w, https:\/\/www.njoy-referenzen.de\/pfirsichhaut\/wp-content\/uploads\/Logo-500x116.png 500w, https:\/\/www.njoy-referenzen.de\/pfirsichhaut\/wp-content\/uploads\/Logo.png 521w\" sizes=\"(max-width: 184px) 100vw, 184px\" \/><\/a><\/p>\n<p class=\"p1\">Der milde After Shave Balsam k\u00fchlt und beruhigt die Haut nach der Rasur. Wilder Indigo, Kaktusfeige sowie Panthenol beugen R\u00f6tungen und Irritationen vor. Pentavitin\u00ae spendet intensiv Feuchtigkeit und st\u00e4rkt die Hautbarriere, der frische w\u00fcrzig-holzige Duft belebt und vitalisiert angenehm. Die leichte Textur zieht schnell ein ohne zu fetten<\/p>\n<p><a class=\"shop-btn\" href=\"\/shop\/\">Zur\u00fcck zum Shop<\/a><\/p>\n","protected":false},"featured_media":1714,"comment_status":"closed","ping_status":"closed","template":"","meta":[],"product_cat":[34,20,25],"product_tag":[],"yoast_head":"<!-- This site is optimized with the Yoast SEO plugin v20.6 - https:\/\/yoast.com\/wordpress\/plugins\/seo\/ -->\n<title>MEENTZEN FOR MEN After Shave Balsam - Ihr Kosmetikstudio in Pirna<\/title>\n<meta name=\"robots\" content=\"noindex, follow, max-snippet:-1, max-image-preview:large, max-video-preview:-1\" \/>\n<meta property=\"og:locale\" content=\"de_DE\" \/>\n<meta property=\"og:type\" content=\"article\" \/>\n<meta property=\"og:title\" content=\"MEENTZEN FOR MEN After Shave Balsam - Ihr Kosmetikstudio in Pirna\" \/>\n<meta property=\"og:description\" content=\"Verpackungseinheit: 50 ml (Grundpreis 33,92 \u20ac \/ 100 ml)  Der milde After Shave Balsam k\u00fchlt und beruhigt die Haut nach der Rasur. Wilder Indigo, Kaktusfeige sowie Panthenol beugen R\u00f6tungen und Irritationen vor. Pentavitin\u00ae spendet intensiv Feuchtigkeit und st\u00e4rkt die Hautbarriere, der frische w\u00fcrzig-holzige Duft belebt und vitalisiert angenehm. Die leichte Textur zieht schnell ein ohne zu fetten Zur\u00fcck zum Shop\" \/>\n<meta property=\"og:url\" content=\"https:\/\/www.njoy-referenzen.de\/pfirsichhaut\/produkt\/maennerpflege-m4m-aftershave-balm\/\" \/>\n<meta property=\"og:site_name\" content=\"Ihr Kosmetikstudio in Pirna\" \/>\n<meta property=\"article:modified_time\" content=\"2022-10-28T11:34:17+00:00\" \/>\n<meta property=\"og:image\" content=\"https:\/\/www.njoy-referenzen.de\/pfirsichhaut\/wp-content\/uploads\/10-1.jpg\" \/>\n\t<meta property=\"og:image:width\" content=\"1500\" \/>\n\t<meta property=\"og:image:height\" content=\"1500\" \/>\n\t<meta property=\"og:image:type\" content=\"image\/jpeg\" \/>\n<meta name=\"twitter:card\" content=\"summary_large_image\" \/>\n<meta name=\"twitter:label1\" content=\"Gesch\u00e4tzte Lesezeit\" \/>\n\t<meta name=\"twitter:data1\" content=\"1\u00a0Minute\" \/>\n<script type=\"application\/ld+json\" class=\"yoast-schema-graph\">{\"@context\":\"https:\/\/schema.org\",\"@graph\":[{\"@type\":\"WebPage\",\"@id\":\"https:\/\/www.njoy-referenzen.de\/pfirsichhaut\/produkt\/maennerpflege-m4m-aftershave-balm\/\",\"url\":\"https:\/\/www.njoy-referenzen.de\/pfirsichhaut\/produkt\/maennerpflege-m4m-aftershave-balm\/\",\"name\":\"MEENTZEN FOR MEN After Shave Balsam - Ihr Kosmetikstudio in Pirna\",\"isPartOf\":{\"@id\":\"https:\/\/www.njoy-referenzen.de\/pfirsichhaut\/#website\"},\"datePublished\":\"2020-07-06T15:51:40+00:00\",\"dateModified\":\"2022-10-28T11:34:17+00:00\",\"breadcrumb\":{\"@id\":\"https:\/\/www.njoy-referenzen.de\/pfirsichhaut\/produkt\/maennerpflege-m4m-aftershave-balm\/#breadcrumb\"},\"inLanguage\":\"de\",\"potentialAction\":[{\"@type\":\"ReadAction\",\"target\":[\"https:\/\/www.njoy-referenzen.de\/pfirsichhaut\/produkt\/maennerpflege-m4m-aftershave-balm\/\"]}]},{\"@type\":\"BreadcrumbList\",\"@id\":\"https:\/\/www.njoy-referenzen.de\/pfirsichhaut\/produkt\/maennerpflege-m4m-aftershave-balm\/#breadcrumb\",\"itemListElement\":[{\"@type\":\"ListItem\",\"position\":1,\"name\":\"Startseite\",\"item\":\"https:\/\/www.njoy-referenzen.de\/pfirsichhaut\/\"},{\"@type\":\"ListItem\",\"position\":2,\"name\":\"Shop\",\"item\":\"https:\/\/www.njoy-referenzen.de\/pfirsichhaut\/shop\/\"},{\"@type\":\"ListItem\",\"position\":3,\"name\":\"MEENTZEN FOR MEN After Shave Balsam\"}]},{\"@type\":\"WebSite\",\"@id\":\"https:\/\/www.njoy-referenzen.de\/pfirsichhaut\/#website\",\"url\":\"https:\/\/www.njoy-referenzen.de\/pfirsichhaut\/\",\"name\":\"Ihr Kosmetikstudio in Pirna\",\"description\":\"Ihr Kosmetikstudio in Pirna\",\"potentialAction\":[{\"@type\":\"SearchAction\",\"target\":{\"@type\":\"EntryPoint\",\"urlTemplate\":\"https:\/\/www.njoy-referenzen.de\/pfirsichhaut\/?s={search_term_string}\"},\"query-input\":\"required name=search_term_string\"}],\"inLanguage\":\"de\"}]}<\/script>\n<!-- \/ Yoast SEO plugin. -->","yoast_head_json":{"title":"MEENTZEN FOR MEN After Shave Balsam - Ihr Kosmetikstudio in Pirna","robots":{"index":"noindex","follow":"follow","max-snippet":"max-snippet:-1","max-image-preview":"max-image-preview:large","max-video-preview":"max-video-preview:-1"},"og_locale":"de_DE","og_type":"article","og_title":"MEENTZEN FOR MEN After Shave Balsam - Ihr Kosmetikstudio in Pirna","og_description":"Verpackungseinheit: 50 ml (Grundpreis 33,92 \u20ac \/ 100 ml)  Der milde After Shave Balsam k\u00fchlt und beruhigt die Haut nach der Rasur. Wilder Indigo, Kaktusfeige sowie Panthenol beugen R\u00f6tungen und Irritationen vor. Pentavitin\u00ae spendet intensiv Feuchtigkeit und st\u00e4rkt die Hautbarriere, der frische w\u00fcrzig-holzige Duft belebt und vitalisiert angenehm. Die leichte Textur zieht schnell ein ohne zu fetten Zur\u00fcck zum Shop","og_url":"https:\/\/www.njoy-referenzen.de\/pfirsichhaut\/produkt\/maennerpflege-m4m-aftershave-balm\/","og_site_name":"Ihr Kosmetikstudio in Pirna","article_modified_time":"2022-10-28T11:34:17+00:00","og_image":[{"width":1500,"height":1500,"url":"https:\/\/www.njoy-referenzen.de\/pfirsichhaut\/wp-content\/uploads\/10-1.jpg","type":"image\/jpeg"}],"twitter_card":"summary_large_image","twitter_misc":{"Gesch\u00e4tzte Lesezeit":"1\u00a0Minute"},"schema":{"@context":"https:\/\/schema.org","@graph":[{"@type":"WebPage","@id":"https:\/\/www.njoy-referenzen.de\/pfirsichhaut\/produkt\/maennerpflege-m4m-aftershave-balm\/","url":"https:\/\/www.njoy-referenzen.de\/pfirsichhaut\/produkt\/maennerpflege-m4m-aftershave-balm\/","name":"MEENTZEN FOR MEN After Shave Balsam - Ihr Kosmetikstudio in Pirna","isPartOf":{"@id":"https:\/\/www.njoy-referenzen.de\/pfirsichhaut\/#website"},"datePublished":"2020-07-06T15:51:40+00:00","dateModified":"2022-10-28T11:34:17+00:00","breadcrumb":{"@id":"https:\/\/www.njoy-referenzen.de\/pfirsichhaut\/produkt\/maennerpflege-m4m-aftershave-balm\/#breadcrumb"},"inLanguage":"de","potentialAction":[{"@type":"ReadAction","target":["https:\/\/www.njoy-referenzen.de\/pfirsichhaut\/produkt\/maennerpflege-m4m-aftershave-balm\/"]}]},{"@type":"BreadcrumbList","@id":"https:\/\/www.njoy-referenzen.de\/pfirsichhaut\/produkt\/maennerpflege-m4m-aftershave-balm\/#breadcrumb","itemListElement":[{"@type":"ListItem","position":1,"name":"Startseite","item":"https:\/\/www.njoy-referenzen.de\/pfirsichhaut\/"},{"@type":"ListItem","position":2,"name":"Shop","item":"https:\/\/www.njoy-referenzen.de\/pfirsichhaut\/shop\/"},{"@type":"ListItem","position":3,"name":"MEENTZEN FOR MEN After Shave Balsam"}]},{"@type":"WebSite","@id":"https:\/\/www.njoy-referenzen.de\/pfirsichhaut\/#website","url":"https:\/\/www.njoy-referenzen.de\/pfirsichhaut\/","name":"Ihr Kosmetikstudio in Pirna","description":"Ihr Kosmetikstudio in Pirna","potentialAction":[{"@type":"SearchAction","target":{"@type":"EntryPoint","urlTemplate":"https:\/\/www.njoy-referenzen.de\/pfirsichhaut\/?s={search_term_string}"},"query-input":"required name=search_term_string"}],"inLanguage":"de"}]}},"_links":{"self":[{"href":"https:\/\/www.njoy-referenzen.de\/pfirsichhaut\/wp-json\/wp\/v3\/product\/1477"}],"collection":[{"href":"https:\/\/www.njoy-referenzen.de\/pfirsichhaut\/wp-json\/wp\/v3\/product"}],"about":[{"href":"https:\/\/www.njoy-referenzen.de\/pfirsichhaut\/wp-json\/wp\/v2\/types\/product"}],"replies":[{"embeddable":true,"href":"https:\/\/www.njoy-referenzen.de\/pfirsichhaut\/wp-json\/wp\/v2\/comments?post=1477"}],"wp:featuredmedia":[{"embeddable":true,"href":"https:\/\/www.njoy-referenzen.de\/pfirsichhaut\/wp-json\/wp\/v2\/media\/1714"}],"wp:attachment":[{"href":"https:\/\/www.njoy-referenzen.de\/pfirsichhaut\/wp-json\/wp\/v2\/media?parent=1477"}],"wp:term":[{"taxonomy":"product_cat","embeddable":true,"href":"https:\/\/www.njoy-referenzen.de\/pfirsichhaut\/wp-json\/wp\/v2\/product_cat?post=1477"},{"taxonomy":"product_tag","embeddable":true,"href":"https:\/\/www.njoy-referenzen.de\/pfirsichhaut\/wp-json\/wp\/v2\/product_tag?post=1477"}],"curies":[{"name":"wp","href":"https:\/\/api.w.org\/{rel}","templated":true}]}}