























{"id":1475,"date":"2020-07-06T15:48:26","date_gmt":"2020-07-06T15:48:26","guid":{"rendered":"https:\/\/www.njoy-referenzen.de\/pfirsichhaut\/?post_type=product&#038;p=1475"},"modified":"2022-10-28T11:34:39","modified_gmt":"2022-10-28T11:34:39","slug":"maennerpflege-m4m-duschgel","status":"publish","type":"product","link":"https:\/\/www.njoy-referenzen.de\/pfirsichhaut\/produkt\/maennerpflege-m4m-duschgel\/","title":{"rendered":"2 in 1 Body &#038; Hair Wash Duschgel"},"content":{"rendered":"<p class=\"p1\">Aqua (Water), Coco-Glucoside, Sodium Coco-Sulfate, Inulin, Glycerin, Parfum (Fragrance), Glyceryl Caprylate, Baptisia Tinctoria Root Extract, Citric Acid, Panthenol, Glyceryl Oleate, Sodium Levulinate, Alcohol, Sodium Anisate, Linalool, Sodium Chloride, Limonene, Benzyl Benzoate, Alpha-Isomethyl Ionone, Tocopherol, Hydrogenated Palm Glycerides Citrate<\/p>\n","protected":false},"excerpt":{"rendered":"<p class=\"p1\">Verpackungseinheit: 200 ml (Grundpreis 5,32 \u20ac \/ 100 ml)<\/p>\n<p><a href=\"https:\/\/www.njoy-referenzen.de\/pfirsichhaut\/wp-content\/uploads\/Logo.png\"><img class=\"alignnone wp-image-1419\" src=\"https:\/\/www.njoy-referenzen.de\/pfirsichhaut\/wp-content\/uploads\/Logo-300x70.png\" alt=\"\" width=\"156\" height=\"36\" srcset=\"https:\/\/www.njoy-referenzen.de\/pfirsichhaut\/wp-content\/uploads\/Logo-200x46.png 200w, https:\/\/www.njoy-referenzen.de\/pfirsichhaut\/wp-content\/uploads\/Logo-300x70.png 300w, https:\/\/www.njoy-referenzen.de\/pfirsichhaut\/wp-content\/uploads\/Logo-400x93.png 400w, https:\/\/www.njoy-referenzen.de\/pfirsichhaut\/wp-content\/uploads\/Logo-500x116.png 500w, https:\/\/www.njoy-referenzen.de\/pfirsichhaut\/wp-content\/uploads\/Logo.png 521w\" sizes=\"(max-width: 156px) 100vw, 156px\" \/><\/a><\/p>\n<p class=\"p1\">Das vitalisierende Duschgel mit Extrakten aus Wildem Indigo ist perfekt f\u00fcr die t\u00e4gliche Reinigung von K\u00f6rper und Haaren. Die ausgewogene Zusammensetzung mit Panthenol und pr\u00e4biotischem Inulin verhindert das Austrocknen der Haut und beugt Irritationen vor. Der frische w\u00fcrzig-holzige Duft belebt und erfrischt angenehm.<\/p>\n<p><a class=\"shop-btn\" href=\"\/shop\/\">Zur\u00fcck zum Shop<\/a><\/p>\n","protected":false},"featured_media":1715,"comment_status":"closed","ping_status":"closed","template":"","meta":[],"product_cat":[34,20,26],"product_tag":[],"yoast_head":"<!-- This site is optimized with the Yoast SEO plugin v20.6 - https:\/\/yoast.com\/wordpress\/plugins\/seo\/ -->\n<title>2 in 1 Body &amp; Hair Wash Duschgel - Ihr Kosmetikstudio in Pirna<\/title>\n<meta name=\"robots\" content=\"noindex, follow, max-snippet:-1, max-image-preview:large, max-video-preview:-1\" \/>\n<meta property=\"og:locale\" content=\"de_DE\" \/>\n<meta property=\"og:type\" content=\"article\" \/>\n<meta property=\"og:title\" content=\"2 in 1 Body &amp; Hair Wash Duschgel - Ihr Kosmetikstudio in Pirna\" \/>\n<meta property=\"og:description\" content=\"Verpackungseinheit: 200 ml (Grundpreis 5,32 \u20ac \/ 100 ml)  Das vitalisierende Duschgel mit Extrakten aus Wildem Indigo ist perfekt f\u00fcr die t\u00e4gliche Reinigung von K\u00f6rper und Haaren. Die ausgewogene Zusammensetzung mit Panthenol und pr\u00e4biotischem Inulin verhindert das Austrocknen der Haut und beugt Irritationen vor. Der frische w\u00fcrzig-holzige Duft belebt und erfrischt angenehm. Zur\u00fcck zum Shop\" \/>\n<meta property=\"og:url\" content=\"https:\/\/www.njoy-referenzen.de\/pfirsichhaut\/produkt\/maennerpflege-m4m-duschgel\/\" \/>\n<meta property=\"og:site_name\" content=\"Ihr Kosmetikstudio in Pirna\" \/>\n<meta property=\"article:modified_time\" content=\"2022-10-28T11:34:39+00:00\" \/>\n<meta property=\"og:image\" content=\"https:\/\/www.njoy-referenzen.de\/pfirsichhaut\/wp-content\/uploads\/11-1.jpg\" \/>\n\t<meta property=\"og:image:width\" content=\"1500\" \/>\n\t<meta property=\"og:image:height\" content=\"1500\" \/>\n\t<meta property=\"og:image:type\" content=\"image\/jpeg\" \/>\n<meta name=\"twitter:card\" content=\"summary_large_image\" \/>\n<meta name=\"twitter:label1\" content=\"Gesch\u00e4tzte Lesezeit\" \/>\n\t<meta name=\"twitter:data1\" content=\"1\u00a0Minute\" \/>\n<script type=\"application\/ld+json\" class=\"yoast-schema-graph\">{\"@context\":\"https:\/\/schema.org\",\"@graph\":[{\"@type\":\"WebPage\",\"@id\":\"https:\/\/www.njoy-referenzen.de\/pfirsichhaut\/produkt\/maennerpflege-m4m-duschgel\/\",\"url\":\"https:\/\/www.njoy-referenzen.de\/pfirsichhaut\/produkt\/maennerpflege-m4m-duschgel\/\",\"name\":\"2 in 1 Body & Hair Wash Duschgel - Ihr Kosmetikstudio in Pirna\",\"isPartOf\":{\"@id\":\"https:\/\/www.njoy-referenzen.de\/pfirsichhaut\/#website\"},\"datePublished\":\"2020-07-06T15:48:26+00:00\",\"dateModified\":\"2022-10-28T11:34:39+00:00\",\"breadcrumb\":{\"@id\":\"https:\/\/www.njoy-referenzen.de\/pfirsichhaut\/produkt\/maennerpflege-m4m-duschgel\/#breadcrumb\"},\"inLanguage\":\"de\",\"potentialAction\":[{\"@type\":\"ReadAction\",\"target\":[\"https:\/\/www.njoy-referenzen.de\/pfirsichhaut\/produkt\/maennerpflege-m4m-duschgel\/\"]}]},{\"@type\":\"BreadcrumbList\",\"@id\":\"https:\/\/www.njoy-referenzen.de\/pfirsichhaut\/produkt\/maennerpflege-m4m-duschgel\/#breadcrumb\",\"itemListElement\":[{\"@type\":\"ListItem\",\"position\":1,\"name\":\"Startseite\",\"item\":\"https:\/\/www.njoy-referenzen.de\/pfirsichhaut\/\"},{\"@type\":\"ListItem\",\"position\":2,\"name\":\"Shop\",\"item\":\"https:\/\/www.njoy-referenzen.de\/pfirsichhaut\/shop\/\"},{\"@type\":\"ListItem\",\"position\":3,\"name\":\"2 in 1 Body &#038; Hair Wash Duschgel\"}]},{\"@type\":\"WebSite\",\"@id\":\"https:\/\/www.njoy-referenzen.de\/pfirsichhaut\/#website\",\"url\":\"https:\/\/www.njoy-referenzen.de\/pfirsichhaut\/\",\"name\":\"Ihr Kosmetikstudio in Pirna\",\"description\":\"Ihr Kosmetikstudio in Pirna\",\"potentialAction\":[{\"@type\":\"SearchAction\",\"target\":{\"@type\":\"EntryPoint\",\"urlTemplate\":\"https:\/\/www.njoy-referenzen.de\/pfirsichhaut\/?s={search_term_string}\"},\"query-input\":\"required name=search_term_string\"}],\"inLanguage\":\"de\"}]}<\/script>\n<!-- \/ Yoast SEO plugin. -->","yoast_head_json":{"title":"2 in 1 Body & Hair Wash Duschgel - Ihr Kosmetikstudio in Pirna","robots":{"index":"noindex","follow":"follow","max-snippet":"max-snippet:-1","max-image-preview":"max-image-preview:large","max-video-preview":"max-video-preview:-1"},"og_locale":"de_DE","og_type":"article","og_title":"2 in 1 Body & Hair Wash Duschgel - Ihr Kosmetikstudio in Pirna","og_description":"Verpackungseinheit: 200 ml (Grundpreis 5,32 \u20ac \/ 100 ml)  Das vitalisierende Duschgel mit Extrakten aus Wildem Indigo ist perfekt f\u00fcr die t\u00e4gliche Reinigung von K\u00f6rper und Haaren. Die ausgewogene Zusammensetzung mit Panthenol und pr\u00e4biotischem Inulin verhindert das Austrocknen der Haut und beugt Irritationen vor. Der frische w\u00fcrzig-holzige Duft belebt und erfrischt angenehm. Zur\u00fcck zum Shop","og_url":"https:\/\/www.njoy-referenzen.de\/pfirsichhaut\/produkt\/maennerpflege-m4m-duschgel\/","og_site_name":"Ihr Kosmetikstudio in Pirna","article_modified_time":"2022-10-28T11:34:39+00:00","og_image":[{"width":1500,"height":1500,"url":"https:\/\/www.njoy-referenzen.de\/pfirsichhaut\/wp-content\/uploads\/11-1.jpg","type":"image\/jpeg"}],"twitter_card":"summary_large_image","twitter_misc":{"Gesch\u00e4tzte Lesezeit":"1\u00a0Minute"},"schema":{"@context":"https:\/\/schema.org","@graph":[{"@type":"WebPage","@id":"https:\/\/www.njoy-referenzen.de\/pfirsichhaut\/produkt\/maennerpflege-m4m-duschgel\/","url":"https:\/\/www.njoy-referenzen.de\/pfirsichhaut\/produkt\/maennerpflege-m4m-duschgel\/","name":"2 in 1 Body & Hair Wash Duschgel - Ihr Kosmetikstudio in Pirna","isPartOf":{"@id":"https:\/\/www.njoy-referenzen.de\/pfirsichhaut\/#website"},"datePublished":"2020-07-06T15:48:26+00:00","dateModified":"2022-10-28T11:34:39+00:00","breadcrumb":{"@id":"https:\/\/www.njoy-referenzen.de\/pfirsichhaut\/produkt\/maennerpflege-m4m-duschgel\/#breadcrumb"},"inLanguage":"de","potentialAction":[{"@type":"ReadAction","target":["https:\/\/www.njoy-referenzen.de\/pfirsichhaut\/produkt\/maennerpflege-m4m-duschgel\/"]}]},{"@type":"BreadcrumbList","@id":"https:\/\/www.njoy-referenzen.de\/pfirsichhaut\/produkt\/maennerpflege-m4m-duschgel\/#breadcrumb","itemListElement":[{"@type":"ListItem","position":1,"name":"Startseite","item":"https:\/\/www.njoy-referenzen.de\/pfirsichhaut\/"},{"@type":"ListItem","position":2,"name":"Shop","item":"https:\/\/www.njoy-referenzen.de\/pfirsichhaut\/shop\/"},{"@type":"ListItem","position":3,"name":"2 in 1 Body &#038; Hair Wash Duschgel"}]},{"@type":"WebSite","@id":"https:\/\/www.njoy-referenzen.de\/pfirsichhaut\/#website","url":"https:\/\/www.njoy-referenzen.de\/pfirsichhaut\/","name":"Ihr Kosmetikstudio in Pirna","description":"Ihr Kosmetikstudio in Pirna","potentialAction":[{"@type":"SearchAction","target":{"@type":"EntryPoint","urlTemplate":"https:\/\/www.njoy-referenzen.de\/pfirsichhaut\/?s={search_term_string}"},"query-input":"required name=search_term_string"}],"inLanguage":"de"}]}},"_links":{"self":[{"href":"https:\/\/www.njoy-referenzen.de\/pfirsichhaut\/wp-json\/wp\/v3\/product\/1475"}],"collection":[{"href":"https:\/\/www.njoy-referenzen.de\/pfirsichhaut\/wp-json\/wp\/v3\/product"}],"about":[{"href":"https:\/\/www.njoy-referenzen.de\/pfirsichhaut\/wp-json\/wp\/v2\/types\/product"}],"replies":[{"embeddable":true,"href":"https:\/\/www.njoy-referenzen.de\/pfirsichhaut\/wp-json\/wp\/v2\/comments?post=1475"}],"wp:featuredmedia":[{"embeddable":true,"href":"https:\/\/www.njoy-referenzen.de\/pfirsichhaut\/wp-json\/wp\/v2\/media\/1715"}],"wp:attachment":[{"href":"https:\/\/www.njoy-referenzen.de\/pfirsichhaut\/wp-json\/wp\/v2\/media?parent=1475"}],"wp:term":[{"taxonomy":"product_cat","embeddable":true,"href":"https:\/\/www.njoy-referenzen.de\/pfirsichhaut\/wp-json\/wp\/v2\/product_cat?post=1475"},{"taxonomy":"product_tag","embeddable":true,"href":"https:\/\/www.njoy-referenzen.de\/pfirsichhaut\/wp-json\/wp\/v2\/product_tag?post=1475"}],"curies":[{"name":"wp","href":"https:\/\/api.w.org\/{rel}","templated":true}]}}