























{"id":1470,"date":"2020-07-06T15:37:57","date_gmt":"2020-07-06T15:37:57","guid":{"rendered":"https:\/\/www.njoy-referenzen.de\/pfirsichhaut\/?post_type=product&#038;p=1470"},"modified":"2022-10-28T11:35:26","modified_gmt":"2022-10-28T11:35:26","slug":"age-control-gesichtstonic","status":"publish","type":"product","link":"https:\/\/www.njoy-referenzen.de\/pfirsichhaut\/produkt\/age-control-gesichtstonic\/","title":{"rendered":"Age Control Gesichtstonic"},"content":{"rendered":"<p class=\"p1\">Aqua (Water), Pentylene Glycol, Glycerin, Saccharide Isomerate, Panthenol, Hibiscus Sabdariffa Flower Extract, Caprylyl\/Capryl Glucoside, Sodium Levulinate, Sodium PCA, Sodium Lactate, Parfum (Fragrance), Trisodium Ethylenediamine Disuccinate, Sodium Cocoyl Glutamate, Sodium Anisate, Polyglyceryl-5 Oleate, Citric Acid, Glyceryl Caprylate, Fructose, Glycine, Niacinamide, Urea, Sodium Benzoate, Limonene, Hexyl Cinnamal, Alpha-Isomethyl Ionone, Potassium Sorbate, Citronellol, Inositol, Sodium Citrate, Linalool, Geraniol<\/p>\n","protected":false},"excerpt":{"rendered":"<p style=\"text-align: left;\">Verpackungseinheit: 125 ml \u00a0(Grundpreis 12,40\u00a0\u20ac \/ 100 ml)<\/p>\n<p><a href=\"https:\/\/www.njoy-referenzen.de\/pfirsichhaut\/wp-content\/uploads\/Logo.png\"><img class=\"alignnone wp-image-1419\" src=\"https:\/\/www.njoy-referenzen.de\/pfirsichhaut\/wp-content\/uploads\/Logo-300x70.png\" alt=\"\" width=\"201\" height=\"47\" srcset=\"https:\/\/www.njoy-referenzen.de\/pfirsichhaut\/wp-content\/uploads\/Logo-200x46.png 200w, https:\/\/www.njoy-referenzen.de\/pfirsichhaut\/wp-content\/uploads\/Logo-300x70.png 300w, https:\/\/www.njoy-referenzen.de\/pfirsichhaut\/wp-content\/uploads\/Logo-400x93.png 400w, https:\/\/www.njoy-referenzen.de\/pfirsichhaut\/wp-content\/uploads\/Logo-500x116.png 500w, https:\/\/www.njoy-referenzen.de\/pfirsichhaut\/wp-content\/uploads\/Logo.png 521w\" sizes=\"(max-width: 201px) 100vw, 201px\" \/><\/a><\/p>\n<p class=\"p1\">Das erfrischende Tonic belebt die Haut und entfernt \u00fcbersch\u00fcssige Hautsch\u00fcppchen. Ein spezieller Wirkstoffkomplex reduziert die Hautrauhigkeit und beruhigt gestresste oder irritierte Haut. Wertvoller Hibiskusextrakt und ein Feuchtigkeitskomplex spenden der Haut sofort und nachhaltig Feuchtigkeit. Die Haut erh\u00e4lt ein glattes und strahlendes Aussehen und ist optimal auf die nachfolgenden Pflegeprodukte vorbereitet<\/p>\n<p><a class=\"shop-btn\" href=\"\/shop\/\">Zur\u00fcck zum Shop<\/a><\/p>\n","protected":false},"featured_media":1661,"comment_status":"closed","ping_status":"closed","template":"","meta":[],"product_cat":[20,25],"product_tag":[],"yoast_head":"<!-- This site is optimized with the Yoast SEO plugin v20.6 - https:\/\/yoast.com\/wordpress\/plugins\/seo\/ -->\n<title>Age Control Gesichtstonic - Ihr Kosmetikstudio in Pirna<\/title>\n<meta name=\"robots\" content=\"noindex, follow, max-snippet:-1, max-image-preview:large, max-video-preview:-1\" \/>\n<meta property=\"og:locale\" content=\"de_DE\" \/>\n<meta property=\"og:type\" content=\"article\" \/>\n<meta property=\"og:title\" content=\"Age Control Gesichtstonic - Ihr Kosmetikstudio in Pirna\" \/>\n<meta property=\"og:description\" content=\"Verpackungseinheit: 125 ml \u00a0(Grundpreis 12,40\u00a0\u20ac \/ 100 ml)  Das erfrischende Tonic belebt die Haut und entfernt \u00fcbersch\u00fcssige Hautsch\u00fcppchen. Ein spezieller Wirkstoffkomplex reduziert die Hautrauhigkeit und beruhigt gestresste oder irritierte Haut. Wertvoller Hibiskusextrakt und ein Feuchtigkeitskomplex spenden der Haut sofort und nachhaltig Feuchtigkeit. Die Haut erh\u00e4lt ein glattes und strahlendes Aussehen und ist optimal auf die nachfolgenden Pflegeprodukte vorbereitet Zur\u00fcck zum Shop\" \/>\n<meta property=\"og:url\" content=\"https:\/\/www.njoy-referenzen.de\/pfirsichhaut\/produkt\/age-control-gesichtstonic\/\" \/>\n<meta property=\"og:site_name\" content=\"Ihr Kosmetikstudio in Pirna\" \/>\n<meta property=\"article:modified_time\" content=\"2022-10-28T11:35:26+00:00\" \/>\n<meta property=\"og:image\" content=\"https:\/\/www.njoy-referenzen.de\/pfirsichhaut\/wp-content\/uploads\/9-3.jpg\" \/>\n\t<meta property=\"og:image:width\" content=\"1000\" \/>\n\t<meta property=\"og:image:height\" content=\"1000\" \/>\n\t<meta property=\"og:image:type\" content=\"image\/jpeg\" \/>\n<meta name=\"twitter:card\" content=\"summary_large_image\" \/>\n<meta name=\"twitter:label1\" content=\"Gesch\u00e4tzte Lesezeit\" \/>\n\t<meta name=\"twitter:data1\" content=\"1\u00a0Minute\" \/>\n<script type=\"application\/ld+json\" class=\"yoast-schema-graph\">{\"@context\":\"https:\/\/schema.org\",\"@graph\":[{\"@type\":\"WebPage\",\"@id\":\"https:\/\/www.njoy-referenzen.de\/pfirsichhaut\/produkt\/age-control-gesichtstonic\/\",\"url\":\"https:\/\/www.njoy-referenzen.de\/pfirsichhaut\/produkt\/age-control-gesichtstonic\/\",\"name\":\"Age Control Gesichtstonic - Ihr Kosmetikstudio in Pirna\",\"isPartOf\":{\"@id\":\"https:\/\/www.njoy-referenzen.de\/pfirsichhaut\/#website\"},\"datePublished\":\"2020-07-06T15:37:57+00:00\",\"dateModified\":\"2022-10-28T11:35:26+00:00\",\"breadcrumb\":{\"@id\":\"https:\/\/www.njoy-referenzen.de\/pfirsichhaut\/produkt\/age-control-gesichtstonic\/#breadcrumb\"},\"inLanguage\":\"de\",\"potentialAction\":[{\"@type\":\"ReadAction\",\"target\":[\"https:\/\/www.njoy-referenzen.de\/pfirsichhaut\/produkt\/age-control-gesichtstonic\/\"]}]},{\"@type\":\"BreadcrumbList\",\"@id\":\"https:\/\/www.njoy-referenzen.de\/pfirsichhaut\/produkt\/age-control-gesichtstonic\/#breadcrumb\",\"itemListElement\":[{\"@type\":\"ListItem\",\"position\":1,\"name\":\"Startseite\",\"item\":\"https:\/\/www.njoy-referenzen.de\/pfirsichhaut\/\"},{\"@type\":\"ListItem\",\"position\":2,\"name\":\"Shop\",\"item\":\"https:\/\/www.njoy-referenzen.de\/pfirsichhaut\/shop\/\"},{\"@type\":\"ListItem\",\"position\":3,\"name\":\"Age Control Gesichtstonic\"}]},{\"@type\":\"WebSite\",\"@id\":\"https:\/\/www.njoy-referenzen.de\/pfirsichhaut\/#website\",\"url\":\"https:\/\/www.njoy-referenzen.de\/pfirsichhaut\/\",\"name\":\"Ihr Kosmetikstudio in Pirna\",\"description\":\"Ihr Kosmetikstudio in Pirna\",\"potentialAction\":[{\"@type\":\"SearchAction\",\"target\":{\"@type\":\"EntryPoint\",\"urlTemplate\":\"https:\/\/www.njoy-referenzen.de\/pfirsichhaut\/?s={search_term_string}\"},\"query-input\":\"required name=search_term_string\"}],\"inLanguage\":\"de\"}]}<\/script>\n<!-- \/ Yoast SEO plugin. -->","yoast_head_json":{"title":"Age Control Gesichtstonic - Ihr Kosmetikstudio in Pirna","robots":{"index":"noindex","follow":"follow","max-snippet":"max-snippet:-1","max-image-preview":"max-image-preview:large","max-video-preview":"max-video-preview:-1"},"og_locale":"de_DE","og_type":"article","og_title":"Age Control Gesichtstonic - Ihr Kosmetikstudio in Pirna","og_description":"Verpackungseinheit: 125 ml \u00a0(Grundpreis 12,40\u00a0\u20ac \/ 100 ml)  Das erfrischende Tonic belebt die Haut und entfernt \u00fcbersch\u00fcssige Hautsch\u00fcppchen. Ein spezieller Wirkstoffkomplex reduziert die Hautrauhigkeit und beruhigt gestresste oder irritierte Haut. Wertvoller Hibiskusextrakt und ein Feuchtigkeitskomplex spenden der Haut sofort und nachhaltig Feuchtigkeit. Die Haut erh\u00e4lt ein glattes und strahlendes Aussehen und ist optimal auf die nachfolgenden Pflegeprodukte vorbereitet Zur\u00fcck zum Shop","og_url":"https:\/\/www.njoy-referenzen.de\/pfirsichhaut\/produkt\/age-control-gesichtstonic\/","og_site_name":"Ihr Kosmetikstudio in Pirna","article_modified_time":"2022-10-28T11:35:26+00:00","og_image":[{"width":1000,"height":1000,"url":"https:\/\/www.njoy-referenzen.de\/pfirsichhaut\/wp-content\/uploads\/9-3.jpg","type":"image\/jpeg"}],"twitter_card":"summary_large_image","twitter_misc":{"Gesch\u00e4tzte Lesezeit":"1\u00a0Minute"},"schema":{"@context":"https:\/\/schema.org","@graph":[{"@type":"WebPage","@id":"https:\/\/www.njoy-referenzen.de\/pfirsichhaut\/produkt\/age-control-gesichtstonic\/","url":"https:\/\/www.njoy-referenzen.de\/pfirsichhaut\/produkt\/age-control-gesichtstonic\/","name":"Age Control Gesichtstonic - Ihr Kosmetikstudio in Pirna","isPartOf":{"@id":"https:\/\/www.njoy-referenzen.de\/pfirsichhaut\/#website"},"datePublished":"2020-07-06T15:37:57+00:00","dateModified":"2022-10-28T11:35:26+00:00","breadcrumb":{"@id":"https:\/\/www.njoy-referenzen.de\/pfirsichhaut\/produkt\/age-control-gesichtstonic\/#breadcrumb"},"inLanguage":"de","potentialAction":[{"@type":"ReadAction","target":["https:\/\/www.njoy-referenzen.de\/pfirsichhaut\/produkt\/age-control-gesichtstonic\/"]}]},{"@type":"BreadcrumbList","@id":"https:\/\/www.njoy-referenzen.de\/pfirsichhaut\/produkt\/age-control-gesichtstonic\/#breadcrumb","itemListElement":[{"@type":"ListItem","position":1,"name":"Startseite","item":"https:\/\/www.njoy-referenzen.de\/pfirsichhaut\/"},{"@type":"ListItem","position":2,"name":"Shop","item":"https:\/\/www.njoy-referenzen.de\/pfirsichhaut\/shop\/"},{"@type":"ListItem","position":3,"name":"Age Control Gesichtstonic"}]},{"@type":"WebSite","@id":"https:\/\/www.njoy-referenzen.de\/pfirsichhaut\/#website","url":"https:\/\/www.njoy-referenzen.de\/pfirsichhaut\/","name":"Ihr Kosmetikstudio in Pirna","description":"Ihr Kosmetikstudio in Pirna","potentialAction":[{"@type":"SearchAction","target":{"@type":"EntryPoint","urlTemplate":"https:\/\/www.njoy-referenzen.de\/pfirsichhaut\/?s={search_term_string}"},"query-input":"required name=search_term_string"}],"inLanguage":"de"}]}},"_links":{"self":[{"href":"https:\/\/www.njoy-referenzen.de\/pfirsichhaut\/wp-json\/wp\/v3\/product\/1470"}],"collection":[{"href":"https:\/\/www.njoy-referenzen.de\/pfirsichhaut\/wp-json\/wp\/v3\/product"}],"about":[{"href":"https:\/\/www.njoy-referenzen.de\/pfirsichhaut\/wp-json\/wp\/v2\/types\/product"}],"replies":[{"embeddable":true,"href":"https:\/\/www.njoy-referenzen.de\/pfirsichhaut\/wp-json\/wp\/v2\/comments?post=1470"}],"wp:featuredmedia":[{"embeddable":true,"href":"https:\/\/www.njoy-referenzen.de\/pfirsichhaut\/wp-json\/wp\/v2\/media\/1661"}],"wp:attachment":[{"href":"https:\/\/www.njoy-referenzen.de\/pfirsichhaut\/wp-json\/wp\/v2\/media?parent=1470"}],"wp:term":[{"taxonomy":"product_cat","embeddable":true,"href":"https:\/\/www.njoy-referenzen.de\/pfirsichhaut\/wp-json\/wp\/v2\/product_cat?post=1470"},{"taxonomy":"product_tag","embeddable":true,"href":"https:\/\/www.njoy-referenzen.de\/pfirsichhaut\/wp-json\/wp\/v2\/product_tag?post=1470"}],"curies":[{"name":"wp","href":"https:\/\/api.w.org\/{rel}","templated":true}]}}