























{"id":1468,"date":"2020-07-06T15:35:52","date_gmt":"2020-07-06T15:35:52","guid":{"rendered":"https:\/\/www.njoy-referenzen.de\/pfirsichhaut\/?post_type=product&#038;p=1468"},"modified":"2022-10-28T11:35:44","modified_gmt":"2022-10-28T11:35:44","slug":"age-control-reinigungscreme","status":"publish","type":"product","link":"https:\/\/www.njoy-referenzen.de\/pfirsichhaut\/produkt\/age-control-reinigungscreme\/","title":{"rendered":"Age Control Reinigungscreme"},"content":{"rendered":"<p class=\"p1\">Aqua (Water), Sesamum Indicum (Sesame) Seed Oil, Propanediol, Sodium Coco-Glucoside Tartrate, Sodium Lauroyl Sarcosinate, Glycerin, Coco-Betaine, Coco-Glucoside, Glyceryl Oleate, Parfum (Fragrance), C12-13 Alkyl Lactate, Hibiscus Sabdariffa Flower Extract, Sodium Levulinate, Panthenol, Citric Acid, Sclerotium Gum, Xanthan Gum, Sodium Chloride, Sodium Anisate, Limonene, Hexyl Cinnamal, Alpha-Isomethyl Ionone, Alcohol, Citronellol, Tocopherol, Caprylic\/Capric Triglyceride, Linalool, Ascorbyl Palmitate, Potassium Sorbate, Sodium Benzoate, Hydrogenated Palm Glycerides Citrate, Ascorbic Acid<\/p>\n","protected":false},"excerpt":{"rendered":"<p class=\"p1\">Verpackungseinheit: 125 ml (Grundpreis 12,40 \u20ac \/ 100 ml)<\/p>\n<p><a href=\"https:\/\/www.njoy-referenzen.de\/pfirsichhaut\/wp-content\/uploads\/Logo.png\"><img class=\"alignnone wp-image-1419\" src=\"https:\/\/www.njoy-referenzen.de\/pfirsichhaut\/wp-content\/uploads\/Logo-300x70.png\" alt=\"\" width=\"180\" height=\"42\" srcset=\"https:\/\/www.njoy-referenzen.de\/pfirsichhaut\/wp-content\/uploads\/Logo-200x46.png 200w, https:\/\/www.njoy-referenzen.de\/pfirsichhaut\/wp-content\/uploads\/Logo-300x70.png 300w, https:\/\/www.njoy-referenzen.de\/pfirsichhaut\/wp-content\/uploads\/Logo-400x93.png 400w, https:\/\/www.njoy-referenzen.de\/pfirsichhaut\/wp-content\/uploads\/Logo-500x116.png 500w, https:\/\/www.njoy-referenzen.de\/pfirsichhaut\/wp-content\/uploads\/Logo.png 521w\" sizes=\"(max-width: 180px) 100vw, 180px\" \/><\/a><\/p>\n<p class=\"p1\">Die Reinigungscreme verwandelt sich in einen zarten Schaum. Der Schaum entfernt sanft und gr\u00fcndlich \u00fcbersch\u00fcssige Hautablagerungen und Make-up-R\u00fcckst\u00e4nde. Die nat\u00fcrliche Hautbarriere und die Abwehrkr\u00e4fte der Haut werden unterst\u00fctzt. Hibiskus-Extrakt und Panthenol verbessern das Feuchtigkeitsbindeverm\u00f6gen der Haut und wirken zus\u00e4tzlich entz\u00fcndungshemmend. Der hohe Anteil an nat\u00fcrlichem, r\u00fcckfettendem Sesam\u00f6l sch\u00fctzt die Haut vor dem Austrocknen. Auch geeignet f\u00fcr die eher trockene Haut.<\/p>\n<p><a class=\"shop-btn\" href=\"\/shop\/\">Zur\u00fcck zum Shop<\/a><\/p>\n","protected":false},"featured_media":1660,"comment_status":"closed","ping_status":"closed","template":"","meta":[],"product_cat":[20,25],"product_tag":[],"yoast_head":"<!-- This site is optimized with the Yoast SEO plugin v20.6 - https:\/\/yoast.com\/wordpress\/plugins\/seo\/ -->\n<title>Age Control Reinigungscreme - Ihr Kosmetikstudio in Pirna<\/title>\n<meta name=\"robots\" content=\"noindex, follow, max-snippet:-1, max-image-preview:large, max-video-preview:-1\" \/>\n<meta property=\"og:locale\" content=\"de_DE\" \/>\n<meta property=\"og:type\" content=\"article\" \/>\n<meta property=\"og:title\" content=\"Age Control Reinigungscreme - Ihr Kosmetikstudio in Pirna\" \/>\n<meta property=\"og:description\" content=\"Verpackungseinheit: 125 ml (Grundpreis 12,40 \u20ac \/ 100 ml)  Die Reinigungscreme verwandelt sich in einen zarten Schaum. Der Schaum entfernt sanft und gr\u00fcndlich \u00fcbersch\u00fcssige Hautablagerungen und Make-up-R\u00fcckst\u00e4nde. Die nat\u00fcrliche Hautbarriere und die Abwehrkr\u00e4fte der Haut werden unterst\u00fctzt. Hibiskus-Extrakt und Panthenol verbessern das Feuchtigkeitsbindeverm\u00f6gen der Haut und wirken zus\u00e4tzlich entz\u00fcndungshemmend. Der hohe Anteil an nat\u00fcrlichem, r\u00fcckfettendem Sesam\u00f6l sch\u00fctzt die Haut vor dem Austrocknen. Auch geeignet f\u00fcr die eher trockene Haut. Zur\u00fcck zum Shop\" \/>\n<meta property=\"og:url\" content=\"https:\/\/www.njoy-referenzen.de\/pfirsichhaut\/produkt\/age-control-reinigungscreme\/\" \/>\n<meta property=\"og:site_name\" content=\"Ihr Kosmetikstudio in Pirna\" \/>\n<meta property=\"article:modified_time\" content=\"2022-10-28T11:35:44+00:00\" \/>\n<meta property=\"og:image\" content=\"https:\/\/www.njoy-referenzen.de\/pfirsichhaut\/wp-content\/uploads\/8-4.jpg\" \/>\n\t<meta property=\"og:image:width\" content=\"1000\" \/>\n\t<meta property=\"og:image:height\" content=\"1000\" \/>\n\t<meta property=\"og:image:type\" content=\"image\/jpeg\" \/>\n<meta name=\"twitter:card\" content=\"summary_large_image\" \/>\n<meta name=\"twitter:label1\" content=\"Gesch\u00e4tzte Lesezeit\" \/>\n\t<meta name=\"twitter:data1\" content=\"1\u00a0Minute\" \/>\n<script type=\"application\/ld+json\" class=\"yoast-schema-graph\">{\"@context\":\"https:\/\/schema.org\",\"@graph\":[{\"@type\":\"WebPage\",\"@id\":\"https:\/\/www.njoy-referenzen.de\/pfirsichhaut\/produkt\/age-control-reinigungscreme\/\",\"url\":\"https:\/\/www.njoy-referenzen.de\/pfirsichhaut\/produkt\/age-control-reinigungscreme\/\",\"name\":\"Age Control Reinigungscreme - Ihr Kosmetikstudio in Pirna\",\"isPartOf\":{\"@id\":\"https:\/\/www.njoy-referenzen.de\/pfirsichhaut\/#website\"},\"datePublished\":\"2020-07-06T15:35:52+00:00\",\"dateModified\":\"2022-10-28T11:35:44+00:00\",\"breadcrumb\":{\"@id\":\"https:\/\/www.njoy-referenzen.de\/pfirsichhaut\/produkt\/age-control-reinigungscreme\/#breadcrumb\"},\"inLanguage\":\"de\",\"potentialAction\":[{\"@type\":\"ReadAction\",\"target\":[\"https:\/\/www.njoy-referenzen.de\/pfirsichhaut\/produkt\/age-control-reinigungscreme\/\"]}]},{\"@type\":\"BreadcrumbList\",\"@id\":\"https:\/\/www.njoy-referenzen.de\/pfirsichhaut\/produkt\/age-control-reinigungscreme\/#breadcrumb\",\"itemListElement\":[{\"@type\":\"ListItem\",\"position\":1,\"name\":\"Startseite\",\"item\":\"https:\/\/www.njoy-referenzen.de\/pfirsichhaut\/\"},{\"@type\":\"ListItem\",\"position\":2,\"name\":\"Shop\",\"item\":\"https:\/\/www.njoy-referenzen.de\/pfirsichhaut\/shop\/\"},{\"@type\":\"ListItem\",\"position\":3,\"name\":\"Age Control Reinigungscreme\"}]},{\"@type\":\"WebSite\",\"@id\":\"https:\/\/www.njoy-referenzen.de\/pfirsichhaut\/#website\",\"url\":\"https:\/\/www.njoy-referenzen.de\/pfirsichhaut\/\",\"name\":\"Ihr Kosmetikstudio in Pirna\",\"description\":\"Ihr Kosmetikstudio in Pirna\",\"potentialAction\":[{\"@type\":\"SearchAction\",\"target\":{\"@type\":\"EntryPoint\",\"urlTemplate\":\"https:\/\/www.njoy-referenzen.de\/pfirsichhaut\/?s={search_term_string}\"},\"query-input\":\"required name=search_term_string\"}],\"inLanguage\":\"de\"}]}<\/script>\n<!-- \/ Yoast SEO plugin. -->","yoast_head_json":{"title":"Age Control Reinigungscreme - Ihr Kosmetikstudio in Pirna","robots":{"index":"noindex","follow":"follow","max-snippet":"max-snippet:-1","max-image-preview":"max-image-preview:large","max-video-preview":"max-video-preview:-1"},"og_locale":"de_DE","og_type":"article","og_title":"Age Control Reinigungscreme - Ihr Kosmetikstudio in Pirna","og_description":"Verpackungseinheit: 125 ml (Grundpreis 12,40 \u20ac \/ 100 ml)  Die Reinigungscreme verwandelt sich in einen zarten Schaum. Der Schaum entfernt sanft und gr\u00fcndlich \u00fcbersch\u00fcssige Hautablagerungen und Make-up-R\u00fcckst\u00e4nde. Die nat\u00fcrliche Hautbarriere und die Abwehrkr\u00e4fte der Haut werden unterst\u00fctzt. Hibiskus-Extrakt und Panthenol verbessern das Feuchtigkeitsbindeverm\u00f6gen der Haut und wirken zus\u00e4tzlich entz\u00fcndungshemmend. Der hohe Anteil an nat\u00fcrlichem, r\u00fcckfettendem Sesam\u00f6l sch\u00fctzt die Haut vor dem Austrocknen. Auch geeignet f\u00fcr die eher trockene Haut. Zur\u00fcck zum Shop","og_url":"https:\/\/www.njoy-referenzen.de\/pfirsichhaut\/produkt\/age-control-reinigungscreme\/","og_site_name":"Ihr Kosmetikstudio in Pirna","article_modified_time":"2022-10-28T11:35:44+00:00","og_image":[{"width":1000,"height":1000,"url":"https:\/\/www.njoy-referenzen.de\/pfirsichhaut\/wp-content\/uploads\/8-4.jpg","type":"image\/jpeg"}],"twitter_card":"summary_large_image","twitter_misc":{"Gesch\u00e4tzte Lesezeit":"1\u00a0Minute"},"schema":{"@context":"https:\/\/schema.org","@graph":[{"@type":"WebPage","@id":"https:\/\/www.njoy-referenzen.de\/pfirsichhaut\/produkt\/age-control-reinigungscreme\/","url":"https:\/\/www.njoy-referenzen.de\/pfirsichhaut\/produkt\/age-control-reinigungscreme\/","name":"Age Control Reinigungscreme - Ihr Kosmetikstudio in Pirna","isPartOf":{"@id":"https:\/\/www.njoy-referenzen.de\/pfirsichhaut\/#website"},"datePublished":"2020-07-06T15:35:52+00:00","dateModified":"2022-10-28T11:35:44+00:00","breadcrumb":{"@id":"https:\/\/www.njoy-referenzen.de\/pfirsichhaut\/produkt\/age-control-reinigungscreme\/#breadcrumb"},"inLanguage":"de","potentialAction":[{"@type":"ReadAction","target":["https:\/\/www.njoy-referenzen.de\/pfirsichhaut\/produkt\/age-control-reinigungscreme\/"]}]},{"@type":"BreadcrumbList","@id":"https:\/\/www.njoy-referenzen.de\/pfirsichhaut\/produkt\/age-control-reinigungscreme\/#breadcrumb","itemListElement":[{"@type":"ListItem","position":1,"name":"Startseite","item":"https:\/\/www.njoy-referenzen.de\/pfirsichhaut\/"},{"@type":"ListItem","position":2,"name":"Shop","item":"https:\/\/www.njoy-referenzen.de\/pfirsichhaut\/shop\/"},{"@type":"ListItem","position":3,"name":"Age Control Reinigungscreme"}]},{"@type":"WebSite","@id":"https:\/\/www.njoy-referenzen.de\/pfirsichhaut\/#website","url":"https:\/\/www.njoy-referenzen.de\/pfirsichhaut\/","name":"Ihr Kosmetikstudio in Pirna","description":"Ihr Kosmetikstudio in Pirna","potentialAction":[{"@type":"SearchAction","target":{"@type":"EntryPoint","urlTemplate":"https:\/\/www.njoy-referenzen.de\/pfirsichhaut\/?s={search_term_string}"},"query-input":"required name=search_term_string"}],"inLanguage":"de"}]}},"_links":{"self":[{"href":"https:\/\/www.njoy-referenzen.de\/pfirsichhaut\/wp-json\/wp\/v3\/product\/1468"}],"collection":[{"href":"https:\/\/www.njoy-referenzen.de\/pfirsichhaut\/wp-json\/wp\/v3\/product"}],"about":[{"href":"https:\/\/www.njoy-referenzen.de\/pfirsichhaut\/wp-json\/wp\/v2\/types\/product"}],"replies":[{"embeddable":true,"href":"https:\/\/www.njoy-referenzen.de\/pfirsichhaut\/wp-json\/wp\/v2\/comments?post=1468"}],"wp:featuredmedia":[{"embeddable":true,"href":"https:\/\/www.njoy-referenzen.de\/pfirsichhaut\/wp-json\/wp\/v2\/media\/1660"}],"wp:attachment":[{"href":"https:\/\/www.njoy-referenzen.de\/pfirsichhaut\/wp-json\/wp\/v2\/media?parent=1468"}],"wp:term":[{"taxonomy":"product_cat","embeddable":true,"href":"https:\/\/www.njoy-referenzen.de\/pfirsichhaut\/wp-json\/wp\/v2\/product_cat?post=1468"},{"taxonomy":"product_tag","embeddable":true,"href":"https:\/\/www.njoy-referenzen.de\/pfirsichhaut\/wp-json\/wp\/v2\/product_tag?post=1468"}],"curies":[{"name":"wp","href":"https:\/\/api.w.org\/{rel}","templated":true}]}}