























{"id":1464,"date":"2020-07-06T15:27:32","date_gmt":"2020-07-06T15:27:32","guid":{"rendered":"https:\/\/www.njoy-referenzen.de\/pfirsichhaut\/?post_type=product&#038;p=1464"},"modified":"2022-10-28T11:36:18","modified_gmt":"2022-10-28T11:36:18","slug":"age-control-nachtpflege-mit-lifting-effekt","status":"publish","type":"product","link":"https:\/\/www.njoy-referenzen.de\/pfirsichhaut\/produkt\/age-control-nachtpflege-mit-lifting-effekt\/","title":{"rendered":"Age Control Nachtpflege mit Lifting Effekt"},"content":{"rendered":"<p class=\"p1\">Aqua (Water), Octyldodecanol, Caprylic\/Capric Triglyceride, Propanediol, Glycerin, Ethylhexyl Laurate, Olus (Vegetable) Oil, Coco-Caprylate\/Caprate, Sorbitan Oleate, Polyglyceryl-3 Polyricinoleate, Oenothera Biennis (Evening Primrose) Oil, Zinc Sulfate, Hibiscus Sabdariffa Flower Extract, Parfum (Fragrance), Tocopheryl Acetate, Polyglyceryl-2 Sesquioleate, Hydrogenated Castor Oil, Butylene Glycol, Phenoxyethanol, Retinyl Palmitate, Helianthus Annuus (Sunflower) Seed Oil, Zinc Gluconate, Magnesium Aspartate, Caprylyl Glycol, Limonene, Hexyl Cinnamal, Alcohol, Alpha-Isomethyl Ionone, Tocopherol, Copper Gluconate, Citronellol, Carbomer, Coco-Glucoside, Citric Acid, Linalool, Potassium Sorbate, Sodium Benzoate, Geraniol, Ascorbyl Palmitate, Ascorbic Acid, Palmitoyl Tripeptide-1, Palmitoyl Tetrapeptide-7, Citral, Coumarin<\/p>\n","protected":false},"excerpt":{"rendered":"<p class=\"p1\">Verpackungseinheit: 50 ml (Grundpreis 69,02 \u20ac \/ 100 ml)<\/p>\n<p><a href=\"https:\/\/www.njoy-referenzen.de\/pfirsichhaut\/wp-content\/uploads\/Logo.png\"><img class=\"alignnone wp-image-1419\" src=\"https:\/\/www.njoy-referenzen.de\/pfirsichhaut\/wp-content\/uploads\/Logo-300x70.png\" alt=\"\" width=\"180\" height=\"42\" srcset=\"https:\/\/www.njoy-referenzen.de\/pfirsichhaut\/wp-content\/uploads\/Logo-200x46.png 200w, https:\/\/www.njoy-referenzen.de\/pfirsichhaut\/wp-content\/uploads\/Logo-300x70.png 300w, https:\/\/www.njoy-referenzen.de\/pfirsichhaut\/wp-content\/uploads\/Logo-400x93.png 400w, https:\/\/www.njoy-referenzen.de\/pfirsichhaut\/wp-content\/uploads\/Logo-500x116.png 500w, https:\/\/www.njoy-referenzen.de\/pfirsichhaut\/wp-content\/uploads\/Logo.png 521w\" sizes=\"(max-width: 180px) 100vw, 180px\" \/><\/a><\/p>\n<p class=\"p1\">W\u00e4hrend der Nachtruhe wird die Haut in ihrer Regenerationsphase intensiv mit einem speziellen Mineralkomplex unterst\u00fctzt. Der Hautstoffwechsel wird angeregt und die Haut wird mit neuer Energie versorgt, die f\u00fcr den Erhalt der Hautfunktionen notwendig ist. Die reichhaltige Pflegecreme wirkt selbst ausgepr\u00e4gten F\u00e4ltchen umfassend und nachhaltig entgegen. Der Anti-Falten-Wirkstoff Matrixyl 3000&#x2122; f\u00f6rdert die Collagen-Synthese und aktiviert die St\u00fctzstrukturen der Dermis und der Epidermis, dadurch wird die Haut von innen heraus gest\u00e4rkt. Die Haut wird elastischer und die Gewebestruktur wird gefestigt. Wertvoller Hibiskus-Extrakt und die Vitamine E und A sch\u00fctzen die Haut vor sch\u00e4dlichen Umwelteinfl\u00fcssen. Die Haut erh\u00e4lt unmittelbar und lang anhaltend ein glattes und gefestigtes Aussehen und gewinnt auf nat\u00fcrliche Weise die biologischen Merkmale ihrer jungen Jahre zur\u00fcck.<\/p>\n<p><a class=\"shop-btn\" href=\"\/shop\/\">Zur\u00fcck zum Shop<\/a><\/p>\n","protected":false},"featured_media":1658,"comment_status":"closed","ping_status":"closed","template":"","meta":[],"product_cat":[20,25],"product_tag":[],"yoast_head":"<!-- This site is optimized with the Yoast SEO plugin v20.6 - https:\/\/yoast.com\/wordpress\/plugins\/seo\/ -->\n<title>Age Control Nachtpflege mit Lifting Effekt - Ihr Kosmetikstudio in Pirna<\/title>\n<meta name=\"robots\" content=\"noindex, follow, max-snippet:-1, max-image-preview:large, max-video-preview:-1\" \/>\n<meta property=\"og:locale\" content=\"de_DE\" \/>\n<meta property=\"og:type\" content=\"article\" \/>\n<meta property=\"og:title\" content=\"Age Control Nachtpflege mit Lifting Effekt - Ihr Kosmetikstudio in Pirna\" \/>\n<meta property=\"og:description\" content=\"Verpackungseinheit: 50 ml (Grundpreis 69,02 \u20ac \/ 100 ml)  W\u00e4hrend der Nachtruhe wird die Haut in ihrer Regenerationsphase intensiv mit einem speziellen Mineralkomplex unterst\u00fctzt. Der Hautstoffwechsel wird angeregt und die Haut wird mit neuer Energie versorgt, die f\u00fcr den Erhalt der Hautfunktionen notwendig ist. Die reichhaltige Pflegecreme wirkt selbst ausgepr\u00e4gten F\u00e4ltchen umfassend und nachhaltig entgegen. Der Anti-Falten-Wirkstoff Matrixyl 3000&#x2122; f\u00f6rdert die Collagen-Synthese und aktiviert die St\u00fctzstrukturen der Dermis und der Epidermis, dadurch wird die Haut von innen heraus gest\u00e4rkt. Die Haut wird elastischer und die Gewebestruktur wird gefestigt. Wertvoller Hibiskus-Extrakt und die Vitamine E und A sch\u00fctzen die Haut vor sch\u00e4dlichen Umwelteinfl\u00fcssen. Die Haut erh\u00e4lt unmittelbar und lang anhaltend ein glattes und gefestigtes Aussehen und gewinnt auf nat\u00fcrliche Weise die biologischen Merkmale ihrer jungen Jahre zur\u00fcck. Zur\u00fcck zum Shop\" \/>\n<meta property=\"og:url\" content=\"https:\/\/www.njoy-referenzen.de\/pfirsichhaut\/produkt\/age-control-nachtpflege-mit-lifting-effekt\/\" \/>\n<meta property=\"og:site_name\" content=\"Ihr Kosmetikstudio in Pirna\" \/>\n<meta property=\"article:modified_time\" content=\"2022-10-28T11:36:18+00:00\" \/>\n<meta property=\"og:image\" content=\"https:\/\/www.njoy-referenzen.de\/pfirsichhaut\/wp-content\/uploads\/6-4.jpg\" \/>\n\t<meta property=\"og:image:width\" content=\"1000\" \/>\n\t<meta property=\"og:image:height\" content=\"1000\" \/>\n\t<meta property=\"og:image:type\" content=\"image\/jpeg\" \/>\n<meta name=\"twitter:card\" content=\"summary_large_image\" \/>\n<meta name=\"twitter:label1\" content=\"Gesch\u00e4tzte Lesezeit\" \/>\n\t<meta name=\"twitter:data1\" content=\"1\u00a0Minute\" \/>\n<script type=\"application\/ld+json\" class=\"yoast-schema-graph\">{\"@context\":\"https:\/\/schema.org\",\"@graph\":[{\"@type\":\"WebPage\",\"@id\":\"https:\/\/www.njoy-referenzen.de\/pfirsichhaut\/produkt\/age-control-nachtpflege-mit-lifting-effekt\/\",\"url\":\"https:\/\/www.njoy-referenzen.de\/pfirsichhaut\/produkt\/age-control-nachtpflege-mit-lifting-effekt\/\",\"name\":\"Age Control Nachtpflege mit Lifting Effekt - Ihr Kosmetikstudio in Pirna\",\"isPartOf\":{\"@id\":\"https:\/\/www.njoy-referenzen.de\/pfirsichhaut\/#website\"},\"datePublished\":\"2020-07-06T15:27:32+00:00\",\"dateModified\":\"2022-10-28T11:36:18+00:00\",\"breadcrumb\":{\"@id\":\"https:\/\/www.njoy-referenzen.de\/pfirsichhaut\/produkt\/age-control-nachtpflege-mit-lifting-effekt\/#breadcrumb\"},\"inLanguage\":\"de\",\"potentialAction\":[{\"@type\":\"ReadAction\",\"target\":[\"https:\/\/www.njoy-referenzen.de\/pfirsichhaut\/produkt\/age-control-nachtpflege-mit-lifting-effekt\/\"]}]},{\"@type\":\"BreadcrumbList\",\"@id\":\"https:\/\/www.njoy-referenzen.de\/pfirsichhaut\/produkt\/age-control-nachtpflege-mit-lifting-effekt\/#breadcrumb\",\"itemListElement\":[{\"@type\":\"ListItem\",\"position\":1,\"name\":\"Startseite\",\"item\":\"https:\/\/www.njoy-referenzen.de\/pfirsichhaut\/\"},{\"@type\":\"ListItem\",\"position\":2,\"name\":\"Shop\",\"item\":\"https:\/\/www.njoy-referenzen.de\/pfirsichhaut\/shop\/\"},{\"@type\":\"ListItem\",\"position\":3,\"name\":\"Age Control Nachtpflege mit Lifting Effekt\"}]},{\"@type\":\"WebSite\",\"@id\":\"https:\/\/www.njoy-referenzen.de\/pfirsichhaut\/#website\",\"url\":\"https:\/\/www.njoy-referenzen.de\/pfirsichhaut\/\",\"name\":\"Ihr Kosmetikstudio in Pirna\",\"description\":\"Ihr Kosmetikstudio in Pirna\",\"potentialAction\":[{\"@type\":\"SearchAction\",\"target\":{\"@type\":\"EntryPoint\",\"urlTemplate\":\"https:\/\/www.njoy-referenzen.de\/pfirsichhaut\/?s={search_term_string}\"},\"query-input\":\"required name=search_term_string\"}],\"inLanguage\":\"de\"}]}<\/script>\n<!-- \/ Yoast SEO plugin. -->","yoast_head_json":{"title":"Age Control Nachtpflege mit Lifting Effekt - Ihr Kosmetikstudio in Pirna","robots":{"index":"noindex","follow":"follow","max-snippet":"max-snippet:-1","max-image-preview":"max-image-preview:large","max-video-preview":"max-video-preview:-1"},"og_locale":"de_DE","og_type":"article","og_title":"Age Control Nachtpflege mit Lifting Effekt - Ihr Kosmetikstudio in Pirna","og_description":"Verpackungseinheit: 50 ml (Grundpreis 69,02 \u20ac \/ 100 ml)  W\u00e4hrend der Nachtruhe wird die Haut in ihrer Regenerationsphase intensiv mit einem speziellen Mineralkomplex unterst\u00fctzt. Der Hautstoffwechsel wird angeregt und die Haut wird mit neuer Energie versorgt, die f\u00fcr den Erhalt der Hautfunktionen notwendig ist. Die reichhaltige Pflegecreme wirkt selbst ausgepr\u00e4gten F\u00e4ltchen umfassend und nachhaltig entgegen. Der Anti-Falten-Wirkstoff Matrixyl 3000&#x2122; f\u00f6rdert die Collagen-Synthese und aktiviert die St\u00fctzstrukturen der Dermis und der Epidermis, dadurch wird die Haut von innen heraus gest\u00e4rkt. Die Haut wird elastischer und die Gewebestruktur wird gefestigt. Wertvoller Hibiskus-Extrakt und die Vitamine E und A sch\u00fctzen die Haut vor sch\u00e4dlichen Umwelteinfl\u00fcssen. Die Haut erh\u00e4lt unmittelbar und lang anhaltend ein glattes und gefestigtes Aussehen und gewinnt auf nat\u00fcrliche Weise die biologischen Merkmale ihrer jungen Jahre zur\u00fcck. Zur\u00fcck zum Shop","og_url":"https:\/\/www.njoy-referenzen.de\/pfirsichhaut\/produkt\/age-control-nachtpflege-mit-lifting-effekt\/","og_site_name":"Ihr Kosmetikstudio in Pirna","article_modified_time":"2022-10-28T11:36:18+00:00","og_image":[{"width":1000,"height":1000,"url":"https:\/\/www.njoy-referenzen.de\/pfirsichhaut\/wp-content\/uploads\/6-4.jpg","type":"image\/jpeg"}],"twitter_card":"summary_large_image","twitter_misc":{"Gesch\u00e4tzte Lesezeit":"1\u00a0Minute"},"schema":{"@context":"https:\/\/schema.org","@graph":[{"@type":"WebPage","@id":"https:\/\/www.njoy-referenzen.de\/pfirsichhaut\/produkt\/age-control-nachtpflege-mit-lifting-effekt\/","url":"https:\/\/www.njoy-referenzen.de\/pfirsichhaut\/produkt\/age-control-nachtpflege-mit-lifting-effekt\/","name":"Age Control Nachtpflege mit Lifting Effekt - Ihr Kosmetikstudio in Pirna","isPartOf":{"@id":"https:\/\/www.njoy-referenzen.de\/pfirsichhaut\/#website"},"datePublished":"2020-07-06T15:27:32+00:00","dateModified":"2022-10-28T11:36:18+00:00","breadcrumb":{"@id":"https:\/\/www.njoy-referenzen.de\/pfirsichhaut\/produkt\/age-control-nachtpflege-mit-lifting-effekt\/#breadcrumb"},"inLanguage":"de","potentialAction":[{"@type":"ReadAction","target":["https:\/\/www.njoy-referenzen.de\/pfirsichhaut\/produkt\/age-control-nachtpflege-mit-lifting-effekt\/"]}]},{"@type":"BreadcrumbList","@id":"https:\/\/www.njoy-referenzen.de\/pfirsichhaut\/produkt\/age-control-nachtpflege-mit-lifting-effekt\/#breadcrumb","itemListElement":[{"@type":"ListItem","position":1,"name":"Startseite","item":"https:\/\/www.njoy-referenzen.de\/pfirsichhaut\/"},{"@type":"ListItem","position":2,"name":"Shop","item":"https:\/\/www.njoy-referenzen.de\/pfirsichhaut\/shop\/"},{"@type":"ListItem","position":3,"name":"Age Control Nachtpflege mit Lifting Effekt"}]},{"@type":"WebSite","@id":"https:\/\/www.njoy-referenzen.de\/pfirsichhaut\/#website","url":"https:\/\/www.njoy-referenzen.de\/pfirsichhaut\/","name":"Ihr Kosmetikstudio in Pirna","description":"Ihr Kosmetikstudio in Pirna","potentialAction":[{"@type":"SearchAction","target":{"@type":"EntryPoint","urlTemplate":"https:\/\/www.njoy-referenzen.de\/pfirsichhaut\/?s={search_term_string}"},"query-input":"required name=search_term_string"}],"inLanguage":"de"}]}},"_links":{"self":[{"href":"https:\/\/www.njoy-referenzen.de\/pfirsichhaut\/wp-json\/wp\/v3\/product\/1464"}],"collection":[{"href":"https:\/\/www.njoy-referenzen.de\/pfirsichhaut\/wp-json\/wp\/v3\/product"}],"about":[{"href":"https:\/\/www.njoy-referenzen.de\/pfirsichhaut\/wp-json\/wp\/v2\/types\/product"}],"replies":[{"embeddable":true,"href":"https:\/\/www.njoy-referenzen.de\/pfirsichhaut\/wp-json\/wp\/v2\/comments?post=1464"}],"wp:featuredmedia":[{"embeddable":true,"href":"https:\/\/www.njoy-referenzen.de\/pfirsichhaut\/wp-json\/wp\/v2\/media\/1658"}],"wp:attachment":[{"href":"https:\/\/www.njoy-referenzen.de\/pfirsichhaut\/wp-json\/wp\/v2\/media?parent=1464"}],"wp:term":[{"taxonomy":"product_cat","embeddable":true,"href":"https:\/\/www.njoy-referenzen.de\/pfirsichhaut\/wp-json\/wp\/v2\/product_cat?post=1464"},{"taxonomy":"product_tag","embeddable":true,"href":"https:\/\/www.njoy-referenzen.de\/pfirsichhaut\/wp-json\/wp\/v2\/product_tag?post=1464"}],"curies":[{"name":"wp","href":"https:\/\/api.w.org\/{rel}","templated":true}]}}