























{"id":1455,"date":"2020-07-05T18:55:43","date_gmt":"2020-07-05T18:55:43","guid":{"rendered":"https:\/\/www.njoy-referenzen.de\/pfirsichhaut\/?post_type=product&#038;p=1455"},"modified":"2022-10-28T11:36:57","modified_gmt":"2022-10-28T11:36:57","slug":"aqua-minerals-feuchtigkeitsemulsion","status":"publish","type":"product","link":"https:\/\/www.njoy-referenzen.de\/pfirsichhaut\/produkt\/aqua-minerals-feuchtigkeitsemulsion\/","title":{"rendered":"Aqua Minerals Feuchtigkeitsemulsion"},"content":{"rendered":"<p class=\"p1\">Aqua (Water), Decyl Cocoate, Caprylic\/Capric Triglyceride, Tocopheryl Acetate, Dicaprylyl Carbonate, Cetyl Palmitate, Simmondsia Chinensis (Jojoba) Seed Oil, Sorbitol, Saccharide Isomerate, Malachite Extract, Sorbitan Palmitate, Sorbitan Olivate, Phenoxyethanol, Cetearyl Alcohol, Glyceryl Stearate, Parfum (Fragrance), Xanthan Gum, Stearic Acid, Sodium Lauroyl Glutamate, Dehydroxanthan Gum, Trisodium Ethylenediamine Disuccinate, Ethylhexylglycerin, Magnolia Officinalis Bark Extract, Citric Acid, Sodium Hyaluronate, Alcohol, Tocopherol, Ascorbyl Palmitate, Sodium Citrate, Benzyl Benzoate, Limonene, Ascorbic Acid<\/p>\n<p class=\"p1\">HINWEIS: Wir passen unsere Rezepturen regelm\u00e4\u00dfig an neue wissenschaftliche Erkenntnisse an. Dies kann eine ver\u00e4nderte Deklaration der Inhaltsstoffe zur Folge haben. Die exakte Zusammensetzung finden Sie stets auf der Liste der Inhaltsstoffe auf der Verpackung.<\/p>\n","protected":false},"excerpt":{"rendered":"<p class=\"p1\">Verpackungseinheit: 50 ml (Grundpreis 50,50 \u20ac \/ 100 ml)<\/p>\n<p class=\"p1\"><a href=\"https:\/\/www.njoy-referenzen.de\/pfirsichhaut\/wp-content\/uploads\/Logo.png\"><img class=\"alignnone wp-image-1419\" src=\"https:\/\/www.njoy-referenzen.de\/pfirsichhaut\/wp-content\/uploads\/Logo-300x70.png\" alt=\"\" width=\"219\" height=\"51\" srcset=\"https:\/\/www.njoy-referenzen.de\/pfirsichhaut\/wp-content\/uploads\/Logo-200x46.png 200w, https:\/\/www.njoy-referenzen.de\/pfirsichhaut\/wp-content\/uploads\/Logo-300x70.png 300w, https:\/\/www.njoy-referenzen.de\/pfirsichhaut\/wp-content\/uploads\/Logo-400x93.png 400w, https:\/\/www.njoy-referenzen.de\/pfirsichhaut\/wp-content\/uploads\/Logo-500x116.png 500w, https:\/\/www.njoy-referenzen.de\/pfirsichhaut\/wp-content\/uploads\/Logo.png 521w\" sizes=\"(max-width: 219px) 100vw, 219px\" \/><\/a><\/p>\n<p class=\"p1\">Die leichte Emulsion regeneriert die Hautelastizit\u00e4t und ist ideal als Make Up-Unterlage geeignet. Der sch\u00fctzende Mineralkomplex aus Malachit aktiviert die hauteigenen Abwehrprozesse gegen freie Radikale und andere sch\u00e4dliche Umwelteinfl\u00fcsse. Ein nat\u00fcrlicher Feuchtigkeitskomplex sowie nieder- und hochmolekulare Hyalurons\u00e4ure binden ein Maximum an Feuchtigkeit. Trockenheitsf\u00e4ltchen werden sichtbar reduziert und die Haut wird von innen heraus aufgepolstert. Das Hautbild erscheint sofort prall und glatt. Vitamin E und Jojoba\u00f6l sorgen f\u00fcr ein weiches, zartes Hautgef\u00fchl.<\/p>\n<p><a class=\"shop-btn\" href=\"\/shop\/\">Zur\u00fcck zum Shop<\/a><\/p>\n","protected":false},"featured_media":1656,"comment_status":"closed","ping_status":"closed","template":"","meta":[],"product_cat":[20,25],"product_tag":[],"yoast_head":"<!-- This site is optimized with the Yoast SEO plugin v20.6 - https:\/\/yoast.com\/wordpress\/plugins\/seo\/ -->\n<title>Aqua Minerals Feuchtigkeitsemulsion - Ihr Kosmetikstudio in Pirna<\/title>\n<meta name=\"robots\" content=\"noindex, follow, max-snippet:-1, max-image-preview:large, max-video-preview:-1\" \/>\n<meta property=\"og:locale\" content=\"de_DE\" \/>\n<meta property=\"og:type\" content=\"article\" \/>\n<meta property=\"og:title\" content=\"Aqua Minerals Feuchtigkeitsemulsion - Ihr Kosmetikstudio in Pirna\" \/>\n<meta property=\"og:description\" content=\"Verpackungseinheit: 50 ml (Grundpreis 50,50 \u20ac \/ 100 ml)  Die leichte Emulsion regeneriert die Hautelastizit\u00e4t und ist ideal als Make Up-Unterlage geeignet. Der sch\u00fctzende Mineralkomplex aus Malachit aktiviert die hauteigenen Abwehrprozesse gegen freie Radikale und andere sch\u00e4dliche Umwelteinfl\u00fcsse. Ein nat\u00fcrlicher Feuchtigkeitskomplex sowie nieder- und hochmolekulare Hyalurons\u00e4ure binden ein Maximum an Feuchtigkeit. Trockenheitsf\u00e4ltchen werden sichtbar reduziert und die Haut wird von innen heraus aufgepolstert. Das Hautbild erscheint sofort prall und glatt. Vitamin E und Jojoba\u00f6l sorgen f\u00fcr ein weiches, zartes Hautgef\u00fchl. Zur\u00fcck zum Shop\" \/>\n<meta property=\"og:url\" content=\"https:\/\/www.njoy-referenzen.de\/pfirsichhaut\/produkt\/aqua-minerals-feuchtigkeitsemulsion\/\" \/>\n<meta property=\"og:site_name\" content=\"Ihr Kosmetikstudio in Pirna\" \/>\n<meta property=\"article:modified_time\" content=\"2022-10-28T11:36:57+00:00\" \/>\n<meta property=\"og:image\" content=\"https:\/\/www.njoy-referenzen.de\/pfirsichhaut\/wp-content\/uploads\/3-5.jpg\" \/>\n\t<meta property=\"og:image:width\" content=\"1300\" \/>\n\t<meta property=\"og:image:height\" content=\"1300\" \/>\n\t<meta property=\"og:image:type\" content=\"image\/jpeg\" \/>\n<meta name=\"twitter:card\" content=\"summary_large_image\" \/>\n<meta name=\"twitter:label1\" content=\"Gesch\u00e4tzte Lesezeit\" \/>\n\t<meta name=\"twitter:data1\" content=\"1\u00a0Minute\" \/>\n<script type=\"application\/ld+json\" class=\"yoast-schema-graph\">{\"@context\":\"https:\/\/schema.org\",\"@graph\":[{\"@type\":\"WebPage\",\"@id\":\"https:\/\/www.njoy-referenzen.de\/pfirsichhaut\/produkt\/aqua-minerals-feuchtigkeitsemulsion\/\",\"url\":\"https:\/\/www.njoy-referenzen.de\/pfirsichhaut\/produkt\/aqua-minerals-feuchtigkeitsemulsion\/\",\"name\":\"Aqua Minerals Feuchtigkeitsemulsion - Ihr Kosmetikstudio in Pirna\",\"isPartOf\":{\"@id\":\"https:\/\/www.njoy-referenzen.de\/pfirsichhaut\/#website\"},\"datePublished\":\"2020-07-05T18:55:43+00:00\",\"dateModified\":\"2022-10-28T11:36:57+00:00\",\"breadcrumb\":{\"@id\":\"https:\/\/www.njoy-referenzen.de\/pfirsichhaut\/produkt\/aqua-minerals-feuchtigkeitsemulsion\/#breadcrumb\"},\"inLanguage\":\"de\",\"potentialAction\":[{\"@type\":\"ReadAction\",\"target\":[\"https:\/\/www.njoy-referenzen.de\/pfirsichhaut\/produkt\/aqua-minerals-feuchtigkeitsemulsion\/\"]}]},{\"@type\":\"BreadcrumbList\",\"@id\":\"https:\/\/www.njoy-referenzen.de\/pfirsichhaut\/produkt\/aqua-minerals-feuchtigkeitsemulsion\/#breadcrumb\",\"itemListElement\":[{\"@type\":\"ListItem\",\"position\":1,\"name\":\"Startseite\",\"item\":\"https:\/\/www.njoy-referenzen.de\/pfirsichhaut\/\"},{\"@type\":\"ListItem\",\"position\":2,\"name\":\"Shop\",\"item\":\"https:\/\/www.njoy-referenzen.de\/pfirsichhaut\/shop\/\"},{\"@type\":\"ListItem\",\"position\":3,\"name\":\"Aqua Minerals Feuchtigkeitsemulsion\"}]},{\"@type\":\"WebSite\",\"@id\":\"https:\/\/www.njoy-referenzen.de\/pfirsichhaut\/#website\",\"url\":\"https:\/\/www.njoy-referenzen.de\/pfirsichhaut\/\",\"name\":\"Ihr Kosmetikstudio in Pirna\",\"description\":\"Ihr Kosmetikstudio in Pirna\",\"potentialAction\":[{\"@type\":\"SearchAction\",\"target\":{\"@type\":\"EntryPoint\",\"urlTemplate\":\"https:\/\/www.njoy-referenzen.de\/pfirsichhaut\/?s={search_term_string}\"},\"query-input\":\"required name=search_term_string\"}],\"inLanguage\":\"de\"}]}<\/script>\n<!-- \/ Yoast SEO plugin. -->","yoast_head_json":{"title":"Aqua Minerals Feuchtigkeitsemulsion - Ihr Kosmetikstudio in Pirna","robots":{"index":"noindex","follow":"follow","max-snippet":"max-snippet:-1","max-image-preview":"max-image-preview:large","max-video-preview":"max-video-preview:-1"},"og_locale":"de_DE","og_type":"article","og_title":"Aqua Minerals Feuchtigkeitsemulsion - Ihr Kosmetikstudio in Pirna","og_description":"Verpackungseinheit: 50 ml (Grundpreis 50,50 \u20ac \/ 100 ml)  Die leichte Emulsion regeneriert die Hautelastizit\u00e4t und ist ideal als Make Up-Unterlage geeignet. Der sch\u00fctzende Mineralkomplex aus Malachit aktiviert die hauteigenen Abwehrprozesse gegen freie Radikale und andere sch\u00e4dliche Umwelteinfl\u00fcsse. Ein nat\u00fcrlicher Feuchtigkeitskomplex sowie nieder- und hochmolekulare Hyalurons\u00e4ure binden ein Maximum an Feuchtigkeit. Trockenheitsf\u00e4ltchen werden sichtbar reduziert und die Haut wird von innen heraus aufgepolstert. Das Hautbild erscheint sofort prall und glatt. Vitamin E und Jojoba\u00f6l sorgen f\u00fcr ein weiches, zartes Hautgef\u00fchl. Zur\u00fcck zum Shop","og_url":"https:\/\/www.njoy-referenzen.de\/pfirsichhaut\/produkt\/aqua-minerals-feuchtigkeitsemulsion\/","og_site_name":"Ihr Kosmetikstudio in Pirna","article_modified_time":"2022-10-28T11:36:57+00:00","og_image":[{"width":1300,"height":1300,"url":"https:\/\/www.njoy-referenzen.de\/pfirsichhaut\/wp-content\/uploads\/3-5.jpg","type":"image\/jpeg"}],"twitter_card":"summary_large_image","twitter_misc":{"Gesch\u00e4tzte Lesezeit":"1\u00a0Minute"},"schema":{"@context":"https:\/\/schema.org","@graph":[{"@type":"WebPage","@id":"https:\/\/www.njoy-referenzen.de\/pfirsichhaut\/produkt\/aqua-minerals-feuchtigkeitsemulsion\/","url":"https:\/\/www.njoy-referenzen.de\/pfirsichhaut\/produkt\/aqua-minerals-feuchtigkeitsemulsion\/","name":"Aqua Minerals Feuchtigkeitsemulsion - Ihr Kosmetikstudio in Pirna","isPartOf":{"@id":"https:\/\/www.njoy-referenzen.de\/pfirsichhaut\/#website"},"datePublished":"2020-07-05T18:55:43+00:00","dateModified":"2022-10-28T11:36:57+00:00","breadcrumb":{"@id":"https:\/\/www.njoy-referenzen.de\/pfirsichhaut\/produkt\/aqua-minerals-feuchtigkeitsemulsion\/#breadcrumb"},"inLanguage":"de","potentialAction":[{"@type":"ReadAction","target":["https:\/\/www.njoy-referenzen.de\/pfirsichhaut\/produkt\/aqua-minerals-feuchtigkeitsemulsion\/"]}]},{"@type":"BreadcrumbList","@id":"https:\/\/www.njoy-referenzen.de\/pfirsichhaut\/produkt\/aqua-minerals-feuchtigkeitsemulsion\/#breadcrumb","itemListElement":[{"@type":"ListItem","position":1,"name":"Startseite","item":"https:\/\/www.njoy-referenzen.de\/pfirsichhaut\/"},{"@type":"ListItem","position":2,"name":"Shop","item":"https:\/\/www.njoy-referenzen.de\/pfirsichhaut\/shop\/"},{"@type":"ListItem","position":3,"name":"Aqua Minerals Feuchtigkeitsemulsion"}]},{"@type":"WebSite","@id":"https:\/\/www.njoy-referenzen.de\/pfirsichhaut\/#website","url":"https:\/\/www.njoy-referenzen.de\/pfirsichhaut\/","name":"Ihr Kosmetikstudio in Pirna","description":"Ihr Kosmetikstudio in Pirna","potentialAction":[{"@type":"SearchAction","target":{"@type":"EntryPoint","urlTemplate":"https:\/\/www.njoy-referenzen.de\/pfirsichhaut\/?s={search_term_string}"},"query-input":"required name=search_term_string"}],"inLanguage":"de"}]}},"_links":{"self":[{"href":"https:\/\/www.njoy-referenzen.de\/pfirsichhaut\/wp-json\/wp\/v3\/product\/1455"}],"collection":[{"href":"https:\/\/www.njoy-referenzen.de\/pfirsichhaut\/wp-json\/wp\/v3\/product"}],"about":[{"href":"https:\/\/www.njoy-referenzen.de\/pfirsichhaut\/wp-json\/wp\/v2\/types\/product"}],"replies":[{"embeddable":true,"href":"https:\/\/www.njoy-referenzen.de\/pfirsichhaut\/wp-json\/wp\/v2\/comments?post=1455"}],"wp:featuredmedia":[{"embeddable":true,"href":"https:\/\/www.njoy-referenzen.de\/pfirsichhaut\/wp-json\/wp\/v2\/media\/1656"}],"wp:attachment":[{"href":"https:\/\/www.njoy-referenzen.de\/pfirsichhaut\/wp-json\/wp\/v2\/media?parent=1455"}],"wp:term":[{"taxonomy":"product_cat","embeddable":true,"href":"https:\/\/www.njoy-referenzen.de\/pfirsichhaut\/wp-json\/wp\/v2\/product_cat?post=1455"},{"taxonomy":"product_tag","embeddable":true,"href":"https:\/\/www.njoy-referenzen.de\/pfirsichhaut\/wp-json\/wp\/v2\/product_tag?post=1455"}],"curies":[{"name":"wp","href":"https:\/\/api.w.org\/{rel}","templated":true}]}}