























{"id":1452,"date":"2020-06-30T12:02:02","date_gmt":"2020-06-30T12:02:02","guid":{"rendered":"https:\/\/www.njoy-referenzen.de\/pfirsichhaut\/?post_type=product&#038;p=1452"},"modified":"2022-10-28T11:37:15","modified_gmt":"2022-10-28T11:37:15","slug":"produktname","status":"publish","type":"product","link":"https:\/\/www.njoy-referenzen.de\/pfirsichhaut\/produkt\/produktname\/","title":{"rendered":"Aqua Minerals 24h Feuchtigkeitscreme"},"content":{"rendered":"<p class=\"p1\">Aqua (Water), Oryza Sativa (Rice) Bran Oil, Persea Gratissima (Avocado) Oil, Macadamia Ternifolia Seed Oil, Shorea Stenoptera Seed Butter, Cetearyl Alcohol, Betaine, Distarch Phosphate, Myristyl Alcohol, Glyceryl Stearate, Sorbitol, Tocopheryl Acetate, Oenothera Biennis (Evening Primrose) Oil, Saccharide Isomerate, Malachite Extract, Phenoxyethanol, Prunus Amygdalus Dulcis (Sweet Almond) Oil, Hydrogenated Sweet Almond Oil, Parfum (Fragrance), Myristyl Glucoside, Stearic Acid, Sodium Lauroyl Glutamate, Xanthan Gum, Cetearyl Glucoside, Trisodium Ethylenediamine Disuccinate, Sodium Hyaluronate, Ethylhexylglycerin, Citric Acid, Magnolia Officinalis Bark Extract, Alcohol, Tocopherol, Caprylic\/Capric Triglyceride, Ascorbyl Palmitate, Benzyl Benzoate, Sodium Citrate, Limonene, Ascorbic Acid<\/p>\n","protected":false},"excerpt":{"rendered":"<p class=\"p1\">Verpackungseinheit: 50 ml (Grundpreis 54,40\u00a0\u20ac \/ 100 ml)<\/p>\n<p><a href=\"https:\/\/www.njoy-referenzen.de\/pfirsichhaut\/wp-content\/uploads\/Logo.png\"><img class=\"alignnone wp-image-1419\" src=\"https:\/\/www.njoy-referenzen.de\/pfirsichhaut\/wp-content\/uploads\/Logo-300x70.png\" alt=\"\" width=\"205\" height=\"48\" srcset=\"https:\/\/www.njoy-referenzen.de\/pfirsichhaut\/wp-content\/uploads\/Logo-200x46.png 200w, https:\/\/www.njoy-referenzen.de\/pfirsichhaut\/wp-content\/uploads\/Logo-300x70.png 300w, https:\/\/www.njoy-referenzen.de\/pfirsichhaut\/wp-content\/uploads\/Logo-400x93.png 400w, https:\/\/www.njoy-referenzen.de\/pfirsichhaut\/wp-content\/uploads\/Logo-500x116.png 500w, https:\/\/www.njoy-referenzen.de\/pfirsichhaut\/wp-content\/uploads\/Logo.png 521w\" sizes=\"(max-width: 205px) 100vw, 205px\" \/><\/a><\/p>\n<p>Die zarte Textur mit ausgesuchten nat\u00fcrlichen \u00d6len pflegt die Haut rund um die Uhr. Der sch\u00fctzende Mineralkomplex aus Malachit aktiviert die hauteigenen Abwehrprozesse gegen freie Radikale und andere sch\u00e4dliche Umwelteinfl\u00fcsse. Ein nat\u00fcrlicher Feuchtigkeitskomplex sowie nieder- und hochmolekulare Hyalurons\u00e4ure binden ein Maximum an Feuchtigkeit. Trockenheitsf\u00e4ltchen werden sichtbar reduziert und die Haut wird von innen heraus aufgepolstert. Das Hautbild erscheint sofort prall und glatt. Avocado\u00f6l, Macadamianuss\u00f6l und Shoreabutter spenden der Haut wertvolle unges\u00e4ttigte Fetts\u00e4uren und sorgen f\u00fcr ein weiches, zartes Hautgef\u00fchl.<\/p>\n<p><a class=\"shop-btn\" href=\"\/shop\/\">Zur\u00fcck zum Shop<\/a><\/p>\n","protected":false},"featured_media":1654,"comment_status":"closed","ping_status":"closed","template":"","meta":[],"product_cat":[20,25],"product_tag":[],"yoast_head":"<!-- This site is optimized with the Yoast SEO plugin v20.6 - https:\/\/yoast.com\/wordpress\/plugins\/seo\/ -->\n<title>Aqua Minerals 24h Feuchtigkeitscreme - Ihr Kosmetikstudio in Pirna<\/title>\n<meta name=\"robots\" content=\"noindex, follow, max-snippet:-1, max-image-preview:large, max-video-preview:-1\" \/>\n<meta property=\"og:locale\" content=\"de_DE\" \/>\n<meta property=\"og:type\" content=\"article\" \/>\n<meta property=\"og:title\" content=\"Aqua Minerals 24h Feuchtigkeitscreme - Ihr Kosmetikstudio in Pirna\" \/>\n<meta property=\"og:description\" content=\"Verpackungseinheit: 50 ml (Grundpreis 54,40\u00a0\u20ac \/ 100 ml)   Die zarte Textur mit ausgesuchten nat\u00fcrlichen \u00d6len pflegt die Haut rund um die Uhr. Der sch\u00fctzende Mineralkomplex aus Malachit aktiviert die hauteigenen Abwehrprozesse gegen freie Radikale und andere sch\u00e4dliche Umwelteinfl\u00fcsse. Ein nat\u00fcrlicher Feuchtigkeitskomplex sowie nieder- und hochmolekulare Hyalurons\u00e4ure binden ein Maximum an Feuchtigkeit. Trockenheitsf\u00e4ltchen werden sichtbar reduziert und die Haut wird von innen heraus aufgepolstert. Das Hautbild erscheint sofort prall und glatt. Avocado\u00f6l, Macadamianuss\u00f6l und Shoreabutter spenden der Haut wertvolle unges\u00e4ttigte Fetts\u00e4uren und sorgen f\u00fcr ein weiches, zartes Hautgef\u00fchl.  Zur\u00fcck zum Shop\" \/>\n<meta property=\"og:url\" content=\"https:\/\/www.njoy-referenzen.de\/pfirsichhaut\/produkt\/produktname\/\" \/>\n<meta property=\"og:site_name\" content=\"Ihr Kosmetikstudio in Pirna\" \/>\n<meta property=\"article:modified_time\" content=\"2022-10-28T11:37:15+00:00\" \/>\n<meta property=\"og:image\" content=\"https:\/\/www.njoy-referenzen.de\/pfirsichhaut\/wp-content\/uploads\/4-5.jpg\" \/>\n\t<meta property=\"og:image:width\" content=\"1300\" \/>\n\t<meta property=\"og:image:height\" content=\"1300\" \/>\n\t<meta property=\"og:image:type\" content=\"image\/jpeg\" \/>\n<meta name=\"twitter:card\" content=\"summary_large_image\" \/>\n<meta name=\"twitter:label1\" content=\"Gesch\u00e4tzte Lesezeit\" \/>\n\t<meta name=\"twitter:data1\" content=\"1\u00a0Minute\" \/>\n<script type=\"application\/ld+json\" class=\"yoast-schema-graph\">{\"@context\":\"https:\/\/schema.org\",\"@graph\":[{\"@type\":\"WebPage\",\"@id\":\"https:\/\/www.njoy-referenzen.de\/pfirsichhaut\/produkt\/produktname\/\",\"url\":\"https:\/\/www.njoy-referenzen.de\/pfirsichhaut\/produkt\/produktname\/\",\"name\":\"Aqua Minerals 24h Feuchtigkeitscreme - Ihr Kosmetikstudio in Pirna\",\"isPartOf\":{\"@id\":\"https:\/\/www.njoy-referenzen.de\/pfirsichhaut\/#website\"},\"datePublished\":\"2020-06-30T12:02:02+00:00\",\"dateModified\":\"2022-10-28T11:37:15+00:00\",\"breadcrumb\":{\"@id\":\"https:\/\/www.njoy-referenzen.de\/pfirsichhaut\/produkt\/produktname\/#breadcrumb\"},\"inLanguage\":\"de\",\"potentialAction\":[{\"@type\":\"ReadAction\",\"target\":[\"https:\/\/www.njoy-referenzen.de\/pfirsichhaut\/produkt\/produktname\/\"]}]},{\"@type\":\"BreadcrumbList\",\"@id\":\"https:\/\/www.njoy-referenzen.de\/pfirsichhaut\/produkt\/produktname\/#breadcrumb\",\"itemListElement\":[{\"@type\":\"ListItem\",\"position\":1,\"name\":\"Startseite\",\"item\":\"https:\/\/www.njoy-referenzen.de\/pfirsichhaut\/\"},{\"@type\":\"ListItem\",\"position\":2,\"name\":\"Shop\",\"item\":\"https:\/\/www.njoy-referenzen.de\/pfirsichhaut\/shop\/\"},{\"@type\":\"ListItem\",\"position\":3,\"name\":\"Aqua Minerals 24h Feuchtigkeitscreme\"}]},{\"@type\":\"WebSite\",\"@id\":\"https:\/\/www.njoy-referenzen.de\/pfirsichhaut\/#website\",\"url\":\"https:\/\/www.njoy-referenzen.de\/pfirsichhaut\/\",\"name\":\"Ihr Kosmetikstudio in Pirna\",\"description\":\"Ihr Kosmetikstudio in Pirna\",\"potentialAction\":[{\"@type\":\"SearchAction\",\"target\":{\"@type\":\"EntryPoint\",\"urlTemplate\":\"https:\/\/www.njoy-referenzen.de\/pfirsichhaut\/?s={search_term_string}\"},\"query-input\":\"required name=search_term_string\"}],\"inLanguage\":\"de\"}]}<\/script>\n<!-- \/ Yoast SEO plugin. -->","yoast_head_json":{"title":"Aqua Minerals 24h Feuchtigkeitscreme - Ihr Kosmetikstudio in Pirna","robots":{"index":"noindex","follow":"follow","max-snippet":"max-snippet:-1","max-image-preview":"max-image-preview:large","max-video-preview":"max-video-preview:-1"},"og_locale":"de_DE","og_type":"article","og_title":"Aqua Minerals 24h Feuchtigkeitscreme - Ihr Kosmetikstudio in Pirna","og_description":"Verpackungseinheit: 50 ml (Grundpreis 54,40\u00a0\u20ac \/ 100 ml)   Die zarte Textur mit ausgesuchten nat\u00fcrlichen \u00d6len pflegt die Haut rund um die Uhr. Der sch\u00fctzende Mineralkomplex aus Malachit aktiviert die hauteigenen Abwehrprozesse gegen freie Radikale und andere sch\u00e4dliche Umwelteinfl\u00fcsse. Ein nat\u00fcrlicher Feuchtigkeitskomplex sowie nieder- und hochmolekulare Hyalurons\u00e4ure binden ein Maximum an Feuchtigkeit. Trockenheitsf\u00e4ltchen werden sichtbar reduziert und die Haut wird von innen heraus aufgepolstert. Das Hautbild erscheint sofort prall und glatt. Avocado\u00f6l, Macadamianuss\u00f6l und Shoreabutter spenden der Haut wertvolle unges\u00e4ttigte Fetts\u00e4uren und sorgen f\u00fcr ein weiches, zartes Hautgef\u00fchl.  Zur\u00fcck zum Shop","og_url":"https:\/\/www.njoy-referenzen.de\/pfirsichhaut\/produkt\/produktname\/","og_site_name":"Ihr Kosmetikstudio in Pirna","article_modified_time":"2022-10-28T11:37:15+00:00","og_image":[{"width":1300,"height":1300,"url":"https:\/\/www.njoy-referenzen.de\/pfirsichhaut\/wp-content\/uploads\/4-5.jpg","type":"image\/jpeg"}],"twitter_card":"summary_large_image","twitter_misc":{"Gesch\u00e4tzte Lesezeit":"1\u00a0Minute"},"schema":{"@context":"https:\/\/schema.org","@graph":[{"@type":"WebPage","@id":"https:\/\/www.njoy-referenzen.de\/pfirsichhaut\/produkt\/produktname\/","url":"https:\/\/www.njoy-referenzen.de\/pfirsichhaut\/produkt\/produktname\/","name":"Aqua Minerals 24h Feuchtigkeitscreme - Ihr Kosmetikstudio in Pirna","isPartOf":{"@id":"https:\/\/www.njoy-referenzen.de\/pfirsichhaut\/#website"},"datePublished":"2020-06-30T12:02:02+00:00","dateModified":"2022-10-28T11:37:15+00:00","breadcrumb":{"@id":"https:\/\/www.njoy-referenzen.de\/pfirsichhaut\/produkt\/produktname\/#breadcrumb"},"inLanguage":"de","potentialAction":[{"@type":"ReadAction","target":["https:\/\/www.njoy-referenzen.de\/pfirsichhaut\/produkt\/produktname\/"]}]},{"@type":"BreadcrumbList","@id":"https:\/\/www.njoy-referenzen.de\/pfirsichhaut\/produkt\/produktname\/#breadcrumb","itemListElement":[{"@type":"ListItem","position":1,"name":"Startseite","item":"https:\/\/www.njoy-referenzen.de\/pfirsichhaut\/"},{"@type":"ListItem","position":2,"name":"Shop","item":"https:\/\/www.njoy-referenzen.de\/pfirsichhaut\/shop\/"},{"@type":"ListItem","position":3,"name":"Aqua Minerals 24h Feuchtigkeitscreme"}]},{"@type":"WebSite","@id":"https:\/\/www.njoy-referenzen.de\/pfirsichhaut\/#website","url":"https:\/\/www.njoy-referenzen.de\/pfirsichhaut\/","name":"Ihr Kosmetikstudio in Pirna","description":"Ihr Kosmetikstudio in Pirna","potentialAction":[{"@type":"SearchAction","target":{"@type":"EntryPoint","urlTemplate":"https:\/\/www.njoy-referenzen.de\/pfirsichhaut\/?s={search_term_string}"},"query-input":"required name=search_term_string"}],"inLanguage":"de"}]}},"_links":{"self":[{"href":"https:\/\/www.njoy-referenzen.de\/pfirsichhaut\/wp-json\/wp\/v3\/product\/1452"}],"collection":[{"href":"https:\/\/www.njoy-referenzen.de\/pfirsichhaut\/wp-json\/wp\/v3\/product"}],"about":[{"href":"https:\/\/www.njoy-referenzen.de\/pfirsichhaut\/wp-json\/wp\/v2\/types\/product"}],"replies":[{"embeddable":true,"href":"https:\/\/www.njoy-referenzen.de\/pfirsichhaut\/wp-json\/wp\/v2\/comments?post=1452"}],"wp:featuredmedia":[{"embeddable":true,"href":"https:\/\/www.njoy-referenzen.de\/pfirsichhaut\/wp-json\/wp\/v2\/media\/1654"}],"wp:attachment":[{"href":"https:\/\/www.njoy-referenzen.de\/pfirsichhaut\/wp-json\/wp\/v2\/media?parent=1452"}],"wp:term":[{"taxonomy":"product_cat","embeddable":true,"href":"https:\/\/www.njoy-referenzen.de\/pfirsichhaut\/wp-json\/wp\/v2\/product_cat?post=1452"},{"taxonomy":"product_tag","embeddable":true,"href":"https:\/\/www.njoy-referenzen.de\/pfirsichhaut\/wp-json\/wp\/v2\/product_tag?post=1452"}],"curies":[{"name":"wp","href":"https:\/\/api.w.org\/{rel}","templated":true}]}}