























{"id":1408,"date":"2020-06-04T09:36:43","date_gmt":"2020-06-04T09:36:43","guid":{"rendered":"https:\/\/www.njoy-referenzen.de\/pfirsichhaut\/?post_type=product&#038;p=1408"},"modified":"2020-10-06T09:54:38","modified_gmt":"2020-10-06T09:54:38","slug":"aqua-minerals-bodylotion","status":"publish","type":"product","link":"https:\/\/www.njoy-referenzen.de\/pfirsichhaut\/produkt\/aqua-minerals-bodylotion\/","title":{"rendered":"Aqua Minerals Bodylotion"},"content":{"rendered":"<p class=\"p1\" style=\"text-align: left;\">Aqua (Water), Cetearyl Isononanoate, Decyl Cocoate, Dicaprylyl Carbonate, Glycerin, Persea Gratissima (Avocado) Oil, Butylene Glycol, Cetearyl Alcohol, Glyceryl Stearate, Prunus Amygdalus Dulcis (Sweet Almond) Oil, Hydrogenated Sweet Almond Oil, Malachite Extract, Phenoxyethanol, Parfum (Fragrance), Cetearyl Glucoside, Xanthan Gum, Sodium Stearoyl Glutamate, Ammonium Acryloyldimethyltaurate\/VP Copolymer, Trisodium Ethylenediamine Disuccinate, Ethylhexylglycerin, Citric Acid, o-Cymen-5-ol, Alcohol, Tocopherol, Caprylic\/Capric Triglyceride, Ascorbyl Palmitate, Benzyl Benzoate, Limonene, Ascorbic Acid, Linalool.<\/p>\n<p class=\"p1\" style=\"text-align: left;\">\u00a0<span class=\"Apple-converted-space\">\u00a0 \u00a0 \u00a0 \u00a0 \u00a0 \u00a0 \u00a0 \u00a0 \u00a0 \u00a0 \u00a0 \u00a0 \u00a0 \u00a0 \u00a0 \u00a0 \u00a0 \u00a0 \u00a0 \u00a0 \u00a0 \u00a0 \u00a0 \u00a0 \u00a0 \u00a0<\/span><\/p>\n<p class=\"p1\" style=\"text-align: left;\">\n","protected":false},"excerpt":{"rendered":"<p class=\"p1\">Verpackungseinheit: 200 ml (Grundpreis 5,80 \u20ac \/ 100 ml)<\/p>\n<p><img class=\"alignnone wp-image-1419\" src=\"https:\/\/www.njoy-referenzen.de\/pfirsichhaut\/wp-content\/uploads\/Logo-300x70.png\" alt=\"\" width=\"171\" height=\"40\" srcset=\"https:\/\/www.njoy-referenzen.de\/pfirsichhaut\/wp-content\/uploads\/Logo-200x46.png 200w, https:\/\/www.njoy-referenzen.de\/pfirsichhaut\/wp-content\/uploads\/Logo-300x70.png 300w, https:\/\/www.njoy-referenzen.de\/pfirsichhaut\/wp-content\/uploads\/Logo-400x93.png 400w, https:\/\/www.njoy-referenzen.de\/pfirsichhaut\/wp-content\/uploads\/Logo-500x116.png 500w, https:\/\/www.njoy-referenzen.de\/pfirsichhaut\/wp-content\/uploads\/Logo.png 521w\" sizes=\"(max-width: 171px) 100vw, 171px\" \/><\/p>\n<p class=\"p1\">Aqua Minerals Bodylotion by Charlotte Meentzen<\/p>\n<p class=\"p1\">Die cremige Lotion mit Malachit-Extrakt zieht schnell ein und spendet nachhaltig Feuchtigkeit. Mandelbutter und Avocado\u00f6l sorgen f\u00fcr weiche, geschmeidige Haut.<\/p>\n<p><a class=\"shop-btn\" href=\"\/shop\/\">Zur\u00fcck zum Shop<\/a><\/p>\n","protected":false},"featured_media":1651,"comment_status":"closed","ping_status":"closed","template":"","meta":[],"product_cat":[20,26],"product_tag":[],"yoast_head":"<!-- This site is optimized with the Yoast SEO plugin v20.6 - https:\/\/yoast.com\/wordpress\/plugins\/seo\/ -->\n<title>Aqua Minerals Bodylotion - Ihr Kosmetikstudio in Pirna<\/title>\n<meta name=\"robots\" content=\"noindex, nofollow, max-snippet:-1, max-image-preview:large, max-video-preview:-1\" \/>\n<meta property=\"og:locale\" content=\"de_DE\" \/>\n<meta property=\"og:type\" content=\"article\" \/>\n<meta property=\"og:title\" content=\"Aqua Minerals Bodylotion - Ihr Kosmetikstudio in Pirna\" \/>\n<meta property=\"og:description\" content=\"Verpackungseinheit: 200 ml (Grundpreis 5,80 \u20ac \/ 100 ml)  Aqua Minerals Bodylotion by Charlotte Meentzen Die cremige Lotion mit Malachit-Extrakt zieht schnell ein und spendet nachhaltig Feuchtigkeit. Mandelbutter und Avocado\u00f6l sorgen f\u00fcr weiche, geschmeidige Haut. Zur\u00fcck zum Shop\" \/>\n<meta property=\"og:url\" content=\"https:\/\/www.njoy-referenzen.de\/pfirsichhaut\/produkt\/aqua-minerals-bodylotion\/\" \/>\n<meta property=\"og:site_name\" content=\"Ihr Kosmetikstudio in Pirna\" \/>\n<meta property=\"article:modified_time\" content=\"2020-10-06T09:54:38+00:00\" \/>\n<meta property=\"og:image\" content=\"https:\/\/www.njoy-referenzen.de\/pfirsichhaut\/wp-content\/uploads\/2-4.jpg\" \/>\n\t<meta property=\"og:image:width\" content=\"1000\" \/>\n\t<meta property=\"og:image:height\" content=\"1000\" \/>\n\t<meta property=\"og:image:type\" content=\"image\/jpeg\" \/>\n<meta name=\"twitter:card\" content=\"summary_large_image\" \/>\n<script type=\"application\/ld+json\" class=\"yoast-schema-graph\">{\"@context\":\"https:\/\/schema.org\",\"@graph\":[{\"@type\":\"WebPage\",\"@id\":\"https:\/\/www.njoy-referenzen.de\/pfirsichhaut\/produkt\/aqua-minerals-bodylotion\/\",\"url\":\"https:\/\/www.njoy-referenzen.de\/pfirsichhaut\/produkt\/aqua-minerals-bodylotion\/\",\"name\":\"Aqua Minerals Bodylotion - Ihr Kosmetikstudio in Pirna\",\"isPartOf\":{\"@id\":\"https:\/\/www.njoy-referenzen.de\/pfirsichhaut\/#website\"},\"datePublished\":\"2020-06-04T09:36:43+00:00\",\"dateModified\":\"2020-10-06T09:54:38+00:00\",\"breadcrumb\":{\"@id\":\"https:\/\/www.njoy-referenzen.de\/pfirsichhaut\/produkt\/aqua-minerals-bodylotion\/#breadcrumb\"},\"inLanguage\":\"de\",\"potentialAction\":[{\"@type\":\"ReadAction\",\"target\":[\"https:\/\/www.njoy-referenzen.de\/pfirsichhaut\/produkt\/aqua-minerals-bodylotion\/\"]}]},{\"@type\":\"BreadcrumbList\",\"@id\":\"https:\/\/www.njoy-referenzen.de\/pfirsichhaut\/produkt\/aqua-minerals-bodylotion\/#breadcrumb\",\"itemListElement\":[{\"@type\":\"ListItem\",\"position\":1,\"name\":\"Startseite\",\"item\":\"https:\/\/www.njoy-referenzen.de\/pfirsichhaut\/\"},{\"@type\":\"ListItem\",\"position\":2,\"name\":\"Shop\",\"item\":\"https:\/\/www.njoy-referenzen.de\/pfirsichhaut\/shop\/\"},{\"@type\":\"ListItem\",\"position\":3,\"name\":\"Aqua Minerals Bodylotion\"}]},{\"@type\":\"WebSite\",\"@id\":\"https:\/\/www.njoy-referenzen.de\/pfirsichhaut\/#website\",\"url\":\"https:\/\/www.njoy-referenzen.de\/pfirsichhaut\/\",\"name\":\"Ihr Kosmetikstudio in Pirna\",\"description\":\"Ihr Kosmetikstudio in Pirna\",\"potentialAction\":[{\"@type\":\"SearchAction\",\"target\":{\"@type\":\"EntryPoint\",\"urlTemplate\":\"https:\/\/www.njoy-referenzen.de\/pfirsichhaut\/?s={search_term_string}\"},\"query-input\":\"required name=search_term_string\"}],\"inLanguage\":\"de\"}]}<\/script>\n<!-- \/ Yoast SEO plugin. -->","yoast_head_json":{"title":"Aqua Minerals Bodylotion - Ihr Kosmetikstudio in Pirna","robots":{"index":"noindex","follow":"nofollow","max-snippet":"max-snippet:-1","max-image-preview":"max-image-preview:large","max-video-preview":"max-video-preview:-1"},"og_locale":"de_DE","og_type":"article","og_title":"Aqua Minerals Bodylotion - Ihr Kosmetikstudio in Pirna","og_description":"Verpackungseinheit: 200 ml (Grundpreis 5,80 \u20ac \/ 100 ml)  Aqua Minerals Bodylotion by Charlotte Meentzen Die cremige Lotion mit Malachit-Extrakt zieht schnell ein und spendet nachhaltig Feuchtigkeit. Mandelbutter und Avocado\u00f6l sorgen f\u00fcr weiche, geschmeidige Haut. Zur\u00fcck zum Shop","og_url":"https:\/\/www.njoy-referenzen.de\/pfirsichhaut\/produkt\/aqua-minerals-bodylotion\/","og_site_name":"Ihr Kosmetikstudio in Pirna","article_modified_time":"2020-10-06T09:54:38+00:00","og_image":[{"width":1000,"height":1000,"url":"https:\/\/www.njoy-referenzen.de\/pfirsichhaut\/wp-content\/uploads\/2-4.jpg","type":"image\/jpeg"}],"twitter_card":"summary_large_image","schema":{"@context":"https:\/\/schema.org","@graph":[{"@type":"WebPage","@id":"https:\/\/www.njoy-referenzen.de\/pfirsichhaut\/produkt\/aqua-minerals-bodylotion\/","url":"https:\/\/www.njoy-referenzen.de\/pfirsichhaut\/produkt\/aqua-minerals-bodylotion\/","name":"Aqua Minerals Bodylotion - Ihr Kosmetikstudio in Pirna","isPartOf":{"@id":"https:\/\/www.njoy-referenzen.de\/pfirsichhaut\/#website"},"datePublished":"2020-06-04T09:36:43+00:00","dateModified":"2020-10-06T09:54:38+00:00","breadcrumb":{"@id":"https:\/\/www.njoy-referenzen.de\/pfirsichhaut\/produkt\/aqua-minerals-bodylotion\/#breadcrumb"},"inLanguage":"de","potentialAction":[{"@type":"ReadAction","target":["https:\/\/www.njoy-referenzen.de\/pfirsichhaut\/produkt\/aqua-minerals-bodylotion\/"]}]},{"@type":"BreadcrumbList","@id":"https:\/\/www.njoy-referenzen.de\/pfirsichhaut\/produkt\/aqua-minerals-bodylotion\/#breadcrumb","itemListElement":[{"@type":"ListItem","position":1,"name":"Startseite","item":"https:\/\/www.njoy-referenzen.de\/pfirsichhaut\/"},{"@type":"ListItem","position":2,"name":"Shop","item":"https:\/\/www.njoy-referenzen.de\/pfirsichhaut\/shop\/"},{"@type":"ListItem","position":3,"name":"Aqua Minerals Bodylotion"}]},{"@type":"WebSite","@id":"https:\/\/www.njoy-referenzen.de\/pfirsichhaut\/#website","url":"https:\/\/www.njoy-referenzen.de\/pfirsichhaut\/","name":"Ihr Kosmetikstudio in Pirna","description":"Ihr Kosmetikstudio in Pirna","potentialAction":[{"@type":"SearchAction","target":{"@type":"EntryPoint","urlTemplate":"https:\/\/www.njoy-referenzen.de\/pfirsichhaut\/?s={search_term_string}"},"query-input":"required name=search_term_string"}],"inLanguage":"de"}]}},"_links":{"self":[{"href":"https:\/\/www.njoy-referenzen.de\/pfirsichhaut\/wp-json\/wp\/v3\/product\/1408"}],"collection":[{"href":"https:\/\/www.njoy-referenzen.de\/pfirsichhaut\/wp-json\/wp\/v3\/product"}],"about":[{"href":"https:\/\/www.njoy-referenzen.de\/pfirsichhaut\/wp-json\/wp\/v2\/types\/product"}],"replies":[{"embeddable":true,"href":"https:\/\/www.njoy-referenzen.de\/pfirsichhaut\/wp-json\/wp\/v2\/comments?post=1408"}],"wp:featuredmedia":[{"embeddable":true,"href":"https:\/\/www.njoy-referenzen.de\/pfirsichhaut\/wp-json\/wp\/v2\/media\/1651"}],"wp:attachment":[{"href":"https:\/\/www.njoy-referenzen.de\/pfirsichhaut\/wp-json\/wp\/v2\/media?parent=1408"}],"wp:term":[{"taxonomy":"product_cat","embeddable":true,"href":"https:\/\/www.njoy-referenzen.de\/pfirsichhaut\/wp-json\/wp\/v2\/product_cat?post=1408"},{"taxonomy":"product_tag","embeddable":true,"href":"https:\/\/www.njoy-referenzen.de\/pfirsichhaut\/wp-json\/wp\/v2\/product_tag?post=1408"}],"curies":[{"name":"wp","href":"https:\/\/api.w.org\/{rel}","templated":true}]}}