























{"id":1401,"date":"2020-06-04T07:56:32","date_gmt":"2020-06-04T07:56:32","guid":{"rendered":"https:\/\/www.njoy-referenzen.de\/pfirsichhaut\/?post_type=product&#038;p=1401"},"modified":"2020-10-02T07:29:22","modified_gmt":"2020-10-02T07:29:22","slug":"koerperbutter-body-relax","status":"publish","type":"product","link":"https:\/\/www.njoy-referenzen.de\/pfirsichhaut\/produkt\/koerperbutter-body-relax\/","title":{"rendered":"K\u00f6rperbutter Body Relax"},"content":{"rendered":"<p class=\"p1\">Aqua (Water), Dicaprylyl Carbonate, Persea Gratissima (Avocado) Oil, Glycerin, Cetearyl Alcohol, Distarch Phosphate, Shorea Stenoptera Seed Butter, Caprylic\/Capric Triglyceride, Decyl Cocoate, Butylene Glycol, Prunus Amygdalus Dulcis (Sweet Almond) Oil, Hydrogenated Sweet Almond Oil, Amaranthus Caudatus Seed Extract, Glyceryl Stearate, Cetearyl Glucoside, Cocoglycerides, Tocopheryl Acetate, Hydrogenated Palm Kernel Glycerides, Hydrogenated Palm Glycerides, Punica Granatum Fruit Extract, Phenoxyethanol, Parfum (Fragrance), Xanthan Gum, Alcohol, Sodium Stearoyl Glutamate, Ethylhexylglycerin, o-Cymen-5-ol, Tocopherol, Citric Acid, Ascorbyl Palmitate, CI 15985, Ascorbic Acid <span class=\"Apple-converted-space\">\u00a0 \u00a0 \u00a0 \u00a0 \u00a0 \u00a0 \u00a0 \u00a0 \u00a0 \u00a0 \u00a0 \u00a0 \u00a0 \u00a0 \u00a0 \u00a0 \u00a0 \u00a0 \u00a0 \u00a0 \u00a0 \u00a0 \u00a0 \u00a0 \u00a0 \u00a0 \u00a0 \u00a0 \u00a0 \u00a0 \u00a0 <\/span><\/p>\n<p class=\"p1\">\n","protected":false},"excerpt":{"rendered":"<p class=\"p1\">Verpackungseinheit: 250 ml (Grundpreis 7,96 \u20ac \/ 100 ml)<\/p>\n<p><img class=\"alignnone wp-image-1419\" src=\"https:\/\/www.njoy-referenzen.de\/pfirsichhaut\/wp-content\/uploads\/Logo-300x70.png\" alt=\"\" width=\"188\" height=\"44\" srcset=\"https:\/\/www.njoy-referenzen.de\/pfirsichhaut\/wp-content\/uploads\/Logo-200x46.png 200w, https:\/\/www.njoy-referenzen.de\/pfirsichhaut\/wp-content\/uploads\/Logo-300x70.png 300w, https:\/\/www.njoy-referenzen.de\/pfirsichhaut\/wp-content\/uploads\/Logo-400x93.png 400w, https:\/\/www.njoy-referenzen.de\/pfirsichhaut\/wp-content\/uploads\/Logo-500x116.png 500w, https:\/\/www.njoy-referenzen.de\/pfirsichhaut\/wp-content\/uploads\/Logo.png 521w\" sizes=\"(max-width: 188px) 100vw, 188px\" \/><\/p>\n<p class=\"p1\">K\u00f6rperbutter Body Relax by Charlotte Meentzen<\/p>\n<p class=\"p1\">Diese reichhaltige Bodybutter sch\u00fctzt mit den wertvollen bioaktiven Inhaltsstoffen des Granatapfelextraktes vor negativen Einfl\u00fcssen und vor vorzeitiger Hautalterung. Die Haut wird intensiv mit Feuchtigkeit versorgt und ihr Feuchtigkeitsbindeverm\u00f6gen wird nachhaltig verbessert. Pflegende Shea-Butter und Avocado-\u00d6l versorgen die Haut mit wichtigen unges\u00e4ttigten Fetts\u00e4uren und Vitaminen. Amaranth-\u00d6l unterst\u00fctzt die Hautelastizit\u00e4t, gl\u00e4ttet sie und macht sie samtweich. Der sanfte, harmonische Duft umh\u00fcllt den K\u00f6rper leicht und zart. Die Bodybutter Relax ist besonders f\u00fcr trockene Haut geeignet, zieht gut in die Haut ein und hinterl\u00e4sst keinen Fettfilm.<\/p>\n<p><a class=\"shop-btn\" href=\"\/shop\/\">Zur\u00fcck zum Shop<\/a><\/p>\n","protected":false},"featured_media":1650,"comment_status":"closed","ping_status":"closed","template":"","meta":[],"product_cat":[20,26],"product_tag":[],"yoast_head":"<!-- This site is optimized with the Yoast SEO plugin v20.6 - https:\/\/yoast.com\/wordpress\/plugins\/seo\/ -->\n<title>K\u00f6rperbutter Body Relax - Ihr Kosmetikstudio in Pirna<\/title>\n<meta name=\"robots\" content=\"noindex, nofollow, max-snippet:-1, max-image-preview:large, max-video-preview:-1\" \/>\n<meta property=\"og:locale\" content=\"de_DE\" \/>\n<meta property=\"og:type\" content=\"article\" \/>\n<meta property=\"og:title\" content=\"K\u00f6rperbutter Body Relax - Ihr Kosmetikstudio in Pirna\" \/>\n<meta property=\"og:description\" content=\"Verpackungseinheit: 250 ml (Grundpreis 7,96 \u20ac \/ 100 ml)  K\u00f6rperbutter Body Relax by Charlotte Meentzen Diese reichhaltige Bodybutter sch\u00fctzt mit den wertvollen bioaktiven Inhaltsstoffen des Granatapfelextraktes vor negativen Einfl\u00fcssen und vor vorzeitiger Hautalterung. Die Haut wird intensiv mit Feuchtigkeit versorgt und ihr Feuchtigkeitsbindeverm\u00f6gen wird nachhaltig verbessert. Pflegende Shea-Butter und Avocado-\u00d6l versorgen die Haut mit wichtigen unges\u00e4ttigten Fetts\u00e4uren und Vitaminen. Amaranth-\u00d6l unterst\u00fctzt die Hautelastizit\u00e4t, gl\u00e4ttet sie und macht sie samtweich. Der sanfte, harmonische Duft umh\u00fcllt den K\u00f6rper leicht und zart. Die Bodybutter Relax ist besonders f\u00fcr trockene Haut geeignet, zieht gut in die Haut ein und hinterl\u00e4sst keinen Fettfilm. Zur\u00fcck zum Shop\" \/>\n<meta property=\"og:url\" content=\"https:\/\/www.njoy-referenzen.de\/pfirsichhaut\/produkt\/koerperbutter-body-relax\/\" \/>\n<meta property=\"og:site_name\" content=\"Ihr Kosmetikstudio in Pirna\" \/>\n<meta property=\"article:modified_time\" content=\"2020-10-02T07:29:22+00:00\" \/>\n<meta property=\"og:image\" content=\"https:\/\/www.njoy-referenzen.de\/pfirsichhaut\/wp-content\/uploads\/1.1.jpg\" \/>\n\t<meta property=\"og:image:width\" content=\"1000\" \/>\n\t<meta property=\"og:image:height\" content=\"1000\" \/>\n\t<meta property=\"og:image:type\" content=\"image\/jpeg\" \/>\n<meta name=\"twitter:card\" content=\"summary_large_image\" \/>\n<script type=\"application\/ld+json\" class=\"yoast-schema-graph\">{\"@context\":\"https:\/\/schema.org\",\"@graph\":[{\"@type\":\"WebPage\",\"@id\":\"https:\/\/www.njoy-referenzen.de\/pfirsichhaut\/produkt\/koerperbutter-body-relax\/\",\"url\":\"https:\/\/www.njoy-referenzen.de\/pfirsichhaut\/produkt\/koerperbutter-body-relax\/\",\"name\":\"K\u00f6rperbutter Body Relax - Ihr Kosmetikstudio in Pirna\",\"isPartOf\":{\"@id\":\"https:\/\/www.njoy-referenzen.de\/pfirsichhaut\/#website\"},\"datePublished\":\"2020-06-04T07:56:32+00:00\",\"dateModified\":\"2020-10-02T07:29:22+00:00\",\"breadcrumb\":{\"@id\":\"https:\/\/www.njoy-referenzen.de\/pfirsichhaut\/produkt\/koerperbutter-body-relax\/#breadcrumb\"},\"inLanguage\":\"de\",\"potentialAction\":[{\"@type\":\"ReadAction\",\"target\":[\"https:\/\/www.njoy-referenzen.de\/pfirsichhaut\/produkt\/koerperbutter-body-relax\/\"]}]},{\"@type\":\"BreadcrumbList\",\"@id\":\"https:\/\/www.njoy-referenzen.de\/pfirsichhaut\/produkt\/koerperbutter-body-relax\/#breadcrumb\",\"itemListElement\":[{\"@type\":\"ListItem\",\"position\":1,\"name\":\"Startseite\",\"item\":\"https:\/\/www.njoy-referenzen.de\/pfirsichhaut\/\"},{\"@type\":\"ListItem\",\"position\":2,\"name\":\"Shop\",\"item\":\"https:\/\/www.njoy-referenzen.de\/pfirsichhaut\/shop\/\"},{\"@type\":\"ListItem\",\"position\":3,\"name\":\"K\u00f6rperbutter Body Relax\"}]},{\"@type\":\"WebSite\",\"@id\":\"https:\/\/www.njoy-referenzen.de\/pfirsichhaut\/#website\",\"url\":\"https:\/\/www.njoy-referenzen.de\/pfirsichhaut\/\",\"name\":\"Ihr Kosmetikstudio in Pirna\",\"description\":\"Ihr Kosmetikstudio in Pirna\",\"potentialAction\":[{\"@type\":\"SearchAction\",\"target\":{\"@type\":\"EntryPoint\",\"urlTemplate\":\"https:\/\/www.njoy-referenzen.de\/pfirsichhaut\/?s={search_term_string}\"},\"query-input\":\"required name=search_term_string\"}],\"inLanguage\":\"de\"}]}<\/script>\n<!-- \/ Yoast SEO plugin. -->","yoast_head_json":{"title":"K\u00f6rperbutter Body Relax - Ihr Kosmetikstudio in Pirna","robots":{"index":"noindex","follow":"nofollow","max-snippet":"max-snippet:-1","max-image-preview":"max-image-preview:large","max-video-preview":"max-video-preview:-1"},"og_locale":"de_DE","og_type":"article","og_title":"K\u00f6rperbutter Body Relax - Ihr Kosmetikstudio in Pirna","og_description":"Verpackungseinheit: 250 ml (Grundpreis 7,96 \u20ac \/ 100 ml)  K\u00f6rperbutter Body Relax by Charlotte Meentzen Diese reichhaltige Bodybutter sch\u00fctzt mit den wertvollen bioaktiven Inhaltsstoffen des Granatapfelextraktes vor negativen Einfl\u00fcssen und vor vorzeitiger Hautalterung. Die Haut wird intensiv mit Feuchtigkeit versorgt und ihr Feuchtigkeitsbindeverm\u00f6gen wird nachhaltig verbessert. Pflegende Shea-Butter und Avocado-\u00d6l versorgen die Haut mit wichtigen unges\u00e4ttigten Fetts\u00e4uren und Vitaminen. Amaranth-\u00d6l unterst\u00fctzt die Hautelastizit\u00e4t, gl\u00e4ttet sie und macht sie samtweich. Der sanfte, harmonische Duft umh\u00fcllt den K\u00f6rper leicht und zart. Die Bodybutter Relax ist besonders f\u00fcr trockene Haut geeignet, zieht gut in die Haut ein und hinterl\u00e4sst keinen Fettfilm. Zur\u00fcck zum Shop","og_url":"https:\/\/www.njoy-referenzen.de\/pfirsichhaut\/produkt\/koerperbutter-body-relax\/","og_site_name":"Ihr Kosmetikstudio in Pirna","article_modified_time":"2020-10-02T07:29:22+00:00","og_image":[{"width":1000,"height":1000,"url":"https:\/\/www.njoy-referenzen.de\/pfirsichhaut\/wp-content\/uploads\/1.1.jpg","type":"image\/jpeg"}],"twitter_card":"summary_large_image","schema":{"@context":"https:\/\/schema.org","@graph":[{"@type":"WebPage","@id":"https:\/\/www.njoy-referenzen.de\/pfirsichhaut\/produkt\/koerperbutter-body-relax\/","url":"https:\/\/www.njoy-referenzen.de\/pfirsichhaut\/produkt\/koerperbutter-body-relax\/","name":"K\u00f6rperbutter Body Relax - Ihr Kosmetikstudio in Pirna","isPartOf":{"@id":"https:\/\/www.njoy-referenzen.de\/pfirsichhaut\/#website"},"datePublished":"2020-06-04T07:56:32+00:00","dateModified":"2020-10-02T07:29:22+00:00","breadcrumb":{"@id":"https:\/\/www.njoy-referenzen.de\/pfirsichhaut\/produkt\/koerperbutter-body-relax\/#breadcrumb"},"inLanguage":"de","potentialAction":[{"@type":"ReadAction","target":["https:\/\/www.njoy-referenzen.de\/pfirsichhaut\/produkt\/koerperbutter-body-relax\/"]}]},{"@type":"BreadcrumbList","@id":"https:\/\/www.njoy-referenzen.de\/pfirsichhaut\/produkt\/koerperbutter-body-relax\/#breadcrumb","itemListElement":[{"@type":"ListItem","position":1,"name":"Startseite","item":"https:\/\/www.njoy-referenzen.de\/pfirsichhaut\/"},{"@type":"ListItem","position":2,"name":"Shop","item":"https:\/\/www.njoy-referenzen.de\/pfirsichhaut\/shop\/"},{"@type":"ListItem","position":3,"name":"K\u00f6rperbutter Body Relax"}]},{"@type":"WebSite","@id":"https:\/\/www.njoy-referenzen.de\/pfirsichhaut\/#website","url":"https:\/\/www.njoy-referenzen.de\/pfirsichhaut\/","name":"Ihr Kosmetikstudio in Pirna","description":"Ihr Kosmetikstudio in Pirna","potentialAction":[{"@type":"SearchAction","target":{"@type":"EntryPoint","urlTemplate":"https:\/\/www.njoy-referenzen.de\/pfirsichhaut\/?s={search_term_string}"},"query-input":"required name=search_term_string"}],"inLanguage":"de"}]}},"_links":{"self":[{"href":"https:\/\/www.njoy-referenzen.de\/pfirsichhaut\/wp-json\/wp\/v3\/product\/1401"}],"collection":[{"href":"https:\/\/www.njoy-referenzen.de\/pfirsichhaut\/wp-json\/wp\/v3\/product"}],"about":[{"href":"https:\/\/www.njoy-referenzen.de\/pfirsichhaut\/wp-json\/wp\/v2\/types\/product"}],"replies":[{"embeddable":true,"href":"https:\/\/www.njoy-referenzen.de\/pfirsichhaut\/wp-json\/wp\/v2\/comments?post=1401"}],"wp:featuredmedia":[{"embeddable":true,"href":"https:\/\/www.njoy-referenzen.de\/pfirsichhaut\/wp-json\/wp\/v2\/media\/1650"}],"wp:attachment":[{"href":"https:\/\/www.njoy-referenzen.de\/pfirsichhaut\/wp-json\/wp\/v2\/media?parent=1401"}],"wp:term":[{"taxonomy":"product_cat","embeddable":true,"href":"https:\/\/www.njoy-referenzen.de\/pfirsichhaut\/wp-json\/wp\/v2\/product_cat?post=1401"},{"taxonomy":"product_tag","embeddable":true,"href":"https:\/\/www.njoy-referenzen.de\/pfirsichhaut\/wp-json\/wp\/v2\/product_tag?post=1401"}],"curies":[{"name":"wp","href":"https:\/\/api.w.org\/{rel}","templated":true}]}}