{"id":464,"date":"2021-10-01T15:48:57","date_gmt":"2021-10-01T13:48:57","guid":{"rendered":"https:\/\/www.njoy-referenzen.de\/metallbau-bornkessel\/?page_id=464"},"modified":"2021-10-26T14:15:31","modified_gmt":"2021-10-26T12:15:31","slug":"ueber-uns","status":"publish","type":"page","link":"https:\/\/www.njoy-referenzen.de\/metallbau-bornkessel\/ueber-uns\/","title":{"rendered":"\u00dcber uns"},"content":{"rendered":"\t\t<div data-elementor-type=\"wp-page\" data-elementor-id=\"464\" class=\"elementor elementor-464\">\n\t\t\t\t\t\t\t\t\t<section data-pa-eq-height=\"{&quot;targetType&quot;:&quot;widget&quot;,&quot;target&quot;:&quot;&quot;,&quot;enableOn&quot;:[&quot;desktop&quot;,&quot;tablet&quot;,&quot;mobile&quot;,&quot;widescreen&quot;,&quot;laptop&quot;,&quot;tablet_extra&quot;,&quot;mobile_extra&quot;]}\" class=\"elementor-section elementor-top-section elementor-element elementor-element-5bb52d1d elementor-section-full_width elementor-section-height-full elementor-section-items-stretch elementor-section-content-middle premium-equal-height-yes elementor-reverse-mobile elementor-section-height-default\" data-id=\"5bb52d1d\" data-element_type=\"section\" data-settings=\"{&quot;premium_eq_height_switcher&quot;:&quot;yes&quot;}\">\n\t\t\t\t\t\t<div class=\"elementor-container elementor-column-gap-default\">\n\t\t\t\t\t<div class=\"elementor-column elementor-col-50 elementor-top-column elementor-element elementor-element-35f4b0ad\" data-id=\"35f4b0ad\" data-element_type=\"column\">\n\t\t\t<div class=\"elementor-widget-wrap elementor-element-populated\">\n\t\t\t\t\t\t\t\t<div class=\"elementor-element elementor-element-603ec4f elementor-widget elementor-widget-heading\" data-id=\"603ec4f\" data-element_type=\"widget\" data-widget_type=\"heading.default\">\n\t\t\t\t<div class=\"elementor-widget-container\">\n\t\t\t<style>\/*! elementor - v3.13.2 - 11-05-2023 *\/\n.elementor-heading-title{padding:0;margin:0;line-height:1}.elementor-widget-heading .elementor-heading-title[class*=elementor-size-]>a{color:inherit;font-size:inherit;line-height:inherit}.elementor-widget-heading .elementor-heading-title.elementor-size-small{font-size:15px}.elementor-widget-heading .elementor-heading-title.elementor-size-medium{font-size:19px}.elementor-widget-heading .elementor-heading-title.elementor-size-large{font-size:29px}.elementor-widget-heading .elementor-heading-title.elementor-size-xl{font-size:39px}.elementor-widget-heading .elementor-heading-title.elementor-size-xxl{font-size:59px}<\/style><h1 class=\"elementor-heading-title elementor-size-default\">Metallbau Stefan Bornkessel<\/h1>\t\t<\/div>\n\t\t\t\t<\/div>\n\t\t\t\t<div class=\"elementor-element elementor-element-1aed0f3c elementor-widget elementor-widget-text-editor\" data-id=\"1aed0f3c\" data-element_type=\"widget\" data-widget_type=\"text-editor.default\">\n\t\t\t\t<div class=\"elementor-widget-container\">\n\t\t\t<style>\/*! elementor - v3.13.2 - 11-05-2023 *\/\n.elementor-widget-text-editor.elementor-drop-cap-view-stacked .elementor-drop-cap{background-color:#69727d;color:#fff}.elementor-widget-text-editor.elementor-drop-cap-view-framed .elementor-drop-cap{color:#69727d;border:3px solid;background-color:transparent}.elementor-widget-text-editor:not(.elementor-drop-cap-view-default) .elementor-drop-cap{margin-top:8px}.elementor-widget-text-editor:not(.elementor-drop-cap-view-default) .elementor-drop-cap-letter{width:1em;height:1em}.elementor-widget-text-editor .elementor-drop-cap{float:left;text-align:center;line-height:1;font-size:50px}.elementor-widget-text-editor .elementor-drop-cap-letter{display:inline-block}<\/style>\t\t\t\t<p>Ihr Ansprechpartner, wenn es um Metall geht.<\/p>\t\t\t\t\t\t<\/div>\n\t\t\t\t<\/div>\n\t\t\t\t<div class=\"elementor-element elementor-element-5ba4d88e elementor-widget elementor-widget-button\" data-id=\"5ba4d88e\" data-element_type=\"widget\" data-widget_type=\"button.default\">\n\t\t\t\t<div class=\"elementor-widget-container\">\n\t\t\t\t\t<div class=\"elementor-button-wrapper\">\n\t\t\t<a href=\"\/kontakt\" class=\"elementor-button-link elementor-button elementor-size-sm\" role=\"button\">\n\t\t\t\t\t\t<span class=\"elementor-button-content-wrapper\">\n\t\t\t\t\t\t<span class=\"elementor-button-text\">Jetzt Kontakt aufnehmen<\/span>\n\t\t<\/span>\n\t\t\t\t\t<\/a>\n\t\t<\/div>\n\t\t\t\t<\/div>\n\t\t\t\t<\/div>\n\t\t\t\t\t<\/div>\n\t\t<\/div>\n\t\t\t\t<div class=\"elementor-column elementor-col-50 elementor-top-column elementor-element elementor-element-21b09355 header-img\" data-id=\"21b09355\" data-element_type=\"column\" data-settings=\"{&quot;background_background&quot;:&quot;classic&quot;}\">\n\t\t\t<div class=\"elementor-widget-wrap elementor-element-populated\">\n\t\t\t\t\t\t\t\t<div class=\"elementor-element elementor-element-aacb275 elementor-hidden-desktop elementor-hidden-laptop elementor-hidden-tablet elementor-widget elementor-widget-spacer\" data-id=\"aacb275\" data-element_type=\"widget\" data-widget_type=\"spacer.default\">\n\t\t\t\t<div class=\"elementor-widget-container\">\n\t\t\t<style>\/*! elementor - v3.13.2 - 11-05-2023 *\/\n.elementor-column .elementor-spacer-inner{height:var(--spacer-size)}.e-con{--container-widget-width:100%}.e-con-inner>.elementor-widget-spacer,.e-con>.elementor-widget-spacer{width:var(--container-widget-width,var(--spacer-size));--align-self:var(--container-widget-align-self,initial);--flex-shrink:0}.e-con-inner>.elementor-widget-spacer>.elementor-widget-container,.e-con-inner>.elementor-widget-spacer>.elementor-widget-container>.elementor-spacer,.e-con>.elementor-widget-spacer>.elementor-widget-container,.e-con>.elementor-widget-spacer>.elementor-widget-container>.elementor-spacer{height:100%}.e-con-inner>.elementor-widget-spacer>.elementor-widget-container>.elementor-spacer>.elementor-spacer-inner,.e-con>.elementor-widget-spacer>.elementor-widget-container>.elementor-spacer>.elementor-spacer-inner{height:var(--container-widget-height,var(--spacer-size))}<\/style>\t\t<div class=\"elementor-spacer\">\n\t\t\t<div class=\"elementor-spacer-inner\"><\/div>\n\t\t<\/div>\n\t\t\t\t<\/div>\n\t\t\t\t<\/div>\n\t\t\t\t\t<\/div>\n\t\t<\/div>\n\t\t\t\t\t\t\t<\/div>\n\t\t<\/section>\n\t\t\t\t<section data-pa-eq-height=\"{&quot;targetType&quot;:&quot;widget&quot;,&quot;target&quot;:&quot;&quot;,&quot;enableOn&quot;:[&quot;desktop&quot;,&quot;tablet&quot;,&quot;mobile&quot;,&quot;widescreen&quot;,&quot;laptop&quot;,&quot;tablet_extra&quot;,&quot;mobile_extra&quot;]}\" class=\"elementor-section elementor-top-section elementor-element elementor-element-6242fb6 elementor-section-content-middle premium-equal-height-yes elementor-section-boxed elementor-section-height-default elementor-section-height-default\" data-id=\"6242fb6\" data-element_type=\"section\" data-settings=\"{&quot;premium_eq_height_switcher&quot;:&quot;yes&quot;}\">\n\t\t\t\t\t\t<div class=\"elementor-container elementor-column-gap-default\">\n\t\t\t\t\t<div class=\"elementor-column elementor-col-50 elementor-top-column elementor-element elementor-element-6191417\" data-id=\"6191417\" data-element_type=\"column\">\n\t\t\t<div class=\"elementor-widget-wrap elementor-element-populated\">\n\t\t\t\t\t\t\t\t<div class=\"elementor-element elementor-element-5981d0a card elementor-widget elementor-widget-image\" data-id=\"5981d0a\" data-element_type=\"widget\" data-widget_type=\"image.default\">\n\t\t\t\t<div class=\"elementor-widget-container\">\n\t\t\t<style>\/*! elementor - v3.13.2 - 11-05-2023 *\/\n.elementor-widget-image{text-align:center}.elementor-widget-image a{display:inline-block}.elementor-widget-image a img[src$=\".svg\"]{width:48px}.elementor-widget-image img{vertical-align:middle;display:inline-block}<\/style>\t\t\t\t\t\t\t\t\t\t\t\t<img decoding=\"async\" width=\"600\" height=\"800\" src=\"https:\/\/www.njoy-referenzen.de\/metallbau-bornkessel\/wp-content\/uploads\/Stefan-Bornkessel-Portraet.jpg\" class=\"attachment-full size-full wp-image-569\" alt=\"Stefan Bornkessel Portr\u00e4t\" srcset=\"https:\/\/www.njoy-referenzen.de\/metallbau-bornkessel\/wp-content\/uploads\/Stefan-Bornkessel-Portraet.jpg 600w, https:\/\/www.njoy-referenzen.de\/metallbau-bornkessel\/wp-content\/uploads\/Stefan-Bornkessel-Portraet-225x300.jpg 225w\" sizes=\"(max-width: 600px) 100vw, 600px\" \/>\t\t\t\t\t\t\t\t\t\t\t\t\t\t\t<\/div>\n\t\t\t\t<\/div>\n\t\t\t\t\t<\/div>\n\t\t<\/div>\n\t\t\t\t<div class=\"elementor-column elementor-col-50 elementor-top-column elementor-element elementor-element-7e458e6\" data-id=\"7e458e6\" data-element_type=\"column\">\n\t\t\t<div class=\"elementor-widget-wrap elementor-element-populated\">\n\t\t\t\t\t\t\t\t<div class=\"elementor-element elementor-element-0adb330 elementor-widget elementor-widget-text-editor\" data-id=\"0adb330\" data-element_type=\"widget\" data-widget_type=\"text-editor.default\">\n\t\t\t\t<div class=\"elementor-widget-container\">\n\t\t\t\t\t\t\t<p>Metallbaumeister Stefan Bornkessel gilt mit seinen \u00fcber 33 Jahren Branchenerfahrung als Experte seines Fachs. Seit der Gr\u00fcndung seines Unternehmens am 03.02.1992 steht er seinen Kunden in allen Fragen um den Metallbau engagiert und kompetent zur Seite.<\/p><p>\u00a0<\/p><p>Neben den unterschiedlichsten Schlosserarbeiten fertigt Stefan Bornkessel auch facettenreiche Metallbau-Konstruktionen nach individuellen Kundenw\u00fcnschen an. Treppen, Gel\u00e4nder, Z\u00e4une, Tore, Vord\u00e4cher sowie komplette Balkonanlagen, kleine Stahlbauten und Treppent\u00fcrme fallen unter unsere Leistungen. Ob schlicht oder anspruchsvoll \u2013 unsere Arbeit ist stets auf Ihre pers\u00f6nlichen Vorstellungen ausgerichtet.<\/p>\t\t\t\t\t\t<\/div>\n\t\t\t\t<\/div>\n\t\t\t\t\t<\/div>\n\t\t<\/div>\n\t\t\t\t\t\t\t<\/div>\n\t\t<\/section>\n\t\t\t\t<section class=\"elementor-section elementor-top-section elementor-element elementor-element-7b4bd55 elementor-reverse-tablet elementor-reverse-mobile elementor-section-boxed elementor-section-height-default elementor-section-height-default\" data-id=\"7b4bd55\" data-element_type=\"section\">\n\t\t\t\t\t\t<div class=\"elementor-container elementor-column-gap-default\">\n\t\t\t\t\t<div class=\"elementor-column elementor-col-50 elementor-top-column elementor-element elementor-element-95a715b\" data-id=\"95a715b\" data-element_type=\"column\">\n\t\t\t<div class=\"elementor-widget-wrap elementor-element-populated\">\n\t\t\t\t\t\t\t\t<div class=\"elementor-element elementor-element-76bb99a elementor-widget elementor-widget-text-editor\" data-id=\"76bb99a\" data-element_type=\"widget\" data-widget_type=\"text-editor.default\">\n\t\t\t\t<div class=\"elementor-widget-container\">\n\t\t\t\t\t\t\t<p>Sie ben\u00f6tigen Metalldeckungen sowie Wandverkleidungen aus isolierten oder nicht isolierten Trapez- und Wellblechen? Kein Problem. Das Metallbauunternehmen Stefan Bornkessel liefert nicht nur, sondern montiert diese zudem bei Ihnen vor Ort. Auch die Sanierung und Reparatur \u00e4lterer Anlagen \u00fcbernehmen wir gerne f\u00fcr Sie.<\/p><p>\u00a0<\/p><p>Zus\u00e4tzlich unterst\u00fctzen wir Selbstverleger mit fachkundiger Beratung und bieten privaten Bauherrn sowie Firmen die Vermietung unseres mobilen Drehkrans an.<\/p>\t\t\t\t\t\t<\/div>\n\t\t\t\t<\/div>\n\t\t\t\t\t<\/div>\n\t\t<\/div>\n\t\t\t\t<div class=\"elementor-column elementor-col-50 elementor-top-column elementor-element elementor-element-91dccf5\" data-id=\"91dccf5\" data-element_type=\"column\">\n\t\t\t<div class=\"elementor-widget-wrap elementor-element-populated\">\n\t\t\t\t\t\t\t\t<div class=\"elementor-element elementor-element-49ed120 card elementor-widget elementor-widget-image\" data-id=\"49ed120\" data-element_type=\"widget\" data-widget_type=\"image.default\">\n\t\t\t\t<div class=\"elementor-widget-container\">\n\t\t\t\t\t\t\t\t\t\t\t\t\t\t\t<img decoding=\"async\" width=\"1024\" height=\"669\" src=\"https:\/\/www.njoy-referenzen.de\/metallbau-bornkessel\/wp-content\/uploads\/Metallbau-Bayern-1024x669.jpg\" class=\"attachment-large size-large wp-image-574\" alt=\"Metallbau Schlosserarbeit\" srcset=\"https:\/\/www.njoy-referenzen.de\/metallbau-bornkessel\/wp-content\/uploads\/Metallbau-Bayern-1024x669.jpg 1024w, https:\/\/www.njoy-referenzen.de\/metallbau-bornkessel\/wp-content\/uploads\/Metallbau-Bayern-300x196.jpg 300w, https:\/\/www.njoy-referenzen.de\/metallbau-bornkessel\/wp-content\/uploads\/Metallbau-Bayern-768x502.jpg 768w, https:\/\/www.njoy-referenzen.de\/metallbau-bornkessel\/wp-content\/uploads\/Metallbau-Bayern.jpg 1116w\" sizes=\"(max-width: 1024px) 100vw, 1024px\" \/>\t\t\t\t\t\t\t\t\t\t\t\t\t\t\t<\/div>\n\t\t\t\t<\/div>\n\t\t\t\t\t<\/div>\n\t\t<\/div>\n\t\t\t\t\t\t\t<\/div>\n\t\t<\/section>\n\t\t\t\t\t\t\t<\/div>\n\t\t","protected":false},"excerpt":{"rendered":"<p>This is Daunfarm Small Farms.Big Ideas. Vestibulum, diam vulputate amet cras in diam quis turpis curabitur tellus aliquet tellus iaculis tempus, sollicitudin massa duis eleifend egestas turpis sit etiam commodo viverra lacinia ipsum convallis sed augue purus scelerisque non vestibulum elementum mi, pellentesque leo tincidunt integer. Learn More Facebook Twitter Youtube Instagram 3300 Del Amo &hellip;<\/p>\n<p class=\"read-more\"> <a class=\"\" href=\"https:\/\/websitedemos.net\/horticulture-02\/\"> <span class=\"screen-reader-text\">Home<\/span> Read More &raquo;<\/a><\/p>\n","protected":false},"author":3,"featured_media":0,"parent":0,"menu_order":0,"comment_status":"closed","ping_status":"closed","template":"","meta":{"site-sidebar-layout":"no-sidebar","site-content-layout":"page-builder","ast-global-header-display":"","ast-banner-title-visibility":"","ast-main-header-display":"","ast-hfb-above-header-display":"","ast-hfb-below-header-display":"","ast-hfb-mobile-header-display":"","site-post-title":"disabled","ast-breadcrumbs-content":"","ast-featured-img":"disabled","footer-sml-layout":"","theme-transparent-header-meta":"enabled","adv-header-id-meta":"","stick-header-meta":"default","header-above-stick-meta":"","header-main-stick-meta":"","header-below-stick-meta":"","footnotes":""},"class_list":["post-464","page","type-page","status-publish","hentry"],"yoast_head":"<!-- This site is optimized with the Yoast SEO plugin v20.7 - https:\/\/yoast.com\/wordpress\/plugins\/seo\/ -->\n<title>Schlosserei \u00b7 Stahl- &amp; Metallbau \u00b7 Kranvermietung | Bornkessel<\/title>\n<meta name=\"description\" content=\"Metallbau Bornkessel \u27a4 Ihr Ansprechpartner, wenn es um Metall geht! \u2713Schlosserarbeiten \u2713Metallbaukonstruktionen \u2713Metalldeckungen u.v.m.!\" \/>\n<meta name=\"robots\" content=\"noindex, follow, max-snippet:-1, max-image-preview:large, max-video-preview:-1\" \/>\n<meta property=\"og:locale\" content=\"de_DE\" \/>\n<meta property=\"og:type\" content=\"article\" \/>\n<meta property=\"og:title\" content=\"Schlosserei \u00b7 Stahl- &amp; Metallbau \u00b7 Kranvermietung | Bornkessel\" \/>\n<meta property=\"og:description\" content=\"Metallbau Bornkessel \u27a4 Ihr Ansprechpartner, wenn es um Metall geht! \u2713Schlosserarbeiten \u2713Metallbaukonstruktionen \u2713Metalldeckungen u.v.m.!\" \/>\n<meta property=\"og:url\" content=\"https:\/\/www.njoy-referenzen.de\/metallbau-bornkessel\/ueber-uns\/\" \/>\n<meta property=\"og:site_name\" content=\"Metallbau Stefan Bornkessel\" \/>\n<meta property=\"article:modified_time\" content=\"2021-10-26T12:15:31+00:00\" \/>\n<meta property=\"og:image\" content=\"https:\/\/www.njoy-referenzen.de\/metallbau-bornkessel\/wp-content\/uploads\/Stefan-Bornkessel-Portraet.jpg\" \/>\n<meta name=\"twitter:card\" content=\"summary_large_image\" \/>\n<meta name=\"twitter:label1\" content=\"Gesch\u00e4tzte Lesezeit\" \/>\n\t<meta name=\"twitter:data1\" content=\"2\u00a0Minuten\" \/>\n<script type=\"application\/ld+json\" class=\"yoast-schema-graph\">{\"@context\":\"https:\/\/schema.org\",\"@graph\":[{\"@type\":\"WebPage\",\"@id\":\"https:\/\/www.njoy-referenzen.de\/metallbau-bornkessel\/ueber-uns\/\",\"url\":\"https:\/\/www.njoy-referenzen.de\/metallbau-bornkessel\/ueber-uns\/\",\"name\":\"Schlosserei \u00b7 Stahl- & Metallbau \u00b7 Kranvermietung | Bornkessel\",\"isPartOf\":{\"@id\":\"https:\/\/www.njoy-referenzen.de\/metallbau-bornkessel\/#website\"},\"datePublished\":\"2021-10-01T13:48:57+00:00\",\"dateModified\":\"2021-10-26T12:15:31+00:00\",\"description\":\"Metallbau Bornkessel \u27a4 Ihr Ansprechpartner, wenn es um Metall geht! \u2713Schlosserarbeiten \u2713Metallbaukonstruktionen \u2713Metalldeckungen u.v.m.!\",\"breadcrumb\":{\"@id\":\"https:\/\/www.njoy-referenzen.de\/metallbau-bornkessel\/ueber-uns\/#breadcrumb\"},\"inLanguage\":\"de\",\"potentialAction\":[{\"@type\":\"ReadAction\",\"target\":[\"https:\/\/www.njoy-referenzen.de\/metallbau-bornkessel\/ueber-uns\/\"]}]},{\"@type\":\"BreadcrumbList\",\"@id\":\"https:\/\/www.njoy-referenzen.de\/metallbau-bornkessel\/ueber-uns\/#breadcrumb\",\"itemListElement\":[{\"@type\":\"ListItem\",\"position\":1,\"name\":\"Startseite\",\"item\":\"https:\/\/www.njoy-referenzen.de\/metallbau-bornkessel\/\"},{\"@type\":\"ListItem\",\"position\":2,\"name\":\"\u00dcber uns\"}]},{\"@type\":\"WebSite\",\"@id\":\"https:\/\/www.njoy-referenzen.de\/metallbau-bornkessel\/#website\",\"url\":\"https:\/\/www.njoy-referenzen.de\/metallbau-bornkessel\/\",\"name\":\"Metallbau Stefan Bornkessel\",\"description\":\"Schlosserei | Stahl- und Metallbau | Kranvermietung\",\"publisher\":{\"@id\":\"https:\/\/www.njoy-referenzen.de\/metallbau-bornkessel\/#organization\"},\"potentialAction\":[{\"@type\":\"SearchAction\",\"target\":{\"@type\":\"EntryPoint\",\"urlTemplate\":\"https:\/\/www.njoy-referenzen.de\/metallbau-bornkessel\/?s={search_term_string}\"},\"query-input\":\"required name=search_term_string\"}],\"inLanguage\":\"de\"},{\"@type\":\"Organization\",\"@id\":\"https:\/\/www.njoy-referenzen.de\/metallbau-bornkessel\/#organization\",\"name\":\"Metallbau Stefan Bornkessel\",\"url\":\"https:\/\/www.njoy-referenzen.de\/metallbau-bornkessel\/\",\"logo\":{\"@type\":\"ImageObject\",\"inLanguage\":\"de\",\"@id\":\"https:\/\/www.njoy-referenzen.de\/metallbau-bornkessel\/#\/schema\/logo\/image\/\",\"url\":\"https:\/\/www.njoy-referenzen.de\/metallbau-bornkessel\/wp-content\/uploads\/Firmenlogo.png\",\"contentUrl\":\"https:\/\/www.njoy-referenzen.de\/metallbau-bornkessel\/wp-content\/uploads\/Firmenlogo.png\",\"width\":500,\"height\":65,\"caption\":\"Metallbau Stefan Bornkessel\"},\"image\":{\"@id\":\"https:\/\/www.njoy-referenzen.de\/metallbau-bornkessel\/#\/schema\/logo\/image\/\"}}]}<\/script>\n<!-- \/ Yoast SEO plugin. -->","yoast_head_json":{"title":"Schlosserei \u00b7 Stahl- & Metallbau \u00b7 Kranvermietung | Bornkessel","description":"Metallbau Bornkessel \u27a4 Ihr Ansprechpartner, wenn es um Metall geht! \u2713Schlosserarbeiten \u2713Metallbaukonstruktionen \u2713Metalldeckungen u.v.m.!","robots":{"index":"noindex","follow":"follow","max-snippet":"max-snippet:-1","max-image-preview":"max-image-preview:large","max-video-preview":"max-video-preview:-1"},"og_locale":"de_DE","og_type":"article","og_title":"Schlosserei \u00b7 Stahl- & Metallbau \u00b7 Kranvermietung | Bornkessel","og_description":"Metallbau Bornkessel \u27a4 Ihr Ansprechpartner, wenn es um Metall geht! \u2713Schlosserarbeiten \u2713Metallbaukonstruktionen \u2713Metalldeckungen u.v.m.!","og_url":"https:\/\/www.njoy-referenzen.de\/metallbau-bornkessel\/ueber-uns\/","og_site_name":"Metallbau Stefan Bornkessel","article_modified_time":"2021-10-26T12:15:31+00:00","og_image":[{"url":"https:\/\/www.njoy-referenzen.de\/metallbau-bornkessel\/wp-content\/uploads\/Stefan-Bornkessel-Portraet.jpg"}],"twitter_card":"summary_large_image","twitter_misc":{"Gesch\u00e4tzte Lesezeit":"2\u00a0Minuten"},"schema":{"@context":"https:\/\/schema.org","@graph":[{"@type":"WebPage","@id":"https:\/\/www.njoy-referenzen.de\/metallbau-bornkessel\/ueber-uns\/","url":"https:\/\/www.njoy-referenzen.de\/metallbau-bornkessel\/ueber-uns\/","name":"Schlosserei \u00b7 Stahl- & Metallbau \u00b7 Kranvermietung | Bornkessel","isPartOf":{"@id":"https:\/\/www.njoy-referenzen.de\/metallbau-bornkessel\/#website"},"datePublished":"2021-10-01T13:48:57+00:00","dateModified":"2021-10-26T12:15:31+00:00","description":"Metallbau Bornkessel \u27a4 Ihr Ansprechpartner, wenn es um Metall geht! \u2713Schlosserarbeiten \u2713Metallbaukonstruktionen \u2713Metalldeckungen u.v.m.!","breadcrumb":{"@id":"https:\/\/www.njoy-referenzen.de\/metallbau-bornkessel\/ueber-uns\/#breadcrumb"},"inLanguage":"de","potentialAction":[{"@type":"ReadAction","target":["https:\/\/www.njoy-referenzen.de\/metallbau-bornkessel\/ueber-uns\/"]}]},{"@type":"BreadcrumbList","@id":"https:\/\/www.njoy-referenzen.de\/metallbau-bornkessel\/ueber-uns\/#breadcrumb","itemListElement":[{"@type":"ListItem","position":1,"name":"Startseite","item":"https:\/\/www.njoy-referenzen.de\/metallbau-bornkessel\/"},{"@type":"ListItem","position":2,"name":"\u00dcber uns"}]},{"@type":"WebSite","@id":"https:\/\/www.njoy-referenzen.de\/metallbau-bornkessel\/#website","url":"https:\/\/www.njoy-referenzen.de\/metallbau-bornkessel\/","name":"Metallbau Stefan Bornkessel","description":"Schlosserei | Stahl- und Metallbau | Kranvermietung","publisher":{"@id":"https:\/\/www.njoy-referenzen.de\/metallbau-bornkessel\/#organization"},"potentialAction":[{"@type":"SearchAction","target":{"@type":"EntryPoint","urlTemplate":"https:\/\/www.njoy-referenzen.de\/metallbau-bornkessel\/?s={search_term_string}"},"query-input":"required name=search_term_string"}],"inLanguage":"de"},{"@type":"Organization","@id":"https:\/\/www.njoy-referenzen.de\/metallbau-bornkessel\/#organization","name":"Metallbau Stefan Bornkessel","url":"https:\/\/www.njoy-referenzen.de\/metallbau-bornkessel\/","logo":{"@type":"ImageObject","inLanguage":"de","@id":"https:\/\/www.njoy-referenzen.de\/metallbau-bornkessel\/#\/schema\/logo\/image\/","url":"https:\/\/www.njoy-referenzen.de\/metallbau-bornkessel\/wp-content\/uploads\/Firmenlogo.png","contentUrl":"https:\/\/www.njoy-referenzen.de\/metallbau-bornkessel\/wp-content\/uploads\/Firmenlogo.png","width":500,"height":65,"caption":"Metallbau Stefan Bornkessel"},"image":{"@id":"https:\/\/www.njoy-referenzen.de\/metallbau-bornkessel\/#\/schema\/logo\/image\/"}}]}},"_links":{"self":[{"href":"https:\/\/www.njoy-referenzen.de\/metallbau-bornkessel\/wp-json\/wp\/v2\/pages\/464","targetHints":{"allow":["GET"]}}],"collection":[{"href":"https:\/\/www.njoy-referenzen.de\/metallbau-bornkessel\/wp-json\/wp\/v2\/pages"}],"about":[{"href":"https:\/\/www.njoy-referenzen.de\/metallbau-bornkessel\/wp-json\/wp\/v2\/types\/page"}],"author":[{"embeddable":true,"href":"https:\/\/www.njoy-referenzen.de\/metallbau-bornkessel\/wp-json\/wp\/v2\/users\/3"}],"replies":[{"embeddable":true,"href":"https:\/\/www.njoy-referenzen.de\/metallbau-bornkessel\/wp-json\/wp\/v2\/comments?post=464"}],"version-history":[{"count":62,"href":"https:\/\/www.njoy-referenzen.de\/metallbau-bornkessel\/wp-json\/wp\/v2\/pages\/464\/revisions"}],"predecessor-version":[{"id":1446,"href":"https:\/\/www.njoy-referenzen.de\/metallbau-bornkessel\/wp-json\/wp\/v2\/pages\/464\/revisions\/1446"}],"wp:attachment":[{"href":"https:\/\/www.njoy-referenzen.de\/metallbau-bornkessel\/wp-json\/wp\/v2\/media?parent=464"}],"curies":[{"name":"wp","href":"https:\/\/api.w.org\/{rel}","templated":true}]}}